{"id":862,"date":"2021-01-02T23:13:34","date_gmt":"2021-01-03T04:13:34","guid":{"rendered":"https:\/\/ciel-astro-ccd.com\/wp\/?page_id=862"},"modified":"2021-01-21T23:37:56","modified_gmt":"2021-01-22T04:37:56","slug":"faire_pec","status":"publish","type":"page","link":"https:\/\/ciel-astro-ccd.com\/wp\/faire_pec\/","title":{"rendered":"FAIRE UN PEC"},"content":{"rendered":"\n<p>La plupart des montures motoris\u00e9es offre la possibilit\u00e9 d&rsquo;effectuer une correction de l&rsquo;erreur p\u00e9riodique de suivi (PEC pour Periodic Error Correction en anglais).&nbsp;L&rsquo;erreur p\u00e9riodique est due \u00e0 la m\u00e9canique interne de la monture.&nbsp; L&rsquo;importance de l&rsquo;erreur p\u00e9riodique varie d&rsquo;une monture \u00e0 l&rsquo;autre.&nbsp;Certaines montures de tr\u00e8s grande qualit\u00e9 ont une erreur p\u00e9riodique minime.&nbsp; \u00c9videmment, le prix de la monture augmente avec la qualit\u00e9 de suivi.&nbsp;On peut investir plus de 10 000$ sur une monture de tr\u00e8s grande qualit\u00e9.&nbsp;<\/p>\n\n\n\n<p>On peut augmenter la qualit\u00e9 de suivi de sa monture en effectuant un PEC.&nbsp;Le suivi sera plus pr\u00e9cis, m\u00eame en autoguidage. En observation visuelle, le PEC n&rsquo;est pas n\u00e9cessaire car m\u00eame s&rsquo;il y a des \u00e9carts de suivis, l&rsquo;objet restera toujours au centre du champ de vision de l&rsquo;oculaire.&nbsp;Par contre, lors de longs temps d&rsquo;exposition (plus de 30 secondes) pour la photographie du ciel profond, l&rsquo;erreur p\u00e9riodique de la monture peut faire appara\u00eetre les \u00e9toiles fil\u00e9es au lieu de les faire appara\u00eetre bien rondes.<\/p>\n\n\n\n<p>La pr\u00e9sente proc\u00e9dure d&rsquo;\u00e9crira sommairement comment r\u00e9aliser un PEC avec la monture que j&rsquo;utilise (<a href=\"https:\/\/ciel-astro-ccd.com\/wp\/equipement_personnel\/\" target=\"_blank\" rel=\"noreferrer noopener\">CGEM<\/a>).&nbsp;Par la suite, cette proc\u00e9dure pourra \u00eatre adapt\u00e9e \u00e0 votre \u00e9quipement.&nbsp;Pour r\u00e9aliser le PEC, j&rsquo;utilise une cam\u00e9ra&nbsp;<a rel=\"noreferrer noopener\" href=\"https:\/\/ciel-astro-ccd.com\/diviseur_optique.jpg\" target=\"_blank\">CCD ZWO ASI 120MM<\/a>&nbsp;install\u00e9e sur sur un diviseur optique et mont\u00e9e sur le t\u00e9lescope principal (Celestron Edge HD 800) en autoguidage sur une \u00e9toile.&nbsp;J&rsquo;utilise le logiciel&nbsp;<a rel=\"noreferrer noopener\" target=\"_blank\" href=\"http:\/\/openphdguiding.org\/\">PHD Guiding 2<\/a>&nbsp;pour l&rsquo;autoguidage informatis\u00e9.&nbsp;On autoguide le t\u00e9lescope pendant un cycle complet de la roue dent\u00e9e de la monture CGEM qui dure 8 minutes.&nbsp;Donc tout est enti\u00e8rement automatis\u00e9.&nbsp; Toutes les corrections de guidage, effectu\u00e9es par le logiciel d&rsquo;autoguidage, seront m\u00e9moris\u00e9es dans le logiciel de la monture, ce qui permettra par la suite d&rsquo;att\u00e9nuer l&rsquo;erreur p\u00e9riodique et augmentera la pr\u00e9cision de suivi des objets \u00e0 imager. Il est \u00e0 noter que le PEC n&rsquo;\u00e9limine pas le recourt \u00e0 l&rsquo;autoguidage lors de l&rsquo;acquisition des objets du ciel profond. L&rsquo;autoguidage de l&rsquo;objet sera plus pr\u00e9cis avec un PEC fonctionnel.<\/p>\n\n\n\n<ol class=\"wp-block-list\"><li>Le t\u00e9lescope est en position \u00e9quatoriale orient\u00e9e de fa\u00e7on pr\u00e9cise sur le P\u00f4le Nord c\u00e9leste et les moteurs sont op\u00e9rationnels.<\/li><li>Un c\u00e2ble RJ-12 relie le module <strong>GPUSB<\/strong> au port d&rsquo;autoguidage de la monture et un autre c\u00e2ble USB sert \u00e0 relier le module \u00e0 l&rsquo;ordinateur. Si votre cam\u00e9ra de guidage \u00e0 un port d&rsquo;autoguidage, il faut alors utiliser ce dernier pour relier la cam\u00e9ra au port d&rsquo;autoguidage de la monture en utilisant le c\u00e2ble fourni par le fabriquant de la cam\u00e9ra.<\/li><li>La cam\u00e9ra de guidage est reli\u00e9e \u00e0 l&rsquo;ordinateur par un c\u00e2ble USB.<\/li><li>La cam\u00e9ra de guidage et le module <strong>GPUSB<\/strong> sont configur\u00e9s avec le logiciel <strong>PHD Guiding 2 <\/strong>(ou autres logiciels) pour autoguider le t\u00e9lescope.<\/li><li>Choisir une \u00e9toile guide peu brillante au sud \u00e0 environ 40<sup>o<\/sup> au-dessus de l\u2019horizon.&nbsp;De pr\u00e9f\u00e9rence \u00e0 l&rsquo;est du m\u00e9ridien.<\/li><li>Diriger le t\u00e9lescope dessus en utilisant le chercheur.<\/li><li>Centrer l\u2019\u00e9toile choisie \u00e0 l&rsquo;\u00e9cran de guidage du logiciel.&nbsp;Avec la souris, la s\u00e9lectionner comme \u00e9toile guide et mettre en fonction l\u2019autoguidage du t\u00e9lescope.&nbsp;Attendre la calibration du guidage<\/li><li>Arr\u00eater l&rsquo;autoguidage.<\/li><li>Avec la manette de la monture, s\u00e9lectionner <strong>Utility<\/strong>.<\/li><li>S\u00e9lectionner <strong>PEC<\/strong>.<\/li><li>S\u00e9lectionner <strong>Record<\/strong> et attendre l&rsquo;initialisation du PEC. \u00c0 ce moment, la monture est en attente du d\u00e9marrage du PEC.<\/li><li>Reprendre l&rsquo;autoguidage et attendre la stabilisation de celui-ci.<\/li><li>Appuyer sur <strong>Record<\/strong>.<\/li><li>Apr\u00e8s un d\u00e9lai de 5 secondes, le PEC s\u2019enregistre. La dur\u00e9e d\u2019enregistrement dure 8 minutes. La fin de l\u2019enregistrement s\u2019effectue automatiquement et l\u2019affichage de la manette revient \u00e0 l\u2019\u00e9cran pr\u00e9c\u00e9dent. Le PEC est automatiquement sauvegard\u00e9 dans la m\u00e9moire de la manette.<\/li><\/ol>\n\n\n<p><strong>Toujours activer le PEC avant le d\u00e9but d\u2019imagerie<\/strong><\/p>\n\n\n<ol class=\"wp-block-list\"><li>Revenir \u00e0 l\u2019\u00e9cran principal (<strong>UNDO<\/strong> pour revenir).<\/li><li>Appuyer sur la touche <strong>Menu<\/strong>.<\/li><li>S\u00e9lectionner <strong>Utility<\/strong>.<\/li><li>S\u00e9lectionner <strong>PEC<\/strong>.<\/li><li>S\u00e9lectionner <strong>Playback<\/strong> pour r\u00e9activer le PEC.<\/li><\/ol>\n\n\n\n<p>Richard Beauregard<br>Le Ciel Astro &#8211; CCD<\/p>\n\n\n\n<p>R\u00e9vis\u00e9 le 2021\/01\/14<\/p>\n","protected":false},"excerpt":{"rendered":"<p>La plupart des montures motoris\u00e9es offre la possibilit\u00e9 d&rsquo;effectuer une correction de l&rsquo;erreur p\u00e9riodique de suivi (PEC pour Periodic Error Correction en anglais).&nbsp;L&rsquo;erreur p\u00e9riodique est due \u00e0 la m\u00e9canique interne de la monture.&nbsp; L&rsquo;importance de l&rsquo;erreur p\u00e9riodique varie d&rsquo;une monture \u00e0 l&rsquo;autre.&nbsp;Certaines montures de tr\u00e8s grande qualit\u00e9 ont une erreur p\u00e9riodique minime.&nbsp; \u00c9videmment, le prix&#8230;<\/p>\n<p class=\"more-link-wrap\"><a href=\"https:\/\/ciel-astro-ccd.com\/wp\/faire_pec\/\" class=\"more-link\">Read More<span class=\"screen-reader-text\"> &ldquo;FAIRE UN PEC&rdquo;<\/span> &raquo;<\/a><\/p>\n","protected":false},"author":1,"featured_media":0,"parent":0,"menu_order":0,"comment_status":"closed","ping_status":"closed","template":"","meta":{"footnotes":""},"class_list":["post-862","page","type-page","status-publish","hentry"],"yoast_head":"<!-- This site is optimized with the Yoast SEO plugin v27.4 - https:\/\/yoast.com\/product\/yoast-seo-wordpress\/ -->\n<title>FAIRE UN PEC - Le Ciel Astro - CCD<\/title>\n<meta name=\"description\" content=\"On peut augmenter la qualit\u00e9 de suivi de sa monture en effectuant un PEC. Le suivi sera plus pr\u00e9cis, m\u00eame en autoguidage.\" \/>\n<meta name=\"robots\" content=\"index, follow, max-snippet:-1, max-image-preview:large, max-video-preview:-1\" \/>\n<link rel=\"canonical\" href=\"https:\/\/ciel-astro-ccd.com\/wp\/faire_pec\/\" \/>\n<meta property=\"og:locale\" content=\"fr_CA\" \/>\n<meta property=\"og:type\" content=\"article\" \/>\n<meta property=\"og:title\" content=\"FAIRE UN PEC - Le Ciel Astro - CCD\" \/>\n<meta property=\"og:description\" content=\"On peut augmenter la qualit\u00e9 de suivi de sa monture en effectuant un PEC. Le suivi sera plus pr\u00e9cis, m\u00eame en autoguidage.\" \/>\n<meta property=\"og:url\" content=\"https:\/\/ciel-astro-ccd.com\/wp\/faire_pec\/\" \/>\n<meta property=\"og:site_name\" content=\"Le Ciel Astro - CCD\" \/>\n<meta property=\"article:modified_time\" content=\"2021-01-22T04:37:56+00:00\" \/>\n<meta name=\"twitter:card\" content=\"summary_large_image\" \/>\n<meta name=\"twitter:label1\" content=\"Estimation du temps de lecture\" \/>\n\t<meta name=\"twitter:data1\" content=\"3 minutes\" \/>\n<script type=\"application\/ld+json\" class=\"yoast-schema-graph\">{\"@context\":\"https:\\\/\\\/schema.org\",\"@graph\":[{\"@type\":\"WebPage\",\"@id\":\"https:\\\/\\\/ciel-astro-ccd.com\\\/wp\\\/faire_pec\\\/\",\"url\":\"https:\\\/\\\/ciel-astro-ccd.com\\\/wp\\\/faire_pec\\\/\",\"name\":\"FAIRE UN PEC - Le Ciel Astro - CCD\",\"isPartOf\":{\"@id\":\"https:\\\/\\\/ciel-astro-ccd.com\\\/wp\\\/#website\"},\"datePublished\":\"2021-01-03T04:13:34+00:00\",\"dateModified\":\"2021-01-22T04:37:56+00:00\",\"description\":\"On peut augmenter la qualit\u00e9 de suivi de sa monture en effectuant un PEC. Le suivi sera plus pr\u00e9cis, m\u00eame en autoguidage.\",\"breadcrumb\":{\"@id\":\"https:\\\/\\\/ciel-astro-ccd.com\\\/wp\\\/faire_pec\\\/#breadcrumb\"},\"inLanguage\":\"fr-CA\",\"potentialAction\":[{\"@type\":\"ReadAction\",\"target\":[\"https:\\\/\\\/ciel-astro-ccd.com\\\/wp\\\/faire_pec\\\/\"]}]},{\"@type\":\"BreadcrumbList\",\"@id\":\"https:\\\/\\\/ciel-astro-ccd.com\\\/wp\\\/faire_pec\\\/#breadcrumb\",\"itemListElement\":[{\"@type\":\"ListItem\",\"position\":1,\"name\":\"Accueil\",\"item\":\"https:\\\/\\\/ciel-astro-ccd.com\\\/wp\\\/\"},{\"@type\":\"ListItem\",\"position\":2,\"name\":\"FAIRE UN PEC\"}]},{\"@type\":\"WebSite\",\"@id\":\"https:\\\/\\\/ciel-astro-ccd.com\\\/wp\\\/#website\",\"url\":\"https:\\\/\\\/ciel-astro-ccd.com\\\/wp\\\/\",\"name\":\"Le Ciel Astro - CCD\",\"description\":\"Un site d\u00e9di\u00e9 \u00e0 l&#039;astrophotographie\",\"publisher\":{\"@id\":\"https:\\\/\\\/ciel-astro-ccd.com\\\/wp\\\/#\\\/schema\\\/person\\\/89b76f923fdc608b738fc9bf94ab2113\"},\"potentialAction\":[{\"@type\":\"SearchAction\",\"target\":{\"@type\":\"EntryPoint\",\"urlTemplate\":\"https:\\\/\\\/ciel-astro-ccd.com\\\/wp\\\/?s={search_term_string}\"},\"query-input\":{\"@type\":\"PropertyValueSpecification\",\"valueRequired\":true,\"valueName\":\"search_term_string\"}}],\"inLanguage\":\"fr-CA\"},{\"@type\":[\"Person\",\"Organization\"],\"@id\":\"https:\\\/\\\/ciel-astro-ccd.com\\\/wp\\\/#\\\/schema\\\/person\\\/89b76f923fdc608b738fc9bf94ab2113\",\"name\":\"microlog\",\"image\":{\"@type\":\"ImageObject\",\"inLanguage\":\"fr-CA\",\"@id\":\"https:\\\/\\\/ciel-astro-ccd.com\\\/wp-content\\\/uploads\\\/2021\\\/04\\\/cropped-cropped-logo.jpg\",\"url\":\"https:\\\/\\\/ciel-astro-ccd.com\\\/wp-content\\\/uploads\\\/2021\\\/04\\\/cropped-cropped-logo.jpg\",\"contentUrl\":\"https:\\\/\\\/ciel-astro-ccd.com\\\/wp-content\\\/uploads\\\/2021\\\/04\\\/cropped-cropped-logo.jpg\",\"width\":210,\"height\":210,\"caption\":\"microlog\"},\"logo\":{\"@id\":\"https:\\\/\\\/ciel-astro-ccd.com\\\/wp-content\\\/uploads\\\/2021\\\/04\\\/cropped-cropped-logo.jpg\"},\"sameAs\":[\"https:\\\/\\\/ciel-astro-ccd.com\"]}]}<\/script>\n<!-- \/ Yoast SEO plugin. -->","yoast_head_json":{"title":"FAIRE UN PEC - Le Ciel Astro - CCD","description":"On peut augmenter la qualit\u00e9 de suivi de sa monture en effectuant un PEC. Le suivi sera plus pr\u00e9cis, m\u00eame en autoguidage.","robots":{"index":"index","follow":"follow","max-snippet":"max-snippet:-1","max-image-preview":"max-image-preview:large","max-video-preview":"max-video-preview:-1"},"canonical":"https:\/\/ciel-astro-ccd.com\/wp\/faire_pec\/","og_locale":"fr_CA","og_type":"article","og_title":"FAIRE UN PEC - Le Ciel Astro - CCD","og_description":"On peut augmenter la qualit\u00e9 de suivi de sa monture en effectuant un PEC. Le suivi sera plus pr\u00e9cis, m\u00eame en autoguidage.","og_url":"https:\/\/ciel-astro-ccd.com\/wp\/faire_pec\/","og_site_name":"Le Ciel Astro - CCD","article_modified_time":"2021-01-22T04:37:56+00:00","twitter_card":"summary_large_image","twitter_misc":{"Estimation du temps de lecture":"3 minutes"},"schema":{"@context":"https:\/\/schema.org","@graph":[{"@type":"WebPage","@id":"https:\/\/ciel-astro-ccd.com\/wp\/faire_pec\/","url":"https:\/\/ciel-astro-ccd.com\/wp\/faire_pec\/","name":"FAIRE UN PEC - Le Ciel Astro - CCD","isPartOf":{"@id":"https:\/\/ciel-astro-ccd.com\/wp\/#website"},"datePublished":"2021-01-03T04:13:34+00:00","dateModified":"2021-01-22T04:37:56+00:00","description":"On peut augmenter la qualit\u00e9 de suivi de sa monture en effectuant un PEC. Le suivi sera plus pr\u00e9cis, m\u00eame en autoguidage.","breadcrumb":{"@id":"https:\/\/ciel-astro-ccd.com\/wp\/faire_pec\/#breadcrumb"},"inLanguage":"fr-CA","potentialAction":[{"@type":"ReadAction","target":["https:\/\/ciel-astro-ccd.com\/wp\/faire_pec\/"]}]},{"@type":"BreadcrumbList","@id":"https:\/\/ciel-astro-ccd.com\/wp\/faire_pec\/#breadcrumb","itemListElement":[{"@type":"ListItem","position":1,"name":"Accueil","item":"https:\/\/ciel-astro-ccd.com\/wp\/"},{"@type":"ListItem","position":2,"name":"FAIRE UN PEC"}]},{"@type":"WebSite","@id":"https:\/\/ciel-astro-ccd.com\/wp\/#website","url":"https:\/\/ciel-astro-ccd.com\/wp\/","name":"Le Ciel Astro - CCD","description":"Un site d\u00e9di\u00e9 \u00e0 l&#039;astrophotographie","publisher":{"@id":"https:\/\/ciel-astro-ccd.com\/wp\/#\/schema\/person\/89b76f923fdc608b738fc9bf94ab2113"},"potentialAction":[{"@type":"SearchAction","target":{"@type":"EntryPoint","urlTemplate":"https:\/\/ciel-astro-ccd.com\/wp\/?s={search_term_string}"},"query-input":{"@type":"PropertyValueSpecification","valueRequired":true,"valueName":"search_term_string"}}],"inLanguage":"fr-CA"},{"@type":["Person","Organization"],"@id":"https:\/\/ciel-astro-ccd.com\/wp\/#\/schema\/person\/89b76f923fdc608b738fc9bf94ab2113","name":"microlog","image":{"@type":"ImageObject","inLanguage":"fr-CA","@id":"https:\/\/ciel-astro-ccd.com\/wp-content\/uploads\/2021\/04\/cropped-cropped-logo.jpg","url":"https:\/\/ciel-astro-ccd.com\/wp-content\/uploads\/2021\/04\/cropped-cropped-logo.jpg","contentUrl":"https:\/\/ciel-astro-ccd.com\/wp-content\/uploads\/2021\/04\/cropped-cropped-logo.jpg","width":210,"height":210,"caption":"microlog"},"logo":{"@id":"https:\/\/ciel-astro-ccd.com\/wp-content\/uploads\/2021\/04\/cropped-cropped-logo.jpg"},"sameAs":["https:\/\/ciel-astro-ccd.com"]}]}},"_links":{"self":[{"href":"https:\/\/ciel-astro-ccd.com\/wp\/wp-json\/wp\/v2\/pages\/862","targetHints":{"allow":["GET"]}}],"collection":[{"href":"https:\/\/ciel-astro-ccd.com\/wp\/wp-json\/wp\/v2\/pages"}],"about":[{"href":"https:\/\/ciel-astro-ccd.com\/wp\/wp-json\/wp\/v2\/types\/page"}],"author":[{"embeddable":true,"href":"https:\/\/ciel-astro-ccd.com\/wp\/wp-json\/wp\/v2\/users\/1"}],"replies":[{"embeddable":true,"href":"https:\/\/ciel-astro-ccd.com\/wp\/wp-json\/wp\/v2\/comments?post=862"}],"version-history":[{"count":13,"href":"https:\/\/ciel-astro-ccd.com\/wp\/wp-json\/wp\/v2\/pages\/862\/revisions"}],"predecessor-version":[{"id":3100,"href":"https:\/\/ciel-astro-ccd.com\/wp\/wp-json\/wp\/v2\/pages\/862\/revisions\/3100"}],"wp:attachment":[{"href":"https:\/\/ciel-astro-ccd.com\/wp\/wp-json\/wp\/v2\/media?parent=862"}],"curies":[{"name":"wp","href":"https:\/\/api.w.org\/{rel}","templated":true}]}}