{"id":828,"date":"2021-01-02T22:43:07","date_gmt":"2021-01-03T03:43:07","guid":{"rendered":"https:\/\/ciel-astro-ccd.com\/wp\/?page_id=828"},"modified":"2025-08-27T13:28:02","modified_gmt":"2025-08-27T17:28:02","slug":"trouver_axe_rotation","status":"publish","type":"page","link":"https:\/\/ciel-astro-ccd.com\/wp\/trouver_axe_rotation\/","title":{"rendered":"TROUVER L&rsquo;AXE POLAIRE DE ROTATION"},"content":{"rendered":"\n<p>Voici deux m\u00e9thodes pour trouver pr\u00e9cis\u00e9ment l&rsquo;axe polaire de rotation de la Terre :<\/p>\n\n\n\n<ol class=\"wp-block-list\">\n<li>Avec l&rsquo;aide d&rsquo;un logiciel et une cam\u00e9ra CCD<\/li>\n\n\n\n<li>La m\u00e9thode par rapprochement d&rsquo;\u00e9toiles (stars hopping)<\/li>\n<\/ol>\n\n\n\n<p><strong>1- Avec l&rsquo;aide d&rsquo;un logiciel et une cam\u00e9ra CCD<br><\/strong><br>Pour un investissement d&rsquo;environ 400 $ canadien, il est possible d&rsquo;aligner la monture sur le P\u00f4le Nord C\u00e9leste (PNC) ou l&rsquo;axe polaire de rotation de la Terrre avec une pr\u00e9cision allant jusqu&rsquo;\u00e0 30 secondes d&rsquo;arc (30&Prime; d&rsquo;arc). Elle demande d&rsquo;utiliser une monture \u00e9quatoriale allemande. On utilise le logiciel <strong>PoleMaster <\/strong>avec la cam\u00e9ra CCD qui lui est d\u00e9di\u00e9e. Cette pr\u00e9cision permettra d&rsquo;effectuer des temps de pose de 10 minutes et plus par photo. Avec l&rsquo;habitude, on pourra r\u00e9aliser l&rsquo;alignement polaire dans un temps de seulement 2-3 minutes apr\u00e8s le d\u00e9marrage du logiciel. C&rsquo;est la m\u00e9thode r\u00e9volutionnaire pour aligner la monture sur l&rsquo;axe de rotation de la Terre en un temps record !<br><br>Cliquer sur ce <a href=\"https:\/\/ciel-astro-ccd.com\/wp\/polemaster\/\" target=\"_blank\" rel=\"noreferrer noopener\">lien<\/a> pour consulter le guide d&rsquo;utilisation.<br><br><strong>2- La m\u00e9thode par rapprochement d&rsquo;\u00e9toiles (star hopping)<br><\/strong><br>La m\u00e9thode par rapprochement d&rsquo;\u00e9toiles (en anglais stars hopping) pour trouver le P\u00f4le Nord c\u00e9leste (PNC) n&rsquo;exige aucun investissement mon\u00e9taire. Elle est valable autant pour les montures \u00e9quatoriales allemandes que pour les montures azimutales munies d&rsquo;une <a href=\"https:\/\/ciel-astro-ccd.com\/table_equa.jpg\" target=\"_blank\" rel=\"noreferrer noopener\">table \u00e9quatoriale<\/a>.<\/p>\n\n\n\n<p>Cette m\u00e9thode utilise la m\u00eame d\u00e9marche que le logiciel <strong>PoleMaster<\/strong> ci-dessus. Elle utilise aussi des \u00e9toiles guides pr\u00e8s du PNC pour le localiser. Cependant, elle demande plus de dext\u00e9rit\u00e9 de la part de l&rsquo;utilisateur puisqu&rsquo;il n\u2019y a aucune assistance logicielle pour trouver le PNC.<\/p>\n\n\n\n<p>Consid\u00e9rant que les \u00e9toiles tournent autour de l&rsquo;axe de rotation (PNC) de la Terre en 24 heures, je vous conseille d&rsquo;utiliser votre tablette ou cellulaire et de d\u00e9sactiver la fonction rotation d\u2019\u00e9cran (1). Avec ces appareils, vous n&rsquo;avez qu&rsquo;\u00e0 afficher la pr\u00e9sente page Web. Ainsi, lors de la recherche des \u00e9toiles guides, il faudra tourner les images pr\u00e9sent\u00e9es ci-dessous (tourner votre tablette ou cellulaire) pour correspondre \u00e0 la vue actuelle. Cette fa\u00e7on de proc\u00e9der am\u00e9liorera grandement la recherche des \u00e9toiles pr\u00e8s du PNC. Ainsi, \u00e0 la place d&rsquo;une assistance logicielle pour trouver le PNC, vous aurez une aide visuelle provenant de votre tablette ou cellulaire pour le localiser.<\/p>\n\n\n<div class=\"wp-block-image\">\n<figure class=\"aligncenter size-large is-resized\"><a href=\"https:\/\/ciel-astro-ccd.com\/Axe-Pet-ourse.jpg\" target=\"_blank\" rel=\" noreferrer noopener\"><img decoding=\"async\" src=\"https:\/\/ciel-astro-ccd.com\/Axe-Pet-ourse.jpg\" alt=\"\" style=\"aspect-ratio:1.446808510638298;width:680px;height:auto\"\/><\/a><figcaption class=\"wp-element-caption\">Cliquer sur l&rsquo;image pour l&rsquo;afficher pein \u00e9cran<\/figcaption><\/figure>\n<\/div>\n\n\n<p>Comme on peut le voir, visuellement l\u2019axe polaire de rotation de la Terre ou PNC pointe vers la casserole de la Petite Ourse.&nbsp;\u00c0 partir de l\u2019\u00e9toile Polaire, on peut tracer une ligne droite vers l\u2019\u00e9toile du bout de la casserole de la Petite Ourse (voir la ligne rouge).&nbsp; Amener le chercheur du t\u00e9lescope dans cette direction (en utilisant les boutons d&rsquo;azimut et de latitude de la monture), juste \u00e0 c\u00f4t\u00e9 de l\u2019\u00e9toile polaire.<\/p>\n\n\n<div class=\"wp-block-image\">\n<figure class=\"aligncenter size-large is-resized\"><a href=\"https:\/\/ciel-astro-ccd.com\/polaris_au_chercheur.jpg\" target=\"_blank\" rel=\" noreferrer noopener\"><img decoding=\"async\" src=\"https:\/\/ciel-astro-ccd.com\/polaire-8x50.jpg\" alt=\"\" style=\"width:560px;height:372px\"\/><\/a><figcaption class=\"wp-element-caption\">Cliquer sur l&rsquo;image pour l&rsquo;afficher pein \u00e9cran<\/figcaption><\/figure>\n<\/div>\n\n\n<p><strong>En utilisant le chercheur du t\u00e9lescope, rechercher les 3 \u00e9toiles guides reli\u00e9es par le triangle rouge ci-dessus.&nbsp;<\/strong><\/p>\n\n\n\n<ul class=\"wp-block-list\">\n<li>L\u2019image que l\u2019on voit ci-dessus est telle que vue dans le chercheur (image invers\u00e9e Nord-Sud et Est-Ouest).&nbsp;Tourner l\u2019image pour correspondre \u00e0 la vue actuelle.<\/li>\n\n\n\n<li>Attention l\u2019image au chercheur \u00e9tant invers\u00e9e, le PNC appara\u00eet oppos\u00e9 \u00e0 l\u2019\u00e9toile de la Petite Ourse.<\/li>\n\n\n\n<li>En partant de l\u2019\u00e9toile brillante pr\u00e8s de l\u2019\u00e9toile Polaire, relier les trois \u00e9toiles brillantes du 1<sup>er<\/sup> triangle en bleu.&nbsp; Ce premier rep\u00e9rage aidera \u00e0 trouver les 3 \u00e9toiles guides du triangle rouge.<\/li>\n\n\n\n<li>Rechercher les 3 \u00e9toiles guides brillantes qui sont reli\u00e9es par le triangle rouge dans l\u2019image ci-dessus.<\/li>\n\n\n\n<li>Toujours en utilisant les boutons d&rsquo;azimut et de latitude de la monture, positionner le r\u00e9ticule (le X) du chercheur vers le P\u00f4le Nord C\u00e9leste tel que pr\u00e9sent\u00e9 par l\u2019image ci-dessus.<\/li>\n<\/ul>\n\n\n<div class=\"wp-block-image\">\n<figure class=\"aligncenter size-large\"><a href=\"https:\/\/ciel-astro-ccd.com\/polai-ocul.jpg\" target=\"_blank\" rel=\" noreferrer noopener\"><img decoding=\"async\" src=\"https:\/\/ciel-astro-ccd.com\/polai-ocul.jpg\" alt=\"\"\/><\/a><figcaption class=\"wp-element-caption\">Cliquer sur l&rsquo;image pour l&rsquo;afficher pein \u00e9cran<\/figcaption><\/figure>\n<\/div>\n\n\n<ul class=\"wp-block-list\">\n<li>Mettre un oculaire ou installer votre cam\u00e9ra CCD offrant un champ de vison d&rsquo;au moins 35&prime; d&rsquo;arc. Pour conna\u00eetre le champ de vision de votre oculaire ou cam\u00e9ra CCD (ou autres appareils photo num\u00e9riques), cliquez sur ce <a href=\"https:\/\/ciel-astro-ccd.com\/wp\/champ_vision_oculaire\/\" target=\"_blank\" rel=\"noreferrer noopener\">lien<\/a>. L&rsquo;image pr\u00e9sent\u00e9e ci-dessus est avec un oculaire de 40 mm. <\/li>\n\n\n\n<li>L\u2019image que l\u2019on voit ci-dessus est telle que vue \u00e0 l\u2019oculaire \u00e0 travers le t\u00e9lescope Edge HD 800 en passant par le renvoi coud\u00e9 (image invers\u00e9e Est-Ouest). <\/li>\n\n\n\n<li>Tourner l\u2019image pour correspondre \u00e0 la vue actuelle. Trouver les 3 \u00e9toiles brillantes pr\u00e8s de l\u2019\u00e9toile Polaire (voir en rouge). Note : Attention l\u2019\u00e9toile Polaire tourne autour du PNC en 24 heures de sorte que sa position varie continuellement. <\/li>\n\n\n\n<li>\u00c0 l\u2019int\u00e9rieur du triangle form\u00e9 par les 3 \u00e9toiles, trouver l\u2019\u00e9toile qui est au double de la distance de l\u2019axe de rotation. Centrer l\u2019axe de rotation (le point rouge imaginaire) au centre de la vue de l\u2019oculaire 40 mm. Ce premier positionnement permettra de pointer pr\u00e9cis\u00e9ment sur le l&rsquo;axe polaire de rotation dans l&rsquo;\u00e9tape suivante ci-dessous.<\/li>\n<\/ul>\n\n\n\n<p><strong>L&rsquo;axe polaire de rotation pour les ann\u00e9es 2025 et 2026<\/strong><br><br>D\u00fb au mouvement de <a href=\"http:\/\/fr.wikipedia.org\/wiki\/Pr\u00e9cession_des_\u00e9quinoxes\" target=\"_blank\" rel=\"noreferrer noopener\">pr\u00e9cession des \u00e9quinoxes<\/a>, l&rsquo;axe de rotation de la Terre (ou P\u00f4le Nord C\u00e9leste) se d\u00e9place lentement avec le temps de 50,29&Prime; d&rsquo;arc par an. Actuellement, ce d\u00e9placement am\u00e8ne un rapprochement vers l&rsquo;\u00e9toile Polaire. Voici donc sa position pour les ann\u00e9es 2025 et 2026 :<br><\/p>\n\n\n<div class=\"wp-block-image\">\n<figure class=\"aligncenter size-large\"><a href=\"https:\/\/ciel-astro-ccd.com\/pnc-2026-2027.jpg\" target=\"_blank\" rel=\" noreferrer noopener\"><img decoding=\"async\" src=\"https:\/\/ciel-astro-ccd.com\/pnc-2026-2027.jpg\" alt=\"\"\/><\/a><figcaption class=\"wp-element-caption\">Cliquer sur l&rsquo;image pour l&rsquo;afficher pein \u00e9cran<\/figcaption><\/figure>\n<\/div>\n\n\n<p><em>L\u2019image que l\u2019on voit ci-dessus est telle que vue \u00e0 l\u2019oculaire de 40 mm \u00e0 travers le t\u00e9lescope Edge HD 800 en passant par le renvoi coud\u00e9 (image invers\u00e9e Est-Ouest). Tourner l\u2019image pour correspondre \u00e0 la vue actuelle.<\/em><br><br>Avec les boutons d&rsquo;azimut et de latitude de la monture, d\u00e9placer la monture dans cette direction. Pour plus de pr\u00e9cision, vous pouvez vous aider d&rsquo;un <a href=\"https:\/\/ciel-astro-ccd.com\/ocu_reticule.jpeg\" target=\"_blank\" rel=\"noreferrer noopener\">oculaire r\u00e9ticul\u00e9 illumin\u00e9<\/a>. Centrer le r\u00e9ticule sur la ligne rouge imaginaire du triangle rouge, juste en dessous des trois \u00e9toiles de r\u00e9f\u00e9rence dans le cercle bleu ci-dessus.<\/p>\n\n\n\n<p>Vous obtiendrez ainsi une pr\u00e9cision d&rsquo;alignement tr\u00e8s proche de 1&prime; d&rsquo;arc du PNC et m\u00eame un peut moins selon votre habilit\u00e9, ce qui vous permettra d&rsquo;effectuer des temps de pose allant jusqu&rsquo;\u00e0 10 minutes par photo et m\u00eame un peut plus avec un autoguidage en parall\u00e8le.<br><br>Si vous utilisez une cam\u00e9ra CCD pour centrer le PNC, vous pouvez afficher un r\u00e9ticule dans votre logiciel d&rsquo;imagerie pr\u00e9f\u00e9r\u00e9e comme dans l&rsquo;exemple suivant :<br><\/p>\n\n\n<div class=\"wp-block-image\">\n<figure class=\"aligncenter\"><img decoding=\"async\" src=\"https:\/\/ciel-astro-ccd.com\/reticule-maxim_dl.jpg\" alt=\"\"\/><figcaption class=\"wp-element-caption\"><em>R\u00e9ticule (crosshair) du logiciel Maxim DL<\/em><\/figcaption><\/figure>\n<\/div>\n\n\n<p>Avec la cam\u00e9ra CCD, utiliser l&rsquo;image suivante comme r\u00e9f\u00e9rence :<br><\/p>\n\n\n<div class=\"wp-block-image\">\n<figure class=\"aligncenter size-large\"><a href=\"https:\/\/ciel-astro-ccd.com\/pnc-ccd-2026-2027.jpg\" target=\"_blank\" rel=\" noreferrer noopener\"><img decoding=\"async\" src=\"https:\/\/ciel-astro-ccd.com\/pnc-ccd-2026-2027.jpg\" alt=\"\"\/><\/a><figcaption class=\"wp-element-caption\">Cliquer sur l&rsquo;image pour l&rsquo;afficher pein \u00e9cran<\/figcaption><\/figure>\n<\/div>\n\n\n<p><em>L\u2019image de r\u00e9f\u00e9rence que l\u2019on voit ci-dessus est telle que vue avec une cam\u00e9ra CCD \u00e0 travers le t\u00e9lescope Edge HD 800 (sans renvoi coud\u00e9). L&rsquo;image est invers\u00e9e Est-Ouest et Nord-Sud. Tourner l\u2019image pour correspondre \u00e0 la vue actuelle. Attention, le champ de vision varie selon votre \u00e9quipement.<\/em><\/p>\n\n\n\n<p><strong>(1) Rotation d\u2019\u00e9cran<\/strong><\/p>\n\n\n\n<p>Au besoin, pour emp\u00eacher la rotation d\u2019\u00e9cran sur votre tablette ou cellulaire, \u00e0 partir du haut de l\u2019\u00e9cran \u00e0 droite, descendre votre doigt vers le bas, appuyer sur l\u2019ic\u00f4ne suivant qui est encercl\u00e9 en rouge :<\/p>\n\n\n\n<figure class=\"wp-block-image size-large is-resized\"><img decoding=\"async\" src=\"https:\/\/ciel-astro-ccd.com\/rotation_ecran.jpg\" alt=\"\" style=\"width:284px;height:auto\"\/><\/figure>\n\n\n\n<p>Certains appareils plus anciens demandent de balayer l&rsquo;\u00e9cran \u00e0 partir du bas. Si ces deux m\u00e9thodes ne fonctionnent pas avec votre appareil, faire une recherche Google :<\/p>\n\n\n\n<p><em>Comment activer et d\u00e9sactiver la rotation automatique de l&rsquo;\u00e9cran de mon <\/em>\u00ab<em> Nom du mod\u00e8le de tablette ou cellulaire \u00bb.<\/em><\/p>\n\n\n\n<p>Si vous n&rsquo;avez pas un r\u00e9seau Internet \u00e0 votre site d&rsquo;observation, utiliser les donn\u00e9es mobiles de votre cellulaire (Param\u00e8tres | Connexions | Utilisation des donn\u00e9es | Donn\u00e9es mobiles).<\/p>\n\n\n\n<p>Pour utiliser votre tablette, activez un Point d&rsquo;acc\u00e8s mobile sur votre cellulaire (Param\u00e8tres | Connexions | Point d&rsquo;acc\u00e8s mobile et modem | Point d&rsquo;acc\u00e8s mobile). Ensuite, sur votre tablette, connectez-vous \u00e0 ce r\u00e9seau Internet mobile de votre cellulaire.<\/p>\n\n\n\n<p>Si c&rsquo;est trop compliqu\u00e9 pour vous, imprimer les images pr\u00e9sent\u00e9es ci-dessus et les amener \u00e0 votre site d&rsquo;observation. Sur votre ordinateur personnel ou autres appareils, avec le bouton droit de la souris (avec votre doigt sur l&rsquo;image), s\u00e9lectionnez Copier l&rsquo;image. Vous n&rsquo;aurez qu&rsquo;\u00e0 coller l&rsquo;image dans votre traitement de texte favori et ensuite l&rsquo;imprimer. R\u00e9p\u00e9ter ce processus pour chaque image que vous voulez amener \u00e0 votre site d&rsquo;observation. Pour prot\u00e9ger de l&rsquo;humidit\u00e9 les images imprim\u00e9es sur papier, ins\u00e9rez-les dans une enveloppe en plastique transparent.<\/p>\n\n\n\n<p>Si vous n&rsquo;avez pas d&rsquo;imprimante, demandez \u00e0 un ami qui en a une de les imprimer pour vous.<\/p>\n\n\n\n<p><br>Richard Beauregard<br>Le Ciel Astro &#8211; CCD<br><br>R\u00e9vis\u00e9 le 2025\/08\/27<br><br><\/p>\n","protected":false},"excerpt":{"rendered":"<p>Voici deux m\u00e9thodes pour trouver pr\u00e9cis\u00e9ment l&rsquo;axe polaire de rotation de la Terre : 1- Avec l&rsquo;aide d&rsquo;un logiciel et une cam\u00e9ra CCDPour un investissement d&rsquo;environ 400 $ canadien, il est possible d&rsquo;aligner la monture sur le P\u00f4le Nord C\u00e9leste (PNC) ou l&rsquo;axe polaire de rotation de la Terrre avec une pr\u00e9cision allant jusqu&rsquo;\u00e0 30&#8230;<\/p>\n<p class=\"more-link-wrap\"><a href=\"https:\/\/ciel-astro-ccd.com\/wp\/trouver_axe_rotation\/\" class=\"more-link\">Read More<span class=\"screen-reader-text\"> &ldquo;TROUVER L&rsquo;AXE POLAIRE DE ROTATION&rdquo;<\/span> &raquo;<\/a><\/p>\n","protected":false},"author":1,"featured_media":0,"parent":0,"menu_order":0,"comment_status":"closed","ping_status":"closed","template":"","meta":{"footnotes":""},"class_list":["post-828","page","type-page","status-publish","hentry"],"yoast_head":"<!-- This site is optimized with the Yoast SEO plugin v27.3 - https:\/\/yoast.com\/product\/yoast-seo-wordpress\/ -->\n<title>TROUVER L&#039;AXE POLAIRE DE ROTATION - Le Ciel Astro - CCD<\/title>\n<meta name=\"description\" content=\"Voici deux m\u00e9thodes pour trouver pr\u00e9cis\u00e9ment l\u2019axe polaire de rotation de la Terre ...\" \/>\n<meta name=\"robots\" content=\"index, follow, max-snippet:-1, max-image-preview:large, max-video-preview:-1\" \/>\n<link rel=\"canonical\" href=\"https:\/\/ciel-astro-ccd.com\/wp\/trouver_axe_rotation\/\" \/>\n<meta property=\"og:locale\" content=\"fr_CA\" \/>\n<meta property=\"og:type\" content=\"article\" \/>\n<meta property=\"og:title\" content=\"TROUVER L&#039;AXE POLAIRE DE ROTATION - Le Ciel Astro - CCD\" \/>\n<meta property=\"og:description\" content=\"Voici deux m\u00e9thodes pour trouver pr\u00e9cis\u00e9ment l\u2019axe polaire de rotation de la Terre ...\" \/>\n<meta property=\"og:url\" content=\"https:\/\/ciel-astro-ccd.com\/wp\/trouver_axe_rotation\/\" \/>\n<meta property=\"og:site_name\" content=\"Le Ciel Astro - CCD\" \/>\n<meta property=\"article:modified_time\" content=\"2025-08-27T17:28:02+00:00\" \/>\n<meta property=\"og:image\" content=\"https:\/\/ciel-astro-ccd.com\/Axe-Pet-ourse.jpg\" \/>\n<meta name=\"twitter:card\" content=\"summary_large_image\" \/>\n<meta name=\"twitter:label1\" content=\"Estimation du temps de lecture\" \/>\n\t<meta name=\"twitter:data1\" content=\"9 minutes\" \/>\n<script type=\"application\/ld+json\" class=\"yoast-schema-graph\">{\"@context\":\"https:\\\/\\\/schema.org\",\"@graph\":[{\"@type\":\"WebPage\",\"@id\":\"https:\\\/\\\/ciel-astro-ccd.com\\\/wp\\\/trouver_axe_rotation\\\/\",\"url\":\"https:\\\/\\\/ciel-astro-ccd.com\\\/wp\\\/trouver_axe_rotation\\\/\",\"name\":\"TROUVER L'AXE POLAIRE DE ROTATION - Le Ciel Astro - CCD\",\"isPartOf\":{\"@id\":\"https:\\\/\\\/ciel-astro-ccd.com\\\/wp\\\/#website\"},\"primaryImageOfPage\":{\"@id\":\"https:\\\/\\\/ciel-astro-ccd.com\\\/wp\\\/trouver_axe_rotation\\\/#primaryimage\"},\"image\":{\"@id\":\"https:\\\/\\\/ciel-astro-ccd.com\\\/wp\\\/trouver_axe_rotation\\\/#primaryimage\"},\"thumbnailUrl\":\"https:\\\/\\\/ciel-astro-ccd.com\\\/Axe-Pet-ourse.jpg\",\"datePublished\":\"2021-01-03T03:43:07+00:00\",\"dateModified\":\"2025-08-27T17:28:02+00:00\",\"description\":\"Voici deux m\u00e9thodes pour trouver pr\u00e9cis\u00e9ment l\u2019axe polaire de rotation de la Terre ...\",\"breadcrumb\":{\"@id\":\"https:\\\/\\\/ciel-astro-ccd.com\\\/wp\\\/trouver_axe_rotation\\\/#breadcrumb\"},\"inLanguage\":\"fr-CA\",\"potentialAction\":[{\"@type\":\"ReadAction\",\"target\":[\"https:\\\/\\\/ciel-astro-ccd.com\\\/wp\\\/trouver_axe_rotation\\\/\"]}]},{\"@type\":\"ImageObject\",\"inLanguage\":\"fr-CA\",\"@id\":\"https:\\\/\\\/ciel-astro-ccd.com\\\/wp\\\/trouver_axe_rotation\\\/#primaryimage\",\"url\":\"https:\\\/\\\/ciel-astro-ccd.com\\\/Axe-Pet-ourse.jpg\",\"contentUrl\":\"https:\\\/\\\/ciel-astro-ccd.com\\\/Axe-Pet-ourse.jpg\"},{\"@type\":\"BreadcrumbList\",\"@id\":\"https:\\\/\\\/ciel-astro-ccd.com\\\/wp\\\/trouver_axe_rotation\\\/#breadcrumb\",\"itemListElement\":[{\"@type\":\"ListItem\",\"position\":1,\"name\":\"Accueil\",\"item\":\"https:\\\/\\\/ciel-astro-ccd.com\\\/wp\\\/\"},{\"@type\":\"ListItem\",\"position\":2,\"name\":\"TROUVER L&rsquo;AXE POLAIRE DE ROTATION\"}]},{\"@type\":\"WebSite\",\"@id\":\"https:\\\/\\\/ciel-astro-ccd.com\\\/wp\\\/#website\",\"url\":\"https:\\\/\\\/ciel-astro-ccd.com\\\/wp\\\/\",\"name\":\"Le Ciel Astro - CCD\",\"description\":\"Un site d\u00e9di\u00e9 \u00e0 l&#039;astrophotographie\",\"publisher\":{\"@id\":\"https:\\\/\\\/ciel-astro-ccd.com\\\/wp\\\/#\\\/schema\\\/person\\\/89b76f923fdc608b738fc9bf94ab2113\"},\"potentialAction\":[{\"@type\":\"SearchAction\",\"target\":{\"@type\":\"EntryPoint\",\"urlTemplate\":\"https:\\\/\\\/ciel-astro-ccd.com\\\/wp\\\/?s={search_term_string}\"},\"query-input\":{\"@type\":\"PropertyValueSpecification\",\"valueRequired\":true,\"valueName\":\"search_term_string\"}}],\"inLanguage\":\"fr-CA\"},{\"@type\":[\"Person\",\"Organization\"],\"@id\":\"https:\\\/\\\/ciel-astro-ccd.com\\\/wp\\\/#\\\/schema\\\/person\\\/89b76f923fdc608b738fc9bf94ab2113\",\"name\":\"microlog\",\"image\":{\"@type\":\"ImageObject\",\"inLanguage\":\"fr-CA\",\"@id\":\"https:\\\/\\\/ciel-astro-ccd.com\\\/wp-content\\\/uploads\\\/2021\\\/04\\\/cropped-cropped-logo.jpg\",\"url\":\"https:\\\/\\\/ciel-astro-ccd.com\\\/wp-content\\\/uploads\\\/2021\\\/04\\\/cropped-cropped-logo.jpg\",\"contentUrl\":\"https:\\\/\\\/ciel-astro-ccd.com\\\/wp-content\\\/uploads\\\/2021\\\/04\\\/cropped-cropped-logo.jpg\",\"width\":210,\"height\":210,\"caption\":\"microlog\"},\"logo\":{\"@id\":\"https:\\\/\\\/ciel-astro-ccd.com\\\/wp-content\\\/uploads\\\/2021\\\/04\\\/cropped-cropped-logo.jpg\"},\"sameAs\":[\"https:\\\/\\\/ciel-astro-ccd.com\"]}]}<\/script>\n<!-- \/ Yoast SEO plugin. -->","yoast_head_json":{"title":"TROUVER L'AXE POLAIRE DE ROTATION - Le Ciel Astro - CCD","description":"Voici deux m\u00e9thodes pour trouver pr\u00e9cis\u00e9ment l\u2019axe polaire de rotation de la Terre ...","robots":{"index":"index","follow":"follow","max-snippet":"max-snippet:-1","max-image-preview":"max-image-preview:large","max-video-preview":"max-video-preview:-1"},"canonical":"https:\/\/ciel-astro-ccd.com\/wp\/trouver_axe_rotation\/","og_locale":"fr_CA","og_type":"article","og_title":"TROUVER L'AXE POLAIRE DE ROTATION - Le Ciel Astro - CCD","og_description":"Voici deux m\u00e9thodes pour trouver pr\u00e9cis\u00e9ment l\u2019axe polaire de rotation de la Terre ...","og_url":"https:\/\/ciel-astro-ccd.com\/wp\/trouver_axe_rotation\/","og_site_name":"Le Ciel Astro - CCD","article_modified_time":"2025-08-27T17:28:02+00:00","og_image":[{"url":"https:\/\/ciel-astro-ccd.com\/Axe-Pet-ourse.jpg","type":"","width":"","height":""}],"twitter_card":"summary_large_image","twitter_misc":{"Estimation du temps de lecture":"9 minutes"},"schema":{"@context":"https:\/\/schema.org","@graph":[{"@type":"WebPage","@id":"https:\/\/ciel-astro-ccd.com\/wp\/trouver_axe_rotation\/","url":"https:\/\/ciel-astro-ccd.com\/wp\/trouver_axe_rotation\/","name":"TROUVER L'AXE POLAIRE DE ROTATION - Le Ciel Astro - CCD","isPartOf":{"@id":"https:\/\/ciel-astro-ccd.com\/wp\/#website"},"primaryImageOfPage":{"@id":"https:\/\/ciel-astro-ccd.com\/wp\/trouver_axe_rotation\/#primaryimage"},"image":{"@id":"https:\/\/ciel-astro-ccd.com\/wp\/trouver_axe_rotation\/#primaryimage"},"thumbnailUrl":"https:\/\/ciel-astro-ccd.com\/Axe-Pet-ourse.jpg","datePublished":"2021-01-03T03:43:07+00:00","dateModified":"2025-08-27T17:28:02+00:00","description":"Voici deux m\u00e9thodes pour trouver pr\u00e9cis\u00e9ment l\u2019axe polaire de rotation de la Terre ...","breadcrumb":{"@id":"https:\/\/ciel-astro-ccd.com\/wp\/trouver_axe_rotation\/#breadcrumb"},"inLanguage":"fr-CA","potentialAction":[{"@type":"ReadAction","target":["https:\/\/ciel-astro-ccd.com\/wp\/trouver_axe_rotation\/"]}]},{"@type":"ImageObject","inLanguage":"fr-CA","@id":"https:\/\/ciel-astro-ccd.com\/wp\/trouver_axe_rotation\/#primaryimage","url":"https:\/\/ciel-astro-ccd.com\/Axe-Pet-ourse.jpg","contentUrl":"https:\/\/ciel-astro-ccd.com\/Axe-Pet-ourse.jpg"},{"@type":"BreadcrumbList","@id":"https:\/\/ciel-astro-ccd.com\/wp\/trouver_axe_rotation\/#breadcrumb","itemListElement":[{"@type":"ListItem","position":1,"name":"Accueil","item":"https:\/\/ciel-astro-ccd.com\/wp\/"},{"@type":"ListItem","position":2,"name":"TROUVER L&rsquo;AXE POLAIRE DE ROTATION"}]},{"@type":"WebSite","@id":"https:\/\/ciel-astro-ccd.com\/wp\/#website","url":"https:\/\/ciel-astro-ccd.com\/wp\/","name":"Le Ciel Astro - CCD","description":"Un site d\u00e9di\u00e9 \u00e0 l&#039;astrophotographie","publisher":{"@id":"https:\/\/ciel-astro-ccd.com\/wp\/#\/schema\/person\/89b76f923fdc608b738fc9bf94ab2113"},"potentialAction":[{"@type":"SearchAction","target":{"@type":"EntryPoint","urlTemplate":"https:\/\/ciel-astro-ccd.com\/wp\/?s={search_term_string}"},"query-input":{"@type":"PropertyValueSpecification","valueRequired":true,"valueName":"search_term_string"}}],"inLanguage":"fr-CA"},{"@type":["Person","Organization"],"@id":"https:\/\/ciel-astro-ccd.com\/wp\/#\/schema\/person\/89b76f923fdc608b738fc9bf94ab2113","name":"microlog","image":{"@type":"ImageObject","inLanguage":"fr-CA","@id":"https:\/\/ciel-astro-ccd.com\/wp-content\/uploads\/2021\/04\/cropped-cropped-logo.jpg","url":"https:\/\/ciel-astro-ccd.com\/wp-content\/uploads\/2021\/04\/cropped-cropped-logo.jpg","contentUrl":"https:\/\/ciel-astro-ccd.com\/wp-content\/uploads\/2021\/04\/cropped-cropped-logo.jpg","width":210,"height":210,"caption":"microlog"},"logo":{"@id":"https:\/\/ciel-astro-ccd.com\/wp-content\/uploads\/2021\/04\/cropped-cropped-logo.jpg"},"sameAs":["https:\/\/ciel-astro-ccd.com"]}]}},"_links":{"self":[{"href":"https:\/\/ciel-astro-ccd.com\/wp\/wp-json\/wp\/v2\/pages\/828","targetHints":{"allow":["GET"]}}],"collection":[{"href":"https:\/\/ciel-astro-ccd.com\/wp\/wp-json\/wp\/v2\/pages"}],"about":[{"href":"https:\/\/ciel-astro-ccd.com\/wp\/wp-json\/wp\/v2\/types\/page"}],"author":[{"embeddable":true,"href":"https:\/\/ciel-astro-ccd.com\/wp\/wp-json\/wp\/v2\/users\/1"}],"replies":[{"embeddable":true,"href":"https:\/\/ciel-astro-ccd.com\/wp\/wp-json\/wp\/v2\/comments?post=828"}],"version-history":[{"count":71,"href":"https:\/\/ciel-astro-ccd.com\/wp\/wp-json\/wp\/v2\/pages\/828\/revisions"}],"predecessor-version":[{"id":6921,"href":"https:\/\/ciel-astro-ccd.com\/wp\/wp-json\/wp\/v2\/pages\/828\/revisions\/6921"}],"wp:attachment":[{"href":"https:\/\/ciel-astro-ccd.com\/wp\/wp-json\/wp\/v2\/media?parent=828"}],"curies":[{"name":"wp","href":"https:\/\/api.w.org\/{rel}","templated":true}]}}