{"id":5813,"date":"2022-01-16T17:46:56","date_gmt":"2022-01-16T22:46:56","guid":{"rendered":"https:\/\/ciel-astro-ccd.com\/wp\/?page_id=5813"},"modified":"2022-03-12T18:05:34","modified_gmt":"2022-03-12T23:05:34","slug":"m78","status":"publish","type":"page","link":"https:\/\/ciel-astro-ccd.com\/wp\/m78\/","title":{"rendered":"M 78"},"content":{"rendered":"\n<figure class=\"wp-block-image size-large\"><a href=\"https:\/\/ciel-astro-ccd.com\/m78.jpg\" target=\"_blank\" rel=\"noopener\"><img decoding=\"async\" src=\"https:\/\/ciel-astro-ccd.com\/m78.jpg\" alt=\"L\u2019attribut alt de cette image est vide, son nom de fichier est m63.jpg.\"\/><\/a><figcaption><em>Cliquer sur l\u2019image pour l\u2019afficher plein \u00e9cran<\/em><\/figcaption><\/figure>\n\n\n\n<figure class=\"wp-block-table is-style-regular\"><table><tbody><tr><td class=\"has-text-align-center\" data-align=\"center\"><strong>Date<\/strong><br>2021\/12\/29 et 2022\/01\/02<br><br><strong>Lieu d\u2019observation<\/strong><br>Nouveau-Mexique<\/td><\/tr><\/tbody><\/table><\/figure>\n\n\n<h4 style=\"text-align: center;\"><strong data-rich-text-format-boundary=\"true\">Technique<\/strong><\/h4>\n\n\n<figure class=\"wp-block-table is-style-regular\"><table><tbody><tr><td>T\u00e9lescope<\/td><td>Takahashi Epsilon 250 &#8211; 10\u201c, 850mm FL @ f\/3.4<\/td><\/tr><tr><td>Monture<\/td><td>Paramount ME<\/td><\/tr><tr><td>Cam\u00e9ra d\u2019imagerie<\/td><td>SBIG ST10XME &#8211; Non Anti Bloomin Gate (NABG) r\u00e9gul\u00e9 \u00e0 -10<sup>o<\/sup> Celsius<\/td><\/tr><tr><td>Type d\u2019image<\/td><td>L(RVsB) (<em>Vs pour vert syngh\u00e9tique<\/em>)<\/td><\/tr><tr><td>Exposition<\/td><td>Luminance (10 x 5\u2019 bin 1\u00d71), R (10 x 1\u2019 bin 2&#215;2) et B (10 x 1\u2019 bin 2&#215;2)<\/td><\/tr><tr><td>Pr\u00e9traitement<\/td><td><a href=\"https:\/\/ciel-astro-ccd.com\/wp\/technique_lrvb-pretraitement_maxim_dl\/\" target=\"_blank\" rel=\"noreferrer noopener\">Maxim DL<\/a><\/td><\/tr><tr><td>Traitement<\/td><td><a href=\"https:\/\/ciel-astro-ccd.com\/wp\/technique-lrvb-traitement_photoshop_pixinsight\/\" target=\"_blank\" rel=\"noreferrer noopener\">Photoshop et PixInsight<\/a><\/td><\/tr><tr><td>Traitement sp\u00e9cifique<\/td><td><a href=\"https:\/\/ciel-astro-ccd.com\/wp\/couche_verte_synthetique\/\" target=\"_blank\" rel=\"noreferrer noopener\">Cr\u00e9er une image verte synth\u00e9tique<\/a><\/td><\/tr><\/tbody><\/table><\/figure>\n\n\n<h4 style=\"text-align: center;\"><strong data-rich-text-format-boundary=\"true\">Descripton de l\u2019objet<\/strong><\/h4>\n\n\n<figure class=\"wp-block-table is-style-regular\"><table><tbody><tr><td>Type d\u2019objet<\/td><td>N\u00e9buleuse \u00e0 r\u00e9flexion<\/td><\/tr><tr><td>Constellation<\/td><td>Orion<\/td><\/tr><tr><td>Magnitude visuelle<\/td><td>&nbsp;8,3<\/td><\/tr><tr><td>Brillance de surface<\/td><td>12,24<\/td><\/tr><tr><td>Distance<\/td><td>1600 ann\u00e9es-lumi\u00e8re<\/td><\/tr><tr><td>Diam\u00e8tre<\/td><td>3,5 ann\u00e9es-lumi\u00e8re<\/td><\/tr><tr><td>Dimension vue de la Terre<\/td><td>8&prime; x 6&prime; d\u2019arc<\/td><\/tr><\/tbody><\/table><\/figure>\n\n\n\n<figure class=\"wp-block-table is-style-regular\"><table><tbody><tr><td>M78 est une n\u00e9buleuse \u00e0 r\u00e9flexion situ\u00e9e dans la constellation d\u2019Orion. Il s&rsquo;agit d&rsquo;un nuage de poussi\u00e8re interstellaire illumin\u00e9 par de jeunes \u00e9toiles. Elle est distante de 1600 ann\u00e9es-lumi\u00e8re de la Terre et son diam\u00e8tre est de 3,5 ann\u00e9es-lumi\u00e8re. Elle a \u00e9t\u00e9 d\u00e9couverte en 1780 par Pierre M\u00e9chain. C\u2019est la n\u00e9buleuse diffuse la plus brillante du groupe local. Charles Messier l&rsquo;ajouta \u00e0 son catalogue le 17 d\u00e9cembre de la m\u00eame ann\u00e9e.<br><br>Visuellement, dans un ciel de faible pollution lumineuse, M78 ressemble \u00e0 une faible com\u00e8te. Avec des jumelles, elle est juste visible comme une tr\u00e8s petite tache. De petits instruments permettent d\u00e9j\u00e0 de la voir bien brillante, et r\u00e9v\u00e8lent les \u00e9toiles qui la mettent en valeur.<br><br>Dans mon image, qui a \u00e9t\u00e9 prise dans un ciel sans pollution lumineuse (au Nouveau-Mexique), on voit la n\u00e9buleuse M78 au centre de l\u2019image. On peut aussi voir les tr\u00e8s faibles n\u00e9bulosit\u00e9s sombres de couleur bleue qui entourent la n\u00e9buleuse. On voit aussi la n\u00e9buleuse NGC2067 \u00e0 droite de la n\u00e9buleuse M78 qui est s\u00e9par\u00e9e par un nuage de poussi\u00e8re sombre. On voit aussi la n\u00e9buleuse NGC2071 dans le haut de l\u2019image.<\/td><\/tr><\/tbody><\/table><\/figure>\n\n\n\n<figure class=\"wp-block-table is-style-regular\"><table><tbody><tr><td>Richard Beauregard<br>Le Ciel Astro \u2013 CCD<br>Mon impression \u00ab Nous ne pouvons pas \u00eatre seuls dans ce gigantesque univers \u00bb<\/td><\/tr><\/tbody><\/table><\/figure>\n","protected":false},"excerpt":{"rendered":"<p>Date2021\/12\/29 et 2022\/01\/02 Lieu d\u2019observationNouveau-Mexique Technique T\u00e9lescope Takahashi Epsilon 250 &#8211; 10\u201c, 850mm FL @ f\/3.4 Monture Paramount ME Cam\u00e9ra d\u2019imagerie SBIG ST10XME &#8211; Non Anti Bloomin Gate (NABG) r\u00e9gul\u00e9 \u00e0 -10o Celsius Type d\u2019image L(RVsB) (Vs pour vert syngh\u00e9tique) Exposition Luminance (10 x 5\u2019 bin 1\u00d71), R (10 x 1\u2019 bin 2&#215;2) et B&#8230;<\/p>\n<p class=\"more-link-wrap\"><a href=\"https:\/\/ciel-astro-ccd.com\/wp\/m78\/\" class=\"more-link\">Read More<span class=\"screen-reader-text\"> &ldquo;M 78&rdquo;<\/span> &raquo;<\/a><\/p>\n","protected":false},"author":1,"featured_media":0,"parent":0,"menu_order":0,"comment_status":"closed","ping_status":"closed","template":"","meta":{"footnotes":""},"class_list":["post-5813","page","type-page","status-publish","hentry"],"yoast_head":"<!-- This site is optimized with the Yoast SEO plugin v27.3 - https:\/\/yoast.com\/product\/yoast-seo-wordpress\/ -->\n<title>M 78 - Le Ciel Astro - CCD<\/title>\n<meta name=\"description\" content=\"M78 est une n\u00e9buleuse \u00e0 r\u00e9flexion situ\u00e9e dans la constellation d\u2019Orion. Elle est distante de 1 600 ann\u00e9es-lumi\u00e8re de la Terre.\" \/>\n<meta name=\"robots\" content=\"index, follow, max-snippet:-1, max-image-preview:large, max-video-preview:-1\" \/>\n<link rel=\"canonical\" href=\"https:\/\/ciel-astro-ccd.com\/wp\/m78\/\" \/>\n<meta property=\"og:locale\" content=\"fr_CA\" \/>\n<meta property=\"og:type\" content=\"article\" \/>\n<meta property=\"og:title\" content=\"M 78 - Le Ciel Astro - CCD\" \/>\n<meta property=\"og:description\" content=\"M78 est une n\u00e9buleuse \u00e0 r\u00e9flexion situ\u00e9e dans la constellation d\u2019Orion. Elle est distante de 1 600 ann\u00e9es-lumi\u00e8re de la Terre.\" \/>\n<meta property=\"og:url\" content=\"https:\/\/ciel-astro-ccd.com\/wp\/m78\/\" \/>\n<meta property=\"og:site_name\" content=\"Le Ciel Astro - CCD\" \/>\n<meta property=\"article:modified_time\" content=\"2022-03-12T23:05:34+00:00\" \/>\n<meta property=\"og:image\" content=\"https:\/\/ciel-astro-ccd.com\/m78.jpg\" \/>\n<meta name=\"twitter:card\" content=\"summary_large_image\" \/>\n<meta name=\"twitter:label1\" content=\"Estimation du temps de lecture\" \/>\n\t<meta name=\"twitter:data1\" content=\"2 minutes\" \/>\n<script type=\"application\/ld+json\" class=\"yoast-schema-graph\">{\"@context\":\"https:\\\/\\\/schema.org\",\"@graph\":[{\"@type\":\"WebPage\",\"@id\":\"https:\\\/\\\/ciel-astro-ccd.com\\\/wp\\\/m78\\\/\",\"url\":\"https:\\\/\\\/ciel-astro-ccd.com\\\/wp\\\/m78\\\/\",\"name\":\"M 78 - Le Ciel Astro - CCD\",\"isPartOf\":{\"@id\":\"https:\\\/\\\/ciel-astro-ccd.com\\\/wp\\\/#website\"},\"primaryImageOfPage\":{\"@id\":\"https:\\\/\\\/ciel-astro-ccd.com\\\/wp\\\/m78\\\/#primaryimage\"},\"image\":{\"@id\":\"https:\\\/\\\/ciel-astro-ccd.com\\\/wp\\\/m78\\\/#primaryimage\"},\"thumbnailUrl\":\"https:\\\/\\\/ciel-astro-ccd.com\\\/m78.jpg\",\"datePublished\":\"2022-01-16T22:46:56+00:00\",\"dateModified\":\"2022-03-12T23:05:34+00:00\",\"description\":\"M78 est une n\u00e9buleuse \u00e0 r\u00e9flexion situ\u00e9e dans la constellation d\u2019Orion. Elle est distante de 1 600 ann\u00e9es-lumi\u00e8re de la Terre.\",\"breadcrumb\":{\"@id\":\"https:\\\/\\\/ciel-astro-ccd.com\\\/wp\\\/m78\\\/#breadcrumb\"},\"inLanguage\":\"fr-CA\",\"potentialAction\":[{\"@type\":\"ReadAction\",\"target\":[\"https:\\\/\\\/ciel-astro-ccd.com\\\/wp\\\/m78\\\/\"]}]},{\"@type\":\"ImageObject\",\"inLanguage\":\"fr-CA\",\"@id\":\"https:\\\/\\\/ciel-astro-ccd.com\\\/wp\\\/m78\\\/#primaryimage\",\"url\":\"https:\\\/\\\/ciel-astro-ccd.com\\\/m78.jpg\",\"contentUrl\":\"https:\\\/\\\/ciel-astro-ccd.com\\\/m78.jpg\"},{\"@type\":\"BreadcrumbList\",\"@id\":\"https:\\\/\\\/ciel-astro-ccd.com\\\/wp\\\/m78\\\/#breadcrumb\",\"itemListElement\":[{\"@type\":\"ListItem\",\"position\":1,\"name\":\"Accueil\",\"item\":\"https:\\\/\\\/ciel-astro-ccd.com\\\/wp\\\/\"},{\"@type\":\"ListItem\",\"position\":2,\"name\":\"M 78\"}]},{\"@type\":\"WebSite\",\"@id\":\"https:\\\/\\\/ciel-astro-ccd.com\\\/wp\\\/#website\",\"url\":\"https:\\\/\\\/ciel-astro-ccd.com\\\/wp\\\/\",\"name\":\"Le Ciel Astro - CCD\",\"description\":\"Un site d\u00e9di\u00e9 \u00e0 l&#039;astrophotographie\",\"publisher\":{\"@id\":\"https:\\\/\\\/ciel-astro-ccd.com\\\/wp\\\/#\\\/schema\\\/person\\\/89b76f923fdc608b738fc9bf94ab2113\"},\"potentialAction\":[{\"@type\":\"SearchAction\",\"target\":{\"@type\":\"EntryPoint\",\"urlTemplate\":\"https:\\\/\\\/ciel-astro-ccd.com\\\/wp\\\/?s={search_term_string}\"},\"query-input\":{\"@type\":\"PropertyValueSpecification\",\"valueRequired\":true,\"valueName\":\"search_term_string\"}}],\"inLanguage\":\"fr-CA\"},{\"@type\":[\"Person\",\"Organization\"],\"@id\":\"https:\\\/\\\/ciel-astro-ccd.com\\\/wp\\\/#\\\/schema\\\/person\\\/89b76f923fdc608b738fc9bf94ab2113\",\"name\":\"microlog\",\"image\":{\"@type\":\"ImageObject\",\"inLanguage\":\"fr-CA\",\"@id\":\"https:\\\/\\\/ciel-astro-ccd.com\\\/wp-content\\\/uploads\\\/2021\\\/04\\\/cropped-cropped-logo.jpg\",\"url\":\"https:\\\/\\\/ciel-astro-ccd.com\\\/wp-content\\\/uploads\\\/2021\\\/04\\\/cropped-cropped-logo.jpg\",\"contentUrl\":\"https:\\\/\\\/ciel-astro-ccd.com\\\/wp-content\\\/uploads\\\/2021\\\/04\\\/cropped-cropped-logo.jpg\",\"width\":210,\"height\":210,\"caption\":\"microlog\"},\"logo\":{\"@id\":\"https:\\\/\\\/ciel-astro-ccd.com\\\/wp-content\\\/uploads\\\/2021\\\/04\\\/cropped-cropped-logo.jpg\"},\"sameAs\":[\"https:\\\/\\\/ciel-astro-ccd.com\"]}]}<\/script>\n<!-- \/ Yoast SEO plugin. -->","yoast_head_json":{"title":"M 78 - Le Ciel Astro - CCD","description":"M78 est une n\u00e9buleuse \u00e0 r\u00e9flexion situ\u00e9e dans la constellation d\u2019Orion. Elle est distante de 1 600 ann\u00e9es-lumi\u00e8re de la Terre.","robots":{"index":"index","follow":"follow","max-snippet":"max-snippet:-1","max-image-preview":"max-image-preview:large","max-video-preview":"max-video-preview:-1"},"canonical":"https:\/\/ciel-astro-ccd.com\/wp\/m78\/","og_locale":"fr_CA","og_type":"article","og_title":"M 78 - Le Ciel Astro - CCD","og_description":"M78 est une n\u00e9buleuse \u00e0 r\u00e9flexion situ\u00e9e dans la constellation d\u2019Orion. Elle est distante de 1 600 ann\u00e9es-lumi\u00e8re de la Terre.","og_url":"https:\/\/ciel-astro-ccd.com\/wp\/m78\/","og_site_name":"Le Ciel Astro - CCD","article_modified_time":"2022-03-12T23:05:34+00:00","og_image":[{"url":"https:\/\/ciel-astro-ccd.com\/m78.jpg","type":"","width":"","height":""}],"twitter_card":"summary_large_image","twitter_misc":{"Estimation du temps de lecture":"2 minutes"},"schema":{"@context":"https:\/\/schema.org","@graph":[{"@type":"WebPage","@id":"https:\/\/ciel-astro-ccd.com\/wp\/m78\/","url":"https:\/\/ciel-astro-ccd.com\/wp\/m78\/","name":"M 78 - Le Ciel Astro - CCD","isPartOf":{"@id":"https:\/\/ciel-astro-ccd.com\/wp\/#website"},"primaryImageOfPage":{"@id":"https:\/\/ciel-astro-ccd.com\/wp\/m78\/#primaryimage"},"image":{"@id":"https:\/\/ciel-astro-ccd.com\/wp\/m78\/#primaryimage"},"thumbnailUrl":"https:\/\/ciel-astro-ccd.com\/m78.jpg","datePublished":"2022-01-16T22:46:56+00:00","dateModified":"2022-03-12T23:05:34+00:00","description":"M78 est une n\u00e9buleuse \u00e0 r\u00e9flexion situ\u00e9e dans la constellation d\u2019Orion. Elle est distante de 1 600 ann\u00e9es-lumi\u00e8re de la Terre.","breadcrumb":{"@id":"https:\/\/ciel-astro-ccd.com\/wp\/m78\/#breadcrumb"},"inLanguage":"fr-CA","potentialAction":[{"@type":"ReadAction","target":["https:\/\/ciel-astro-ccd.com\/wp\/m78\/"]}]},{"@type":"ImageObject","inLanguage":"fr-CA","@id":"https:\/\/ciel-astro-ccd.com\/wp\/m78\/#primaryimage","url":"https:\/\/ciel-astro-ccd.com\/m78.jpg","contentUrl":"https:\/\/ciel-astro-ccd.com\/m78.jpg"},{"@type":"BreadcrumbList","@id":"https:\/\/ciel-astro-ccd.com\/wp\/m78\/#breadcrumb","itemListElement":[{"@type":"ListItem","position":1,"name":"Accueil","item":"https:\/\/ciel-astro-ccd.com\/wp\/"},{"@type":"ListItem","position":2,"name":"M 78"}]},{"@type":"WebSite","@id":"https:\/\/ciel-astro-ccd.com\/wp\/#website","url":"https:\/\/ciel-astro-ccd.com\/wp\/","name":"Le Ciel Astro - CCD","description":"Un site d\u00e9di\u00e9 \u00e0 l&#039;astrophotographie","publisher":{"@id":"https:\/\/ciel-astro-ccd.com\/wp\/#\/schema\/person\/89b76f923fdc608b738fc9bf94ab2113"},"potentialAction":[{"@type":"SearchAction","target":{"@type":"EntryPoint","urlTemplate":"https:\/\/ciel-astro-ccd.com\/wp\/?s={search_term_string}"},"query-input":{"@type":"PropertyValueSpecification","valueRequired":true,"valueName":"search_term_string"}}],"inLanguage":"fr-CA"},{"@type":["Person","Organization"],"@id":"https:\/\/ciel-astro-ccd.com\/wp\/#\/schema\/person\/89b76f923fdc608b738fc9bf94ab2113","name":"microlog","image":{"@type":"ImageObject","inLanguage":"fr-CA","@id":"https:\/\/ciel-astro-ccd.com\/wp-content\/uploads\/2021\/04\/cropped-cropped-logo.jpg","url":"https:\/\/ciel-astro-ccd.com\/wp-content\/uploads\/2021\/04\/cropped-cropped-logo.jpg","contentUrl":"https:\/\/ciel-astro-ccd.com\/wp-content\/uploads\/2021\/04\/cropped-cropped-logo.jpg","width":210,"height":210,"caption":"microlog"},"logo":{"@id":"https:\/\/ciel-astro-ccd.com\/wp-content\/uploads\/2021\/04\/cropped-cropped-logo.jpg"},"sameAs":["https:\/\/ciel-astro-ccd.com"]}]}},"_links":{"self":[{"href":"https:\/\/ciel-astro-ccd.com\/wp\/wp-json\/wp\/v2\/pages\/5813","targetHints":{"allow":["GET"]}}],"collection":[{"href":"https:\/\/ciel-astro-ccd.com\/wp\/wp-json\/wp\/v2\/pages"}],"about":[{"href":"https:\/\/ciel-astro-ccd.com\/wp\/wp-json\/wp\/v2\/types\/page"}],"author":[{"embeddable":true,"href":"https:\/\/ciel-astro-ccd.com\/wp\/wp-json\/wp\/v2\/users\/1"}],"replies":[{"embeddable":true,"href":"https:\/\/ciel-astro-ccd.com\/wp\/wp-json\/wp\/v2\/comments?post=5813"}],"version-history":[{"count":12,"href":"https:\/\/ciel-astro-ccd.com\/wp\/wp-json\/wp\/v2\/pages\/5813\/revisions"}],"predecessor-version":[{"id":5854,"href":"https:\/\/ciel-astro-ccd.com\/wp\/wp-json\/wp\/v2\/pages\/5813\/revisions\/5854"}],"wp:attachment":[{"href":"https:\/\/ciel-astro-ccd.com\/wp\/wp-json\/wp\/v2\/media?parent=5813"}],"curies":[{"name":"wp","href":"https:\/\/api.w.org\/{rel}","templated":true}]}}