{"id":4341,"date":"2021-02-11T14:16:05","date_gmt":"2021-02-11T19:16:05","guid":{"rendered":"https:\/\/ciel-astro-ccd.com\/wp\/?page_id=4341"},"modified":"2023-08-28T23:44:58","modified_gmt":"2023-08-29T03:44:58","slug":"plan-du-site","status":"publish","type":"page","link":"https:\/\/ciel-astro-ccd.com\/wp\/plan-du-site\/","title":{"rendered":"PLAN DU SITE"},"content":{"rendered":"<p><a href=\"https:\/\/ciel-astro-ccd.com\/wp\/\" target=\"_blank\" rel=\"noopener\"><strong>ACCUEIL<\/strong><\/a><\/p>\n<p><a href=\"https:\/\/ciel-astro-ccd.com\/wp\/a_propos\/\"><strong>\u00c0 PROPOS<\/strong><\/a><\/p>\n<p><strong><a href=\"https:\/\/ciel-astro-ccd.com\/wp\/images\/\">IMAGES<\/a><\/strong><\/p>\n<ul>\n<li class=\"page_item page-item-356\"><strong><a href=\"https:\/\/ciel-astro-ccd.com\/wp\/images_sans_pollution\/\">IMAGES R\u00c9ALIS\u00c9ES DANS DES SITES SANS POLLUTION LUMINEUSE (ZONES GRISE ET NOIRE)<\/a><\/strong><\/li>\n<li class=\"page_item page-item-519\"><strong><a href=\"https:\/\/ciel-astro-ccd.com\/wp\/images_pollution\/\">IMAGES R\u00c9ALIS\u00c9ES DANS MON SITE DE POLLUTION LUMINEUSE EXTR\u00caME (ZONE BLANCHE)<\/a><\/strong><\/li>\n<li class=\"page_item page-item-524\"><strong><a href=\"https:\/\/ciel-astro-ccd.com\/wp\/images_systeme_solaire\/\">IMAGES DU SYST\u00c8ME SOLAIRE<\/a><\/strong><\/li>\n<\/ul>\n<p><strong><a href=\"https:\/\/ciel-astro-ccd.com\/wp\/observatoire\/\">OBSERVATOIRE<\/a><\/strong><\/p>\n<p><strong><a href=\"https:\/\/ciel-astro-ccd.com\/wp\/equipement\/\">\u00c9QUIPEMENT<\/a><\/strong><\/p>\n<ul class=\"wsp-pages-list\">\n<li class=\"page_item page-item-611\"><strong><a href=\"https:\/\/ciel-astro-ccd.com\/wp\/equipement_personnel\/\">\u00c9QUIPEMENT PERSONNEL<\/a><\/strong><\/li>\n<li class=\"page_item page-item-678\"><strong><a href=\"https:\/\/ciel-astro-ccd.com\/wp\/equipement_en_location\/\">\u00c9QUIPEMENT EN LOCATION<\/a><\/strong><\/li>\n<li class=\"page_item page-item-4053\"><strong><a href=\"https:\/\/ciel-astro-ccd.com\/wp\/choix_equipement\/\">CHOISIR L\u2019\u00c9QUIPEMENT POUR L\u2019ASTROPHOTOGRAPHIE<\/a><\/strong><\/li>\n<\/ul>\n<p><strong><a href=\"https:\/\/ciel-astro-ccd.com\/wp\/preparation_session\/\">PR\u00c9PARATION D\u2019UNE SESSION D\u2019ASTROPHOTOGRAPHIE<\/a><\/strong><\/p>\n<ul class=\"wsp-pages-list\">\n<li class=\"page_item page-item-699\"><strong><a href=\"https:\/\/ciel-astro-ccd.com\/wp\/calculs_astronomiques\/\">CALCULS ASTRONOMIQUES<\/a><\/strong><\/li>\n<li class=\"page_item page-item-743\"><strong><a href=\"https:\/\/ciel-astro-ccd.com\/wp\/collimation\/\">LA COLLIMATION DU T\u00c9LESCOPE<\/a><\/strong><\/li>\n<li class=\"page_item page-item-801\"><strong><a href=\"https:\/\/ciel-astro-ccd.com\/wp\/mise_en_station\/\">LA MISE EN STATION DU T\u00c9LESCOPE<\/a><\/strong><\/li>\n<li class=\"page_item page-item-828\"><strong><a href=\"https:\/\/ciel-astro-ccd.com\/wp\/trouver_axe_rotation\/\">TROUVER L\u2019AXE POLAIRE DE ROTATION<\/a><\/strong><\/li>\n<li class=\"page_item page-item-862\"><strong><a href=\"https:\/\/ciel-astro-ccd.com\/wp\/faire_pec\/\">FAIRE UN PEC<\/a><\/strong><\/li>\n<li class=\"page_item page-item-878\"><strong><a href=\"https:\/\/ciel-astro-ccd.com\/wp\/autoguidage\/\">AUTOGUIDAGE DE LA MONTURE<\/a><\/strong><\/li>\n<li class=\"page_item page-item-884\"><strong><a href=\"https:\/\/ciel-astro-ccd.com\/wp\/mise_au_foyer\/\">MISE AU FOYER DE LA CAM\u00c9RA<\/a><\/strong><\/li>\n<li class=\"page_item page-item-944\"><strong><a href=\"https:\/\/ciel-astro-ccd.com\/wp\/temps_exposition\/\">TEMPS D\u2019EXPOSITION SUGG\u00c9R\u00c9S<\/a><\/strong><\/li>\n<li class=\"page_item page-item-994\"><strong><a href=\"https:\/\/ciel-astro-ccd.com\/wp\/temps_exposion-pollution\/\">TEMPS DE POSE MAXIMUM PAR PHOTO EN FONCTION DE LA POLLUTION LUMINEUSE<\/a><\/strong><\/li>\n<li><strong><a href=\"https:\/\/ciel-astro-ccd.com\/wp\/filtres_bandes_etroites\/\">UTILISATION DES FILTRES \u00c0 BANDES \u00c9TROITES POUR COMBATTRE LA POLUTION LUMINEUSE<\/a><\/strong><\/li>\n<\/ul>\n<p><strong><a href=\"https:\/\/ciel-astro-ccd.com\/wp\/acquisition_images\/\">ACQUISITION DES IMAGES POUR LE CIEL PROFOND<\/a><\/strong><\/p>\n<ul class=\"wsp-pages-list\">\n<li class=\"page_item page-item-1008\"><strong><a href=\"https:\/\/ciel-astro-ccd.com\/wp\/formats_images\/\">LES DIFF\u00c9RENTS FORMATS D\u2019IMAGES<\/a><\/strong><\/li>\n<li class=\"page_item page-item-1014\"><strong><a href=\"https:\/\/ciel-astro-ccd.com\/wp\/acquisition_images_pretraitement\/\">ACQUISITION DES IMAGES SERVANT AU PR\u00c9TRAITEMENT<\/a><\/strong><\/li>\n<li class=\"page_item page-item-1035\"><strong><a href=\"https:\/\/ciel-astro-ccd.com\/wp\/acquisition_ciel_profond\/\">ACQUISITION DES IMAGES DU CIEL PROFOND<\/a><\/strong><\/li>\n<\/ul>\n<p><strong><a href=\"https:\/\/ciel-astro-ccd.com\/wp\/traitement_des__images\/\">TRAITEMENT DES IMAGES<\/a><\/strong><\/p>\n<ul class=\"wsp-pages-list\">\n<li class=\"page_item page-item-1040\"><strong><a href=\"https:\/\/ciel-astro-ccd.com\/wp\/methodes_de_compositage\/\">LES DIFF\u00c9RENTES M\u00c9THODES DE COMPOSITAGE<\/a><\/strong><\/li>\n<li class=\"page_item page-item-1049\"><strong><a href=\"https:\/\/ciel-astro-ccd.com\/wp\/pretraitement\/\">LE PR\u00c9TRAITEMENT DES IMAGES DU CIEL PROFOND<\/a><\/strong><\/li>\n<li class=\"page_item page-item-1055\"><strong><a href=\"https:\/\/ciel-astro-ccd.com\/wp\/traitement_images\/\">TRAITEMENT DES IMAGES DU CIEL PROFOND<\/a><\/strong><\/li>\n<li class=\"page_item page-item-1141\"><strong><a href=\"https:\/\/ciel-astro-ccd.com\/wp\/traitement_images_planetaires\/\">TRAITEMENT DES IMAGES PLAN\u00c9TAIRES<\/a><\/strong><\/li>\n<li class=\"page_item page-item-1147\"><strong><a href=\"https:\/\/ciel-astro-ccd.com\/wp\/technique_lrvb\/\">TECHNIQUE LRVB<\/a><\/strong><\/li>\n<\/ul>\n<p><strong><a href=\"https:\/\/ciel-astro-ccd.com\/wp\/traitements_avances\/\">TRAITEMENTS AVANC\u00c9S<\/a><\/strong><\/p>\n<ul class=\"wsp-pages-list\">\n<li class=\"page_item page-item-1195\"><strong><a href=\"https:\/\/ciel-astro-ccd.com\/wp\/couche_verte_synthetique\/\">CR\u00c9ER UNE COUCHE VERTE SYNTH\u00c9TIQUE<\/a><\/strong><\/li>\n<li class=\"page_item page-item-1202\"><strong><a href=\"https:\/\/ciel-astro-ccd.com\/wp\/luminance_synthetique\/\">CR\u00c9ER UNE IMAGE DE LUMINANCE SYNTH\u00c9TIQUE<\/a><\/strong><\/li>\n<li class=\"page_item page-item-1213\"><strong><a href=\"https:\/\/ciel-astro-ccd.com\/wp\/corriger_couleur_rouge-saumon\/\">CORRIGER LA COULEUR ROUGE-SAUMON<\/a><\/strong><\/li>\n<li class=\"page_item page-item-1218\"><strong><a href=\"https:\/\/ciel-astro-ccd.com\/wp\/balance_couleurs_courbes\/\">BALANCE DES COULEURS EN UTILISANT LES COURBES<\/a><\/strong><\/li>\n<li class=\"page_item page-item-1223\"><strong><a href=\"https:\/\/ciel-astro-ccd.com\/wp\/enlever_poussieres\/\">ENLEVER LES POUSSI\u00c8RES, LES PIXELS COLOR\u00c9S ET AUTRES IMPERFECTIONS<\/a><\/strong><\/li>\n<\/ul>\n<p><strong><a href=\"https:\/\/ciel-astro-ccd.com\/wp\/dossiers\/\">DOSSIERS<\/a><\/strong><\/p>\n<p><strong><a href=\"https:\/\/ciel-astro-ccd.com\/wp\/references\/\">R\u00c9F\u00c9RENCES<\/a><\/strong><\/p>\n<ul class=\"wsp-pages-list\">\n<li class=\"page_item page-item-1228\"><strong><a href=\"https:\/\/ciel-astro-ccd.com\/wp\/logiciels\/\">LOGICIEL POUR L&rsquo;ASTRPHOTOGRAPHIE<\/a><\/strong><\/li>\n<li class=\"page_item page-item-1235\"><strong><a href=\"https:\/\/ciel-astro-ccd.com\/wp\/liens\/\">LIENS DIVERS<\/a><\/strong><\/li>\n<li class=\"page_item page-item-1243\"><strong><a href=\"https:\/\/ciel-astro-ccd.com\/wp\/bibliographie\/\">BIBLIOGRAPHIE<\/a><\/strong><\/li>\n<\/ul>\n<p><a href=\"https:\/\/ciel-astro-ccd.com\/wp\/english\/\" target=\"_blank\" rel=\"noopener\"><strong>ENGLISH<\/strong><\/a><\/p>\n<p>Richard Beauregard<br \/>\nLe Ciel Astro \u2013 CCD<\/p>\n<p>R\u00e9viser le 28 ao\u00fbt 2023<\/p>\n","protected":false},"excerpt":{"rendered":"<p>ACCUEIL \u00c0 PROPOS IMAGES IMAGES R\u00c9ALIS\u00c9ES DANS DES SITES SANS POLLUTION LUMINEUSE (ZONES GRISE ET NOIRE) IMAGES R\u00c9ALIS\u00c9ES DANS MON SITE DE POLLUTION LUMINEUSE EXTR\u00caME (ZONE BLANCHE) IMAGES DU SYST\u00c8ME SOLAIRE OBSERVATOIRE \u00c9QUIPEMENT \u00c9QUIPEMENT PERSONNEL \u00c9QUIPEMENT EN LOCATION CHOISIR L\u2019\u00c9QUIPEMENT POUR L\u2019ASTROPHOTOGRAPHIE PR\u00c9PARATION D\u2019UNE SESSION D\u2019ASTROPHOTOGRAPHIE CALCULS ASTRONOMIQUES LA COLLIMATION DU T\u00c9LESCOPE LA MISE EN&#8230;<\/p>\n<p class=\"more-link-wrap\"><a href=\"https:\/\/ciel-astro-ccd.com\/wp\/plan-du-site\/\" class=\"more-link\">Read More<span class=\"screen-reader-text\"> &ldquo;PLAN DU SITE&rdquo;<\/span> &raquo;<\/a><\/p>\n","protected":false},"author":1,"featured_media":0,"parent":0,"menu_order":0,"comment_status":"closed","ping_status":"closed","template":"","meta":{"footnotes":""},"class_list":["post-4341","page","type-page","status-publish","hentry"],"yoast_head":"<!-- This site is optimized with the Yoast SEO plugin v27.3 - https:\/\/yoast.com\/product\/yoast-seo-wordpress\/ -->\n<title>PLAN DU SITE - Le Ciel Astro - CCD<\/title>\n<meta name=\"description\" content=\"Plan du site Le Ciel Astro - CCD\" \/>\n<meta name=\"robots\" content=\"index, follow, max-snippet:-1, max-image-preview:large, max-video-preview:-1\" \/>\n<link rel=\"canonical\" href=\"https:\/\/ciel-astro-ccd.com\/wp\/plan-du-site\/\" \/>\n<meta property=\"og:locale\" content=\"fr_CA\" \/>\n<meta property=\"og:type\" content=\"article\" \/>\n<meta property=\"og:title\" content=\"PLAN DU SITE - Le Ciel Astro - CCD\" \/>\n<meta property=\"og:description\" content=\"Plan du site Le Ciel Astro - CCD\" \/>\n<meta property=\"og:url\" content=\"https:\/\/ciel-astro-ccd.com\/wp\/plan-du-site\/\" \/>\n<meta property=\"og:site_name\" content=\"Le Ciel Astro - CCD\" \/>\n<meta property=\"article:modified_time\" content=\"2023-08-29T03:44:58+00:00\" \/>\n<meta name=\"twitter:card\" content=\"summary_large_image\" \/>\n<meta name=\"twitter:label1\" content=\"Estimation du temps de lecture\" \/>\n\t<meta name=\"twitter:data1\" content=\"2 minutes\" \/>\n<script type=\"application\/ld+json\" class=\"yoast-schema-graph\">{\"@context\":\"https:\\\/\\\/schema.org\",\"@graph\":[{\"@type\":\"WebPage\",\"@id\":\"https:\\\/\\\/ciel-astro-ccd.com\\\/wp\\\/plan-du-site\\\/\",\"url\":\"https:\\\/\\\/ciel-astro-ccd.com\\\/wp\\\/plan-du-site\\\/\",\"name\":\"PLAN DU SITE - Le Ciel Astro - CCD\",\"isPartOf\":{\"@id\":\"https:\\\/\\\/ciel-astro-ccd.com\\\/wp\\\/#website\"},\"datePublished\":\"2021-02-11T19:16:05+00:00\",\"dateModified\":\"2023-08-29T03:44:58+00:00\",\"description\":\"Plan du site Le Ciel Astro - CCD\",\"breadcrumb\":{\"@id\":\"https:\\\/\\\/ciel-astro-ccd.com\\\/wp\\\/plan-du-site\\\/#breadcrumb\"},\"inLanguage\":\"fr-CA\",\"potentialAction\":[{\"@type\":\"ReadAction\",\"target\":[\"https:\\\/\\\/ciel-astro-ccd.com\\\/wp\\\/plan-du-site\\\/\"]}]},{\"@type\":\"BreadcrumbList\",\"@id\":\"https:\\\/\\\/ciel-astro-ccd.com\\\/wp\\\/plan-du-site\\\/#breadcrumb\",\"itemListElement\":[{\"@type\":\"ListItem\",\"position\":1,\"name\":\"Accueil\",\"item\":\"https:\\\/\\\/ciel-astro-ccd.com\\\/wp\\\/\"},{\"@type\":\"ListItem\",\"position\":2,\"name\":\"PLAN DU SITE\"}]},{\"@type\":\"WebSite\",\"@id\":\"https:\\\/\\\/ciel-astro-ccd.com\\\/wp\\\/#website\",\"url\":\"https:\\\/\\\/ciel-astro-ccd.com\\\/wp\\\/\",\"name\":\"Le Ciel Astro - CCD\",\"description\":\"Un site d\u00e9di\u00e9 \u00e0 l&#039;astrophotographie\",\"publisher\":{\"@id\":\"https:\\\/\\\/ciel-astro-ccd.com\\\/wp\\\/#\\\/schema\\\/person\\\/89b76f923fdc608b738fc9bf94ab2113\"},\"potentialAction\":[{\"@type\":\"SearchAction\",\"target\":{\"@type\":\"EntryPoint\",\"urlTemplate\":\"https:\\\/\\\/ciel-astro-ccd.com\\\/wp\\\/?s={search_term_string}\"},\"query-input\":{\"@type\":\"PropertyValueSpecification\",\"valueRequired\":true,\"valueName\":\"search_term_string\"}}],\"inLanguage\":\"fr-CA\"},{\"@type\":[\"Person\",\"Organization\"],\"@id\":\"https:\\\/\\\/ciel-astro-ccd.com\\\/wp\\\/#\\\/schema\\\/person\\\/89b76f923fdc608b738fc9bf94ab2113\",\"name\":\"microlog\",\"image\":{\"@type\":\"ImageObject\",\"inLanguage\":\"fr-CA\",\"@id\":\"https:\\\/\\\/ciel-astro-ccd.com\\\/wp-content\\\/uploads\\\/2021\\\/04\\\/cropped-cropped-logo.jpg\",\"url\":\"https:\\\/\\\/ciel-astro-ccd.com\\\/wp-content\\\/uploads\\\/2021\\\/04\\\/cropped-cropped-logo.jpg\",\"contentUrl\":\"https:\\\/\\\/ciel-astro-ccd.com\\\/wp-content\\\/uploads\\\/2021\\\/04\\\/cropped-cropped-logo.jpg\",\"width\":210,\"height\":210,\"caption\":\"microlog\"},\"logo\":{\"@id\":\"https:\\\/\\\/ciel-astro-ccd.com\\\/wp-content\\\/uploads\\\/2021\\\/04\\\/cropped-cropped-logo.jpg\"},\"sameAs\":[\"https:\\\/\\\/ciel-astro-ccd.com\"]}]}<\/script>\n<!-- \/ Yoast SEO plugin. -->","yoast_head_json":{"title":"PLAN DU SITE - Le Ciel Astro - CCD","description":"Plan du site Le Ciel Astro - CCD","robots":{"index":"index","follow":"follow","max-snippet":"max-snippet:-1","max-image-preview":"max-image-preview:large","max-video-preview":"max-video-preview:-1"},"canonical":"https:\/\/ciel-astro-ccd.com\/wp\/plan-du-site\/","og_locale":"fr_CA","og_type":"article","og_title":"PLAN DU SITE - Le Ciel Astro - CCD","og_description":"Plan du site Le Ciel Astro - CCD","og_url":"https:\/\/ciel-astro-ccd.com\/wp\/plan-du-site\/","og_site_name":"Le Ciel Astro - CCD","article_modified_time":"2023-08-29T03:44:58+00:00","twitter_card":"summary_large_image","twitter_misc":{"Estimation du temps de lecture":"2 minutes"},"schema":{"@context":"https:\/\/schema.org","@graph":[{"@type":"WebPage","@id":"https:\/\/ciel-astro-ccd.com\/wp\/plan-du-site\/","url":"https:\/\/ciel-astro-ccd.com\/wp\/plan-du-site\/","name":"PLAN DU SITE - Le Ciel Astro - CCD","isPartOf":{"@id":"https:\/\/ciel-astro-ccd.com\/wp\/#website"},"datePublished":"2021-02-11T19:16:05+00:00","dateModified":"2023-08-29T03:44:58+00:00","description":"Plan du site Le Ciel Astro - CCD","breadcrumb":{"@id":"https:\/\/ciel-astro-ccd.com\/wp\/plan-du-site\/#breadcrumb"},"inLanguage":"fr-CA","potentialAction":[{"@type":"ReadAction","target":["https:\/\/ciel-astro-ccd.com\/wp\/plan-du-site\/"]}]},{"@type":"BreadcrumbList","@id":"https:\/\/ciel-astro-ccd.com\/wp\/plan-du-site\/#breadcrumb","itemListElement":[{"@type":"ListItem","position":1,"name":"Accueil","item":"https:\/\/ciel-astro-ccd.com\/wp\/"},{"@type":"ListItem","position":2,"name":"PLAN DU SITE"}]},{"@type":"WebSite","@id":"https:\/\/ciel-astro-ccd.com\/wp\/#website","url":"https:\/\/ciel-astro-ccd.com\/wp\/","name":"Le Ciel Astro - CCD","description":"Un site d\u00e9di\u00e9 \u00e0 l&#039;astrophotographie","publisher":{"@id":"https:\/\/ciel-astro-ccd.com\/wp\/#\/schema\/person\/89b76f923fdc608b738fc9bf94ab2113"},"potentialAction":[{"@type":"SearchAction","target":{"@type":"EntryPoint","urlTemplate":"https:\/\/ciel-astro-ccd.com\/wp\/?s={search_term_string}"},"query-input":{"@type":"PropertyValueSpecification","valueRequired":true,"valueName":"search_term_string"}}],"inLanguage":"fr-CA"},{"@type":["Person","Organization"],"@id":"https:\/\/ciel-astro-ccd.com\/wp\/#\/schema\/person\/89b76f923fdc608b738fc9bf94ab2113","name":"microlog","image":{"@type":"ImageObject","inLanguage":"fr-CA","@id":"https:\/\/ciel-astro-ccd.com\/wp-content\/uploads\/2021\/04\/cropped-cropped-logo.jpg","url":"https:\/\/ciel-astro-ccd.com\/wp-content\/uploads\/2021\/04\/cropped-cropped-logo.jpg","contentUrl":"https:\/\/ciel-astro-ccd.com\/wp-content\/uploads\/2021\/04\/cropped-cropped-logo.jpg","width":210,"height":210,"caption":"microlog"},"logo":{"@id":"https:\/\/ciel-astro-ccd.com\/wp-content\/uploads\/2021\/04\/cropped-cropped-logo.jpg"},"sameAs":["https:\/\/ciel-astro-ccd.com"]}]}},"_links":{"self":[{"href":"https:\/\/ciel-astro-ccd.com\/wp\/wp-json\/wp\/v2\/pages\/4341","targetHints":{"allow":["GET"]}}],"collection":[{"href":"https:\/\/ciel-astro-ccd.com\/wp\/wp-json\/wp\/v2\/pages"}],"about":[{"href":"https:\/\/ciel-astro-ccd.com\/wp\/wp-json\/wp\/v2\/types\/page"}],"author":[{"embeddable":true,"href":"https:\/\/ciel-astro-ccd.com\/wp\/wp-json\/wp\/v2\/users\/1"}],"replies":[{"embeddable":true,"href":"https:\/\/ciel-astro-ccd.com\/wp\/wp-json\/wp\/v2\/comments?post=4341"}],"version-history":[{"count":42,"href":"https:\/\/ciel-astro-ccd.com\/wp\/wp-json\/wp\/v2\/pages\/4341\/revisions"}],"predecessor-version":[{"id":6491,"href":"https:\/\/ciel-astro-ccd.com\/wp\/wp-json\/wp\/v2\/pages\/4341\/revisions\/6491"}],"wp:attachment":[{"href":"https:\/\/ciel-astro-ccd.com\/wp\/wp-json\/wp\/v2\/media?parent=4341"}],"curies":[{"name":"wp","href":"https:\/\/api.w.org\/{rel}","templated":true}]}}