{"id":2547,"date":"2021-01-10T16:58:54","date_gmt":"2021-01-10T21:58:54","guid":{"rendered":"https:\/\/ciel-astro-ccd.com\/wp\/?page_id=2547"},"modified":"2023-08-21T15:35:31","modified_gmt":"2023-08-21T19:35:31","slug":"m92_pol","status":"publish","type":"page","link":"https:\/\/ciel-astro-ccd.com\/wp\/m92_pol\/","title":{"rendered":"M 92"},"content":{"rendered":"\n<figure class=\"wp-block-image size-large\"><a href=\"https:\/\/ciel-astro-ccd.com\/M92.jpg\" target=\"_blank\" rel=\"noopener\"><img decoding=\"async\" src=\"https:\/\/ciel-astro-ccd.com\/M92.jpg\" alt=\"\"\/><\/a><figcaption class=\"wp-element-caption\"><em>Cliquer sur l&rsquo;image pour l&rsquo;afficher plein \u00e9cran<\/em><\/figcaption><\/figure>\n\n\n\n<figure class=\"wp-block-table\"><table><tbody><tr><td class=\"has-text-align-center\" data-align=\"center\"><strong>Date<\/strong><br>2017\/05\/21 et 2017\/06\/13<br><br><strong>Lieu d\u2019observation<\/strong><br>Mon observatoir permanent \u00e0 Longueuil<br>en zone de pollution lumineuse blanche<\/td><\/tr><\/tbody><\/table><\/figure>\n\n\n\n<h4 class=\"wp-block-heading has-text-align-center\"><strong>Technique<\/strong><\/h4>\n\n\n\n<figure class=\"wp-block-table\"><table><tbody><tr><td>T\u00e9lescope<\/td><td>Celestron Edge HD \u2013 Diam\u00e8tre 203 mm (8\u2019\u2019), focale 2032 mm, f\/10<\/td><\/tr><tr><td>R\u00e9ducteur de focale<\/td><td>f\/6.3 (63 %)<\/td><\/tr><tr><td>Monture<\/td><td>Celestron CGEM<\/td><\/tr><tr><td>Cam\u00e9ra d\u2019imagerie<\/td><td>Atik 383 L+ monochrome r\u00e9gul\u00e9e \u00e0 -20<sup>o<\/sup>&nbsp;Celsius<\/td><\/tr><tr><td>Cam\u00e9ra d\u2019autoguidage<\/td><td>ZWO ASI 120MM en parall\u00e8le avec L\u2019Orion mini guider<\/td><\/tr><tr><td>Pr\u00e9cision d\u2019autoguidage (RMS)<\/td><td>1,43\u2019\u2019 d\u2019arc (2,86\u2019\u2019 d\u2019arc au total) et 1,89\u2019\u2019 d\u2019arc (3,78\u2019\u2019 d\u2019arc au total)<\/td><\/tr><tr><td>Type d\u2019image<\/td><td>L(RVsB)<br>Vs pour vert synth\u00e9tique<\/td><\/tr><tr><td>Exposition<\/td><td>Luminance (49 x 1\u2019 bin 2&#215;2), Rouge (30 x 2\u2019 Bin 2&#215;2) et bleu (29 x 2\u2019 Bin 2&#215;2)<\/td><\/tr><tr><td>Logiciel d\u2019acquisition des images<\/td><td>Maxim DL<\/td><\/tr><tr><td>Logiciel de guidage<\/td><td>PHD Guiding 2<\/td><\/tr><tr><td>Pr\u00e9traitement<\/td><td><a href=\"https:\/\/ciel-astro-ccd.com\/wp\/technique_lrvb-pretraitement_maxim_dl\/\" target=\"_blank\" rel=\"noreferrer noopener\">Maxim DL<\/a><\/td><\/tr><tr><td>Traitement<\/td><td><a href=\"https:\/\/ciel-astro-ccd.com\/wp\/technique-lrvb-traitement_photoshop_pixinsight\/\" target=\"_blank\" rel=\"noreferrer noopener\">Photoshop et PixInsight<\/a><\/td><\/tr><tr><td>Traitement sp\u00e9cifique<\/td><td><a href=\"https:\/\/ciel-astro-ccd.com\/wp\/couche_verte_synthetique\/\" target=\"_blank\" rel=\"noreferrer noopener\">Cr\u00e9er une couche verte synth\u00e9tique<\/a><\/td><\/tr><\/tbody><\/table><\/figure>\n\n\n\n<h4 class=\"wp-block-heading has-text-align-center\"><strong>Descripton de l\u2019objet<\/strong><\/h4>\n\n\n\n<figure class=\"wp-block-table\"><table><tbody><tr><td>Type d\u2019objet<\/td><td>Amas globulaire&nbsp;<\/td><\/tr><tr><td>Constellation<\/td><td>Hercule<\/td><\/tr><tr><td>Magnitude visuelle<\/td><td>6,5<\/td><\/tr><tr><td>Distance<\/td><td>26000 ann\u00e9es-lumi\u00e8re<\/td><\/tr><tr><td>Diam\u00e8tre<\/td><td>110 ann\u00e9es-lumi\u00e8re<\/td><\/tr><tr><td>Dimension vue de la Terre<\/td><td>14 minutes d\u2019arc &nbsp;<\/td><\/tr><\/tbody><\/table><\/figure>\n\n\n\n<figure class=\"wp-block-table\"><table><tbody><tr><td>M92 est l&rsquo;un des amas globulaires les plus brillants de l&rsquo;h\u00e9misph\u00e8re Nord. Il est souvent n\u00e9glig\u00e9 par les astronomes amateurs en raison de sa proximit\u00e9 avec M13 qui est l\u2019amas globulaire le plus spectaculaire de cet l\u2019h\u00e9misph\u00e8re. M92 est aussi l\u2019un des plus anciens amas globulaires. Il est situ\u00e9 \u00e0 26000 ann\u00e9es-lumi\u00e8re du syst\u00e8me solaire et est donc un peu plus \u00e9loign\u00e9 que son voisin M13. Son diam\u00e8tre est d\u2019environ 110 ann\u00e9es-lumi\u00e8re. La concentration en \u00e9toiles de l&rsquo;amas en son centre est tr\u00e8s importante. La masse de l&rsquo;amas est \u00e9lev\u00e9e. Elle est d&rsquo;environ 300000 fois la masse de notre soleil ! L&rsquo;amas se rapproche de la Terre \u00e0 la vitesse de 110 km\/s. \u00a0<br><br>Le rep\u00e9rage visuel de l&rsquo;amas est assez difficile. Pour le voir, il faut un ciel avec peu de pollution lumineuse. Il est alors visible aux jumelles et a l&rsquo;aspect d&rsquo;une tache blanch\u00e2tre diffuse. Il faut un t\u00e9lescope d\u2019au moins 200 mm pour commencer \u00e0 r\u00e9soudre l\u2019amas. \u00a0<br><br>Dans mon image, qui a \u00e9t\u00e9 prise \u00e0 mon observatoire personnel situ\u00e9 dans un ciel de pollution lumineuse important (zones grise et blanche), j\u2019ai tout de m\u00eame r\u00e9ussi \u00e0 r\u00e9soudre l\u2019amas en \u00e9toiles jusqu\u2019au centre. Il est \u00e0 noter, pour cette image, je n\u2019ai pas utilis\u00e9 de filtre antipollution lumineuse ! J\u2019ai plut\u00f4t opt\u00e9 pour prendre beaucoup d\u2019images avec des temps de poses individuels courts en profitant de la formule suivante\u00a0: Augmentation du rapport Signal \/ Bruit = \u221a nombre d&rsquo;images. Vive les math\u00e9matiques et les calculs astronomiques ! <\/td><\/tr><\/tbody><\/table><\/figure>\n\n\n\n<figure class=\"wp-block-table\"><table><tbody><tr><td>Richard Beauregard<br>Le Ciel Astro \u2013 CCD<br>Mon impression \u00ab Nous ne pouvons pas \u00eatre seuls dans ce gigantesque univers \u00bb<\/td><\/tr><\/tbody><\/table><\/figure>\n","protected":false},"excerpt":{"rendered":"<p>Date2017\/05\/21 et 2017\/06\/13 Lieu d\u2019observationMon observatoir permanent \u00e0 Longueuilen zone de pollution lumineuse blanche Technique T\u00e9lescope Celestron Edge HD \u2013 Diam\u00e8tre 203 mm (8\u2019\u2019), focale 2032 mm, f\/10 R\u00e9ducteur de focale f\/6.3 (63 %) Monture Celestron CGEM Cam\u00e9ra d\u2019imagerie Atik 383 L+ monochrome r\u00e9gul\u00e9e \u00e0 -20o&nbsp;Celsius Cam\u00e9ra d\u2019autoguidage ZWO ASI 120MM en parall\u00e8le avec L\u2019Orion&#8230;<\/p>\n<p class=\"more-link-wrap\"><a href=\"https:\/\/ciel-astro-ccd.com\/wp\/m92_pol\/\" class=\"more-link\">Read More<span class=\"screen-reader-text\"> &ldquo;M 92&rdquo;<\/span> &raquo;<\/a><\/p>\n","protected":false},"author":1,"featured_media":0,"parent":0,"menu_order":0,"comment_status":"closed","ping_status":"closed","template":"","meta":{"footnotes":""},"class_list":["post-2547","page","type-page","status-publish","hentry"],"yoast_head":"<!-- This site is optimized with the Yoast SEO plugin v27.3 - https:\/\/yoast.com\/product\/yoast-seo-wordpress\/ -->\n<title>M 92 - Le Ciel Astro - CCD<\/title>\n<meta name=\"description\" content=\"M 92 - Amas globulaire\" \/>\n<meta name=\"robots\" content=\"index, follow, max-snippet:-1, max-image-preview:large, max-video-preview:-1\" \/>\n<link rel=\"canonical\" href=\"https:\/\/ciel-astro-ccd.com\/wp\/m92_pol\/\" \/>\n<meta property=\"og:locale\" content=\"fr_CA\" \/>\n<meta property=\"og:type\" content=\"article\" \/>\n<meta property=\"og:title\" content=\"M 92 - Le Ciel Astro - CCD\" \/>\n<meta property=\"og:description\" content=\"M 92 - Amas globulaire\" \/>\n<meta property=\"og:url\" content=\"https:\/\/ciel-astro-ccd.com\/wp\/m92_pol\/\" \/>\n<meta property=\"og:site_name\" content=\"Le Ciel Astro - CCD\" \/>\n<meta property=\"article:modified_time\" content=\"2023-08-21T19:35:31+00:00\" \/>\n<meta property=\"og:image\" content=\"https:\/\/ciel-astro-ccd.com\/M92.jpg\" \/>\n<meta name=\"twitter:card\" content=\"summary_large_image\" \/>\n<meta name=\"twitter:label1\" content=\"Estimation du temps de lecture\" \/>\n\t<meta name=\"twitter:data1\" content=\"3 minutes\" \/>\n<script type=\"application\/ld+json\" class=\"yoast-schema-graph\">{\"@context\":\"https:\\\/\\\/schema.org\",\"@graph\":[{\"@type\":\"WebPage\",\"@id\":\"https:\\\/\\\/ciel-astro-ccd.com\\\/wp\\\/m92_pol\\\/\",\"url\":\"https:\\\/\\\/ciel-astro-ccd.com\\\/wp\\\/m92_pol\\\/\",\"name\":\"M 92 - Le Ciel Astro - CCD\",\"isPartOf\":{\"@id\":\"https:\\\/\\\/ciel-astro-ccd.com\\\/wp\\\/#website\"},\"primaryImageOfPage\":{\"@id\":\"https:\\\/\\\/ciel-astro-ccd.com\\\/wp\\\/m92_pol\\\/#primaryimage\"},\"image\":{\"@id\":\"https:\\\/\\\/ciel-astro-ccd.com\\\/wp\\\/m92_pol\\\/#primaryimage\"},\"thumbnailUrl\":\"https:\\\/\\\/ciel-astro-ccd.com\\\/M92.jpg\",\"datePublished\":\"2021-01-10T21:58:54+00:00\",\"dateModified\":\"2023-08-21T19:35:31+00:00\",\"description\":\"M 92 - Amas globulaire\",\"breadcrumb\":{\"@id\":\"https:\\\/\\\/ciel-astro-ccd.com\\\/wp\\\/m92_pol\\\/#breadcrumb\"},\"inLanguage\":\"fr-CA\",\"potentialAction\":[{\"@type\":\"ReadAction\",\"target\":[\"https:\\\/\\\/ciel-astro-ccd.com\\\/wp\\\/m92_pol\\\/\"]}]},{\"@type\":\"ImageObject\",\"inLanguage\":\"fr-CA\",\"@id\":\"https:\\\/\\\/ciel-astro-ccd.com\\\/wp\\\/m92_pol\\\/#primaryimage\",\"url\":\"https:\\\/\\\/ciel-astro-ccd.com\\\/M92.jpg\",\"contentUrl\":\"https:\\\/\\\/ciel-astro-ccd.com\\\/M92.jpg\"},{\"@type\":\"BreadcrumbList\",\"@id\":\"https:\\\/\\\/ciel-astro-ccd.com\\\/wp\\\/m92_pol\\\/#breadcrumb\",\"itemListElement\":[{\"@type\":\"ListItem\",\"position\":1,\"name\":\"Accueil\",\"item\":\"https:\\\/\\\/ciel-astro-ccd.com\\\/wp\\\/\"},{\"@type\":\"ListItem\",\"position\":2,\"name\":\"M 92\"}]},{\"@type\":\"WebSite\",\"@id\":\"https:\\\/\\\/ciel-astro-ccd.com\\\/wp\\\/#website\",\"url\":\"https:\\\/\\\/ciel-astro-ccd.com\\\/wp\\\/\",\"name\":\"Le Ciel Astro - CCD\",\"description\":\"Un site d\u00e9di\u00e9 \u00e0 l&#039;astrophotographie\",\"publisher\":{\"@id\":\"https:\\\/\\\/ciel-astro-ccd.com\\\/wp\\\/#\\\/schema\\\/person\\\/89b76f923fdc608b738fc9bf94ab2113\"},\"potentialAction\":[{\"@type\":\"SearchAction\",\"target\":{\"@type\":\"EntryPoint\",\"urlTemplate\":\"https:\\\/\\\/ciel-astro-ccd.com\\\/wp\\\/?s={search_term_string}\"},\"query-input\":{\"@type\":\"PropertyValueSpecification\",\"valueRequired\":true,\"valueName\":\"search_term_string\"}}],\"inLanguage\":\"fr-CA\"},{\"@type\":[\"Person\",\"Organization\"],\"@id\":\"https:\\\/\\\/ciel-astro-ccd.com\\\/wp\\\/#\\\/schema\\\/person\\\/89b76f923fdc608b738fc9bf94ab2113\",\"name\":\"microlog\",\"image\":{\"@type\":\"ImageObject\",\"inLanguage\":\"fr-CA\",\"@id\":\"https:\\\/\\\/ciel-astro-ccd.com\\\/wp-content\\\/uploads\\\/2021\\\/04\\\/cropped-cropped-logo.jpg\",\"url\":\"https:\\\/\\\/ciel-astro-ccd.com\\\/wp-content\\\/uploads\\\/2021\\\/04\\\/cropped-cropped-logo.jpg\",\"contentUrl\":\"https:\\\/\\\/ciel-astro-ccd.com\\\/wp-content\\\/uploads\\\/2021\\\/04\\\/cropped-cropped-logo.jpg\",\"width\":210,\"height\":210,\"caption\":\"microlog\"},\"logo\":{\"@id\":\"https:\\\/\\\/ciel-astro-ccd.com\\\/wp-content\\\/uploads\\\/2021\\\/04\\\/cropped-cropped-logo.jpg\"},\"sameAs\":[\"https:\\\/\\\/ciel-astro-ccd.com\"]}]}<\/script>\n<!-- \/ Yoast SEO plugin. -->","yoast_head_json":{"title":"M 92 - Le Ciel Astro - CCD","description":"M 92 - Amas globulaire","robots":{"index":"index","follow":"follow","max-snippet":"max-snippet:-1","max-image-preview":"max-image-preview:large","max-video-preview":"max-video-preview:-1"},"canonical":"https:\/\/ciel-astro-ccd.com\/wp\/m92_pol\/","og_locale":"fr_CA","og_type":"article","og_title":"M 92 - Le Ciel Astro - CCD","og_description":"M 92 - Amas globulaire","og_url":"https:\/\/ciel-astro-ccd.com\/wp\/m92_pol\/","og_site_name":"Le Ciel Astro - CCD","article_modified_time":"2023-08-21T19:35:31+00:00","og_image":[{"url":"https:\/\/ciel-astro-ccd.com\/M92.jpg","type":"","width":"","height":""}],"twitter_card":"summary_large_image","twitter_misc":{"Estimation du temps de lecture":"3 minutes"},"schema":{"@context":"https:\/\/schema.org","@graph":[{"@type":"WebPage","@id":"https:\/\/ciel-astro-ccd.com\/wp\/m92_pol\/","url":"https:\/\/ciel-astro-ccd.com\/wp\/m92_pol\/","name":"M 92 - Le Ciel Astro - CCD","isPartOf":{"@id":"https:\/\/ciel-astro-ccd.com\/wp\/#website"},"primaryImageOfPage":{"@id":"https:\/\/ciel-astro-ccd.com\/wp\/m92_pol\/#primaryimage"},"image":{"@id":"https:\/\/ciel-astro-ccd.com\/wp\/m92_pol\/#primaryimage"},"thumbnailUrl":"https:\/\/ciel-astro-ccd.com\/M92.jpg","datePublished":"2021-01-10T21:58:54+00:00","dateModified":"2023-08-21T19:35:31+00:00","description":"M 92 - Amas globulaire","breadcrumb":{"@id":"https:\/\/ciel-astro-ccd.com\/wp\/m92_pol\/#breadcrumb"},"inLanguage":"fr-CA","potentialAction":[{"@type":"ReadAction","target":["https:\/\/ciel-astro-ccd.com\/wp\/m92_pol\/"]}]},{"@type":"ImageObject","inLanguage":"fr-CA","@id":"https:\/\/ciel-astro-ccd.com\/wp\/m92_pol\/#primaryimage","url":"https:\/\/ciel-astro-ccd.com\/M92.jpg","contentUrl":"https:\/\/ciel-astro-ccd.com\/M92.jpg"},{"@type":"BreadcrumbList","@id":"https:\/\/ciel-astro-ccd.com\/wp\/m92_pol\/#breadcrumb","itemListElement":[{"@type":"ListItem","position":1,"name":"Accueil","item":"https:\/\/ciel-astro-ccd.com\/wp\/"},{"@type":"ListItem","position":2,"name":"M 92"}]},{"@type":"WebSite","@id":"https:\/\/ciel-astro-ccd.com\/wp\/#website","url":"https:\/\/ciel-astro-ccd.com\/wp\/","name":"Le Ciel Astro - CCD","description":"Un site d\u00e9di\u00e9 \u00e0 l&#039;astrophotographie","publisher":{"@id":"https:\/\/ciel-astro-ccd.com\/wp\/#\/schema\/person\/89b76f923fdc608b738fc9bf94ab2113"},"potentialAction":[{"@type":"SearchAction","target":{"@type":"EntryPoint","urlTemplate":"https:\/\/ciel-astro-ccd.com\/wp\/?s={search_term_string}"},"query-input":{"@type":"PropertyValueSpecification","valueRequired":true,"valueName":"search_term_string"}}],"inLanguage":"fr-CA"},{"@type":["Person","Organization"],"@id":"https:\/\/ciel-astro-ccd.com\/wp\/#\/schema\/person\/89b76f923fdc608b738fc9bf94ab2113","name":"microlog","image":{"@type":"ImageObject","inLanguage":"fr-CA","@id":"https:\/\/ciel-astro-ccd.com\/wp-content\/uploads\/2021\/04\/cropped-cropped-logo.jpg","url":"https:\/\/ciel-astro-ccd.com\/wp-content\/uploads\/2021\/04\/cropped-cropped-logo.jpg","contentUrl":"https:\/\/ciel-astro-ccd.com\/wp-content\/uploads\/2021\/04\/cropped-cropped-logo.jpg","width":210,"height":210,"caption":"microlog"},"logo":{"@id":"https:\/\/ciel-astro-ccd.com\/wp-content\/uploads\/2021\/04\/cropped-cropped-logo.jpg"},"sameAs":["https:\/\/ciel-astro-ccd.com"]}]}},"_links":{"self":[{"href":"https:\/\/ciel-astro-ccd.com\/wp\/wp-json\/wp\/v2\/pages\/2547","targetHints":{"allow":["GET"]}}],"collection":[{"href":"https:\/\/ciel-astro-ccd.com\/wp\/wp-json\/wp\/v2\/pages"}],"about":[{"href":"https:\/\/ciel-astro-ccd.com\/wp\/wp-json\/wp\/v2\/types\/page"}],"author":[{"embeddable":true,"href":"https:\/\/ciel-astro-ccd.com\/wp\/wp-json\/wp\/v2\/users\/1"}],"replies":[{"embeddable":true,"href":"https:\/\/ciel-astro-ccd.com\/wp\/wp-json\/wp\/v2\/comments?post=2547"}],"version-history":[{"count":10,"href":"https:\/\/ciel-astro-ccd.com\/wp\/wp-json\/wp\/v2\/pages\/2547\/revisions"}],"predecessor-version":[{"id":6463,"href":"https:\/\/ciel-astro-ccd.com\/wp\/wp-json\/wp\/v2\/pages\/2547\/revisions\/6463"}],"wp:attachment":[{"href":"https:\/\/ciel-astro-ccd.com\/wp\/wp-json\/wp\/v2\/media?parent=2547"}],"curies":[{"name":"wp","href":"https:\/\/api.w.org\/{rel}","templated":true}]}}