{"id":2478,"date":"2021-01-10T15:42:01","date_gmt":"2021-01-10T20:42:01","guid":{"rendered":"https:\/\/ciel-astro-ccd.com\/wp\/?page_id=2478"},"modified":"2023-05-06T23:45:32","modified_gmt":"2023-05-07T03:45:32","slug":"ic1396","status":"publish","type":"page","link":"https:\/\/ciel-astro-ccd.com\/wp\/ic1396\/","title":{"rendered":"IC 1396"},"content":{"rendered":"\n<figure class=\"wp-block-image size-large\"><a href=\"https:\/\/ciel-astro-ccd.com\/ic1396.jpg\" target=\"_blank\" rel=\"noopener\"><img decoding=\"async\" src=\"https:\/\/ciel-astro-ccd.com\/ic1396.jpg\" alt=\"\"\/><\/a><figcaption class=\"wp-element-caption\"><em>Cliquer sur l&rsquo;image pour l&rsquo;afficher plein \u00e9cran<\/em><\/figcaption><\/figure>\n\n\n\n<figure class=\"wp-block-table\"><table><tbody><tr><td class=\"has-text-align-center\" data-align=\"center\"><strong>Date<\/strong><br>2012\/12\/16<br><br><strong>Lieu d\u2019observation<\/strong><br>Nouveau-Mexique<\/td><\/tr><\/tbody><\/table><\/figure>\n\n\n\n<h4 class=\"wp-block-heading has-text-align-center\"><strong>Technique<\/strong><\/h4>\n\n\n\n<figure class=\"wp-block-table\"><table><tbody><tr><td>T\u00e9lescope<\/td><td>Takahashi FSQ 106ED \u2013 Diam. 106 mm (4,2\u2033), foca. 530 mm, f\/5&nbsp;<\/td><\/tr><tr><td>Monture<\/td><td>Paramount ME<\/td><\/tr><tr><td>Cam\u00e9ra d\u2019imagerie<\/td><td>SBIG STL 11000 r\u00e9gul\u00e9e \u00e0 -15<sup>o<\/sup>&nbsp;Celsius<\/td><\/tr><tr><td>Type d\u2019image<\/td><td>Ha(RVsB) (<em>Vs pour vert syngh\u00e9tique<\/em>)<\/td><\/tr><tr><td>Exposition<\/td><td>Ha (11 x 10\u2019 bin 1\u00d71), RB (4 x 3\u2019 bin 2\u00d72 chacune)<\/td><\/tr><tr><td>Pr\u00e9traitement<\/td><td><a href=\"https:\/\/ciel-astro-ccd.com\/wp\/technique_lrvb-pretraitement_maxim_dl\/\" target=\"_blank\" rel=\"noreferrer noopener\">Maxim DL<\/a><\/td><\/tr><tr><td>Traitement<\/td><td><a href=\"https:\/\/ciel-astro-ccd.com\/wp\/technique-lrvb-traitement_photoshop_pixinsight\/\" target=\"_blank\" rel=\"noreferrer noopener\">Photoshop et PixInsight<\/a><\/td><\/tr><tr><td>Traitement sp\u00e9cifique<\/td><td><a href=\"https:\/\/ciel-astro-ccd.com\/wp\/couche_verte_synthetique\/\" target=\"_blank\" rel=\"noreferrer noopener\">Cr\u00e9er une image verte synth\u00e9tique<\/a><\/td><\/tr><\/tbody><\/table><\/figure>\n\n\n\n<h4 class=\"wp-block-heading has-text-align-center\"><strong>Descripton de l\u2019objet<\/strong><\/h4>\n\n\n\n<figure class=\"wp-block-table\"><table><tbody><tr><td>Type d\u2019objet<\/td><td>N\u00e9buleuse \u00e0 \u00e9mission \u00ab&nbsp;La n\u00e9buleuse de la trompe d\u2019\u00e9l\u00e9phant&nbsp;\u00bb<\/td><\/tr><tr><td>Constellation<\/td><td>C\u00e9ph\u00e9e<\/td><\/tr><tr><td>Magnitude visuelle<\/td><td>6<\/td><\/tr><tr><td>Distance<\/td><td>Distance\u00a0: 3000 ann\u00e9es-lumi\u00e8re<\/td><\/tr><tr><td>Dimension vue de la Terre<\/td><td>170 x 140 minutes d&rsquo;arc<\/td><\/tr><\/tbody><\/table><\/figure>\n\n\n\n<figure class=\"wp-block-table\"><table><tbody><tr><td>IC 1396 contient la N\u00e9buleuse de la trompe d&rsquo;\u00e9l\u00e9phant (portant le num\u00e9ro VDB 142 du catalogue Van Den Berg) que l\u2019on voit sur l\u2019image, au centre, en bas de l\u2019image. IC1396 est une grande n\u00e9buleuse \u00e0 \u00e9mission qui fait 3 \u00e0 5 fois le diam\u00e8tre de la pleine lune vu de la terre. La brillante \u00e9toile jaune, \u00e0 droite de l\u2019image, est Garnet qui est une g\u00e9ante rouge. Son diam\u00e8tre est 2536 fois plus grand que notre Soleil. \u00a0<br><br>Cette r\u00e9gion riche en gaz et poussi\u00e8res favorise la formation de nouvelles \u00e9toiles. En effet, tout r\u00e9cemment, on a d\u00e9couvert plus de 100 jeunes \u00e9toiles en train de se former dans cette n\u00e9buleuse. \u00a0<br><br>C\u2019est une tr\u00e8s belle n\u00e9buleuse \u00e0 photographier. Par contre, malgr\u00e9 sa magnitude visuelle de 6, les gaz et poussi\u00e8res de la n\u00e9buleuse sont peu visibles dans un t\u00e9lescope. Pour faire ressortir tous les belles nuances et contrastes de la n\u00e9buleuse, j\u2019ai consacr\u00e9 un temps d\u2019exposition en luminance H-Alpha de 1,83 heure avec des temps de 10 minutes par photo (11 x10\u2019 = 1,83 H).<\/td><\/tr><\/tbody><\/table><\/figure>\n\n\n\n<figure class=\"wp-block-table\"><table><tbody><tr><td>Richard Beauregard<br>Le Ciel Astro \u2013 CCD<br>Mon impression \u00ab Nous ne pouvons pas \u00eatre seuls dans ce gigantesque univers \u00bb<\/td><\/tr><\/tbody><\/table><\/figure>\n","protected":false},"excerpt":{"rendered":"<p>Date2012\/12\/16 Lieu d\u2019observationNouveau-Mexique Technique T\u00e9lescope Takahashi FSQ 106ED \u2013 Diam. 106 mm (4,2\u2033), foca. 530 mm, f\/5&nbsp; Monture Paramount ME Cam\u00e9ra d\u2019imagerie SBIG STL 11000 r\u00e9gul\u00e9e \u00e0 -15o&nbsp;Celsius Type d\u2019image Ha(RVsB) (Vs pour vert syngh\u00e9tique) Exposition Ha (11 x 10\u2019 bin 1\u00d71), RB (4 x 3\u2019 bin 2\u00d72 chacune) Pr\u00e9traitement Maxim DL Traitement Photoshop et&#8230;<\/p>\n<p class=\"more-link-wrap\"><a href=\"https:\/\/ciel-astro-ccd.com\/wp\/ic1396\/\" class=\"more-link\">Read More<span class=\"screen-reader-text\"> &ldquo;IC 1396&rdquo;<\/span> &raquo;<\/a><\/p>\n","protected":false},"author":1,"featured_media":0,"parent":0,"menu_order":0,"comment_status":"closed","ping_status":"closed","template":"","meta":{"footnotes":""},"class_list":["post-2478","page","type-page","status-publish","hentry"],"yoast_head":"<!-- This site is optimized with the Yoast SEO plugin v27.4 - https:\/\/yoast.com\/product\/yoast-seo-wordpress\/ -->\n<title>IC 1396 - Le Ciel Astro - CCD<\/title>\n<meta name=\"description\" content=\"IC 1396 - N\u00e9buleuse \u00e0 \u00e9mission \u00ab La n\u00e9buleuse de la trompe d\u2019\u00e9l\u00e9phant \u00bb\" \/>\n<meta name=\"robots\" content=\"index, follow, max-snippet:-1, max-image-preview:large, max-video-preview:-1\" \/>\n<link rel=\"canonical\" href=\"https:\/\/ciel-astro-ccd.com\/wp\/ic1396\/\" \/>\n<meta property=\"og:locale\" content=\"fr_CA\" \/>\n<meta property=\"og:type\" content=\"article\" \/>\n<meta property=\"og:title\" content=\"IC 1396 - Le Ciel Astro - CCD\" \/>\n<meta property=\"og:description\" content=\"IC 1396 - N\u00e9buleuse \u00e0 \u00e9mission \u00ab La n\u00e9buleuse de la trompe d\u2019\u00e9l\u00e9phant \u00bb\" \/>\n<meta property=\"og:url\" content=\"https:\/\/ciel-astro-ccd.com\/wp\/ic1396\/\" \/>\n<meta property=\"og:site_name\" content=\"Le Ciel Astro - CCD\" \/>\n<meta property=\"article:modified_time\" content=\"2023-05-07T03:45:32+00:00\" \/>\n<meta property=\"og:image\" content=\"https:\/\/ciel-astro-ccd.com\/ic1396.jpg\" \/>\n<meta name=\"twitter:card\" content=\"summary_large_image\" \/>\n<meta name=\"twitter:label1\" content=\"Estimation du temps de lecture\" \/>\n\t<meta name=\"twitter:data1\" content=\"2 minutes\" \/>\n<script type=\"application\/ld+json\" class=\"yoast-schema-graph\">{\"@context\":\"https:\\\/\\\/schema.org\",\"@graph\":[{\"@type\":\"WebPage\",\"@id\":\"https:\\\/\\\/ciel-astro-ccd.com\\\/wp\\\/ic1396\\\/\",\"url\":\"https:\\\/\\\/ciel-astro-ccd.com\\\/wp\\\/ic1396\\\/\",\"name\":\"IC 1396 - Le Ciel Astro - CCD\",\"isPartOf\":{\"@id\":\"https:\\\/\\\/ciel-astro-ccd.com\\\/wp\\\/#website\"},\"primaryImageOfPage\":{\"@id\":\"https:\\\/\\\/ciel-astro-ccd.com\\\/wp\\\/ic1396\\\/#primaryimage\"},\"image\":{\"@id\":\"https:\\\/\\\/ciel-astro-ccd.com\\\/wp\\\/ic1396\\\/#primaryimage\"},\"thumbnailUrl\":\"https:\\\/\\\/ciel-astro-ccd.com\\\/ic1396.jpg\",\"datePublished\":\"2021-01-10T20:42:01+00:00\",\"dateModified\":\"2023-05-07T03:45:32+00:00\",\"description\":\"IC 1396 - N\u00e9buleuse \u00e0 \u00e9mission \u00ab La n\u00e9buleuse de la trompe d\u2019\u00e9l\u00e9phant \u00bb\",\"breadcrumb\":{\"@id\":\"https:\\\/\\\/ciel-astro-ccd.com\\\/wp\\\/ic1396\\\/#breadcrumb\"},\"inLanguage\":\"fr-CA\",\"potentialAction\":[{\"@type\":\"ReadAction\",\"target\":[\"https:\\\/\\\/ciel-astro-ccd.com\\\/wp\\\/ic1396\\\/\"]}]},{\"@type\":\"ImageObject\",\"inLanguage\":\"fr-CA\",\"@id\":\"https:\\\/\\\/ciel-astro-ccd.com\\\/wp\\\/ic1396\\\/#primaryimage\",\"url\":\"https:\\\/\\\/ciel-astro-ccd.com\\\/ic1396.jpg\",\"contentUrl\":\"https:\\\/\\\/ciel-astro-ccd.com\\\/ic1396.jpg\"},{\"@type\":\"BreadcrumbList\",\"@id\":\"https:\\\/\\\/ciel-astro-ccd.com\\\/wp\\\/ic1396\\\/#breadcrumb\",\"itemListElement\":[{\"@type\":\"ListItem\",\"position\":1,\"name\":\"Accueil\",\"item\":\"https:\\\/\\\/ciel-astro-ccd.com\\\/wp\\\/\"},{\"@type\":\"ListItem\",\"position\":2,\"name\":\"IC 1396\"}]},{\"@type\":\"WebSite\",\"@id\":\"https:\\\/\\\/ciel-astro-ccd.com\\\/wp\\\/#website\",\"url\":\"https:\\\/\\\/ciel-astro-ccd.com\\\/wp\\\/\",\"name\":\"Le Ciel Astro - CCD\",\"description\":\"Un site d\u00e9di\u00e9 \u00e0 l&#039;astrophotographie\",\"publisher\":{\"@id\":\"https:\\\/\\\/ciel-astro-ccd.com\\\/wp\\\/#\\\/schema\\\/person\\\/89b76f923fdc608b738fc9bf94ab2113\"},\"potentialAction\":[{\"@type\":\"SearchAction\",\"target\":{\"@type\":\"EntryPoint\",\"urlTemplate\":\"https:\\\/\\\/ciel-astro-ccd.com\\\/wp\\\/?s={search_term_string}\"},\"query-input\":{\"@type\":\"PropertyValueSpecification\",\"valueRequired\":true,\"valueName\":\"search_term_string\"}}],\"inLanguage\":\"fr-CA\"},{\"@type\":[\"Person\",\"Organization\"],\"@id\":\"https:\\\/\\\/ciel-astro-ccd.com\\\/wp\\\/#\\\/schema\\\/person\\\/89b76f923fdc608b738fc9bf94ab2113\",\"name\":\"microlog\",\"image\":{\"@type\":\"ImageObject\",\"inLanguage\":\"fr-CA\",\"@id\":\"https:\\\/\\\/ciel-astro-ccd.com\\\/wp-content\\\/uploads\\\/2021\\\/04\\\/cropped-cropped-logo.jpg\",\"url\":\"https:\\\/\\\/ciel-astro-ccd.com\\\/wp-content\\\/uploads\\\/2021\\\/04\\\/cropped-cropped-logo.jpg\",\"contentUrl\":\"https:\\\/\\\/ciel-astro-ccd.com\\\/wp-content\\\/uploads\\\/2021\\\/04\\\/cropped-cropped-logo.jpg\",\"width\":210,\"height\":210,\"caption\":\"microlog\"},\"logo\":{\"@id\":\"https:\\\/\\\/ciel-astro-ccd.com\\\/wp-content\\\/uploads\\\/2021\\\/04\\\/cropped-cropped-logo.jpg\"},\"sameAs\":[\"https:\\\/\\\/ciel-astro-ccd.com\"]}]}<\/script>\n<!-- \/ Yoast SEO plugin. -->","yoast_head_json":{"title":"IC 1396 - Le Ciel Astro - CCD","description":"IC 1396 - N\u00e9buleuse \u00e0 \u00e9mission \u00ab La n\u00e9buleuse de la trompe d\u2019\u00e9l\u00e9phant \u00bb","robots":{"index":"index","follow":"follow","max-snippet":"max-snippet:-1","max-image-preview":"max-image-preview:large","max-video-preview":"max-video-preview:-1"},"canonical":"https:\/\/ciel-astro-ccd.com\/wp\/ic1396\/","og_locale":"fr_CA","og_type":"article","og_title":"IC 1396 - Le Ciel Astro - CCD","og_description":"IC 1396 - N\u00e9buleuse \u00e0 \u00e9mission \u00ab La n\u00e9buleuse de la trompe d\u2019\u00e9l\u00e9phant \u00bb","og_url":"https:\/\/ciel-astro-ccd.com\/wp\/ic1396\/","og_site_name":"Le Ciel Astro - CCD","article_modified_time":"2023-05-07T03:45:32+00:00","og_image":[{"url":"https:\/\/ciel-astro-ccd.com\/ic1396.jpg","type":"","width":"","height":""}],"twitter_card":"summary_large_image","twitter_misc":{"Estimation du temps de lecture":"2 minutes"},"schema":{"@context":"https:\/\/schema.org","@graph":[{"@type":"WebPage","@id":"https:\/\/ciel-astro-ccd.com\/wp\/ic1396\/","url":"https:\/\/ciel-astro-ccd.com\/wp\/ic1396\/","name":"IC 1396 - Le Ciel Astro - CCD","isPartOf":{"@id":"https:\/\/ciel-astro-ccd.com\/wp\/#website"},"primaryImageOfPage":{"@id":"https:\/\/ciel-astro-ccd.com\/wp\/ic1396\/#primaryimage"},"image":{"@id":"https:\/\/ciel-astro-ccd.com\/wp\/ic1396\/#primaryimage"},"thumbnailUrl":"https:\/\/ciel-astro-ccd.com\/ic1396.jpg","datePublished":"2021-01-10T20:42:01+00:00","dateModified":"2023-05-07T03:45:32+00:00","description":"IC 1396 - N\u00e9buleuse \u00e0 \u00e9mission \u00ab La n\u00e9buleuse de la trompe d\u2019\u00e9l\u00e9phant \u00bb","breadcrumb":{"@id":"https:\/\/ciel-astro-ccd.com\/wp\/ic1396\/#breadcrumb"},"inLanguage":"fr-CA","potentialAction":[{"@type":"ReadAction","target":["https:\/\/ciel-astro-ccd.com\/wp\/ic1396\/"]}]},{"@type":"ImageObject","inLanguage":"fr-CA","@id":"https:\/\/ciel-astro-ccd.com\/wp\/ic1396\/#primaryimage","url":"https:\/\/ciel-astro-ccd.com\/ic1396.jpg","contentUrl":"https:\/\/ciel-astro-ccd.com\/ic1396.jpg"},{"@type":"BreadcrumbList","@id":"https:\/\/ciel-astro-ccd.com\/wp\/ic1396\/#breadcrumb","itemListElement":[{"@type":"ListItem","position":1,"name":"Accueil","item":"https:\/\/ciel-astro-ccd.com\/wp\/"},{"@type":"ListItem","position":2,"name":"IC 1396"}]},{"@type":"WebSite","@id":"https:\/\/ciel-astro-ccd.com\/wp\/#website","url":"https:\/\/ciel-astro-ccd.com\/wp\/","name":"Le Ciel Astro - CCD","description":"Un site d\u00e9di\u00e9 \u00e0 l&#039;astrophotographie","publisher":{"@id":"https:\/\/ciel-astro-ccd.com\/wp\/#\/schema\/person\/89b76f923fdc608b738fc9bf94ab2113"},"potentialAction":[{"@type":"SearchAction","target":{"@type":"EntryPoint","urlTemplate":"https:\/\/ciel-astro-ccd.com\/wp\/?s={search_term_string}"},"query-input":{"@type":"PropertyValueSpecification","valueRequired":true,"valueName":"search_term_string"}}],"inLanguage":"fr-CA"},{"@type":["Person","Organization"],"@id":"https:\/\/ciel-astro-ccd.com\/wp\/#\/schema\/person\/89b76f923fdc608b738fc9bf94ab2113","name":"microlog","image":{"@type":"ImageObject","inLanguage":"fr-CA","@id":"https:\/\/ciel-astro-ccd.com\/wp-content\/uploads\/2021\/04\/cropped-cropped-logo.jpg","url":"https:\/\/ciel-astro-ccd.com\/wp-content\/uploads\/2021\/04\/cropped-cropped-logo.jpg","contentUrl":"https:\/\/ciel-astro-ccd.com\/wp-content\/uploads\/2021\/04\/cropped-cropped-logo.jpg","width":210,"height":210,"caption":"microlog"},"logo":{"@id":"https:\/\/ciel-astro-ccd.com\/wp-content\/uploads\/2021\/04\/cropped-cropped-logo.jpg"},"sameAs":["https:\/\/ciel-astro-ccd.com"]}]}},"_links":{"self":[{"href":"https:\/\/ciel-astro-ccd.com\/wp\/wp-json\/wp\/v2\/pages\/2478","targetHints":{"allow":["GET"]}}],"collection":[{"href":"https:\/\/ciel-astro-ccd.com\/wp\/wp-json\/wp\/v2\/pages"}],"about":[{"href":"https:\/\/ciel-astro-ccd.com\/wp\/wp-json\/wp\/v2\/types\/page"}],"author":[{"embeddable":true,"href":"https:\/\/ciel-astro-ccd.com\/wp\/wp-json\/wp\/v2\/users\/1"}],"replies":[{"embeddable":true,"href":"https:\/\/ciel-astro-ccd.com\/wp\/wp-json\/wp\/v2\/comments?post=2478"}],"version-history":[{"count":9,"href":"https:\/\/ciel-astro-ccd.com\/wp\/wp-json\/wp\/v2\/pages\/2478\/revisions"}],"predecessor-version":[{"id":6384,"href":"https:\/\/ciel-astro-ccd.com\/wp\/wp-json\/wp\/v2\/pages\/2478\/revisions\/6384"}],"wp:attachment":[{"href":"https:\/\/ciel-astro-ccd.com\/wp\/wp-json\/wp\/v2\/media?parent=2478"}],"curies":[{"name":"wp","href":"https:\/\/api.w.org\/{rel}","templated":true}]}}