{"id":2466,"date":"2021-01-10T15:29:48","date_gmt":"2021-01-10T20:29:48","guid":{"rendered":"https:\/\/ciel-astro-ccd.com\/wp\/?page_id=2466"},"modified":"2023-05-06T23:44:48","modified_gmt":"2023-05-07T03:44:48","slug":"ic1805","status":"publish","type":"page","link":"https:\/\/ciel-astro-ccd.com\/wp\/ic1805\/","title":{"rendered":"IC 1805"},"content":{"rendered":"\n<figure class=\"wp-block-image size-large\"><a href=\"https:\/\/ciel-astro-ccd.com\/ic1805.jpg\" target=\"_blank\" rel=\"noopener\"><img decoding=\"async\" src=\"https:\/\/ciel-astro-ccd.com\/ic1805.jpg\" alt=\"\"\/><\/a><figcaption class=\"wp-element-caption\"><em>Cliquer sur l&rsquo;image pour l&rsquo;afficher plein \u00e9cran<\/em><\/figcaption><\/figure>\n\n\n\n<figure class=\"wp-block-table\"><table><tbody><tr><td class=\"has-text-align-center\" data-align=\"center\"><strong>Date<\/strong><br>2013\/01\/16<br><br><strong>Lieu d\u2019observation<\/strong><br>Nouveau-Mexique<\/td><\/tr><\/tbody><\/table><\/figure>\n\n\n\n<h4 class=\"wp-block-heading has-text-align-center\"><strong>Technique<\/strong><\/h4>\n\n\n\n<figure class=\"wp-block-table\"><table><tbody><tr><td>T\u00e9lescope<\/td><td>Takahashi FSQ 106ED &#8211; Diam. 106 mm (4,2&Prime;), foca. 530 mm, f\/5&nbsp;<\/td><\/tr><tr><td>Monture<\/td><td>Paramount ME<\/td><\/tr><tr><td>Cam\u00e9ra d\u2019imagerie<\/td><td>SBIG STL 11000 r\u00e9gul\u00e9e \u00e0 -15<sup>o<\/sup>&nbsp;Celsius<\/td><\/tr><tr><td>Type d\u2019image<\/td><td>Ha(RVsB) (<em>Vs pour vert syngh\u00e9tique<\/em>)<\/td><\/tr><tr><td>Exposition<\/td><td>Ha (11 x 10\u2019 bin 1&#215;1), RB (4 x 3\u2019 bin 2&#215;2 chacune)<\/td><\/tr><tr><td>Pr\u00e9traitement<\/td><td><a href=\"https:\/\/ciel-astro-ccd.com\/wp\/technique_lrvb-pretraitement_maxim_dl\/\" target=\"_blank\" rel=\"noreferrer noopener\">Maxim DL<\/a><\/td><\/tr><tr><td>Traitement<\/td><td><a href=\"https:\/\/ciel-astro-ccd.com\/wp\/technique-lrvb-traitement_photoshop_pixinsight\/\" target=\"_blank\" rel=\"noreferrer noopener\">Photoshop et PixInsight<\/a><\/td><\/tr><tr><td>Traitement sp\u00e9cifique<\/td><td><a href=\"https:\/\/ciel-astro-ccd.com\/wp\/couche_verte_synthetique\/\" target=\"_blank\" rel=\"noreferrer noopener\">Cr\u00e9er une image verte synth\u00e9tique<\/a><\/td><\/tr><\/tbody><\/table><\/figure>\n\n\n\n<h4 class=\"wp-block-heading has-text-align-center\"><strong>Descripton de l\u2019objet<\/strong><\/h4>\n\n\n\n<figure class=\"wp-block-table\"><table><tbody><tr><td>Type d\u2019objet<\/td><td>N\u00e9buleuse \u00e0 \u00e9mission et amas ouvert \u00ab&nbsp;La n\u00e9buleuse du coeur&nbsp;\u00bb<\/td><\/tr><tr><td>Constellation<\/td><td>Cassiop\u00e9e<\/td><\/tr><tr><td>Magnitude visuelle<\/td><td>6,5<\/td><\/tr><tr><td>Distance<\/td><td>7500 ann\u00e9es-lumi\u00e8re<\/td><\/tr><tr><td>Dimension vue de la Terre<\/td><td>Environ 190\u2019 x 155\u2019 d&rsquo;arc, donn\u00e9e officiel 60\u2019 x 60\u2019&nbsp;d&rsquo;arc<\/td><\/tr><\/tbody><\/table><\/figure>\n\n\n\n<figure class=\"wp-block-table\"><table><tbody><tr><td>On distingue tr\u00e8s bien sur l\u2019image le fameux c\u0153ur que le surnom de la n\u00e9buleuse \u00e9voque. Cette grande n\u00e9buleuse, de faible brillance, est compos\u00e9 de gaz d\u2019hydrog\u00e8ne ionis\u00e9e par le rayonnement ultraviolet des jeunes \u00e9toiles chaudes. Elle contient, en son centre, l\u2019amas ouvert dense IC1805. La n\u00e9buleuse, surnomm\u00e9 la N\u00e9buleuse du c\u0153ur, est beaucoup plus grande que l\u2019amas ouvert, ce qui porte \u00e0 confusion. En effet, la n\u00e9buleuse du c\u0153ur \u00e0 une dimension d\u2019environ 190\u2019 par 155\u2019, alors que l\u2019amas ouvert (que l\u2019on d\u00e9signe la n\u00e9buleuse du c\u0153ur) couvre 60\u2019 par 60\u2019. Avant de photographier cette n\u00e9buleuse, il est imp\u00e9ratif de tenir compte de ce fait car, si on se fie \u00e0 la dimension officiel, on prendra une seule petite portion de la n\u00e9buleuse du Coeur. &nbsp;<br><br>La n\u00e9buleuse du c\u0153ur englobe plusieurs objets r\u00e9pertori\u00e9s dans les catalogues astronomiques. On voit, en bas vers la droite, la n\u00e9buleuse IC1795 (NGC896) que j\u2019ai photographi\u00e9 le 9 octobre 2012. On voit aussi l\u2019amas ouvert NGC 1027 en haut au centre, l\u00e9g\u00e8rement vers la droite. On peut aussi voir l\u2019amas ouvert MK6 \u00e0 la gauche de la n\u00e9buleuse, l\u00e9g\u00e8rement vers le bas. \u00c0 l\u2019extr\u00eame gauche, \u00e0 l\u2019ext\u00e9rieur de la n\u00e9buleuse et l\u00e9g\u00e8rement vers le haut, on peut voir l\u2019amas ouvert K4. Il y a aussi d\u2019autres objets \u00e0 l\u2019int\u00e9rieur de la n\u00e9buleuse du c\u0153ur. &nbsp;<br><br>Contrairement \u00e0 l\u2019amas ouvert brillante de magnitude 6,5, la n\u00e9buleuse l\u2019est beaucoup moins de sorte qu\u2019elle est tr\u00e8s peu visible dans un t\u00e9lescope, m\u00eame de grande dimension. Pour bien voir la n\u00e9buleuse du C\u0153ur sur une photographie longue pose, il est imp\u00e9ratif d\u2019utiliser une image de luminance en H-Alpha qui fera ressortir les gaz d\u2019hydrog\u00e8ne qui composent la majeure partie du rayonnement de cette n\u00e9buleuse. Sans l\u2019utilisation de ce filtre, la n\u00e9buleuse restera peut visible et sera obstru\u00e9e par l\u2019importante quantit\u00e9 d\u2019\u00e9toiles qui la compose.<\/td><\/tr><\/tbody><\/table><\/figure>\n\n\n\n<figure class=\"wp-block-table\"><table><tbody><tr><td>Richard Beauregard<br>Le Ciel Astro \u2013 CCD<br>Mon impression \u00ab Nous ne pouvons pas \u00eatre seuls dans ce gigantesque univers \u00bb<\/td><\/tr><\/tbody><\/table><\/figure>\n","protected":false},"excerpt":{"rendered":"<p>Date2013\/01\/16 Lieu d\u2019observationNouveau-Mexique Technique T\u00e9lescope Takahashi FSQ 106ED &#8211; Diam. 106 mm (4,2&Prime;), foca. 530 mm, f\/5&nbsp; Monture Paramount ME Cam\u00e9ra d\u2019imagerie SBIG STL 11000 r\u00e9gul\u00e9e \u00e0 -15o&nbsp;Celsius Type d\u2019image Ha(RVsB) (Vs pour vert syngh\u00e9tique) Exposition Ha (11 x 10\u2019 bin 1&#215;1), RB (4 x 3\u2019 bin 2&#215;2 chacune) Pr\u00e9traitement Maxim DL Traitement Photoshop et&#8230;<\/p>\n<p class=\"more-link-wrap\"><a href=\"https:\/\/ciel-astro-ccd.com\/wp\/ic1805\/\" class=\"more-link\">Read More<span class=\"screen-reader-text\"> &ldquo;IC 1805&rdquo;<\/span> &raquo;<\/a><\/p>\n","protected":false},"author":1,"featured_media":0,"parent":0,"menu_order":0,"comment_status":"closed","ping_status":"closed","template":"","meta":{"footnotes":""},"class_list":["post-2466","page","type-page","status-publish","hentry"],"yoast_head":"<!-- This site is optimized with the Yoast SEO plugin v27.3 - https:\/\/yoast.com\/product\/yoast-seo-wordpress\/ -->\n<title>IC 1805 - Le Ciel Astro - CCD<\/title>\n<meta name=\"description\" content=\"IC 1805 - N\u00e9buleuse \u00e0 \u00e9mission et amas ouvert \u00ab La n\u00e9buleuse du coeur \u00bb\" \/>\n<meta name=\"robots\" content=\"index, follow, max-snippet:-1, max-image-preview:large, max-video-preview:-1\" \/>\n<link rel=\"canonical\" href=\"https:\/\/ciel-astro-ccd.com\/wp\/ic1805\/\" \/>\n<meta property=\"og:locale\" content=\"fr_CA\" \/>\n<meta property=\"og:type\" content=\"article\" \/>\n<meta property=\"og:title\" content=\"IC 1805 - Le Ciel Astro - CCD\" \/>\n<meta property=\"og:description\" content=\"IC 1805 - N\u00e9buleuse \u00e0 \u00e9mission et amas ouvert \u00ab La n\u00e9buleuse du coeur \u00bb\" \/>\n<meta property=\"og:url\" content=\"https:\/\/ciel-astro-ccd.com\/wp\/ic1805\/\" \/>\n<meta property=\"og:site_name\" content=\"Le Ciel Astro - CCD\" \/>\n<meta property=\"article:modified_time\" content=\"2023-05-07T03:44:48+00:00\" \/>\n<meta property=\"og:image\" content=\"https:\/\/ciel-astro-ccd.com\/ic1805.jpg\" \/>\n<meta name=\"twitter:card\" content=\"summary_large_image\" \/>\n<meta name=\"twitter:label1\" content=\"Estimation du temps de lecture\" \/>\n\t<meta name=\"twitter:data1\" content=\"3 minutes\" \/>\n<script type=\"application\/ld+json\" class=\"yoast-schema-graph\">{\"@context\":\"https:\\\/\\\/schema.org\",\"@graph\":[{\"@type\":\"WebPage\",\"@id\":\"https:\\\/\\\/ciel-astro-ccd.com\\\/wp\\\/ic1805\\\/\",\"url\":\"https:\\\/\\\/ciel-astro-ccd.com\\\/wp\\\/ic1805\\\/\",\"name\":\"IC 1805 - Le Ciel Astro - CCD\",\"isPartOf\":{\"@id\":\"https:\\\/\\\/ciel-astro-ccd.com\\\/wp\\\/#website\"},\"primaryImageOfPage\":{\"@id\":\"https:\\\/\\\/ciel-astro-ccd.com\\\/wp\\\/ic1805\\\/#primaryimage\"},\"image\":{\"@id\":\"https:\\\/\\\/ciel-astro-ccd.com\\\/wp\\\/ic1805\\\/#primaryimage\"},\"thumbnailUrl\":\"https:\\\/\\\/ciel-astro-ccd.com\\\/ic1805.jpg\",\"datePublished\":\"2021-01-10T20:29:48+00:00\",\"dateModified\":\"2023-05-07T03:44:48+00:00\",\"description\":\"IC 1805 - N\u00e9buleuse \u00e0 \u00e9mission et amas ouvert \u00ab La n\u00e9buleuse du coeur \u00bb\",\"breadcrumb\":{\"@id\":\"https:\\\/\\\/ciel-astro-ccd.com\\\/wp\\\/ic1805\\\/#breadcrumb\"},\"inLanguage\":\"fr-CA\",\"potentialAction\":[{\"@type\":\"ReadAction\",\"target\":[\"https:\\\/\\\/ciel-astro-ccd.com\\\/wp\\\/ic1805\\\/\"]}]},{\"@type\":\"ImageObject\",\"inLanguage\":\"fr-CA\",\"@id\":\"https:\\\/\\\/ciel-astro-ccd.com\\\/wp\\\/ic1805\\\/#primaryimage\",\"url\":\"https:\\\/\\\/ciel-astro-ccd.com\\\/ic1805.jpg\",\"contentUrl\":\"https:\\\/\\\/ciel-astro-ccd.com\\\/ic1805.jpg\"},{\"@type\":\"BreadcrumbList\",\"@id\":\"https:\\\/\\\/ciel-astro-ccd.com\\\/wp\\\/ic1805\\\/#breadcrumb\",\"itemListElement\":[{\"@type\":\"ListItem\",\"position\":1,\"name\":\"Accueil\",\"item\":\"https:\\\/\\\/ciel-astro-ccd.com\\\/wp\\\/\"},{\"@type\":\"ListItem\",\"position\":2,\"name\":\"IC 1805\"}]},{\"@type\":\"WebSite\",\"@id\":\"https:\\\/\\\/ciel-astro-ccd.com\\\/wp\\\/#website\",\"url\":\"https:\\\/\\\/ciel-astro-ccd.com\\\/wp\\\/\",\"name\":\"Le Ciel Astro - CCD\",\"description\":\"Un site d\u00e9di\u00e9 \u00e0 l&#039;astrophotographie\",\"publisher\":{\"@id\":\"https:\\\/\\\/ciel-astro-ccd.com\\\/wp\\\/#\\\/schema\\\/person\\\/89b76f923fdc608b738fc9bf94ab2113\"},\"potentialAction\":[{\"@type\":\"SearchAction\",\"target\":{\"@type\":\"EntryPoint\",\"urlTemplate\":\"https:\\\/\\\/ciel-astro-ccd.com\\\/wp\\\/?s={search_term_string}\"},\"query-input\":{\"@type\":\"PropertyValueSpecification\",\"valueRequired\":true,\"valueName\":\"search_term_string\"}}],\"inLanguage\":\"fr-CA\"},{\"@type\":[\"Person\",\"Organization\"],\"@id\":\"https:\\\/\\\/ciel-astro-ccd.com\\\/wp\\\/#\\\/schema\\\/person\\\/89b76f923fdc608b738fc9bf94ab2113\",\"name\":\"microlog\",\"image\":{\"@type\":\"ImageObject\",\"inLanguage\":\"fr-CA\",\"@id\":\"https:\\\/\\\/ciel-astro-ccd.com\\\/wp-content\\\/uploads\\\/2021\\\/04\\\/cropped-cropped-logo.jpg\",\"url\":\"https:\\\/\\\/ciel-astro-ccd.com\\\/wp-content\\\/uploads\\\/2021\\\/04\\\/cropped-cropped-logo.jpg\",\"contentUrl\":\"https:\\\/\\\/ciel-astro-ccd.com\\\/wp-content\\\/uploads\\\/2021\\\/04\\\/cropped-cropped-logo.jpg\",\"width\":210,\"height\":210,\"caption\":\"microlog\"},\"logo\":{\"@id\":\"https:\\\/\\\/ciel-astro-ccd.com\\\/wp-content\\\/uploads\\\/2021\\\/04\\\/cropped-cropped-logo.jpg\"},\"sameAs\":[\"https:\\\/\\\/ciel-astro-ccd.com\"]}]}<\/script>\n<!-- \/ Yoast SEO plugin. -->","yoast_head_json":{"title":"IC 1805 - Le Ciel Astro - CCD","description":"IC 1805 - N\u00e9buleuse \u00e0 \u00e9mission et amas ouvert \u00ab La n\u00e9buleuse du coeur \u00bb","robots":{"index":"index","follow":"follow","max-snippet":"max-snippet:-1","max-image-preview":"max-image-preview:large","max-video-preview":"max-video-preview:-1"},"canonical":"https:\/\/ciel-astro-ccd.com\/wp\/ic1805\/","og_locale":"fr_CA","og_type":"article","og_title":"IC 1805 - Le Ciel Astro - CCD","og_description":"IC 1805 - N\u00e9buleuse \u00e0 \u00e9mission et amas ouvert \u00ab La n\u00e9buleuse du coeur \u00bb","og_url":"https:\/\/ciel-astro-ccd.com\/wp\/ic1805\/","og_site_name":"Le Ciel Astro - CCD","article_modified_time":"2023-05-07T03:44:48+00:00","og_image":[{"url":"https:\/\/ciel-astro-ccd.com\/ic1805.jpg","type":"","width":"","height":""}],"twitter_card":"summary_large_image","twitter_misc":{"Estimation du temps de lecture":"3 minutes"},"schema":{"@context":"https:\/\/schema.org","@graph":[{"@type":"WebPage","@id":"https:\/\/ciel-astro-ccd.com\/wp\/ic1805\/","url":"https:\/\/ciel-astro-ccd.com\/wp\/ic1805\/","name":"IC 1805 - Le Ciel Astro - CCD","isPartOf":{"@id":"https:\/\/ciel-astro-ccd.com\/wp\/#website"},"primaryImageOfPage":{"@id":"https:\/\/ciel-astro-ccd.com\/wp\/ic1805\/#primaryimage"},"image":{"@id":"https:\/\/ciel-astro-ccd.com\/wp\/ic1805\/#primaryimage"},"thumbnailUrl":"https:\/\/ciel-astro-ccd.com\/ic1805.jpg","datePublished":"2021-01-10T20:29:48+00:00","dateModified":"2023-05-07T03:44:48+00:00","description":"IC 1805 - N\u00e9buleuse \u00e0 \u00e9mission et amas ouvert \u00ab La n\u00e9buleuse du coeur \u00bb","breadcrumb":{"@id":"https:\/\/ciel-astro-ccd.com\/wp\/ic1805\/#breadcrumb"},"inLanguage":"fr-CA","potentialAction":[{"@type":"ReadAction","target":["https:\/\/ciel-astro-ccd.com\/wp\/ic1805\/"]}]},{"@type":"ImageObject","inLanguage":"fr-CA","@id":"https:\/\/ciel-astro-ccd.com\/wp\/ic1805\/#primaryimage","url":"https:\/\/ciel-astro-ccd.com\/ic1805.jpg","contentUrl":"https:\/\/ciel-astro-ccd.com\/ic1805.jpg"},{"@type":"BreadcrumbList","@id":"https:\/\/ciel-astro-ccd.com\/wp\/ic1805\/#breadcrumb","itemListElement":[{"@type":"ListItem","position":1,"name":"Accueil","item":"https:\/\/ciel-astro-ccd.com\/wp\/"},{"@type":"ListItem","position":2,"name":"IC 1805"}]},{"@type":"WebSite","@id":"https:\/\/ciel-astro-ccd.com\/wp\/#website","url":"https:\/\/ciel-astro-ccd.com\/wp\/","name":"Le Ciel Astro - CCD","description":"Un site d\u00e9di\u00e9 \u00e0 l&#039;astrophotographie","publisher":{"@id":"https:\/\/ciel-astro-ccd.com\/wp\/#\/schema\/person\/89b76f923fdc608b738fc9bf94ab2113"},"potentialAction":[{"@type":"SearchAction","target":{"@type":"EntryPoint","urlTemplate":"https:\/\/ciel-astro-ccd.com\/wp\/?s={search_term_string}"},"query-input":{"@type":"PropertyValueSpecification","valueRequired":true,"valueName":"search_term_string"}}],"inLanguage":"fr-CA"},{"@type":["Person","Organization"],"@id":"https:\/\/ciel-astro-ccd.com\/wp\/#\/schema\/person\/89b76f923fdc608b738fc9bf94ab2113","name":"microlog","image":{"@type":"ImageObject","inLanguage":"fr-CA","@id":"https:\/\/ciel-astro-ccd.com\/wp-content\/uploads\/2021\/04\/cropped-cropped-logo.jpg","url":"https:\/\/ciel-astro-ccd.com\/wp-content\/uploads\/2021\/04\/cropped-cropped-logo.jpg","contentUrl":"https:\/\/ciel-astro-ccd.com\/wp-content\/uploads\/2021\/04\/cropped-cropped-logo.jpg","width":210,"height":210,"caption":"microlog"},"logo":{"@id":"https:\/\/ciel-astro-ccd.com\/wp-content\/uploads\/2021\/04\/cropped-cropped-logo.jpg"},"sameAs":["https:\/\/ciel-astro-ccd.com"]}]}},"_links":{"self":[{"href":"https:\/\/ciel-astro-ccd.com\/wp\/wp-json\/wp\/v2\/pages\/2466","targetHints":{"allow":["GET"]}}],"collection":[{"href":"https:\/\/ciel-astro-ccd.com\/wp\/wp-json\/wp\/v2\/pages"}],"about":[{"href":"https:\/\/ciel-astro-ccd.com\/wp\/wp-json\/wp\/v2\/types\/page"}],"author":[{"embeddable":true,"href":"https:\/\/ciel-astro-ccd.com\/wp\/wp-json\/wp\/v2\/users\/1"}],"replies":[{"embeddable":true,"href":"https:\/\/ciel-astro-ccd.com\/wp\/wp-json\/wp\/v2\/comments?post=2466"}],"version-history":[{"count":12,"href":"https:\/\/ciel-astro-ccd.com\/wp\/wp-json\/wp\/v2\/pages\/2466\/revisions"}],"predecessor-version":[{"id":6383,"href":"https:\/\/ciel-astro-ccd.com\/wp\/wp-json\/wp\/v2\/pages\/2466\/revisions\/6383"}],"wp:attachment":[{"href":"https:\/\/ciel-astro-ccd.com\/wp\/wp-json\/wp\/v2\/media?parent=2466"}],"curies":[{"name":"wp","href":"https:\/\/api.w.org\/{rel}","templated":true}]}}