{"id":2284,"date":"2021-01-07T17:54:40","date_gmt":"2021-01-07T22:54:40","guid":{"rendered":"https:\/\/ciel-astro-ccd.com\/wp\/?page_id=2284"},"modified":"2023-05-06T23:42:36","modified_gmt":"2023-05-07T03:42:36","slug":"ngc6960","status":"publish","type":"page","link":"https:\/\/ciel-astro-ccd.com\/wp\/ngc6960\/","title":{"rendered":"NGC 6960"},"content":{"rendered":"\n<figure class=\"wp-block-image size-large\"><a href=\"https:\/\/ciel-astro-ccd.com\/ngc6960v2.jpg\" target=\"_blank\" rel=\"noopener\"><img decoding=\"async\" src=\"https:\/\/ciel-astro-ccd.com\/ngc6960v2.jpg\" alt=\"\"\/><\/a><figcaption class=\"wp-element-caption\"><em>Cliquer sur l&rsquo;image pour l&rsquo;afficher plein \u00e9cran<\/em><\/figcaption><\/figure>\n\n\n\n<figure class=\"wp-block-table\"><table><tbody><tr><td class=\"has-text-align-center\" data-align=\"center\"><strong>Date<\/strong><br>2013\/08\/02<br><br><strong>Lieu d\u2019observation<\/strong><br>&nbsp;Espagne<\/td><\/tr><\/tbody><\/table><\/figure>\n\n\n\n<h4 class=\"wp-block-heading has-text-align-center\"><strong>Technique<\/strong><\/h4>\n\n\n\n<figure class=\"wp-block-table\"><table><tbody><tr><td>T\u00e9lescope<\/td><td>Takahashi TOA-150, 150 mm, f\/7,3<\/td><\/tr><tr><td>Monture<\/td><td>Paramount ME<\/td><\/tr><tr><td>Cam\u00e9ra d\u2019imagerie<\/td><td>SBIG STL-11000M \u2013 r\u00e9gul\u00e9 \u00e0 -20<sup>o<\/sup>&nbsp;Celsius<\/td><\/tr><tr><td>Type d\u2019image<\/td><td>L(RVsB) (<em>Vs pour vert syngh\u00e9tique<\/em>)<\/td><\/tr><tr><td>Exposition<\/td><td>Luminance&nbsp;(11 x 10\u2019 bin 2&#215;2), RB (4 x 5\u2019 bin 3&#215;3 chacune)<\/td><\/tr><tr><td>Pr\u00e9traitement<\/td><td><a href=\"https:\/\/ciel-astro-ccd.com\/wp\/technique_lrvb-pretraitement_maxim_dl\/\" target=\"_blank\" rel=\"noreferrer noopener\">Maxim DL<\/a><\/td><\/tr><tr><td>Traitement<\/td><td><a href=\"https:\/\/ciel-astro-ccd.com\/wp\/technique-lrvb-traitement_photoshop_pixinsight\/\" target=\"_blank\" rel=\"noreferrer noopener\">Photoshop et PixInsight<\/a><\/td><\/tr><tr><td>Traitement sp\u00e9cifique<\/td><td><a href=\"https:\/\/ciel-astro-ccd.com\/wp\/couche_verte_synthetique\/\" target=\"_blank\" rel=\"noreferrer noopener\">Cr\u00e9er une image verte synth\u00e9tique<\/a><\/td><\/tr><\/tbody><\/table><\/figure>\n\n\n\n<h4 class=\"wp-block-heading has-text-align-center\"><strong>Descripton de l\u2019objet<\/strong><\/h4>\n\n\n\n<figure class=\"wp-block-table\"><table><tbody><tr><td>Type d\u2019objet<\/td><td>N\u00e9buleuse \u00e0 \u00e9mission \u00ab&nbsp;La n\u00e9buleuse du Balai de Sorci\u00e8re&nbsp;\u00bb<\/td><\/tr><tr><td>Constellation<\/td><td>Cygne<\/td><\/tr><tr><td>Magnitude visuelle<\/td><td>&#8211;<\/td><\/tr><tr><td>Distance<\/td><td>1500 ann\u00e9es-lumi\u00e8re<\/td><\/tr><tr><td>Dimension vue de la Terre<\/td><td>70 x 6 minuttes d\u2019arc<\/td><\/tr><\/tbody><\/table><\/figure>\n\n\n\n<figure class=\"wp-block-table\"><table><tbody><tr><td>NGC6960 est surnomm\u00e9 la N\u00e9buleuse du Balai de Sorci\u00e8re. Elle fait partie d\u2019un vaste nuage de gaz et de poussi\u00e8res, d\u00e9nomm\u00e9 les N\u00e9buleuses du Voile du Cygne, r\u00e9pertori\u00e9 par plusieurs n\u00e9buleuses. On la d\u00e9signe sous les noms de la petite dentelle du cygne ou la n\u00e9buleuse du Balai de Sorci\u00e8re. &nbsp;<br><br>La n\u00e9buleuse NGC6960 n\u2019est pas visible dans un petit t\u00e9lescope, car elle est tr\u00e8s sombre. Pour la voir dans un t\u00e9lescope d\u2019un grand diam\u00e8tre (8\u2019\u2019 et plus), il faut un ciel tr\u00e8s peu pollu\u00e9 par les lumi\u00e8res des villes. Aussi comme elle est tr\u00e8s sombre, elle est difficile \u00e0 photographier. Il faut un long temps d\u2019exposition par photo et l\u2019int\u00e9gration de plusieurs images. &nbsp;<br><br>Pour faire ressortir les belles tonalit\u00e9s bleues de la n\u00e9buleuse, je me suis content\u00e9 d\u2019utiliser simplement un filtre clair comme image de luminance au lieu d\u2019un filtre H-Alpha, car ce dernier est sensible uniquement dans le spectre rouge de la n\u00e9buleuse. Il n\u2019\u00e9tait donc pas appropri\u00e9 pour cet objet. Aussi, pour faire ressortir les tr\u00e8s belles nuances bleues et rouges de la n\u00e9buleuse, je n\u2019ai pas utilis\u00e9 des filtres \u00e0 bandes \u00e9troites, car le site d\u2019observation est dans un environnement sans pollution lumineuse. &nbsp;<br><br>Les n\u00e9buleuses du voile, dont fait partie NGC6960, repr\u00e9sentent les restes de plusieurs supernovas qui ont explos\u00e9. Un vestige de supernovas est l&rsquo;\u00e9tat \u00e9volutif final d&rsquo;une \u00e9toile massive (plus de 6 fois la masse du Soleil) qui ach\u00e8ve son existence par une \u00e9norme explosion. Apr\u00e8s l&rsquo;explosion, il ne reste qu&rsquo;un nuage gazeux en expansion rapide entourant le r\u00e9sidu de l&rsquo;\u00e9toile. Ce gigantesque nuage gazeux (dont on voit ici qu\u2019une partie) est propice \u00e0 la formation de futures plan\u00e8tes. Les \u00e9toiles qui l\u2019entourent vont par gravit\u00e9, s\u2019approprier ces gaz et poussi\u00e8res. Ces poussi\u00e8res se mettront alors en orbite autour de ces \u00e9toiles. Par la suite, ces poussi\u00e8res s\u2019assembleront par gravit\u00e9 pour former de futures plan\u00e8tes. C\u2019est une superbe fourmili\u00e8re pour la cr\u00e9ation de plan\u00e8tes. Peut-\u00eatre, l\u2019une d\u2019entre elles sera propice \u00e0 la cr\u00e9ation de la vie ! &nbsp;<\/td><\/tr><\/tbody><\/table><\/figure>\n\n\n\n<figure class=\"wp-block-table\"><table><tbody><tr><td>Richard Beauregard<br>Le Ciel Astro \u2013 CCD<br>Mon impression \u00ab Nous ne pouvons pas \u00eatre seuls dans ce gigantesque univers \u00bb<\/td><\/tr><\/tbody><\/table><\/figure>\n","protected":false},"excerpt":{"rendered":"<p>Date2013\/08\/02 Lieu d\u2019observation&nbsp;Espagne Technique T\u00e9lescope Takahashi TOA-150, 150 mm, f\/7,3 Monture Paramount ME Cam\u00e9ra d\u2019imagerie SBIG STL-11000M \u2013 r\u00e9gul\u00e9 \u00e0 -20o&nbsp;Celsius Type d\u2019image L(RVsB) (Vs pour vert syngh\u00e9tique) Exposition Luminance&nbsp;(11 x 10\u2019 bin 2&#215;2), RB (4 x 5\u2019 bin 3&#215;3 chacune) Pr\u00e9traitement Maxim DL Traitement Photoshop et PixInsight Traitement sp\u00e9cifique Cr\u00e9er une image verte synth\u00e9tique&#8230;<\/p>\n<p class=\"more-link-wrap\"><a href=\"https:\/\/ciel-astro-ccd.com\/wp\/ngc6960\/\" class=\"more-link\">Read More<span class=\"screen-reader-text\"> &ldquo;NGC 6960&rdquo;<\/span> &raquo;<\/a><\/p>\n","protected":false},"author":1,"featured_media":0,"parent":0,"menu_order":0,"comment_status":"closed","ping_status":"closed","template":"","meta":{"footnotes":""},"class_list":["post-2284","page","type-page","status-publish","hentry"],"yoast_head":"<!-- This site is optimized with the Yoast SEO plugin v27.3 - https:\/\/yoast.com\/product\/yoast-seo-wordpress\/ -->\n<title>NGC 6960 - Le Ciel Astro - CCD<\/title>\n<meta name=\"description\" content=\"NGC 6960 - N\u00e9buleuse \u00e0 \u00e9mission \u00ab La n\u00e9buleuse du Balai de Sorci\u00e8re \u00bb\" \/>\n<meta name=\"robots\" content=\"index, follow, max-snippet:-1, max-image-preview:large, max-video-preview:-1\" \/>\n<link rel=\"canonical\" href=\"https:\/\/ciel-astro-ccd.com\/wp\/ngc6960\/\" \/>\n<meta property=\"og:locale\" content=\"fr_CA\" \/>\n<meta property=\"og:type\" content=\"article\" \/>\n<meta property=\"og:title\" content=\"NGC 6960 - Le Ciel Astro - CCD\" \/>\n<meta property=\"og:description\" content=\"NGC 6960 - N\u00e9buleuse \u00e0 \u00e9mission \u00ab La n\u00e9buleuse du Balai de Sorci\u00e8re \u00bb\" \/>\n<meta property=\"og:url\" content=\"https:\/\/ciel-astro-ccd.com\/wp\/ngc6960\/\" \/>\n<meta property=\"og:site_name\" content=\"Le Ciel Astro - CCD\" \/>\n<meta property=\"article:modified_time\" content=\"2023-05-07T03:42:36+00:00\" \/>\n<meta property=\"og:image\" content=\"https:\/\/ciel-astro-ccd.com\/ngc6960v2.jpg\" \/>\n<meta name=\"twitter:card\" content=\"summary_large_image\" \/>\n<meta name=\"twitter:label1\" content=\"Estimation du temps de lecture\" \/>\n\t<meta name=\"twitter:data1\" content=\"3 minutes\" \/>\n<script type=\"application\/ld+json\" class=\"yoast-schema-graph\">{\"@context\":\"https:\\\/\\\/schema.org\",\"@graph\":[{\"@type\":\"WebPage\",\"@id\":\"https:\\\/\\\/ciel-astro-ccd.com\\\/wp\\\/ngc6960\\\/\",\"url\":\"https:\\\/\\\/ciel-astro-ccd.com\\\/wp\\\/ngc6960\\\/\",\"name\":\"NGC 6960 - Le Ciel Astro - CCD\",\"isPartOf\":{\"@id\":\"https:\\\/\\\/ciel-astro-ccd.com\\\/wp\\\/#website\"},\"primaryImageOfPage\":{\"@id\":\"https:\\\/\\\/ciel-astro-ccd.com\\\/wp\\\/ngc6960\\\/#primaryimage\"},\"image\":{\"@id\":\"https:\\\/\\\/ciel-astro-ccd.com\\\/wp\\\/ngc6960\\\/#primaryimage\"},\"thumbnailUrl\":\"https:\\\/\\\/ciel-astro-ccd.com\\\/ngc6960v2.jpg\",\"datePublished\":\"2021-01-07T22:54:40+00:00\",\"dateModified\":\"2023-05-07T03:42:36+00:00\",\"description\":\"NGC 6960 - N\u00e9buleuse \u00e0 \u00e9mission \u00ab La n\u00e9buleuse du Balai de Sorci\u00e8re \u00bb\",\"breadcrumb\":{\"@id\":\"https:\\\/\\\/ciel-astro-ccd.com\\\/wp\\\/ngc6960\\\/#breadcrumb\"},\"inLanguage\":\"fr-CA\",\"potentialAction\":[{\"@type\":\"ReadAction\",\"target\":[\"https:\\\/\\\/ciel-astro-ccd.com\\\/wp\\\/ngc6960\\\/\"]}]},{\"@type\":\"ImageObject\",\"inLanguage\":\"fr-CA\",\"@id\":\"https:\\\/\\\/ciel-astro-ccd.com\\\/wp\\\/ngc6960\\\/#primaryimage\",\"url\":\"https:\\\/\\\/ciel-astro-ccd.com\\\/ngc6960v2.jpg\",\"contentUrl\":\"https:\\\/\\\/ciel-astro-ccd.com\\\/ngc6960v2.jpg\"},{\"@type\":\"BreadcrumbList\",\"@id\":\"https:\\\/\\\/ciel-astro-ccd.com\\\/wp\\\/ngc6960\\\/#breadcrumb\",\"itemListElement\":[{\"@type\":\"ListItem\",\"position\":1,\"name\":\"Accueil\",\"item\":\"https:\\\/\\\/ciel-astro-ccd.com\\\/wp\\\/\"},{\"@type\":\"ListItem\",\"position\":2,\"name\":\"NGC 6960\"}]},{\"@type\":\"WebSite\",\"@id\":\"https:\\\/\\\/ciel-astro-ccd.com\\\/wp\\\/#website\",\"url\":\"https:\\\/\\\/ciel-astro-ccd.com\\\/wp\\\/\",\"name\":\"Le Ciel Astro - CCD\",\"description\":\"Un site d\u00e9di\u00e9 \u00e0 l&#039;astrophotographie\",\"publisher\":{\"@id\":\"https:\\\/\\\/ciel-astro-ccd.com\\\/wp\\\/#\\\/schema\\\/person\\\/89b76f923fdc608b738fc9bf94ab2113\"},\"potentialAction\":[{\"@type\":\"SearchAction\",\"target\":{\"@type\":\"EntryPoint\",\"urlTemplate\":\"https:\\\/\\\/ciel-astro-ccd.com\\\/wp\\\/?s={search_term_string}\"},\"query-input\":{\"@type\":\"PropertyValueSpecification\",\"valueRequired\":true,\"valueName\":\"search_term_string\"}}],\"inLanguage\":\"fr-CA\"},{\"@type\":[\"Person\",\"Organization\"],\"@id\":\"https:\\\/\\\/ciel-astro-ccd.com\\\/wp\\\/#\\\/schema\\\/person\\\/89b76f923fdc608b738fc9bf94ab2113\",\"name\":\"microlog\",\"image\":{\"@type\":\"ImageObject\",\"inLanguage\":\"fr-CA\",\"@id\":\"https:\\\/\\\/ciel-astro-ccd.com\\\/wp-content\\\/uploads\\\/2021\\\/04\\\/cropped-cropped-logo.jpg\",\"url\":\"https:\\\/\\\/ciel-astro-ccd.com\\\/wp-content\\\/uploads\\\/2021\\\/04\\\/cropped-cropped-logo.jpg\",\"contentUrl\":\"https:\\\/\\\/ciel-astro-ccd.com\\\/wp-content\\\/uploads\\\/2021\\\/04\\\/cropped-cropped-logo.jpg\",\"width\":210,\"height\":210,\"caption\":\"microlog\"},\"logo\":{\"@id\":\"https:\\\/\\\/ciel-astro-ccd.com\\\/wp-content\\\/uploads\\\/2021\\\/04\\\/cropped-cropped-logo.jpg\"},\"sameAs\":[\"https:\\\/\\\/ciel-astro-ccd.com\"]}]}<\/script>\n<!-- \/ Yoast SEO plugin. -->","yoast_head_json":{"title":"NGC 6960 - Le Ciel Astro - CCD","description":"NGC 6960 - N\u00e9buleuse \u00e0 \u00e9mission \u00ab La n\u00e9buleuse du Balai de Sorci\u00e8re \u00bb","robots":{"index":"index","follow":"follow","max-snippet":"max-snippet:-1","max-image-preview":"max-image-preview:large","max-video-preview":"max-video-preview:-1"},"canonical":"https:\/\/ciel-astro-ccd.com\/wp\/ngc6960\/","og_locale":"fr_CA","og_type":"article","og_title":"NGC 6960 - Le Ciel Astro - CCD","og_description":"NGC 6960 - N\u00e9buleuse \u00e0 \u00e9mission \u00ab La n\u00e9buleuse du Balai de Sorci\u00e8re \u00bb","og_url":"https:\/\/ciel-astro-ccd.com\/wp\/ngc6960\/","og_site_name":"Le Ciel Astro - CCD","article_modified_time":"2023-05-07T03:42:36+00:00","og_image":[{"url":"https:\/\/ciel-astro-ccd.com\/ngc6960v2.jpg","type":"","width":"","height":""}],"twitter_card":"summary_large_image","twitter_misc":{"Estimation du temps de lecture":"3 minutes"},"schema":{"@context":"https:\/\/schema.org","@graph":[{"@type":"WebPage","@id":"https:\/\/ciel-astro-ccd.com\/wp\/ngc6960\/","url":"https:\/\/ciel-astro-ccd.com\/wp\/ngc6960\/","name":"NGC 6960 - Le Ciel Astro - CCD","isPartOf":{"@id":"https:\/\/ciel-astro-ccd.com\/wp\/#website"},"primaryImageOfPage":{"@id":"https:\/\/ciel-astro-ccd.com\/wp\/ngc6960\/#primaryimage"},"image":{"@id":"https:\/\/ciel-astro-ccd.com\/wp\/ngc6960\/#primaryimage"},"thumbnailUrl":"https:\/\/ciel-astro-ccd.com\/ngc6960v2.jpg","datePublished":"2021-01-07T22:54:40+00:00","dateModified":"2023-05-07T03:42:36+00:00","description":"NGC 6960 - N\u00e9buleuse \u00e0 \u00e9mission \u00ab La n\u00e9buleuse du Balai de Sorci\u00e8re \u00bb","breadcrumb":{"@id":"https:\/\/ciel-astro-ccd.com\/wp\/ngc6960\/#breadcrumb"},"inLanguage":"fr-CA","potentialAction":[{"@type":"ReadAction","target":["https:\/\/ciel-astro-ccd.com\/wp\/ngc6960\/"]}]},{"@type":"ImageObject","inLanguage":"fr-CA","@id":"https:\/\/ciel-astro-ccd.com\/wp\/ngc6960\/#primaryimage","url":"https:\/\/ciel-astro-ccd.com\/ngc6960v2.jpg","contentUrl":"https:\/\/ciel-astro-ccd.com\/ngc6960v2.jpg"},{"@type":"BreadcrumbList","@id":"https:\/\/ciel-astro-ccd.com\/wp\/ngc6960\/#breadcrumb","itemListElement":[{"@type":"ListItem","position":1,"name":"Accueil","item":"https:\/\/ciel-astro-ccd.com\/wp\/"},{"@type":"ListItem","position":2,"name":"NGC 6960"}]},{"@type":"WebSite","@id":"https:\/\/ciel-astro-ccd.com\/wp\/#website","url":"https:\/\/ciel-astro-ccd.com\/wp\/","name":"Le Ciel Astro - CCD","description":"Un site d\u00e9di\u00e9 \u00e0 l&#039;astrophotographie","publisher":{"@id":"https:\/\/ciel-astro-ccd.com\/wp\/#\/schema\/person\/89b76f923fdc608b738fc9bf94ab2113"},"potentialAction":[{"@type":"SearchAction","target":{"@type":"EntryPoint","urlTemplate":"https:\/\/ciel-astro-ccd.com\/wp\/?s={search_term_string}"},"query-input":{"@type":"PropertyValueSpecification","valueRequired":true,"valueName":"search_term_string"}}],"inLanguage":"fr-CA"},{"@type":["Person","Organization"],"@id":"https:\/\/ciel-astro-ccd.com\/wp\/#\/schema\/person\/89b76f923fdc608b738fc9bf94ab2113","name":"microlog","image":{"@type":"ImageObject","inLanguage":"fr-CA","@id":"https:\/\/ciel-astro-ccd.com\/wp-content\/uploads\/2021\/04\/cropped-cropped-logo.jpg","url":"https:\/\/ciel-astro-ccd.com\/wp-content\/uploads\/2021\/04\/cropped-cropped-logo.jpg","contentUrl":"https:\/\/ciel-astro-ccd.com\/wp-content\/uploads\/2021\/04\/cropped-cropped-logo.jpg","width":210,"height":210,"caption":"microlog"},"logo":{"@id":"https:\/\/ciel-astro-ccd.com\/wp-content\/uploads\/2021\/04\/cropped-cropped-logo.jpg"},"sameAs":["https:\/\/ciel-astro-ccd.com"]}]}},"_links":{"self":[{"href":"https:\/\/ciel-astro-ccd.com\/wp\/wp-json\/wp\/v2\/pages\/2284","targetHints":{"allow":["GET"]}}],"collection":[{"href":"https:\/\/ciel-astro-ccd.com\/wp\/wp-json\/wp\/v2\/pages"}],"about":[{"href":"https:\/\/ciel-astro-ccd.com\/wp\/wp-json\/wp\/v2\/types\/page"}],"author":[{"embeddable":true,"href":"https:\/\/ciel-astro-ccd.com\/wp\/wp-json\/wp\/v2\/users\/1"}],"replies":[{"embeddable":true,"href":"https:\/\/ciel-astro-ccd.com\/wp\/wp-json\/wp\/v2\/comments?post=2284"}],"version-history":[{"count":10,"href":"https:\/\/ciel-astro-ccd.com\/wp\/wp-json\/wp\/v2\/pages\/2284\/revisions"}],"predecessor-version":[{"id":6380,"href":"https:\/\/ciel-astro-ccd.com\/wp\/wp-json\/wp\/v2\/pages\/2284\/revisions\/6380"}],"wp:attachment":[{"href":"https:\/\/ciel-astro-ccd.com\/wp\/wp-json\/wp\/v2\/media?parent=2284"}],"curies":[{"name":"wp","href":"https:\/\/api.w.org\/{rel}","templated":true}]}}