{"id":2270,"date":"2021-01-07T17:42:16","date_gmt":"2021-01-07T22:42:16","guid":{"rendered":"https:\/\/ciel-astro-ccd.com\/wp\/?page_id=2270"},"modified":"2023-05-06T23:41:46","modified_gmt":"2023-05-07T03:41:46","slug":"ced214","status":"publish","type":"page","link":"https:\/\/ciel-astro-ccd.com\/wp\/ced214\/","title":{"rendered":"CED 214"},"content":{"rendered":"\n<figure class=\"wp-block-image size-large\"><a href=\"https:\/\/ciel-astro-ccd.com\/ced214.jpg\" target=\"_blank\" rel=\"noopener\"><img decoding=\"async\" src=\"https:\/\/ciel-astro-ccd.com\/ced214.jpg\" alt=\"\"\/><\/a><figcaption class=\"wp-element-caption\"><em>Cliquer sur l&rsquo;image pour l&rsquo;afficher plein \u00e9cran<\/em><\/figcaption><\/figure>\n\n\n\n<figure class=\"wp-block-table\"><table><tbody><tr><td class=\"has-text-align-center\" data-align=\"center\"><strong>Date<\/strong><br>2013\/09\/03<br><br><strong>Lieu d\u2019observation<\/strong><br>Alpes fran\u00e7aises<\/td><\/tr><\/tbody><\/table><\/figure>\n\n\n\n<h4 class=\"wp-block-heading has-text-align-center\"><strong>Technique<\/strong><\/h4>\n\n\n\n<figure class=\"wp-block-table\"><table><tbody><tr><td>T\u00e9lescope<\/td><td>AstroSysteme Austria Orion 305 mm &#8211; 12&Prime;, 1086 mm FL, f\/3,62<\/td><\/tr><tr><td>Monture<\/td><td>ASA Direct drive Mount DDM85<\/td><\/tr><tr><td>Cam\u00e9ra d\u2019imagerie<\/td><td>MicroLine 8300 (Finger Lakes Instruments) \u2013 r\u00e9gul\u00e9 \u00e0 -30<sup>o<\/sup>\u00a0Celsius<\/td><\/tr><tr><td>Type d\u2019image<\/td><td>Ha(RVB)<\/td><\/tr><tr><td>Exposition<\/td><td>Ha (11 x 5\u2019 bin 2&#215;2), R, V et B (4 x 2\u2019 bin 3&#215;3 chacune)<\/td><\/tr><tr><td>Pr\u00e9traitement<\/td><td><a href=\"https:\/\/ciel-astro-ccd.com\/wp\/technique_lrvb-pretraitement_maxim_dl\/\" target=\"_blank\" rel=\"noreferrer noopener\">Maxim DL<\/a><\/td><\/tr><tr><td>Traitement<\/td><td><a href=\"https:\/\/ciel-astro-ccd.com\/wp\/technique-lrvb-traitement_photoshop_pixinsight\/\" target=\"_blank\" rel=\"noreferrer noopener\">Photoshop et PixInsight<\/a><\/td><\/tr><\/tbody><\/table><\/figure>\n\n\n\n<h4 class=\"wp-block-heading has-text-align-center\"><strong>Descripton de l\u2019objet<\/strong><\/h4>\n\n\n\n<figure class=\"wp-block-table\"><table><tbody><tr><td>Type d\u2019objet<\/td><td>N\u00e9buleuse \u00e0 \u00e9mission<\/td><\/tr><tr><td>Constellation<\/td><td>C\u00e9ph\u00e9e<\/td><\/tr><tr><td>Magnitude visuelle<\/td><td>+10<\/td><\/tr><tr><td>Distance<\/td><td>6000 ann\u00e9es-lumi\u00e8re<\/td><\/tr><tr><td>Diam\u00e8tre<\/td><td>40 ann\u00e9es-lumi\u00e8re<\/td><\/tr><tr><td>Dimension vue de la Terre<\/td><td>50 x 40 minutes d\u2019arc<\/td><\/tr><\/tbody><\/table><\/figure>\n\n\n\n<figure class=\"wp-block-table\"><table><tbody><tr><td>\u00a0La n\u00e9buleuse \u00e0 \u00e9mission Cederblad 214 (Ced 214) est tr\u00e8s difficile \u00e0 voir dans un t\u00e9lescope. Pour la voir visuellement, il faut un t\u00e9lescope d\u2019un grand diam\u00e8tre et un ciel sans pollution lumineuse.<br><br>Pour cette photo, l\u2019utilisation d\u2019un filtre Hydrog\u00e8ne-Alpha comme image de luminance a permis de faire ressortir les tr\u00e8s belles nuances et contrastes de la n\u00e9buleuse dans ce spectre lumineux. Aussi, le choix d\u2019un site sans pollution lumineuse et d\u2019un t\u00e9lescope d\u2019une focale f\/3,62 (tr\u00e8s ouvert) et d\u2019un diam\u00e8tre de 305 mm (12 pouces) ont contribu\u00e9 \u00e0 r\u00e9soudre cette image. \u00a0<br><br>Aussi d\u00e9sign\u00e9 Sharpless 171, Cederblad 214 est une jeune n\u00e9buleuse \u00e0 \u00e9mission d\u2019un diam\u00e8tre d\u2019environ 40 ann\u00e9es-lumi\u00e8re. Sa visibilit\u00e9 est aliment\u00e9e par la lueur de jeunes \u00e9toiles chaudes. Elle abrite aussi un petit amas d&rsquo;\u00e9toiles d\u00e9nomm\u00e9 Berkeley 59 que l&rsquo;on peut voir en haut \u00e0 droite de l\u2019image. Il repr\u00e9sente probablement une deuxi\u00e8me g\u00e9n\u00e9ration d\u2019\u00e9toiles jeunes dont la formation a \u00e9t\u00e9 cr\u00e9\u00e9e par ce vaste nuage de gaz en expansion. Ced 214 est \u00e0 environ 6000 ann\u00e9es-lumi\u00e8re de la terre. \u00a0 \u00a0<\/td><\/tr><\/tbody><\/table><\/figure>\n\n\n\n<figure class=\"wp-block-table\"><table><tbody><tr><td>Richard Beauregard<br>Le Ciel Astro \u2013 CCD<br>Mon impression \u00ab Nous ne pouvons pas \u00eatre seuls dans ce gigantesque univers \u00bb<\/td><\/tr><\/tbody><\/table><\/figure>\n","protected":false},"excerpt":{"rendered":"<p>Date2013\/09\/03 Lieu d\u2019observationAlpes fran\u00e7aises Technique T\u00e9lescope AstroSysteme Austria Orion 305 mm &#8211; 12&Prime;, 1086 mm FL, f\/3,62 Monture ASA Direct drive Mount DDM85 Cam\u00e9ra d\u2019imagerie MicroLine 8300 (Finger Lakes Instruments) \u2013 r\u00e9gul\u00e9 \u00e0 -30o\u00a0Celsius Type d\u2019image Ha(RVB) Exposition Ha (11 x 5\u2019 bin 2&#215;2), R, V et B (4 x 2\u2019 bin 3&#215;3 chacune) Pr\u00e9traitement&#8230;<\/p>\n<p class=\"more-link-wrap\"><a href=\"https:\/\/ciel-astro-ccd.com\/wp\/ced214\/\" class=\"more-link\">Read More<span class=\"screen-reader-text\"> &ldquo;CED 214&rdquo;<\/span> &raquo;<\/a><\/p>\n","protected":false},"author":1,"featured_media":0,"parent":0,"menu_order":0,"comment_status":"closed","ping_status":"closed","template":"","meta":{"footnotes":""},"class_list":["post-2270","page","type-page","status-publish","hentry"],"yoast_head":"<!-- This site is optimized with the Yoast SEO plugin v27.3 - https:\/\/yoast.com\/product\/yoast-seo-wordpress\/ -->\n<title>CED 214 - Le Ciel Astro - CCD<\/title>\n<meta name=\"description\" content=\"CED 214 - N\u00e9buleuse \u00e0 \u00e9mission\" \/>\n<meta name=\"robots\" content=\"index, follow, max-snippet:-1, max-image-preview:large, max-video-preview:-1\" \/>\n<link rel=\"canonical\" href=\"https:\/\/ciel-astro-ccd.com\/wp\/ced214\/\" \/>\n<meta property=\"og:locale\" content=\"fr_CA\" \/>\n<meta property=\"og:type\" content=\"article\" \/>\n<meta property=\"og:title\" content=\"CED 214 - Le Ciel Astro - CCD\" \/>\n<meta property=\"og:description\" content=\"CED 214 - N\u00e9buleuse \u00e0 \u00e9mission\" \/>\n<meta property=\"og:url\" content=\"https:\/\/ciel-astro-ccd.com\/wp\/ced214\/\" \/>\n<meta property=\"og:site_name\" content=\"Le Ciel Astro - CCD\" \/>\n<meta property=\"article:modified_time\" content=\"2023-05-07T03:41:46+00:00\" \/>\n<meta property=\"og:image\" content=\"https:\/\/ciel-astro-ccd.com\/ced214.jpg\" \/>\n<meta name=\"twitter:card\" content=\"summary_large_image\" \/>\n<meta name=\"twitter:label1\" content=\"Estimation du temps de lecture\" \/>\n\t<meta name=\"twitter:data1\" content=\"2 minutes\" \/>\n<script type=\"application\/ld+json\" class=\"yoast-schema-graph\">{\"@context\":\"https:\\\/\\\/schema.org\",\"@graph\":[{\"@type\":\"WebPage\",\"@id\":\"https:\\\/\\\/ciel-astro-ccd.com\\\/wp\\\/ced214\\\/\",\"url\":\"https:\\\/\\\/ciel-astro-ccd.com\\\/wp\\\/ced214\\\/\",\"name\":\"CED 214 - Le Ciel Astro - CCD\",\"isPartOf\":{\"@id\":\"https:\\\/\\\/ciel-astro-ccd.com\\\/wp\\\/#website\"},\"primaryImageOfPage\":{\"@id\":\"https:\\\/\\\/ciel-astro-ccd.com\\\/wp\\\/ced214\\\/#primaryimage\"},\"image\":{\"@id\":\"https:\\\/\\\/ciel-astro-ccd.com\\\/wp\\\/ced214\\\/#primaryimage\"},\"thumbnailUrl\":\"https:\\\/\\\/ciel-astro-ccd.com\\\/ced214.jpg\",\"datePublished\":\"2021-01-07T22:42:16+00:00\",\"dateModified\":\"2023-05-07T03:41:46+00:00\",\"description\":\"CED 214 - N\u00e9buleuse \u00e0 \u00e9mission\",\"breadcrumb\":{\"@id\":\"https:\\\/\\\/ciel-astro-ccd.com\\\/wp\\\/ced214\\\/#breadcrumb\"},\"inLanguage\":\"fr-CA\",\"potentialAction\":[{\"@type\":\"ReadAction\",\"target\":[\"https:\\\/\\\/ciel-astro-ccd.com\\\/wp\\\/ced214\\\/\"]}]},{\"@type\":\"ImageObject\",\"inLanguage\":\"fr-CA\",\"@id\":\"https:\\\/\\\/ciel-astro-ccd.com\\\/wp\\\/ced214\\\/#primaryimage\",\"url\":\"https:\\\/\\\/ciel-astro-ccd.com\\\/ced214.jpg\",\"contentUrl\":\"https:\\\/\\\/ciel-astro-ccd.com\\\/ced214.jpg\"},{\"@type\":\"BreadcrumbList\",\"@id\":\"https:\\\/\\\/ciel-astro-ccd.com\\\/wp\\\/ced214\\\/#breadcrumb\",\"itemListElement\":[{\"@type\":\"ListItem\",\"position\":1,\"name\":\"Accueil\",\"item\":\"https:\\\/\\\/ciel-astro-ccd.com\\\/wp\\\/\"},{\"@type\":\"ListItem\",\"position\":2,\"name\":\"CED 214\"}]},{\"@type\":\"WebSite\",\"@id\":\"https:\\\/\\\/ciel-astro-ccd.com\\\/wp\\\/#website\",\"url\":\"https:\\\/\\\/ciel-astro-ccd.com\\\/wp\\\/\",\"name\":\"Le Ciel Astro - CCD\",\"description\":\"Un site d\u00e9di\u00e9 \u00e0 l&#039;astrophotographie\",\"publisher\":{\"@id\":\"https:\\\/\\\/ciel-astro-ccd.com\\\/wp\\\/#\\\/schema\\\/person\\\/89b76f923fdc608b738fc9bf94ab2113\"},\"potentialAction\":[{\"@type\":\"SearchAction\",\"target\":{\"@type\":\"EntryPoint\",\"urlTemplate\":\"https:\\\/\\\/ciel-astro-ccd.com\\\/wp\\\/?s={search_term_string}\"},\"query-input\":{\"@type\":\"PropertyValueSpecification\",\"valueRequired\":true,\"valueName\":\"search_term_string\"}}],\"inLanguage\":\"fr-CA\"},{\"@type\":[\"Person\",\"Organization\"],\"@id\":\"https:\\\/\\\/ciel-astro-ccd.com\\\/wp\\\/#\\\/schema\\\/person\\\/89b76f923fdc608b738fc9bf94ab2113\",\"name\":\"microlog\",\"image\":{\"@type\":\"ImageObject\",\"inLanguage\":\"fr-CA\",\"@id\":\"https:\\\/\\\/ciel-astro-ccd.com\\\/wp-content\\\/uploads\\\/2021\\\/04\\\/cropped-cropped-logo.jpg\",\"url\":\"https:\\\/\\\/ciel-astro-ccd.com\\\/wp-content\\\/uploads\\\/2021\\\/04\\\/cropped-cropped-logo.jpg\",\"contentUrl\":\"https:\\\/\\\/ciel-astro-ccd.com\\\/wp-content\\\/uploads\\\/2021\\\/04\\\/cropped-cropped-logo.jpg\",\"width\":210,\"height\":210,\"caption\":\"microlog\"},\"logo\":{\"@id\":\"https:\\\/\\\/ciel-astro-ccd.com\\\/wp-content\\\/uploads\\\/2021\\\/04\\\/cropped-cropped-logo.jpg\"},\"sameAs\":[\"https:\\\/\\\/ciel-astro-ccd.com\"]}]}<\/script>\n<!-- \/ Yoast SEO plugin. -->","yoast_head_json":{"title":"CED 214 - Le Ciel Astro - CCD","description":"CED 214 - N\u00e9buleuse \u00e0 \u00e9mission","robots":{"index":"index","follow":"follow","max-snippet":"max-snippet:-1","max-image-preview":"max-image-preview:large","max-video-preview":"max-video-preview:-1"},"canonical":"https:\/\/ciel-astro-ccd.com\/wp\/ced214\/","og_locale":"fr_CA","og_type":"article","og_title":"CED 214 - Le Ciel Astro - CCD","og_description":"CED 214 - N\u00e9buleuse \u00e0 \u00e9mission","og_url":"https:\/\/ciel-astro-ccd.com\/wp\/ced214\/","og_site_name":"Le Ciel Astro - CCD","article_modified_time":"2023-05-07T03:41:46+00:00","og_image":[{"url":"https:\/\/ciel-astro-ccd.com\/ced214.jpg","type":"","width":"","height":""}],"twitter_card":"summary_large_image","twitter_misc":{"Estimation du temps de lecture":"2 minutes"},"schema":{"@context":"https:\/\/schema.org","@graph":[{"@type":"WebPage","@id":"https:\/\/ciel-astro-ccd.com\/wp\/ced214\/","url":"https:\/\/ciel-astro-ccd.com\/wp\/ced214\/","name":"CED 214 - Le Ciel Astro - CCD","isPartOf":{"@id":"https:\/\/ciel-astro-ccd.com\/wp\/#website"},"primaryImageOfPage":{"@id":"https:\/\/ciel-astro-ccd.com\/wp\/ced214\/#primaryimage"},"image":{"@id":"https:\/\/ciel-astro-ccd.com\/wp\/ced214\/#primaryimage"},"thumbnailUrl":"https:\/\/ciel-astro-ccd.com\/ced214.jpg","datePublished":"2021-01-07T22:42:16+00:00","dateModified":"2023-05-07T03:41:46+00:00","description":"CED 214 - N\u00e9buleuse \u00e0 \u00e9mission","breadcrumb":{"@id":"https:\/\/ciel-astro-ccd.com\/wp\/ced214\/#breadcrumb"},"inLanguage":"fr-CA","potentialAction":[{"@type":"ReadAction","target":["https:\/\/ciel-astro-ccd.com\/wp\/ced214\/"]}]},{"@type":"ImageObject","inLanguage":"fr-CA","@id":"https:\/\/ciel-astro-ccd.com\/wp\/ced214\/#primaryimage","url":"https:\/\/ciel-astro-ccd.com\/ced214.jpg","contentUrl":"https:\/\/ciel-astro-ccd.com\/ced214.jpg"},{"@type":"BreadcrumbList","@id":"https:\/\/ciel-astro-ccd.com\/wp\/ced214\/#breadcrumb","itemListElement":[{"@type":"ListItem","position":1,"name":"Accueil","item":"https:\/\/ciel-astro-ccd.com\/wp\/"},{"@type":"ListItem","position":2,"name":"CED 214"}]},{"@type":"WebSite","@id":"https:\/\/ciel-astro-ccd.com\/wp\/#website","url":"https:\/\/ciel-astro-ccd.com\/wp\/","name":"Le Ciel Astro - CCD","description":"Un site d\u00e9di\u00e9 \u00e0 l&#039;astrophotographie","publisher":{"@id":"https:\/\/ciel-astro-ccd.com\/wp\/#\/schema\/person\/89b76f923fdc608b738fc9bf94ab2113"},"potentialAction":[{"@type":"SearchAction","target":{"@type":"EntryPoint","urlTemplate":"https:\/\/ciel-astro-ccd.com\/wp\/?s={search_term_string}"},"query-input":{"@type":"PropertyValueSpecification","valueRequired":true,"valueName":"search_term_string"}}],"inLanguage":"fr-CA"},{"@type":["Person","Organization"],"@id":"https:\/\/ciel-astro-ccd.com\/wp\/#\/schema\/person\/89b76f923fdc608b738fc9bf94ab2113","name":"microlog","image":{"@type":"ImageObject","inLanguage":"fr-CA","@id":"https:\/\/ciel-astro-ccd.com\/wp-content\/uploads\/2021\/04\/cropped-cropped-logo.jpg","url":"https:\/\/ciel-astro-ccd.com\/wp-content\/uploads\/2021\/04\/cropped-cropped-logo.jpg","contentUrl":"https:\/\/ciel-astro-ccd.com\/wp-content\/uploads\/2021\/04\/cropped-cropped-logo.jpg","width":210,"height":210,"caption":"microlog"},"logo":{"@id":"https:\/\/ciel-astro-ccd.com\/wp-content\/uploads\/2021\/04\/cropped-cropped-logo.jpg"},"sameAs":["https:\/\/ciel-astro-ccd.com"]}]}},"_links":{"self":[{"href":"https:\/\/ciel-astro-ccd.com\/wp\/wp-json\/wp\/v2\/pages\/2270","targetHints":{"allow":["GET"]}}],"collection":[{"href":"https:\/\/ciel-astro-ccd.com\/wp\/wp-json\/wp\/v2\/pages"}],"about":[{"href":"https:\/\/ciel-astro-ccd.com\/wp\/wp-json\/wp\/v2\/types\/page"}],"author":[{"embeddable":true,"href":"https:\/\/ciel-astro-ccd.com\/wp\/wp-json\/wp\/v2\/users\/1"}],"replies":[{"embeddable":true,"href":"https:\/\/ciel-astro-ccd.com\/wp\/wp-json\/wp\/v2\/comments?post=2270"}],"version-history":[{"count":10,"href":"https:\/\/ciel-astro-ccd.com\/wp\/wp-json\/wp\/v2\/pages\/2270\/revisions"}],"predecessor-version":[{"id":6379,"href":"https:\/\/ciel-astro-ccd.com\/wp\/wp-json\/wp\/v2\/pages\/2270\/revisions\/6379"}],"wp:attachment":[{"href":"https:\/\/ciel-astro-ccd.com\/wp\/wp-json\/wp\/v2\/media?parent=2270"}],"curies":[{"name":"wp","href":"https:\/\/api.w.org\/{rel}","templated":true}]}}