{"id":2160,"date":"2021-01-06T23:27:13","date_gmt":"2021-01-07T04:27:13","guid":{"rendered":"https:\/\/ciel-astro-ccd.com\/wp\/?page_id=2160"},"modified":"2021-01-23T17:22:57","modified_gmt":"2021-01-23T22:22:57","slug":"venus_lune-2016-11-13","status":"publish","type":"page","link":"https:\/\/ciel-astro-ccd.com\/wp\/venus_lune-2016-11-13\/","title":{"rendered":"V\u00c9NUS ET LA LUNE LE 2016\/11\/13"},"content":{"rendered":"\n<div class=\"wp-block-image\"><figure class=\"aligncenter size-large is-resized\"><a href=\"https:\/\/ciel-astro-ccd.com\/venus_lune.jpg\" target=\"_blank\" rel=\"noopener\"><img decoding=\"async\" src=\"https:\/\/ciel-astro-ccd.com\/venus_lune.jpg\" alt=\"\" width=\"-542\" height=\"-678\"\/><\/a><figcaption><em>Cliquer sur l&rsquo;image pour l&rsquo;afficher plein \u00e9cran<\/em><\/figcaption><\/figure><\/div>\n\n\n\n<figure class=\"wp-block-table\"><table><tbody><tr><td class=\"has-text-align-center\" data-align=\"center\"><strong>Date<\/strong><br>&nbsp;(2017\/01\/30)<br><br><strong>Lieu d\u2019observation<\/strong><br>&nbsp;Intercoastal, Fort Lauderdale<\/td><\/tr><\/tbody><\/table><\/figure>\n\n\n\n<h4 class=\"has-text-align-center wp-block-heading\"><strong>Technique<\/strong><\/h4>\n\n\n\n<figure class=\"wp-block-table\"><table><tbody><tr><td>C&rsquo;est simplement un instantan\u00e9 pris avec ma cam\u00e9ra Nikon Coolpix de 16 MP.&nbsp;<\/td><\/tr><\/tbody><\/table><\/figure>\n\n\n\n<h4 class=\"has-text-align-center wp-block-heading\"><strong>Descripton de l\u2019objet<\/strong><\/h4>\n\n\n\n<figure class=\"wp-block-table\"><table><tbody><tr><td>Type d\u2019objet<\/td><td>Conjonction de V\u00e9nus et la Lune<\/td><\/tr><\/tbody><\/table><\/figure>\n\n\n\n<figure class=\"wp-block-table\"><table><tbody><tr><td>V\u00e9nus et la Lune prise le 30 janvier dernier vers 19h. Lieu Intercoastal, Fort Lauderdale, Floride. Photo instantan\u00e9e prise avec ma cam\u00e9ra Nikon Coolpix de 16 MP. Le ciel \u00e9tait un peu brumeux.<\/td><\/tr><\/tbody><\/table><\/figure>\n\n\n\n<figure class=\"wp-block-table\"><table><tbody><tr><td>Richard Beauregard<br>Le Ciel Astro \u2013 CCD<br>Mon impression \u00ab Nous ne pouvons pas \u00eatre seuls dans ce gigantesque univers \u00bb<\/td><\/tr><\/tbody><\/table><\/figure>\n","protected":false},"excerpt":{"rendered":"<p>Date&nbsp;(2017\/01\/30) Lieu d\u2019observation&nbsp;Intercoastal, Fort Lauderdale Technique C&rsquo;est simplement un instantan\u00e9 pris avec ma cam\u00e9ra Nikon Coolpix de 16 MP.&nbsp; Descripton de l\u2019objet Type d\u2019objet Conjonction de V\u00e9nus et la Lune V\u00e9nus et la Lune prise le 30 janvier dernier vers 19h. Lieu Intercoastal, Fort Lauderdale, Floride. Photo instantan\u00e9e prise avec ma cam\u00e9ra Nikon Coolpix de&#8230;<\/p>\n<p class=\"more-link-wrap\"><a href=\"https:\/\/ciel-astro-ccd.com\/wp\/venus_lune-2016-11-13\/\" class=\"more-link\">Read More<span class=\"screen-reader-text\"> &ldquo;V\u00c9NUS ET LA LUNE LE 2016\/11\/13&rdquo;<\/span> &raquo;<\/a><\/p>\n","protected":false},"author":1,"featured_media":0,"parent":0,"menu_order":0,"comment_status":"closed","ping_status":"closed","template":"","meta":{"footnotes":""},"class_list":["post-2160","page","type-page","status-publish","hentry"],"yoast_head":"<!-- This site is optimized with the Yoast SEO plugin v27.3 - https:\/\/yoast.com\/product\/yoast-seo-wordpress\/ -->\n<title>V\u00c9NUS ET LA LUNE LE 2016\/11\/13 - Le Ciel Astro - CCD<\/title>\n<meta name=\"description\" content=\"La plan\u00e8te V\u00e9nus et la Lune le 2016\/11\/13\" \/>\n<meta name=\"robots\" content=\"index, follow, max-snippet:-1, max-image-preview:large, max-video-preview:-1\" \/>\n<link rel=\"canonical\" href=\"https:\/\/ciel-astro-ccd.com\/wp\/venus_lune-2016-11-13\/\" \/>\n<meta property=\"og:locale\" content=\"fr_CA\" \/>\n<meta property=\"og:type\" content=\"article\" \/>\n<meta property=\"og:title\" content=\"V\u00c9NUS ET LA LUNE LE 2016\/11\/13 - Le Ciel Astro - CCD\" \/>\n<meta property=\"og:description\" content=\"La plan\u00e8te V\u00e9nus et la Lune le 2016\/11\/13\" \/>\n<meta property=\"og:url\" content=\"https:\/\/ciel-astro-ccd.com\/wp\/venus_lune-2016-11-13\/\" \/>\n<meta property=\"og:site_name\" content=\"Le Ciel Astro - CCD\" \/>\n<meta property=\"article:modified_time\" content=\"2021-01-23T22:22:57+00:00\" \/>\n<meta property=\"og:image\" content=\"https:\/\/ciel-astro-ccd.com\/venus_lune.jpg\" \/>\n<meta name=\"twitter:card\" content=\"summary_large_image\" \/>\n<meta name=\"twitter:label1\" content=\"Estimation du temps de lecture\" \/>\n\t<meta name=\"twitter:data1\" content=\"1 minute\" \/>\n<script type=\"application\/ld+json\" class=\"yoast-schema-graph\">{\"@context\":\"https:\\\/\\\/schema.org\",\"@graph\":[{\"@type\":\"WebPage\",\"@id\":\"https:\\\/\\\/ciel-astro-ccd.com\\\/wp\\\/venus_lune-2016-11-13\\\/\",\"url\":\"https:\\\/\\\/ciel-astro-ccd.com\\\/wp\\\/venus_lune-2016-11-13\\\/\",\"name\":\"V\u00c9NUS ET LA LUNE LE 2016\\\/11\\\/13 - Le Ciel Astro - CCD\",\"isPartOf\":{\"@id\":\"https:\\\/\\\/ciel-astro-ccd.com\\\/wp\\\/#website\"},\"primaryImageOfPage\":{\"@id\":\"https:\\\/\\\/ciel-astro-ccd.com\\\/wp\\\/venus_lune-2016-11-13\\\/#primaryimage\"},\"image\":{\"@id\":\"https:\\\/\\\/ciel-astro-ccd.com\\\/wp\\\/venus_lune-2016-11-13\\\/#primaryimage\"},\"thumbnailUrl\":\"https:\\\/\\\/ciel-astro-ccd.com\\\/venus_lune.jpg\",\"datePublished\":\"2021-01-07T04:27:13+00:00\",\"dateModified\":\"2021-01-23T22:22:57+00:00\",\"description\":\"La plan\u00e8te V\u00e9nus et la Lune le 2016\\\/11\\\/13\",\"breadcrumb\":{\"@id\":\"https:\\\/\\\/ciel-astro-ccd.com\\\/wp\\\/venus_lune-2016-11-13\\\/#breadcrumb\"},\"inLanguage\":\"fr-CA\",\"potentialAction\":[{\"@type\":\"ReadAction\",\"target\":[\"https:\\\/\\\/ciel-astro-ccd.com\\\/wp\\\/venus_lune-2016-11-13\\\/\"]}]},{\"@type\":\"ImageObject\",\"inLanguage\":\"fr-CA\",\"@id\":\"https:\\\/\\\/ciel-astro-ccd.com\\\/wp\\\/venus_lune-2016-11-13\\\/#primaryimage\",\"url\":\"https:\\\/\\\/ciel-astro-ccd.com\\\/venus_lune.jpg\",\"contentUrl\":\"https:\\\/\\\/ciel-astro-ccd.com\\\/venus_lune.jpg\"},{\"@type\":\"BreadcrumbList\",\"@id\":\"https:\\\/\\\/ciel-astro-ccd.com\\\/wp\\\/venus_lune-2016-11-13\\\/#breadcrumb\",\"itemListElement\":[{\"@type\":\"ListItem\",\"position\":1,\"name\":\"Accueil\",\"item\":\"https:\\\/\\\/ciel-astro-ccd.com\\\/wp\\\/\"},{\"@type\":\"ListItem\",\"position\":2,\"name\":\"V\u00c9NUS ET LA LUNE LE 2016\\\/11\\\/13\"}]},{\"@type\":\"WebSite\",\"@id\":\"https:\\\/\\\/ciel-astro-ccd.com\\\/wp\\\/#website\",\"url\":\"https:\\\/\\\/ciel-astro-ccd.com\\\/wp\\\/\",\"name\":\"Le Ciel Astro - CCD\",\"description\":\"Un site d\u00e9di\u00e9 \u00e0 l&#039;astrophotographie\",\"publisher\":{\"@id\":\"https:\\\/\\\/ciel-astro-ccd.com\\\/wp\\\/#\\\/schema\\\/person\\\/89b76f923fdc608b738fc9bf94ab2113\"},\"potentialAction\":[{\"@type\":\"SearchAction\",\"target\":{\"@type\":\"EntryPoint\",\"urlTemplate\":\"https:\\\/\\\/ciel-astro-ccd.com\\\/wp\\\/?s={search_term_string}\"},\"query-input\":{\"@type\":\"PropertyValueSpecification\",\"valueRequired\":true,\"valueName\":\"search_term_string\"}}],\"inLanguage\":\"fr-CA\"},{\"@type\":[\"Person\",\"Organization\"],\"@id\":\"https:\\\/\\\/ciel-astro-ccd.com\\\/wp\\\/#\\\/schema\\\/person\\\/89b76f923fdc608b738fc9bf94ab2113\",\"name\":\"microlog\",\"image\":{\"@type\":\"ImageObject\",\"inLanguage\":\"fr-CA\",\"@id\":\"https:\\\/\\\/ciel-astro-ccd.com\\\/wp-content\\\/uploads\\\/2021\\\/04\\\/cropped-cropped-logo.jpg\",\"url\":\"https:\\\/\\\/ciel-astro-ccd.com\\\/wp-content\\\/uploads\\\/2021\\\/04\\\/cropped-cropped-logo.jpg\",\"contentUrl\":\"https:\\\/\\\/ciel-astro-ccd.com\\\/wp-content\\\/uploads\\\/2021\\\/04\\\/cropped-cropped-logo.jpg\",\"width\":210,\"height\":210,\"caption\":\"microlog\"},\"logo\":{\"@id\":\"https:\\\/\\\/ciel-astro-ccd.com\\\/wp-content\\\/uploads\\\/2021\\\/04\\\/cropped-cropped-logo.jpg\"},\"sameAs\":[\"https:\\\/\\\/ciel-astro-ccd.com\"]}]}<\/script>\n<!-- \/ Yoast SEO plugin. -->","yoast_head_json":{"title":"V\u00c9NUS ET LA LUNE LE 2016\/11\/13 - Le Ciel Astro - CCD","description":"La plan\u00e8te V\u00e9nus et la Lune le 2016\/11\/13","robots":{"index":"index","follow":"follow","max-snippet":"max-snippet:-1","max-image-preview":"max-image-preview:large","max-video-preview":"max-video-preview:-1"},"canonical":"https:\/\/ciel-astro-ccd.com\/wp\/venus_lune-2016-11-13\/","og_locale":"fr_CA","og_type":"article","og_title":"V\u00c9NUS ET LA LUNE LE 2016\/11\/13 - Le Ciel Astro - CCD","og_description":"La plan\u00e8te V\u00e9nus et la Lune le 2016\/11\/13","og_url":"https:\/\/ciel-astro-ccd.com\/wp\/venus_lune-2016-11-13\/","og_site_name":"Le Ciel Astro - CCD","article_modified_time":"2021-01-23T22:22:57+00:00","og_image":[{"url":"https:\/\/ciel-astro-ccd.com\/venus_lune.jpg","type":"","width":"","height":""}],"twitter_card":"summary_large_image","twitter_misc":{"Estimation du temps de lecture":"1 minute"},"schema":{"@context":"https:\/\/schema.org","@graph":[{"@type":"WebPage","@id":"https:\/\/ciel-astro-ccd.com\/wp\/venus_lune-2016-11-13\/","url":"https:\/\/ciel-astro-ccd.com\/wp\/venus_lune-2016-11-13\/","name":"V\u00c9NUS ET LA LUNE LE 2016\/11\/13 - Le Ciel Astro - CCD","isPartOf":{"@id":"https:\/\/ciel-astro-ccd.com\/wp\/#website"},"primaryImageOfPage":{"@id":"https:\/\/ciel-astro-ccd.com\/wp\/venus_lune-2016-11-13\/#primaryimage"},"image":{"@id":"https:\/\/ciel-astro-ccd.com\/wp\/venus_lune-2016-11-13\/#primaryimage"},"thumbnailUrl":"https:\/\/ciel-astro-ccd.com\/venus_lune.jpg","datePublished":"2021-01-07T04:27:13+00:00","dateModified":"2021-01-23T22:22:57+00:00","description":"La plan\u00e8te V\u00e9nus et la Lune le 2016\/11\/13","breadcrumb":{"@id":"https:\/\/ciel-astro-ccd.com\/wp\/venus_lune-2016-11-13\/#breadcrumb"},"inLanguage":"fr-CA","potentialAction":[{"@type":"ReadAction","target":["https:\/\/ciel-astro-ccd.com\/wp\/venus_lune-2016-11-13\/"]}]},{"@type":"ImageObject","inLanguage":"fr-CA","@id":"https:\/\/ciel-astro-ccd.com\/wp\/venus_lune-2016-11-13\/#primaryimage","url":"https:\/\/ciel-astro-ccd.com\/venus_lune.jpg","contentUrl":"https:\/\/ciel-astro-ccd.com\/venus_lune.jpg"},{"@type":"BreadcrumbList","@id":"https:\/\/ciel-astro-ccd.com\/wp\/venus_lune-2016-11-13\/#breadcrumb","itemListElement":[{"@type":"ListItem","position":1,"name":"Accueil","item":"https:\/\/ciel-astro-ccd.com\/wp\/"},{"@type":"ListItem","position":2,"name":"V\u00c9NUS ET LA LUNE LE 2016\/11\/13"}]},{"@type":"WebSite","@id":"https:\/\/ciel-astro-ccd.com\/wp\/#website","url":"https:\/\/ciel-astro-ccd.com\/wp\/","name":"Le Ciel Astro - CCD","description":"Un site d\u00e9di\u00e9 \u00e0 l&#039;astrophotographie","publisher":{"@id":"https:\/\/ciel-astro-ccd.com\/wp\/#\/schema\/person\/89b76f923fdc608b738fc9bf94ab2113"},"potentialAction":[{"@type":"SearchAction","target":{"@type":"EntryPoint","urlTemplate":"https:\/\/ciel-astro-ccd.com\/wp\/?s={search_term_string}"},"query-input":{"@type":"PropertyValueSpecification","valueRequired":true,"valueName":"search_term_string"}}],"inLanguage":"fr-CA"},{"@type":["Person","Organization"],"@id":"https:\/\/ciel-astro-ccd.com\/wp\/#\/schema\/person\/89b76f923fdc608b738fc9bf94ab2113","name":"microlog","image":{"@type":"ImageObject","inLanguage":"fr-CA","@id":"https:\/\/ciel-astro-ccd.com\/wp-content\/uploads\/2021\/04\/cropped-cropped-logo.jpg","url":"https:\/\/ciel-astro-ccd.com\/wp-content\/uploads\/2021\/04\/cropped-cropped-logo.jpg","contentUrl":"https:\/\/ciel-astro-ccd.com\/wp-content\/uploads\/2021\/04\/cropped-cropped-logo.jpg","width":210,"height":210,"caption":"microlog"},"logo":{"@id":"https:\/\/ciel-astro-ccd.com\/wp-content\/uploads\/2021\/04\/cropped-cropped-logo.jpg"},"sameAs":["https:\/\/ciel-astro-ccd.com"]}]}},"_links":{"self":[{"href":"https:\/\/ciel-astro-ccd.com\/wp\/wp-json\/wp\/v2\/pages\/2160","targetHints":{"allow":["GET"]}}],"collection":[{"href":"https:\/\/ciel-astro-ccd.com\/wp\/wp-json\/wp\/v2\/pages"}],"about":[{"href":"https:\/\/ciel-astro-ccd.com\/wp\/wp-json\/wp\/v2\/types\/page"}],"author":[{"embeddable":true,"href":"https:\/\/ciel-astro-ccd.com\/wp\/wp-json\/wp\/v2\/users\/1"}],"replies":[{"embeddable":true,"href":"https:\/\/ciel-astro-ccd.com\/wp\/wp-json\/wp\/v2\/comments?post=2160"}],"version-history":[{"count":12,"href":"https:\/\/ciel-astro-ccd.com\/wp\/wp-json\/wp\/v2\/pages\/2160\/revisions"}],"predecessor-version":[{"id":3875,"href":"https:\/\/ciel-astro-ccd.com\/wp\/wp-json\/wp\/v2\/pages\/2160\/revisions\/3875"}],"wp:attachment":[{"href":"https:\/\/ciel-astro-ccd.com\/wp\/wp-json\/wp\/v2\/media?parent=2160"}],"curies":[{"name":"wp","href":"https:\/\/api.w.org\/{rel}","templated":true}]}}