{"id":2104,"date":"2021-01-06T22:24:34","date_gmt":"2021-01-07T03:24:34","guid":{"rendered":"https:\/\/ciel-astro-ccd.com\/wp\/?page_id=2104"},"modified":"2023-08-21T15:25:52","modified_gmt":"2023-08-21T19:25:52","slug":"ic1805_pol","status":"publish","type":"page","link":"https:\/\/ciel-astro-ccd.com\/wp\/ic1805_pol\/","title":{"rendered":"IC 1805"},"content":{"rendered":"\n<figure class=\"wp-block-image size-large\"><a href=\"https:\/\/ciel-astro-ccd.com\/ic1805-pol.jpg\" target=\"_blank\" rel=\"noopener\"><img decoding=\"async\" src=\"https:\/\/ciel-astro-ccd.com\/ic1805-pol.jpg\" alt=\"\"\/><\/a><figcaption class=\"wp-element-caption\"><em>Cliquer sur l&rsquo;image pour l&rsquo;afficher plein \u00e9cran<\/em><\/figcaption><\/figure>\n\n\n\n<figure class=\"wp-block-table\"><table><tbody><tr><td class=\"has-text-align-center\" data-align=\"center\"><strong>Date<\/strong><br>2018\/08\/16<br><br><strong>Lieu d\u2019observation<\/strong><br>Mon observatoir permanent \u00e0 Longueuil<br>en zone de pollution lumineuse blanche<\/td><\/tr><\/tbody><\/table><\/figure>\n\n\n\n<h4 class=\"wp-block-heading has-text-align-center\"><strong>Technique<\/strong><\/h4>\n\n\n\n<figure class=\"wp-block-table\"><table><tbody><tr><td>T\u00e9lescope<\/td><td>Lunette Orion 80ED \u2013 Diam\u00e8tre 80 mm, focale 480 mm, f\/6<\/td><\/tr><tr><td>Monture<\/td><td>Celestron CGEM<\/td><\/tr><tr><td>Cam\u00e9ra d\u2019imagerie<\/td><td>Atik 383 L+ monochrome r\u00e9gul\u00e9e \u00e0 -20<sup>o<\/sup>&nbsp;Celsius<\/td><\/tr><tr><td>Cam\u00e9ra d\u2019autoguidage<\/td><td>ZWO ASI 120MM avec un diviseur optique<\/td><\/tr><tr><td>Pr\u00e9cision d\u2019autoguidage (RMS)<\/td><td>0,91\u2019\u2019 d\u2019arc RMS (1,82\u2019\u2019 d\u2019arc au total)<\/td><\/tr><tr><td>Type d\u2019image<\/td><td>Ha(Ha-OIII-OIII)<\/td><\/tr><tr><td>Exposition<\/td><td>Ha (10 x 10\u2019 bin 2&#215;2), OIII (10 x 10\u2019 Bin 2&#215;2)<\/td><\/tr><tr><td>Logiciel d\u2019acquisition des images<\/td><td>Maxim DL<\/td><\/tr><tr><td>Logiciel de guidage<\/td><td>PHD Guiding 2<\/td><\/tr><tr><td>Pr\u00e9traitement<\/td><td><a href=\"https:\/\/ciel-astro-ccd.com\/wp\/technique_lrvb-pretraitement_maxim_dl\/\" target=\"_blank\" rel=\"noreferrer noopener\">Maxim DL<\/a><\/td><\/tr><tr><td>Traitement<\/td><td><a href=\"https:\/\/ciel-astro-ccd.com\/wp\/technique-lrvb-traitement_photoshop_pixinsight\/\" target=\"_blank\" rel=\"noreferrer noopener\">Photoshop et PixInsight<\/a><\/td><\/tr><\/tbody><\/table><\/figure>\n\n\n\n<h4 class=\"wp-block-heading has-text-align-center\"><strong>Descripton de l\u2019objet<\/strong><\/h4>\n\n\n\n<figure class=\"wp-block-table\"><table><tbody><tr><td>Type d\u2019objet<\/td><td>N\u00e9buleuse \u00e0 \u00e9mission et amas ouvert \u00ab&nbsp;La n\u00e9buleuse du Coeur&nbsp;\u00bb<\/td><\/tr><tr><td>Constellation<\/td><td>Cassiop\u00e9e<\/td><\/tr><tr><td>Magnitude visuelle<\/td><td>6,5<\/td><\/tr><tr><td>Distance<\/td><td>7500 ann\u00e9es-lumi\u00e8re<\/td><\/tr><tr><td>Dimension vue de la Terre<\/td><td>190 x 155 minutes d\u2019arc&nbsp;<\/td><\/tr><\/tbody><\/table><\/figure>\n\n\n\n<figure class=\"wp-block-table\"><table><tbody><tr><td>La grande n\u00e9buleuse du C\u0153ur, de faible brillance, est compos\u00e9e de gaz d\u2019hydrog\u00e8ne ionis\u00e9 par le rayonnement ultraviolet des jeunes \u00e9toiles chaudes. Elle contient, en son centre, l\u2019amas ouvert dense IC1805. La n\u00e9buleuse, surnomm\u00e9e la n\u00e9buleuse du C\u0153ur, est beaucoup plus grande que l\u2019amas ouvert, ce qui porte \u00e0 confusion. En effet, la n\u00e9buleuse du C\u0153ur \u00e0 une dimension d\u2019environ 190\u2019 par 155\u2019, alors que l\u2019amas ouvert (que l\u2019on d\u00e9signe la n\u00e9buleuse du c\u0153ur) couvre 60\u2019 par 60\u2019. Avant de photographier cette n\u00e9buleuse, il est imp\u00e9ratif de tenir compte de ce fait, car, si on se fie \u00e0 la dimension officielle, on prendra une seule petite portion de la n\u00e9buleuse du Coeur. &nbsp;<br><br>La n\u00e9buleuse du C\u0153ur englobe plusieurs objets r\u00e9pertori\u00e9s dans les catalogues astronomiques. En plus de l\u2019amas ouvert dense IC1805, on voit, en bas vers la droite, la n\u00e9buleuse IC1795 (NGC896) que j\u2019ai photographi\u00e9e le 9 octobre 2012 dans un site sans pollution lumineuse. On peut aussi voir l\u2019amas ouvert MK6 \u00e0 la gauche de la n\u00e9buleuse, l\u00e9g\u00e8rement vers le bas. Il y a aussi d\u2019autres objets \u00e0 l\u2019int\u00e9rieur de la n\u00e9buleuse du C\u0153ur. &nbsp;<br><br>Contrairement \u00e0 l\u2019amas ouvert brillant IC1805 de magnitude 6,5, la n\u00e9buleuse l\u2019est beaucoup moins de sorte qu\u2019elle est tr\u00e8s peu visible dans un t\u00e9lescope, m\u00eame de grande dimension. &nbsp;<br><br>Pour bien voir la n\u00e9buleuse du C\u0153ur sur une photographie longue pose, il est imp\u00e9ratif d\u2019utiliser une image de luminance en H-Alpha qui fera ressortir les gaz d\u2019hydrog\u00e8ne qui composent la majeure partie du rayonnement de cette n\u00e9buleuse. Sans l\u2019utilisation de ce filtre, la n\u00e9buleuse restera peu visible et sera obstru\u00e9e par l\u2019importante quantit\u00e9 d\u2019\u00e9toiles qui la compose. Ce filtre H-Alpha a aussi comme particularit\u00e9 de combattre efficacement la pollution lumineuse. Dans mon image, il est tout de m\u00eame \u00e9tonnant d\u2019avoir r\u00e9ussi \u00e0 aller chercher autant de d\u00e9tails et profondeur de la n\u00e9buleuse dans mon site de pollution lumineuse extr\u00eame (Longueuil en banlieue de Montr\u00e9al, Qu\u00e9bec, Canada qui est une zone de pollution lumineuse blanche). &nbsp;<\/td><\/tr><\/tbody><\/table><\/figure>\n\n\n\n<figure class=\"wp-block-table\"><table><tbody><tr><td>Richard Beauregard<br>Le Ciel Astro \u2013 CCD<br>Mon impression \u00ab Nous ne pouvons pas \u00eatre seuls dans ce gigantesque univers \u00bb<\/td><\/tr><\/tbody><\/table><\/figure>\n","protected":false},"excerpt":{"rendered":"<p>Date2018\/08\/16 Lieu d\u2019observationMon observatoir permanent \u00e0 Longueuilen zone de pollution lumineuse blanche Technique T\u00e9lescope Lunette Orion 80ED \u2013 Diam\u00e8tre 80 mm, focale 480 mm, f\/6 Monture Celestron CGEM Cam\u00e9ra d\u2019imagerie Atik 383 L+ monochrome r\u00e9gul\u00e9e \u00e0 -20o&nbsp;Celsius Cam\u00e9ra d\u2019autoguidage ZWO ASI 120MM avec un diviseur optique Pr\u00e9cision d\u2019autoguidage (RMS) 0,91\u2019\u2019 d\u2019arc RMS (1,82\u2019\u2019 d\u2019arc au&#8230;<\/p>\n<p class=\"more-link-wrap\"><a href=\"https:\/\/ciel-astro-ccd.com\/wp\/ic1805_pol\/\" class=\"more-link\">Read More<span class=\"screen-reader-text\"> &ldquo;IC 1805&rdquo;<\/span> &raquo;<\/a><\/p>\n","protected":false},"author":1,"featured_media":0,"parent":0,"menu_order":0,"comment_status":"closed","ping_status":"closed","template":"","meta":{"footnotes":""},"class_list":["post-2104","page","type-page","status-publish","hentry"],"yoast_head":"<!-- This site is optimized with the Yoast SEO plugin v27.3 - https:\/\/yoast.com\/product\/yoast-seo-wordpress\/ -->\n<title>IC 1805 - Le Ciel Astro - CCD<\/title>\n<meta name=\"description\" content=\"IC 1805 - N\u00e9buleuse \u00e0 \u00e9mission et amas ouvert \u00ab La n\u00e9buleuse du Coeur \u00bb\" \/>\n<meta name=\"robots\" content=\"index, follow, max-snippet:-1, max-image-preview:large, max-video-preview:-1\" \/>\n<link rel=\"canonical\" href=\"https:\/\/ciel-astro-ccd.com\/wp\/ic1805_pol\/\" \/>\n<meta property=\"og:locale\" content=\"fr_CA\" \/>\n<meta property=\"og:type\" content=\"article\" \/>\n<meta property=\"og:title\" content=\"IC 1805 - Le Ciel Astro - CCD\" \/>\n<meta property=\"og:description\" content=\"IC 1805 - N\u00e9buleuse \u00e0 \u00e9mission et amas ouvert \u00ab La n\u00e9buleuse du Coeur \u00bb\" \/>\n<meta property=\"og:url\" content=\"https:\/\/ciel-astro-ccd.com\/wp\/ic1805_pol\/\" \/>\n<meta property=\"og:site_name\" content=\"Le Ciel Astro - CCD\" \/>\n<meta property=\"article:modified_time\" content=\"2023-08-21T19:25:52+00:00\" \/>\n<meta property=\"og:image\" content=\"https:\/\/ciel-astro-ccd.com\/ic1805-pol.jpg\" \/>\n<meta name=\"twitter:card\" content=\"summary_large_image\" \/>\n<meta name=\"twitter:label1\" content=\"Estimation du temps de lecture\" \/>\n\t<meta name=\"twitter:data1\" content=\"3 minutes\" \/>\n<script type=\"application\/ld+json\" class=\"yoast-schema-graph\">{\"@context\":\"https:\\\/\\\/schema.org\",\"@graph\":[{\"@type\":\"WebPage\",\"@id\":\"https:\\\/\\\/ciel-astro-ccd.com\\\/wp\\\/ic1805_pol\\\/\",\"url\":\"https:\\\/\\\/ciel-astro-ccd.com\\\/wp\\\/ic1805_pol\\\/\",\"name\":\"IC 1805 - Le Ciel Astro - CCD\",\"isPartOf\":{\"@id\":\"https:\\\/\\\/ciel-astro-ccd.com\\\/wp\\\/#website\"},\"primaryImageOfPage\":{\"@id\":\"https:\\\/\\\/ciel-astro-ccd.com\\\/wp\\\/ic1805_pol\\\/#primaryimage\"},\"image\":{\"@id\":\"https:\\\/\\\/ciel-astro-ccd.com\\\/wp\\\/ic1805_pol\\\/#primaryimage\"},\"thumbnailUrl\":\"https:\\\/\\\/ciel-astro-ccd.com\\\/ic1805-pol.jpg\",\"datePublished\":\"2021-01-07T03:24:34+00:00\",\"dateModified\":\"2023-08-21T19:25:52+00:00\",\"description\":\"IC 1805 - N\u00e9buleuse \u00e0 \u00e9mission et amas ouvert \u00ab La n\u00e9buleuse du Coeur \u00bb\",\"breadcrumb\":{\"@id\":\"https:\\\/\\\/ciel-astro-ccd.com\\\/wp\\\/ic1805_pol\\\/#breadcrumb\"},\"inLanguage\":\"fr-CA\",\"potentialAction\":[{\"@type\":\"ReadAction\",\"target\":[\"https:\\\/\\\/ciel-astro-ccd.com\\\/wp\\\/ic1805_pol\\\/\"]}]},{\"@type\":\"ImageObject\",\"inLanguage\":\"fr-CA\",\"@id\":\"https:\\\/\\\/ciel-astro-ccd.com\\\/wp\\\/ic1805_pol\\\/#primaryimage\",\"url\":\"https:\\\/\\\/ciel-astro-ccd.com\\\/ic1805-pol.jpg\",\"contentUrl\":\"https:\\\/\\\/ciel-astro-ccd.com\\\/ic1805-pol.jpg\"},{\"@type\":\"BreadcrumbList\",\"@id\":\"https:\\\/\\\/ciel-astro-ccd.com\\\/wp\\\/ic1805_pol\\\/#breadcrumb\",\"itemListElement\":[{\"@type\":\"ListItem\",\"position\":1,\"name\":\"Accueil\",\"item\":\"https:\\\/\\\/ciel-astro-ccd.com\\\/wp\\\/\"},{\"@type\":\"ListItem\",\"position\":2,\"name\":\"IC 1805\"}]},{\"@type\":\"WebSite\",\"@id\":\"https:\\\/\\\/ciel-astro-ccd.com\\\/wp\\\/#website\",\"url\":\"https:\\\/\\\/ciel-astro-ccd.com\\\/wp\\\/\",\"name\":\"Le Ciel Astro - CCD\",\"description\":\"Un site d\u00e9di\u00e9 \u00e0 l&#039;astrophotographie\",\"publisher\":{\"@id\":\"https:\\\/\\\/ciel-astro-ccd.com\\\/wp\\\/#\\\/schema\\\/person\\\/89b76f923fdc608b738fc9bf94ab2113\"},\"potentialAction\":[{\"@type\":\"SearchAction\",\"target\":{\"@type\":\"EntryPoint\",\"urlTemplate\":\"https:\\\/\\\/ciel-astro-ccd.com\\\/wp\\\/?s={search_term_string}\"},\"query-input\":{\"@type\":\"PropertyValueSpecification\",\"valueRequired\":true,\"valueName\":\"search_term_string\"}}],\"inLanguage\":\"fr-CA\"},{\"@type\":[\"Person\",\"Organization\"],\"@id\":\"https:\\\/\\\/ciel-astro-ccd.com\\\/wp\\\/#\\\/schema\\\/person\\\/89b76f923fdc608b738fc9bf94ab2113\",\"name\":\"microlog\",\"image\":{\"@type\":\"ImageObject\",\"inLanguage\":\"fr-CA\",\"@id\":\"https:\\\/\\\/ciel-astro-ccd.com\\\/wp-content\\\/uploads\\\/2021\\\/04\\\/cropped-cropped-logo.jpg\",\"url\":\"https:\\\/\\\/ciel-astro-ccd.com\\\/wp-content\\\/uploads\\\/2021\\\/04\\\/cropped-cropped-logo.jpg\",\"contentUrl\":\"https:\\\/\\\/ciel-astro-ccd.com\\\/wp-content\\\/uploads\\\/2021\\\/04\\\/cropped-cropped-logo.jpg\",\"width\":210,\"height\":210,\"caption\":\"microlog\"},\"logo\":{\"@id\":\"https:\\\/\\\/ciel-astro-ccd.com\\\/wp-content\\\/uploads\\\/2021\\\/04\\\/cropped-cropped-logo.jpg\"},\"sameAs\":[\"https:\\\/\\\/ciel-astro-ccd.com\"]}]}<\/script>\n<!-- \/ Yoast SEO plugin. -->","yoast_head_json":{"title":"IC 1805 - Le Ciel Astro - CCD","description":"IC 1805 - N\u00e9buleuse \u00e0 \u00e9mission et amas ouvert \u00ab La n\u00e9buleuse du Coeur \u00bb","robots":{"index":"index","follow":"follow","max-snippet":"max-snippet:-1","max-image-preview":"max-image-preview:large","max-video-preview":"max-video-preview:-1"},"canonical":"https:\/\/ciel-astro-ccd.com\/wp\/ic1805_pol\/","og_locale":"fr_CA","og_type":"article","og_title":"IC 1805 - Le Ciel Astro - CCD","og_description":"IC 1805 - N\u00e9buleuse \u00e0 \u00e9mission et amas ouvert \u00ab La n\u00e9buleuse du Coeur \u00bb","og_url":"https:\/\/ciel-astro-ccd.com\/wp\/ic1805_pol\/","og_site_name":"Le Ciel Astro - CCD","article_modified_time":"2023-08-21T19:25:52+00:00","og_image":[{"url":"https:\/\/ciel-astro-ccd.com\/ic1805-pol.jpg","type":"","width":"","height":""}],"twitter_card":"summary_large_image","twitter_misc":{"Estimation du temps de lecture":"3 minutes"},"schema":{"@context":"https:\/\/schema.org","@graph":[{"@type":"WebPage","@id":"https:\/\/ciel-astro-ccd.com\/wp\/ic1805_pol\/","url":"https:\/\/ciel-astro-ccd.com\/wp\/ic1805_pol\/","name":"IC 1805 - Le Ciel Astro - CCD","isPartOf":{"@id":"https:\/\/ciel-astro-ccd.com\/wp\/#website"},"primaryImageOfPage":{"@id":"https:\/\/ciel-astro-ccd.com\/wp\/ic1805_pol\/#primaryimage"},"image":{"@id":"https:\/\/ciel-astro-ccd.com\/wp\/ic1805_pol\/#primaryimage"},"thumbnailUrl":"https:\/\/ciel-astro-ccd.com\/ic1805-pol.jpg","datePublished":"2021-01-07T03:24:34+00:00","dateModified":"2023-08-21T19:25:52+00:00","description":"IC 1805 - N\u00e9buleuse \u00e0 \u00e9mission et amas ouvert \u00ab La n\u00e9buleuse du Coeur \u00bb","breadcrumb":{"@id":"https:\/\/ciel-astro-ccd.com\/wp\/ic1805_pol\/#breadcrumb"},"inLanguage":"fr-CA","potentialAction":[{"@type":"ReadAction","target":["https:\/\/ciel-astro-ccd.com\/wp\/ic1805_pol\/"]}]},{"@type":"ImageObject","inLanguage":"fr-CA","@id":"https:\/\/ciel-astro-ccd.com\/wp\/ic1805_pol\/#primaryimage","url":"https:\/\/ciel-astro-ccd.com\/ic1805-pol.jpg","contentUrl":"https:\/\/ciel-astro-ccd.com\/ic1805-pol.jpg"},{"@type":"BreadcrumbList","@id":"https:\/\/ciel-astro-ccd.com\/wp\/ic1805_pol\/#breadcrumb","itemListElement":[{"@type":"ListItem","position":1,"name":"Accueil","item":"https:\/\/ciel-astro-ccd.com\/wp\/"},{"@type":"ListItem","position":2,"name":"IC 1805"}]},{"@type":"WebSite","@id":"https:\/\/ciel-astro-ccd.com\/wp\/#website","url":"https:\/\/ciel-astro-ccd.com\/wp\/","name":"Le Ciel Astro - CCD","description":"Un site d\u00e9di\u00e9 \u00e0 l&#039;astrophotographie","publisher":{"@id":"https:\/\/ciel-astro-ccd.com\/wp\/#\/schema\/person\/89b76f923fdc608b738fc9bf94ab2113"},"potentialAction":[{"@type":"SearchAction","target":{"@type":"EntryPoint","urlTemplate":"https:\/\/ciel-astro-ccd.com\/wp\/?s={search_term_string}"},"query-input":{"@type":"PropertyValueSpecification","valueRequired":true,"valueName":"search_term_string"}}],"inLanguage":"fr-CA"},{"@type":["Person","Organization"],"@id":"https:\/\/ciel-astro-ccd.com\/wp\/#\/schema\/person\/89b76f923fdc608b738fc9bf94ab2113","name":"microlog","image":{"@type":"ImageObject","inLanguage":"fr-CA","@id":"https:\/\/ciel-astro-ccd.com\/wp-content\/uploads\/2021\/04\/cropped-cropped-logo.jpg","url":"https:\/\/ciel-astro-ccd.com\/wp-content\/uploads\/2021\/04\/cropped-cropped-logo.jpg","contentUrl":"https:\/\/ciel-astro-ccd.com\/wp-content\/uploads\/2021\/04\/cropped-cropped-logo.jpg","width":210,"height":210,"caption":"microlog"},"logo":{"@id":"https:\/\/ciel-astro-ccd.com\/wp-content\/uploads\/2021\/04\/cropped-cropped-logo.jpg"},"sameAs":["https:\/\/ciel-astro-ccd.com"]}]}},"_links":{"self":[{"href":"https:\/\/ciel-astro-ccd.com\/wp\/wp-json\/wp\/v2\/pages\/2104","targetHints":{"allow":["GET"]}}],"collection":[{"href":"https:\/\/ciel-astro-ccd.com\/wp\/wp-json\/wp\/v2\/pages"}],"about":[{"href":"https:\/\/ciel-astro-ccd.com\/wp\/wp-json\/wp\/v2\/types\/page"}],"author":[{"embeddable":true,"href":"https:\/\/ciel-astro-ccd.com\/wp\/wp-json\/wp\/v2\/users\/1"}],"replies":[{"embeddable":true,"href":"https:\/\/ciel-astro-ccd.com\/wp\/wp-json\/wp\/v2\/comments?post=2104"}],"version-history":[{"count":11,"href":"https:\/\/ciel-astro-ccd.com\/wp\/wp-json\/wp\/v2\/pages\/2104\/revisions"}],"predecessor-version":[{"id":6455,"href":"https:\/\/ciel-astro-ccd.com\/wp\/wp-json\/wp\/v2\/pages\/2104\/revisions\/6455"}],"wp:attachment":[{"href":"https:\/\/ciel-astro-ccd.com\/wp\/wp-json\/wp\/v2\/media?parent=2104"}],"curies":[{"name":"wp","href":"https:\/\/api.w.org\/{rel}","templated":true}]}}