{"id":1814,"date":"2021-01-06T13:18:56","date_gmt":"2021-01-06T18:18:56","guid":{"rendered":"https:\/\/ciel-astro-ccd.com\/wp\/?page_id=1814"},"modified":"2023-08-21T15:21:08","modified_gmt":"2023-08-21T19:21:08","slug":"m27_pol","status":"publish","type":"page","link":"https:\/\/ciel-astro-ccd.com\/wp\/m27_pol\/","title":{"rendered":"M 27"},"content":{"rendered":"\n<figure class=\"wp-block-image size-large\"><a href=\"https:\/\/ciel-astro-ccd.com\/m27_pol.jpg\" target=\"_blank\" rel=\"noopener\"><img decoding=\"async\" src=\"https:\/\/ciel-astro-ccd.com\/m27_pol.jpg\" alt=\"\"\/><\/a><figcaption class=\"wp-element-caption\"><em>Cliquer sur l&rsquo;image pour l&rsquo;afficher plein \u00e9cran<\/em><\/figcaption><\/figure>\n\n\n\n<figure class=\"wp-block-table\"><table><tbody><tr><td class=\"has-text-align-center\" data-align=\"center\"><strong>Date<\/strong><br>2019\/06\/08 et 2019\/07\/07<br><br><strong>Lieu d\u2019observation<\/strong><br>Mon observatoir permanent \u00e0 Longueuil<br>en zone de pollution lumineuse blanche<\/td><\/tr><\/tbody><\/table><\/figure>\n\n\n\n<h4 class=\"wp-block-heading has-text-align-center\"><strong>Technique<\/strong><\/h4>\n\n\n\n<figure class=\"wp-block-table\"><table><tbody><tr><td>T\u00e9lescope<\/td><td>Celestron Edge HD &#8211; Diam\u00e8tre 203 mm (8\u2019\u2019), focale 2032 mm, f\/10<\/td><\/tr><tr><td>Monture<\/td><td>Celestron CGEM<\/td><\/tr><tr><td>R\u00e9ducteur de focale<\/td><td>f\/6.3 (63 %)<\/td><\/tr><tr><td>Cam\u00e9ra d\u2019imagerie<\/td><td>Atik 383 L+ monochrome r\u00e9gul\u00e9e \u00e0 -20<sup>o<\/sup>&nbsp;Celsius<\/td><\/tr><tr><td>Cam\u00e9ra d\u2019autoguidage<\/td><td>ZWO ASI 120MM avec un diviseur optique<\/td><\/tr><tr><td>Pr\u00e9cision d\u2019autoguidage (RMS)<\/td><td>4,69\u2019\u2019 et 2,98\u2019\u2019 d\u2019arc total (en + et en -)<\/td><\/tr><tr><td>Type d\u2019image<\/td><td>Ha(Ha-OIII-OIII)<\/td><\/tr><tr><td>Exposition<\/td><td>Ha (14 x 10\u2019 Bin 2&#215;2) et OIII (10 x 10\u2019 Bin 2&#215;2)<\/td><\/tr><tr><td>Logiciel d\u2019acquisition des images<\/td><td>Maxim DL<\/td><\/tr><tr><td>Logiciel de guidage<\/td><td>PHD Guiding 2<\/td><\/tr><tr><td>Pr\u00e9traitement<\/td><td><a href=\"https:\/\/ciel-astro-ccd.com\/wp\/technique_lrvb-pretraitement_maxim_dl\/\" target=\"_blank\" rel=\"noreferrer noopener\">Maxim DL<\/a><\/td><\/tr><tr><td>Traitement<\/td><td><a href=\"https:\/\/ciel-astro-ccd.com\/wp\/technique-lrvb-traitement_photoshop_pixinsight\/\" target=\"_blank\" rel=\"noreferrer noopener\">Photoshop et PixInsight<\/a><\/td><\/tr><\/tbody><\/table><\/figure>\n\n\n\n<h4 class=\"wp-block-heading has-text-align-center\"><strong>Descripton de l\u2019objet<\/strong><\/h4>\n\n\n\n<figure class=\"wp-block-table\"><table><tbody><tr><td>Type d\u2019objet<\/td><td>N\u00e9buleuse plan\u00e9taire \u00ab La n\u00e9buleuse de l\u2019Halt\u00e8re \u00bb<\/td><\/tr><tr><td>Constellation<\/td><td>Petit Renard<\/td><\/tr><tr><td>Magnitude visuelle<\/td><td>7,4<\/td><\/tr><tr><td>Distance<\/td><td>1400 ann\u00e9es-lumi\u00e8re (varie de 861 \u00e0 2900 ann\u00e9es-lumi\u00e8re selon la source)<\/td><\/tr><tr><td>Diam\u00e8tre<\/td><td>3,2 ann\u00e9es-lumi\u00e8re<\/td><\/tr><tr><td>Dimension vue de la Terre<\/td><td>Dimension&nbsp;: 8 x 5,7 minutes d\u2019arc&nbsp;<\/td><\/tr><\/tbody><\/table><\/figure>\n\n\n\n<figure class=\"wp-block-table\"><table><tbody><tr><td>La n\u00e9buleuse de l&rsquo;Halt\u00e8re est une n\u00e9buleuse plan\u00e9taire situ\u00e9e dans la constellation du Petit Renard \u00e0 environ 1400 ann\u00e9es-lumi\u00e8re de la Terre. Cette n\u00e9buleuse, d\u00e9couverte par Charles Messier le 12 juillet 1764, est la premi\u00e8re n\u00e9buleuse plan\u00e9taire observ\u00e9e de l&rsquo;histoire de l&rsquo;astronomie. Elle porte le num\u00e9ro 27 de son catalogue. Cet objet est particuli\u00e8rement brillant et poss\u00e8de un diam\u00e8tre apparent tr\u00e8s large, puisque la partie la plus lumineuse atteint 1\/5 de celui de la Lune. Sachant que la vitesse d&rsquo;expansion atteint 6,8 secondes d&rsquo;arc par si\u00e8cle, son \u00e2ge est estim\u00e9 \u00e0 3000 ou 4000 ans. L&rsquo;\u00e9toile centrale (non visible sur ma photo qui est obstru\u00e9e par la couche de luminance en H-Alpha), qui est \u00e0 l\u2019origine de la n\u00e9buleuse, a une magnitude apparente de 13,5, ce qui la rend difficilement observable pour un astronome amateur. C&rsquo;est une naine blanche de couleur bleue tr\u00e8s chaude (85000 K). La forme particuli\u00e8re de la partie lumineuse a valu \u00e0 cet objet le nom de n\u00e9buleuse de l&rsquo;Halt\u00e8re (Dumbbell en anglais). \u00a0<br><br>M27 est une n\u00e9buleuse plan\u00e9taire tr\u00e8s populaire pour l\u2019observation et la photographie astronomiques. Sa magnitude emp\u00eache son observation \u00e0 l&rsquo;\u0153il nu, mais avec des jumelles 10 x 50, dans un site de faible pollution lumineuse, on peut esp\u00e9rer voir M27. \u00c0 partir d&rsquo;un t\u00e9lescope de 150 ou 200 mm, on obtient plus facilement le brillant c\u0153ur ou trognon de la n\u00e9buleuse. Avec un t\u00e9lescope de 300 mm, muni d&rsquo;un filtre interf\u00e9rentiel de type OIII (recommand\u00e9 pour l&rsquo;observation de n\u00e9buleuses plan\u00e9taires et diffuses), le trognon appara\u00eet nettement et l&rsquo;\u00e9toile centrale peut \u00eatre envisag\u00e9e, mais seulement sous un ciel sans pollution lumineuse : l&rsquo;utilisation de la vision d\u00e9cal\u00e9e permet de mieux voir cette naine blanche. \u00a0<br><br>Pour mon image prise dans un site de pollution lumineuse important (zone blanche), j\u2019ai utilis\u00e9 les filtres \u00e0 bandes passantes \u00e9troites Ha et OIII. Cela m\u2019a permis d\u2019aller chercher beaucoup de d\u00e9tails fins de la n\u00e9buleuse plan\u00e9taire qui \u00e9met la majorit\u00e9 de son signal dans ces spectres lumineux. Ces filtres servent aussi \u00e0 combattre efficacement la pollution lumineuse extr\u00eame de mon site d\u2019observation. Pour aller chercher le maximum de d\u00e9tails dans la partie \u2018\u2019 Halt\u00e8re \u2018\u2019 de la n\u00e9buleuse (de tonalit\u00e9s rouges), j\u2019ai utilis\u00e9 le filtre H-Alpha comme image de luminance. Par contre, d\u00fb \u00e0 l\u2019importance du signal Ha de la n\u00e9buleuse, l\u2019\u00e9toile centrale (naine blanche de magnitude de 13,5) a \u00e9t\u00e9 voil\u00e9e par celui-ci. Mon choix a donc \u00e9t\u00e9 orient\u00e9 dans la pr\u00e9sentation des tr\u00e8s belles nuances et couleurs de la n\u00e9buleuse. Le filtre Ha a servi \u00e0 faire ressortir les nuances de la n\u00e9buleuse dans les tonalit\u00e9s rouges et le filtre OIII \u00e0 pr\u00e9senter les tonalit\u00e9s bleues de celle-ci.<\/td><\/tr><\/tbody><\/table><\/figure>\n\n\n\n<figure class=\"wp-block-table\"><table><tbody><tr><td>Richard Beauregard<br>Le Ciel Astro \u2013 CCD<br>Mon impression \u00ab Nous ne pouvons pas \u00eatre seuls dans ce gigantesque univers \u00bb<\/td><\/tr><\/tbody><\/table><\/figure>\n","protected":false},"excerpt":{"rendered":"<p>Date2019\/06\/08 et 2019\/07\/07 Lieu d\u2019observationMon observatoir permanent \u00e0 Longueuilen zone de pollution lumineuse blanche Technique T\u00e9lescope Celestron Edge HD &#8211; Diam\u00e8tre 203 mm (8\u2019\u2019), focale 2032 mm, f\/10 Monture Celestron CGEM R\u00e9ducteur de focale f\/6.3 (63 %) Cam\u00e9ra d\u2019imagerie Atik 383 L+ monochrome r\u00e9gul\u00e9e \u00e0 -20o&nbsp;Celsius Cam\u00e9ra d\u2019autoguidage ZWO ASI 120MM avec un diviseur optique&#8230;<\/p>\n<p class=\"more-link-wrap\"><a href=\"https:\/\/ciel-astro-ccd.com\/wp\/m27_pol\/\" class=\"more-link\">Read More<span class=\"screen-reader-text\"> &ldquo;M 27&rdquo;<\/span> &raquo;<\/a><\/p>\n","protected":false},"author":1,"featured_media":0,"parent":0,"menu_order":0,"comment_status":"closed","ping_status":"closed","template":"","meta":{"footnotes":""},"class_list":["post-1814","page","type-page","status-publish","hentry"],"yoast_head":"<!-- This site is optimized with the Yoast SEO plugin v27.3 - https:\/\/yoast.com\/product\/yoast-seo-wordpress\/ -->\n<title>M 27 - Le Ciel Astro - CCD<\/title>\n<meta name=\"description\" content=\"M 27 - N\u00e9buleuse plan\u00e9taire \u00ab La n\u00e9buleuse de l\u2019Halt\u00e8re \u00bb\" \/>\n<meta name=\"robots\" content=\"index, follow, max-snippet:-1, max-image-preview:large, max-video-preview:-1\" \/>\n<link rel=\"canonical\" href=\"https:\/\/ciel-astro-ccd.com\/wp\/m27_pol\/\" \/>\n<meta property=\"og:locale\" content=\"fr_CA\" \/>\n<meta property=\"og:type\" content=\"article\" \/>\n<meta property=\"og:title\" content=\"M 27 - Le Ciel Astro - CCD\" \/>\n<meta property=\"og:description\" content=\"M 27 - N\u00e9buleuse plan\u00e9taire \u00ab La n\u00e9buleuse de l\u2019Halt\u00e8re \u00bb\" \/>\n<meta property=\"og:url\" content=\"https:\/\/ciel-astro-ccd.com\/wp\/m27_pol\/\" \/>\n<meta property=\"og:site_name\" content=\"Le Ciel Astro - CCD\" \/>\n<meta property=\"article:modified_time\" content=\"2023-08-21T19:21:08+00:00\" \/>\n<meta property=\"og:image\" content=\"https:\/\/ciel-astro-ccd.com\/m27_pol.jpg\" \/>\n<meta name=\"twitter:card\" content=\"summary_large_image\" \/>\n<meta name=\"twitter:label1\" content=\"Estimation du temps de lecture\" \/>\n\t<meta name=\"twitter:data1\" content=\"4 minutes\" \/>\n<script type=\"application\/ld+json\" class=\"yoast-schema-graph\">{\"@context\":\"https:\\\/\\\/schema.org\",\"@graph\":[{\"@type\":\"WebPage\",\"@id\":\"https:\\\/\\\/ciel-astro-ccd.com\\\/wp\\\/m27_pol\\\/\",\"url\":\"https:\\\/\\\/ciel-astro-ccd.com\\\/wp\\\/m27_pol\\\/\",\"name\":\"M 27 - Le Ciel Astro - CCD\",\"isPartOf\":{\"@id\":\"https:\\\/\\\/ciel-astro-ccd.com\\\/wp\\\/#website\"},\"primaryImageOfPage\":{\"@id\":\"https:\\\/\\\/ciel-astro-ccd.com\\\/wp\\\/m27_pol\\\/#primaryimage\"},\"image\":{\"@id\":\"https:\\\/\\\/ciel-astro-ccd.com\\\/wp\\\/m27_pol\\\/#primaryimage\"},\"thumbnailUrl\":\"https:\\\/\\\/ciel-astro-ccd.com\\\/m27_pol.jpg\",\"datePublished\":\"2021-01-06T18:18:56+00:00\",\"dateModified\":\"2023-08-21T19:21:08+00:00\",\"description\":\"M 27 - N\u00e9buleuse plan\u00e9taire \u00ab La n\u00e9buleuse de l\u2019Halt\u00e8re \u00bb\",\"breadcrumb\":{\"@id\":\"https:\\\/\\\/ciel-astro-ccd.com\\\/wp\\\/m27_pol\\\/#breadcrumb\"},\"inLanguage\":\"fr-CA\",\"potentialAction\":[{\"@type\":\"ReadAction\",\"target\":[\"https:\\\/\\\/ciel-astro-ccd.com\\\/wp\\\/m27_pol\\\/\"]}]},{\"@type\":\"ImageObject\",\"inLanguage\":\"fr-CA\",\"@id\":\"https:\\\/\\\/ciel-astro-ccd.com\\\/wp\\\/m27_pol\\\/#primaryimage\",\"url\":\"https:\\\/\\\/ciel-astro-ccd.com\\\/m27_pol.jpg\",\"contentUrl\":\"https:\\\/\\\/ciel-astro-ccd.com\\\/m27_pol.jpg\"},{\"@type\":\"BreadcrumbList\",\"@id\":\"https:\\\/\\\/ciel-astro-ccd.com\\\/wp\\\/m27_pol\\\/#breadcrumb\",\"itemListElement\":[{\"@type\":\"ListItem\",\"position\":1,\"name\":\"Accueil\",\"item\":\"https:\\\/\\\/ciel-astro-ccd.com\\\/wp\\\/\"},{\"@type\":\"ListItem\",\"position\":2,\"name\":\"M 27\"}]},{\"@type\":\"WebSite\",\"@id\":\"https:\\\/\\\/ciel-astro-ccd.com\\\/wp\\\/#website\",\"url\":\"https:\\\/\\\/ciel-astro-ccd.com\\\/wp\\\/\",\"name\":\"Le Ciel Astro - CCD\",\"description\":\"Un site d\u00e9di\u00e9 \u00e0 l&#039;astrophotographie\",\"publisher\":{\"@id\":\"https:\\\/\\\/ciel-astro-ccd.com\\\/wp\\\/#\\\/schema\\\/person\\\/89b76f923fdc608b738fc9bf94ab2113\"},\"potentialAction\":[{\"@type\":\"SearchAction\",\"target\":{\"@type\":\"EntryPoint\",\"urlTemplate\":\"https:\\\/\\\/ciel-astro-ccd.com\\\/wp\\\/?s={search_term_string}\"},\"query-input\":{\"@type\":\"PropertyValueSpecification\",\"valueRequired\":true,\"valueName\":\"search_term_string\"}}],\"inLanguage\":\"fr-CA\"},{\"@type\":[\"Person\",\"Organization\"],\"@id\":\"https:\\\/\\\/ciel-astro-ccd.com\\\/wp\\\/#\\\/schema\\\/person\\\/89b76f923fdc608b738fc9bf94ab2113\",\"name\":\"microlog\",\"image\":{\"@type\":\"ImageObject\",\"inLanguage\":\"fr-CA\",\"@id\":\"https:\\\/\\\/ciel-astro-ccd.com\\\/wp-content\\\/uploads\\\/2021\\\/04\\\/cropped-cropped-logo.jpg\",\"url\":\"https:\\\/\\\/ciel-astro-ccd.com\\\/wp-content\\\/uploads\\\/2021\\\/04\\\/cropped-cropped-logo.jpg\",\"contentUrl\":\"https:\\\/\\\/ciel-astro-ccd.com\\\/wp-content\\\/uploads\\\/2021\\\/04\\\/cropped-cropped-logo.jpg\",\"width\":210,\"height\":210,\"caption\":\"microlog\"},\"logo\":{\"@id\":\"https:\\\/\\\/ciel-astro-ccd.com\\\/wp-content\\\/uploads\\\/2021\\\/04\\\/cropped-cropped-logo.jpg\"},\"sameAs\":[\"https:\\\/\\\/ciel-astro-ccd.com\"]}]}<\/script>\n<!-- \/ Yoast SEO plugin. -->","yoast_head_json":{"title":"M 27 - Le Ciel Astro - CCD","description":"M 27 - N\u00e9buleuse plan\u00e9taire \u00ab La n\u00e9buleuse de l\u2019Halt\u00e8re \u00bb","robots":{"index":"index","follow":"follow","max-snippet":"max-snippet:-1","max-image-preview":"max-image-preview:large","max-video-preview":"max-video-preview:-1"},"canonical":"https:\/\/ciel-astro-ccd.com\/wp\/m27_pol\/","og_locale":"fr_CA","og_type":"article","og_title":"M 27 - Le Ciel Astro - CCD","og_description":"M 27 - N\u00e9buleuse plan\u00e9taire \u00ab La n\u00e9buleuse de l\u2019Halt\u00e8re \u00bb","og_url":"https:\/\/ciel-astro-ccd.com\/wp\/m27_pol\/","og_site_name":"Le Ciel Astro - CCD","article_modified_time":"2023-08-21T19:21:08+00:00","og_image":[{"url":"https:\/\/ciel-astro-ccd.com\/m27_pol.jpg","type":"","width":"","height":""}],"twitter_card":"summary_large_image","twitter_misc":{"Estimation du temps de lecture":"4 minutes"},"schema":{"@context":"https:\/\/schema.org","@graph":[{"@type":"WebPage","@id":"https:\/\/ciel-astro-ccd.com\/wp\/m27_pol\/","url":"https:\/\/ciel-astro-ccd.com\/wp\/m27_pol\/","name":"M 27 - Le Ciel Astro - CCD","isPartOf":{"@id":"https:\/\/ciel-astro-ccd.com\/wp\/#website"},"primaryImageOfPage":{"@id":"https:\/\/ciel-astro-ccd.com\/wp\/m27_pol\/#primaryimage"},"image":{"@id":"https:\/\/ciel-astro-ccd.com\/wp\/m27_pol\/#primaryimage"},"thumbnailUrl":"https:\/\/ciel-astro-ccd.com\/m27_pol.jpg","datePublished":"2021-01-06T18:18:56+00:00","dateModified":"2023-08-21T19:21:08+00:00","description":"M 27 - N\u00e9buleuse plan\u00e9taire \u00ab La n\u00e9buleuse de l\u2019Halt\u00e8re \u00bb","breadcrumb":{"@id":"https:\/\/ciel-astro-ccd.com\/wp\/m27_pol\/#breadcrumb"},"inLanguage":"fr-CA","potentialAction":[{"@type":"ReadAction","target":["https:\/\/ciel-astro-ccd.com\/wp\/m27_pol\/"]}]},{"@type":"ImageObject","inLanguage":"fr-CA","@id":"https:\/\/ciel-astro-ccd.com\/wp\/m27_pol\/#primaryimage","url":"https:\/\/ciel-astro-ccd.com\/m27_pol.jpg","contentUrl":"https:\/\/ciel-astro-ccd.com\/m27_pol.jpg"},{"@type":"BreadcrumbList","@id":"https:\/\/ciel-astro-ccd.com\/wp\/m27_pol\/#breadcrumb","itemListElement":[{"@type":"ListItem","position":1,"name":"Accueil","item":"https:\/\/ciel-astro-ccd.com\/wp\/"},{"@type":"ListItem","position":2,"name":"M 27"}]},{"@type":"WebSite","@id":"https:\/\/ciel-astro-ccd.com\/wp\/#website","url":"https:\/\/ciel-astro-ccd.com\/wp\/","name":"Le Ciel Astro - CCD","description":"Un site d\u00e9di\u00e9 \u00e0 l&#039;astrophotographie","publisher":{"@id":"https:\/\/ciel-astro-ccd.com\/wp\/#\/schema\/person\/89b76f923fdc608b738fc9bf94ab2113"},"potentialAction":[{"@type":"SearchAction","target":{"@type":"EntryPoint","urlTemplate":"https:\/\/ciel-astro-ccd.com\/wp\/?s={search_term_string}"},"query-input":{"@type":"PropertyValueSpecification","valueRequired":true,"valueName":"search_term_string"}}],"inLanguage":"fr-CA"},{"@type":["Person","Organization"],"@id":"https:\/\/ciel-astro-ccd.com\/wp\/#\/schema\/person\/89b76f923fdc608b738fc9bf94ab2113","name":"microlog","image":{"@type":"ImageObject","inLanguage":"fr-CA","@id":"https:\/\/ciel-astro-ccd.com\/wp-content\/uploads\/2021\/04\/cropped-cropped-logo.jpg","url":"https:\/\/ciel-astro-ccd.com\/wp-content\/uploads\/2021\/04\/cropped-cropped-logo.jpg","contentUrl":"https:\/\/ciel-astro-ccd.com\/wp-content\/uploads\/2021\/04\/cropped-cropped-logo.jpg","width":210,"height":210,"caption":"microlog"},"logo":{"@id":"https:\/\/ciel-astro-ccd.com\/wp-content\/uploads\/2021\/04\/cropped-cropped-logo.jpg"},"sameAs":["https:\/\/ciel-astro-ccd.com"]}]}},"_links":{"self":[{"href":"https:\/\/ciel-astro-ccd.com\/wp\/wp-json\/wp\/v2\/pages\/1814","targetHints":{"allow":["GET"]}}],"collection":[{"href":"https:\/\/ciel-astro-ccd.com\/wp\/wp-json\/wp\/v2\/pages"}],"about":[{"href":"https:\/\/ciel-astro-ccd.com\/wp\/wp-json\/wp\/v2\/types\/page"}],"author":[{"embeddable":true,"href":"https:\/\/ciel-astro-ccd.com\/wp\/wp-json\/wp\/v2\/users\/1"}],"replies":[{"embeddable":true,"href":"https:\/\/ciel-astro-ccd.com\/wp\/wp-json\/wp\/v2\/comments?post=1814"}],"version-history":[{"count":15,"href":"https:\/\/ciel-astro-ccd.com\/wp\/wp-json\/wp\/v2\/pages\/1814\/revisions"}],"predecessor-version":[{"id":6452,"href":"https:\/\/ciel-astro-ccd.com\/wp\/wp-json\/wp\/v2\/pages\/1814\/revisions\/6452"}],"wp:attachment":[{"href":"https:\/\/ciel-astro-ccd.com\/wp\/wp-json\/wp\/v2\/media?parent=1814"}],"curies":[{"name":"wp","href":"https:\/\/api.w.org\/{rel}","templated":true}]}}