{"id":1664,"date":"2021-01-05T23:31:03","date_gmt":"2021-01-06T04:31:03","guid":{"rendered":"https:\/\/ciel-astro-ccd.com\/wp\/?page_id=1664"},"modified":"2024-05-05T09:32:50","modified_gmt":"2024-05-05T13:32:50","slug":"m1","status":"publish","type":"page","link":"https:\/\/ciel-astro-ccd.com\/wp\/m1\/","title":{"rendered":"M 1"},"content":{"rendered":"\n<figure class=\"wp-block-image size-large\"><a href=\"https:\/\/ciel-astro-ccd.com\/m1.jpg\" target=\"_blank\" rel=\"noopener\"><img decoding=\"async\" src=\"https:\/\/ciel-astro-ccd.com\/m1.jpg\" alt=\"\"\/><\/a><figcaption class=\"wp-element-caption\"><em>Cliquer sur l\u2019image pour l\u2019afficher plein \u00e9cran<\/em><\/figcaption><\/figure>\n\n\n\n<figure class=\"wp-block-table\"><table><tbody><tr><td class=\"has-text-align-center\" data-align=\"center\"><strong>Date<\/strong><br>2018\/12\/15<br><br><strong>Lieu d\u2019observation<\/strong><br>Nouveau-Mexique<\/td><\/tr><\/tbody><\/table><\/figure>\n\n\n\n<h4 class=\"wp-block-heading has-text-align-center\"><strong>Technique<\/strong><\/h4>\n\n\n\n<figure class=\"wp-block-table\"><table><tbody><tr><td>T\u00e9lescope<\/td><td>Planewave 431 mm &#8211; 17&Prime;, 1940 mm FL, f\/4,5 avec r\u00e9ducteur de focale<\/td><\/tr><tr><td>Monture<\/td><td>Planewave Ascension 200HR (FLI)<\/td><\/tr><tr><td>Cam\u00e9ra d\u2019imagerie<\/td><td>Microline PL6303E (FLI) \u2013 r\u00e9gul\u00e9 \u00e0 -25<sup>o<\/sup>&nbsp;Celsius<\/td><\/tr><tr><td>Type d\u2019image<\/td><td>Ha(RVsB) (<em>Vs pour vert syngh\u00e9tique<\/em>)<\/td><\/tr><tr><td>Exposition<\/td><td>Ha (10 x 10\u2019 bin 1&#215;1), R et B (4 x 3\u2019 bin 2&#215;2 chacune)<\/td><\/tr><tr><td>Pr\u00e9traitement<\/td><td><a href=\"https:\/\/ciel-astro-ccd.com\/wp\/technique_lrvb-pretraitement_maxim_dl\/\" target=\"_blank\" rel=\"noreferrer noopener\">Maxim DL<\/a><\/td><\/tr><tr><td>Traitement<\/td><td><a href=\"https:\/\/ciel-astro-ccd.com\/wp\/technique-lrvb-traitement_photoshop_pixinsight\/\" target=\"_blank\" rel=\"noreferrer noopener\">Photoshop et PixInsight<\/a><\/td><\/tr><tr><td>Traitement sp\u00e9cifique<\/td><td><a href=\"https:\/\/ciel-astro-ccd.com\/wp\/couche_verte_synthetique\/\" target=\"_blank\" rel=\"noreferrer noopener\">Cr\u00e9er une image verte synth\u00e9tique<\/a><\/td><\/tr><\/tbody><\/table><\/figure>\n\n\n\n<h4 class=\"wp-block-heading has-text-align-center\"><strong>Descripton de l\u2019objet<\/strong><\/h4>\n\n\n\n<figure class=\"wp-block-table\"><table><tbody><tr><td>Type d\u2019objet<\/td><td>N\u00e9buleuse \u00e0 \u00e9mission d\u00e9nomm\u00e9e \u00ab La n\u00e9buleuse du Crabe \u00bb<\/td><\/tr><tr><td>Constellation<\/td><td>Taureau<\/td><\/tr><tr><td>Magnitude visuelle<\/td><td>8,4<\/td><\/tr><tr><td>Distance<\/td><td>6200 d\u2019ann\u00e9es-lumi\u00e8re<\/td><\/tr><tr><td>Diam\u00e8tre<\/td><td>13 ann\u00e9es-lumi\u00e8re<\/td><\/tr><tr><td>Dimension vue de la Terre<\/td><td>6 x 4 minutes d\u2019arc&nbsp;<\/td><\/tr><\/tbody><\/table><\/figure>\n\n\n\n<figure class=\"wp-block-table\"><table><tbody><tr><td>En lumi\u00e8re visible, la n\u00e9buleuse du Crabe est une large masse ovale de filaments, d&rsquo;une longueur d&rsquo;environ 6 minutes d&rsquo;arc et d&rsquo;une largeur de 4 minutes d&rsquo;arc entourant une r\u00e9gion centrale diffuse bleue. L&rsquo;analyse r\u00e9cente a montr\u00e9 que l\u2019\u00e9toile qui a explos\u00e9 en supernova et qui est \u00e0 l&rsquo;origine de la n\u00e9buleuse du Crabe est apparue probablement en avril ou d\u00e9but mai 1054, atteignant une magnitude apparente maximale comprise entre -5 et -3 en juillet 1054. Elle \u00e9tait alors plus lumineuse que tous les autres objets du ciel nocturne \u00e0 l&rsquo;exception de la Lune. &nbsp;<br><br>Les filaments sont les restes de l&rsquo;atmosph\u00e8re de la supernova et sont constitu\u00e9s principalement d&rsquo;h\u00e9lium et d&rsquo;hydrog\u00e8ne ionis\u00e9s ainsi que de carbone, d&rsquo;oxyg\u00e8ne, d&rsquo;azote, de fer, de n\u00e9on et de soufre. Au centre m\u00eame de la n\u00e9buleuse se trouve un pulsar : une \u00e9toile \u00e0 neutrons aussi massive que le Soleil. Le pulsar du Crabe tourne sur lui-m\u00eame environ 30 fois par seconde. &nbsp;<br>M1 est une n\u00e9buleuse tr\u00e8s pris\u00e9e des astronomes amateurs : avec sa magnitude de 8,4 et sa taille de 6 X 4 minutes d&rsquo;arc, c&rsquo;est une cible de choix aussi bien pour l&rsquo;observation visuelle qu&rsquo;en astrophotographie.<br><br>L\u2019observation visuelle doit s\u2019effectuer dans un ciel de faible pollution lumineuse. La n\u00e9buleuse est alors visible comme une faible tache avec des jumelles 7&#215;50 ou 10&#215;50. Dans des t\u00e9lescopes de 10 cm (4 pouces) et plus d&rsquo;ouverture, quelques d\u00e9tails dans sa forme deviennent apparents. Ce n&rsquo;est que dans d&rsquo;excellentes conditions d&rsquo;observation et avec des t\u00e9lescopes de 40 cm (16 pouces) ou plus d&rsquo;ouverture, que l&rsquo;on peut \u00e9ventuellement entrevoir les filaments et les fines structures. &nbsp;&nbsp; &nbsp;<br><br>Dans mon image, on peut voir les tr\u00e8s beaux filaments de couleur rouge qui entourent la r\u00e9gion centrale bleue de la n\u00e9buleuse. Pour faire ressortir au maximum ces filaments, j\u2019ai utilis\u00e9 un filtre en Hydrog\u00e8ne alpha (Ha) comme image de luminance. Pour l\u2019image couleur, j\u2019ai choisi les filtres RVsB (rouge et bleu avec un vert synth\u00e9tique produit avec les images rouge et bleue) dans le but de faire ressortir les tr\u00e8s belles couleurs naturelles de la n\u00e9buleuse. &nbsp;<\/td><\/tr><\/tbody><\/table><\/figure>\n\n\n\n<figure class=\"wp-block-table\"><table><tbody><tr><td>Richard Beauregard<br>Le Ciel Astro &#8211; CCD<br>Mon impression \u00ab\u00a0Nous ne pouvons pas \u00eatre seuls dans ce gigantesque univers\u00a0\u00bb<\/td><\/tr><\/tbody><\/table><\/figure>\n","protected":false},"excerpt":{"rendered":"<p>Date2018\/12\/15 Lieu d\u2019observationNouveau-Mexique Technique T\u00e9lescope Planewave 431 mm &#8211; 17&Prime;, 1940 mm FL, f\/4,5 avec r\u00e9ducteur de focale Monture Planewave Ascension 200HR (FLI) Cam\u00e9ra d\u2019imagerie Microline PL6303E (FLI) \u2013 r\u00e9gul\u00e9 \u00e0 -25o&nbsp;Celsius Type d\u2019image Ha(RVsB) (Vs pour vert syngh\u00e9tique) Exposition Ha (10 x 10\u2019 bin 1&#215;1), R et B (4 x 3\u2019 bin 2&#215;2 chacune)&#8230;<\/p>\n<p class=\"more-link-wrap\"><a href=\"https:\/\/ciel-astro-ccd.com\/wp\/m1\/\" class=\"more-link\">Read More<span class=\"screen-reader-text\"> &ldquo;M 1&rdquo;<\/span> &raquo;<\/a><\/p>\n","protected":false},"author":1,"featured_media":0,"parent":0,"menu_order":0,"comment_status":"closed","ping_status":"closed","template":"","meta":{"footnotes":""},"class_list":["post-1664","page","type-page","status-publish","hentry"],"yoast_head":"<!-- This site is optimized with the Yoast SEO plugin v27.3 - https:\/\/yoast.com\/product\/yoast-seo-wordpress\/ -->\n<title>M 1 - Le Ciel Astro - CCD<\/title>\n<meta name=\"description\" content=\"M 1 - N\u00e9buleuse \u00e0 \u00e9mission d\u00e9nomm\u00e9e \u00ab La n\u00e9buleuse du Crabe \u00bb\" \/>\n<meta name=\"robots\" content=\"index, follow, max-snippet:-1, max-image-preview:large, max-video-preview:-1\" \/>\n<link rel=\"canonical\" href=\"https:\/\/ciel-astro-ccd.com\/wp\/m1\/\" \/>\n<meta property=\"og:locale\" content=\"fr_CA\" \/>\n<meta property=\"og:type\" content=\"article\" \/>\n<meta property=\"og:title\" content=\"M 1 - Le Ciel Astro - CCD\" \/>\n<meta property=\"og:description\" content=\"M 1 - N\u00e9buleuse \u00e0 \u00e9mission d\u00e9nomm\u00e9e \u00ab La n\u00e9buleuse du Crabe \u00bb\" \/>\n<meta property=\"og:url\" content=\"https:\/\/ciel-astro-ccd.com\/wp\/m1\/\" \/>\n<meta property=\"og:site_name\" content=\"Le Ciel Astro - CCD\" \/>\n<meta property=\"article:modified_time\" content=\"2024-05-05T13:32:50+00:00\" \/>\n<meta property=\"og:image\" content=\"https:\/\/ciel-astro-ccd.com\/m1.jpg\" \/>\n<meta name=\"twitter:card\" content=\"summary_large_image\" \/>\n<meta name=\"twitter:label1\" content=\"Estimation du temps de lecture\" \/>\n\t<meta name=\"twitter:data1\" content=\"3 minutes\" \/>\n<script type=\"application\/ld+json\" class=\"yoast-schema-graph\">{\"@context\":\"https:\\\/\\\/schema.org\",\"@graph\":[{\"@type\":\"WebPage\",\"@id\":\"https:\\\/\\\/ciel-astro-ccd.com\\\/wp\\\/m1\\\/\",\"url\":\"https:\\\/\\\/ciel-astro-ccd.com\\\/wp\\\/m1\\\/\",\"name\":\"M 1 - Le Ciel Astro - CCD\",\"isPartOf\":{\"@id\":\"https:\\\/\\\/ciel-astro-ccd.com\\\/wp\\\/#website\"},\"primaryImageOfPage\":{\"@id\":\"https:\\\/\\\/ciel-astro-ccd.com\\\/wp\\\/m1\\\/#primaryimage\"},\"image\":{\"@id\":\"https:\\\/\\\/ciel-astro-ccd.com\\\/wp\\\/m1\\\/#primaryimage\"},\"thumbnailUrl\":\"https:\\\/\\\/ciel-astro-ccd.com\\\/m1.jpg\",\"datePublished\":\"2021-01-06T04:31:03+00:00\",\"dateModified\":\"2024-05-05T13:32:50+00:00\",\"description\":\"M 1 - N\u00e9buleuse \u00e0 \u00e9mission d\u00e9nomm\u00e9e \u00ab La n\u00e9buleuse du Crabe \u00bb\",\"breadcrumb\":{\"@id\":\"https:\\\/\\\/ciel-astro-ccd.com\\\/wp\\\/m1\\\/#breadcrumb\"},\"inLanguage\":\"fr-CA\",\"potentialAction\":[{\"@type\":\"ReadAction\",\"target\":[\"https:\\\/\\\/ciel-astro-ccd.com\\\/wp\\\/m1\\\/\"]}]},{\"@type\":\"ImageObject\",\"inLanguage\":\"fr-CA\",\"@id\":\"https:\\\/\\\/ciel-astro-ccd.com\\\/wp\\\/m1\\\/#primaryimage\",\"url\":\"https:\\\/\\\/ciel-astro-ccd.com\\\/m1.jpg\",\"contentUrl\":\"https:\\\/\\\/ciel-astro-ccd.com\\\/m1.jpg\"},{\"@type\":\"BreadcrumbList\",\"@id\":\"https:\\\/\\\/ciel-astro-ccd.com\\\/wp\\\/m1\\\/#breadcrumb\",\"itemListElement\":[{\"@type\":\"ListItem\",\"position\":1,\"name\":\"Accueil\",\"item\":\"https:\\\/\\\/ciel-astro-ccd.com\\\/wp\\\/\"},{\"@type\":\"ListItem\",\"position\":2,\"name\":\"M 1\"}]},{\"@type\":\"WebSite\",\"@id\":\"https:\\\/\\\/ciel-astro-ccd.com\\\/wp\\\/#website\",\"url\":\"https:\\\/\\\/ciel-astro-ccd.com\\\/wp\\\/\",\"name\":\"Le Ciel Astro - CCD\",\"description\":\"Un site d\u00e9di\u00e9 \u00e0 l&#039;astrophotographie\",\"publisher\":{\"@id\":\"https:\\\/\\\/ciel-astro-ccd.com\\\/wp\\\/#\\\/schema\\\/person\\\/89b76f923fdc608b738fc9bf94ab2113\"},\"potentialAction\":[{\"@type\":\"SearchAction\",\"target\":{\"@type\":\"EntryPoint\",\"urlTemplate\":\"https:\\\/\\\/ciel-astro-ccd.com\\\/wp\\\/?s={search_term_string}\"},\"query-input\":{\"@type\":\"PropertyValueSpecification\",\"valueRequired\":true,\"valueName\":\"search_term_string\"}}],\"inLanguage\":\"fr-CA\"},{\"@type\":[\"Person\",\"Organization\"],\"@id\":\"https:\\\/\\\/ciel-astro-ccd.com\\\/wp\\\/#\\\/schema\\\/person\\\/89b76f923fdc608b738fc9bf94ab2113\",\"name\":\"microlog\",\"image\":{\"@type\":\"ImageObject\",\"inLanguage\":\"fr-CA\",\"@id\":\"https:\\\/\\\/ciel-astro-ccd.com\\\/wp-content\\\/uploads\\\/2021\\\/04\\\/cropped-cropped-logo.jpg\",\"url\":\"https:\\\/\\\/ciel-astro-ccd.com\\\/wp-content\\\/uploads\\\/2021\\\/04\\\/cropped-cropped-logo.jpg\",\"contentUrl\":\"https:\\\/\\\/ciel-astro-ccd.com\\\/wp-content\\\/uploads\\\/2021\\\/04\\\/cropped-cropped-logo.jpg\",\"width\":210,\"height\":210,\"caption\":\"microlog\"},\"logo\":{\"@id\":\"https:\\\/\\\/ciel-astro-ccd.com\\\/wp-content\\\/uploads\\\/2021\\\/04\\\/cropped-cropped-logo.jpg\"},\"sameAs\":[\"https:\\\/\\\/ciel-astro-ccd.com\"]}]}<\/script>\n<!-- \/ Yoast SEO plugin. -->","yoast_head_json":{"title":"M 1 - Le Ciel Astro - CCD","description":"M 1 - N\u00e9buleuse \u00e0 \u00e9mission d\u00e9nomm\u00e9e \u00ab La n\u00e9buleuse du Crabe \u00bb","robots":{"index":"index","follow":"follow","max-snippet":"max-snippet:-1","max-image-preview":"max-image-preview:large","max-video-preview":"max-video-preview:-1"},"canonical":"https:\/\/ciel-astro-ccd.com\/wp\/m1\/","og_locale":"fr_CA","og_type":"article","og_title":"M 1 - Le Ciel Astro - CCD","og_description":"M 1 - N\u00e9buleuse \u00e0 \u00e9mission d\u00e9nomm\u00e9e \u00ab La n\u00e9buleuse du Crabe \u00bb","og_url":"https:\/\/ciel-astro-ccd.com\/wp\/m1\/","og_site_name":"Le Ciel Astro - CCD","article_modified_time":"2024-05-05T13:32:50+00:00","og_image":[{"url":"https:\/\/ciel-astro-ccd.com\/m1.jpg","type":"","width":"","height":""}],"twitter_card":"summary_large_image","twitter_misc":{"Estimation du temps de lecture":"3 minutes"},"schema":{"@context":"https:\/\/schema.org","@graph":[{"@type":"WebPage","@id":"https:\/\/ciel-astro-ccd.com\/wp\/m1\/","url":"https:\/\/ciel-astro-ccd.com\/wp\/m1\/","name":"M 1 - Le Ciel Astro - CCD","isPartOf":{"@id":"https:\/\/ciel-astro-ccd.com\/wp\/#website"},"primaryImageOfPage":{"@id":"https:\/\/ciel-astro-ccd.com\/wp\/m1\/#primaryimage"},"image":{"@id":"https:\/\/ciel-astro-ccd.com\/wp\/m1\/#primaryimage"},"thumbnailUrl":"https:\/\/ciel-astro-ccd.com\/m1.jpg","datePublished":"2021-01-06T04:31:03+00:00","dateModified":"2024-05-05T13:32:50+00:00","description":"M 1 - N\u00e9buleuse \u00e0 \u00e9mission d\u00e9nomm\u00e9e \u00ab La n\u00e9buleuse du Crabe \u00bb","breadcrumb":{"@id":"https:\/\/ciel-astro-ccd.com\/wp\/m1\/#breadcrumb"},"inLanguage":"fr-CA","potentialAction":[{"@type":"ReadAction","target":["https:\/\/ciel-astro-ccd.com\/wp\/m1\/"]}]},{"@type":"ImageObject","inLanguage":"fr-CA","@id":"https:\/\/ciel-astro-ccd.com\/wp\/m1\/#primaryimage","url":"https:\/\/ciel-astro-ccd.com\/m1.jpg","contentUrl":"https:\/\/ciel-astro-ccd.com\/m1.jpg"},{"@type":"BreadcrumbList","@id":"https:\/\/ciel-astro-ccd.com\/wp\/m1\/#breadcrumb","itemListElement":[{"@type":"ListItem","position":1,"name":"Accueil","item":"https:\/\/ciel-astro-ccd.com\/wp\/"},{"@type":"ListItem","position":2,"name":"M 1"}]},{"@type":"WebSite","@id":"https:\/\/ciel-astro-ccd.com\/wp\/#website","url":"https:\/\/ciel-astro-ccd.com\/wp\/","name":"Le Ciel Astro - CCD","description":"Un site d\u00e9di\u00e9 \u00e0 l&#039;astrophotographie","publisher":{"@id":"https:\/\/ciel-astro-ccd.com\/wp\/#\/schema\/person\/89b76f923fdc608b738fc9bf94ab2113"},"potentialAction":[{"@type":"SearchAction","target":{"@type":"EntryPoint","urlTemplate":"https:\/\/ciel-astro-ccd.com\/wp\/?s={search_term_string}"},"query-input":{"@type":"PropertyValueSpecification","valueRequired":true,"valueName":"search_term_string"}}],"inLanguage":"fr-CA"},{"@type":["Person","Organization"],"@id":"https:\/\/ciel-astro-ccd.com\/wp\/#\/schema\/person\/89b76f923fdc608b738fc9bf94ab2113","name":"microlog","image":{"@type":"ImageObject","inLanguage":"fr-CA","@id":"https:\/\/ciel-astro-ccd.com\/wp-content\/uploads\/2021\/04\/cropped-cropped-logo.jpg","url":"https:\/\/ciel-astro-ccd.com\/wp-content\/uploads\/2021\/04\/cropped-cropped-logo.jpg","contentUrl":"https:\/\/ciel-astro-ccd.com\/wp-content\/uploads\/2021\/04\/cropped-cropped-logo.jpg","width":210,"height":210,"caption":"microlog"},"logo":{"@id":"https:\/\/ciel-astro-ccd.com\/wp-content\/uploads\/2021\/04\/cropped-cropped-logo.jpg"},"sameAs":["https:\/\/ciel-astro-ccd.com"]}]}},"_links":{"self":[{"href":"https:\/\/ciel-astro-ccd.com\/wp\/wp-json\/wp\/v2\/pages\/1664","targetHints":{"allow":["GET"]}}],"collection":[{"href":"https:\/\/ciel-astro-ccd.com\/wp\/wp-json\/wp\/v2\/pages"}],"about":[{"href":"https:\/\/ciel-astro-ccd.com\/wp\/wp-json\/wp\/v2\/types\/page"}],"author":[{"embeddable":true,"href":"https:\/\/ciel-astro-ccd.com\/wp\/wp-json\/wp\/v2\/users\/1"}],"replies":[{"embeddable":true,"href":"https:\/\/ciel-astro-ccd.com\/wp\/wp-json\/wp\/v2\/comments?post=1664"}],"version-history":[{"count":21,"href":"https:\/\/ciel-astro-ccd.com\/wp\/wp-json\/wp\/v2\/pages\/1664\/revisions"}],"predecessor-version":[{"id":6566,"href":"https:\/\/ciel-astro-ccd.com\/wp\/wp-json\/wp\/v2\/pages\/1664\/revisions\/6566"}],"wp:attachment":[{"href":"https:\/\/ciel-astro-ccd.com\/wp\/wp-json\/wp\/v2\/media?parent=1664"}],"curies":[{"name":"wp","href":"https:\/\/api.w.org\/{rel}","templated":true}]}}