{"id":16,"date":"2020-12-21T05:45:49","date_gmt":"2020-12-21T10:45:49","guid":{"rendered":"https:\/\/ciel-astro-ccd.com\/?page_id=16"},"modified":"2024-06-06T21:59:27","modified_gmt":"2024-06-07T01:59:27","slug":"a_propos","status":"publish","type":"page","link":"https:\/\/ciel-astro-ccd.com\/wp\/a_propos\/","title":{"rendered":"\u00c0 PROPOS"},"content":{"rendered":"\n<figure class=\"wp-block-table alignleft is-style-regular\"><table><tbody><tr><td class=\"has-text-align-left\" data-align=\"left\">Le site est r\u00e9alis\u00e9 par Richard Beauregard, astronome amateur r\u00e9sident dans la province de Qu\u00e9bec, Canada. Je cumule plus de 15 ans d&rsquo;exp\u00e9rience en astrophotographie du ciel profond et des plan\u00e8tes. Au fil des ann\u00e9es, j&rsquo;ai d\u00e9velopp\u00e9 une expertise en photographie du ciel profond dans un <a href=\"https:\/\/ciel-astro-ccd.com\/wp\/temps_exposion-pollution\/\" target=\"_blank\" rel=\"noreferrer noopener\">site de pollution lumineuse importante en zone blanche<\/a>.<br><br>Pour tous commentaires, suggestions ou toutes autres demandes d&rsquo;information dans le domaine de l&rsquo;astrophotographie, vous pouvez communiquer par courriel avec l&rsquo;auteur.<br><br>Courriel :&nbsp;<a href=\"mailto:richardbeauregard@gmail.com\">richardbeauregard@gmail.com<\/a><br><br>Facebook : <a href=\"https:\/\/www.facebook.com\/groups\/936694006404428\" target=\"_blank\" rel=\"noreferrer noopener\">Groupe Astrophotographie<\/a><br>    <br><\/td><td class=\"has-text-align-center\" data-align=\"center\"><img loading=\"lazy\" decoding=\"async\" width=\"1000\" height=\"1000\" class=\"wp-image-5943\" style=\"width: 1000px;\" src=\"https:\/\/ciel-astro-ccd.com\/wp-content\/uploads\/2022\/06\/avatar-richard.jpg\" alt=\"\" srcset=\"https:\/\/ciel-astro-ccd.com\/wp-content\/uploads\/2022\/06\/avatar-richard.jpg 1024w, https:\/\/ciel-astro-ccd.com\/wp-content\/uploads\/2022\/06\/avatar-richard-300x300.jpg 300w, https:\/\/ciel-astro-ccd.com\/wp-content\/uploads\/2022\/06\/avatar-richard-150x150.jpg 150w, https:\/\/ciel-astro-ccd.com\/wp-content\/uploads\/2022\/06\/avatar-richard-768x768.jpg 768w\" sizes=\"auto, (max-width: 1000px) 100vw, 1000px\" \/><br>                                                                                                                                                                                                                   <br><br>    <\/td><\/tr><\/tbody><\/table><\/figure>\n\n\n\n<p>Cette pr\u00e9sentation n&rsquo;est pas une initiation \u00e0 l&rsquo;observation astronomique.&nbsp;Elle s&rsquo;adresse surtout aux amateurs ayant de bonnes connaissances dans l&rsquo;observation astronomique et qui d\u00e9sirent aborder l&rsquo;imagerie des objets du ciel profond ou des plan\u00e8tes.&nbsp;Pour d\u00e9buter en astrophotographie du ciel profond, vous devez avoir, au minimum, une monture motoris\u00e9e permettant le suivi suffisamment pr\u00e9cis des objets \u00e0 imager.&nbsp;<\/p>\n\n\n\n<p>Les techniques d\u00e9crites pr\u00e9sentent ma propre d\u00e9marche en astrophotographie et le r\u00e9sultat de mes travaux de recherche&nbsp; concernant les m\u00e9thodes sugg\u00e9r\u00e9es dans ce site.&nbsp;Ainsi, plusieurs techniques pr\u00e9sent\u00e9es sont d\u00e9crites de fa\u00e7on d\u00e9taill\u00e9e expliquant le choix des m\u00e9thodes utilis\u00e9es pour produire une image de grande qualit\u00e9 avec un minimum de bruit ou autres parasites lumineux. Ce site s&rsquo;adresse donc autant \u00e0 l&rsquo;astrographe d\u00e9butant que l&rsquo;utilisateur exp\u00e9riment\u00e9.&nbsp;Pour le d\u00e9butant, il est sugg\u00e9r\u00e9 de lire chronologiquement toutes les sections du site consacr\u00e9es aux techniques d&rsquo;imagerie. Pour l&rsquo;utilisateur exp\u00e9riment\u00e9, il peut aller directement aux sections qui l&rsquo;int\u00e9ressent.&nbsp;Il pourra alors comparer les m\u00e9thodes sugg\u00e9r\u00e9es avec celles qu&rsquo;ils utilisent et en faire une analyse critique lui permettant d&rsquo;am\u00e9liorer ou conforter ses propres m\u00e9thodes.<\/p>\n\n\n\n<p>La qualit\u00e9 des images d\u00e9pend en en premier lieu de l&rsquo;\u00e9quipement utilis\u00e9.&nbsp;Les photos pr\u00e9sent\u00e9es dans ce site, sont un exemple d&rsquo;images pouvant \u00eatre r\u00e9alis\u00e9es avec les \u00e9quipements utilis\u00e9s et pr\u00e9sent\u00e9s dans ce site.&nbsp;On peut investir plus de 30,000$ pour un \u00e9quipement de tr\u00e8s grande qualit\u00e9.&nbsp;<\/p>\n\n\n\n<p>Ce site est \u00e9volutif et il sera continuellement mis \u00e0 jour pour pr\u00e9senter les am\u00e9liorations aux techniques utilis\u00e9es.&nbsp;En esp\u00e9rant que les techniques pr\u00e9sent\u00e9es dans ce site vous aideront dans l&rsquo;am\u00e9lioration de vos propres techniques d&rsquo;imagerie.<\/p>\n\n\n\n<p>Richard Beauregard<\/p>\n\n\n\n<p>Le Ciel Astro &#8211; CCD<\/p>\n\n\n\n<p>Mon impression \u00ab\u00a0Nous ne pouvons pas \u00eatre seuls dans ce gigantesque univers\u00a0\u00bb<\/p>\n\n\n\n<p>Derni\u00e8re mise \u00e0 jour : 2024\/05\/05<\/p>\n","protected":false},"excerpt":{"rendered":"<p>Le site est r\u00e9alis\u00e9 par Richard Beauregard, astronome amateur r\u00e9sident dans la province de Qu\u00e9bec, Canada. Je cumule plus de 15 ans d&rsquo;exp\u00e9rience en astrophotographie du ciel profond et des plan\u00e8tes. Au fil des ann\u00e9es, j&rsquo;ai d\u00e9velopp\u00e9 une expertise en photographie du ciel profond dans un site de pollution lumineuse importante en zone blanche. Pour&#8230;<\/p>\n<p class=\"more-link-wrap\"><a href=\"https:\/\/ciel-astro-ccd.com\/wp\/a_propos\/\" class=\"more-link\">Read More<span class=\"screen-reader-text\"> &ldquo;\u00c0 PROPOS&rdquo;<\/span> &raquo;<\/a><\/p>\n","protected":false},"author":1,"featured_media":0,"parent":0,"menu_order":0,"comment_status":"closed","ping_status":"closed","template":"","meta":{"footnotes":""},"class_list":["post-16","page","type-page","status-publish","hentry"],"yoast_head":"<!-- This site is optimized with the Yoast SEO plugin v27.3 - https:\/\/yoast.com\/product\/yoast-seo-wordpress\/ -->\n<title>\u00c0 PROPOS - Le Ciel Astro - CCD<\/title>\n<meta name=\"description\" content=\"Cette pr\u00e9sentation s&#039;adresse aux amateurs ayant de bonnes connaissances dans l&#039;observation astronomique et qui d\u00e9sirent aborder l&#039;astrophotographie.\" \/>\n<meta name=\"robots\" content=\"index, follow, max-snippet:-1, max-image-preview:large, max-video-preview:-1\" \/>\n<link rel=\"canonical\" href=\"https:\/\/ciel-astro-ccd.com\/wp\/a_propos\/\" \/>\n<meta property=\"og:locale\" content=\"fr_CA\" \/>\n<meta property=\"og:type\" content=\"article\" \/>\n<meta property=\"og:title\" content=\"\u00c0 PROPOS - Le Ciel Astro - CCD\" \/>\n<meta property=\"og:description\" content=\"Cette pr\u00e9sentation s&#039;adresse aux amateurs ayant de bonnes connaissances dans l&#039;observation astronomique et qui d\u00e9sirent aborder l&#039;astrophotographie.\" \/>\n<meta property=\"og:url\" content=\"https:\/\/ciel-astro-ccd.com\/wp\/a_propos\/\" \/>\n<meta property=\"og:site_name\" content=\"Le Ciel Astro - CCD\" \/>\n<meta property=\"article:modified_time\" content=\"2024-06-07T01:59:27+00:00\" \/>\n<meta property=\"og:image\" content=\"https:\/\/ciel-astro-ccd.com\/wp-content\/uploads\/2022\/06\/avatar-richard.jpg\" \/>\n<meta name=\"twitter:card\" content=\"summary_large_image\" \/>\n<meta name=\"twitter:label1\" content=\"Estimation du temps de lecture\" \/>\n\t<meta name=\"twitter:data1\" content=\"3 minutes\" \/>\n<script type=\"application\/ld+json\" class=\"yoast-schema-graph\">{\"@context\":\"https:\\\/\\\/schema.org\",\"@graph\":[{\"@type\":[\"WebPage\",\"AboutPage\"],\"@id\":\"https:\\\/\\\/ciel-astro-ccd.com\\\/wp\\\/a_propos\\\/\",\"url\":\"https:\\\/\\\/ciel-astro-ccd.com\\\/wp\\\/a_propos\\\/\",\"name\":\"\u00c0 PROPOS - Le Ciel Astro - CCD\",\"isPartOf\":{\"@id\":\"https:\\\/\\\/ciel-astro-ccd.com\\\/wp\\\/#website\"},\"primaryImageOfPage\":{\"@id\":\"https:\\\/\\\/ciel-astro-ccd.com\\\/wp\\\/a_propos\\\/#primaryimage\"},\"image\":{\"@id\":\"https:\\\/\\\/ciel-astro-ccd.com\\\/wp\\\/a_propos\\\/#primaryimage\"},\"thumbnailUrl\":\"https:\\\/\\\/ciel-astro-ccd.com\\\/wp-content\\\/uploads\\\/2022\\\/06\\\/avatar-richard.jpg\",\"datePublished\":\"2020-12-21T10:45:49+00:00\",\"dateModified\":\"2024-06-07T01:59:27+00:00\",\"description\":\"Cette pr\u00e9sentation s'adresse aux amateurs ayant de bonnes connaissances dans l'observation astronomique et qui d\u00e9sirent aborder l'astrophotographie.\",\"breadcrumb\":{\"@id\":\"https:\\\/\\\/ciel-astro-ccd.com\\\/wp\\\/a_propos\\\/#breadcrumb\"},\"inLanguage\":\"fr-CA\",\"potentialAction\":[{\"@type\":\"ReadAction\",\"target\":[\"https:\\\/\\\/ciel-astro-ccd.com\\\/wp\\\/a_propos\\\/\"]}]},{\"@type\":\"ImageObject\",\"inLanguage\":\"fr-CA\",\"@id\":\"https:\\\/\\\/ciel-astro-ccd.com\\\/wp\\\/a_propos\\\/#primaryimage\",\"url\":\"https:\\\/\\\/ciel-astro-ccd.com\\\/wp-content\\\/uploads\\\/2022\\\/06\\\/avatar-richard.jpg\",\"contentUrl\":\"https:\\\/\\\/ciel-astro-ccd.com\\\/wp-content\\\/uploads\\\/2022\\\/06\\\/avatar-richard.jpg\",\"width\":1024,\"height\":1024},{\"@type\":\"BreadcrumbList\",\"@id\":\"https:\\\/\\\/ciel-astro-ccd.com\\\/wp\\\/a_propos\\\/#breadcrumb\",\"itemListElement\":[{\"@type\":\"ListItem\",\"position\":1,\"name\":\"Accueil\",\"item\":\"https:\\\/\\\/ciel-astro-ccd.com\\\/wp\\\/\"},{\"@type\":\"ListItem\",\"position\":2,\"name\":\"\u00c0 PROPOS\"}]},{\"@type\":\"WebSite\",\"@id\":\"https:\\\/\\\/ciel-astro-ccd.com\\\/wp\\\/#website\",\"url\":\"https:\\\/\\\/ciel-astro-ccd.com\\\/wp\\\/\",\"name\":\"Le Ciel Astro - CCD\",\"description\":\"Un site d\u00e9di\u00e9 \u00e0 l&#039;astrophotographie\",\"publisher\":{\"@id\":\"https:\\\/\\\/ciel-astro-ccd.com\\\/wp\\\/#\\\/schema\\\/person\\\/89b76f923fdc608b738fc9bf94ab2113\"},\"potentialAction\":[{\"@type\":\"SearchAction\",\"target\":{\"@type\":\"EntryPoint\",\"urlTemplate\":\"https:\\\/\\\/ciel-astro-ccd.com\\\/wp\\\/?s={search_term_string}\"},\"query-input\":{\"@type\":\"PropertyValueSpecification\",\"valueRequired\":true,\"valueName\":\"search_term_string\"}}],\"inLanguage\":\"fr-CA\"},{\"@type\":[\"Person\",\"Organization\"],\"@id\":\"https:\\\/\\\/ciel-astro-ccd.com\\\/wp\\\/#\\\/schema\\\/person\\\/89b76f923fdc608b738fc9bf94ab2113\",\"name\":\"microlog\",\"image\":{\"@type\":\"ImageObject\",\"inLanguage\":\"fr-CA\",\"@id\":\"https:\\\/\\\/ciel-astro-ccd.com\\\/wp-content\\\/uploads\\\/2021\\\/04\\\/cropped-cropped-logo.jpg\",\"url\":\"https:\\\/\\\/ciel-astro-ccd.com\\\/wp-content\\\/uploads\\\/2021\\\/04\\\/cropped-cropped-logo.jpg\",\"contentUrl\":\"https:\\\/\\\/ciel-astro-ccd.com\\\/wp-content\\\/uploads\\\/2021\\\/04\\\/cropped-cropped-logo.jpg\",\"width\":210,\"height\":210,\"caption\":\"microlog\"},\"logo\":{\"@id\":\"https:\\\/\\\/ciel-astro-ccd.com\\\/wp-content\\\/uploads\\\/2021\\\/04\\\/cropped-cropped-logo.jpg\"},\"sameAs\":[\"https:\\\/\\\/ciel-astro-ccd.com\"]}]}<\/script>\n<!-- \/ Yoast SEO plugin. -->","yoast_head_json":{"title":"\u00c0 PROPOS - Le Ciel Astro - CCD","description":"Cette pr\u00e9sentation s'adresse aux amateurs ayant de bonnes connaissances dans l'observation astronomique et qui d\u00e9sirent aborder l'astrophotographie.","robots":{"index":"index","follow":"follow","max-snippet":"max-snippet:-1","max-image-preview":"max-image-preview:large","max-video-preview":"max-video-preview:-1"},"canonical":"https:\/\/ciel-astro-ccd.com\/wp\/a_propos\/","og_locale":"fr_CA","og_type":"article","og_title":"\u00c0 PROPOS - Le Ciel Astro - CCD","og_description":"Cette pr\u00e9sentation s'adresse aux amateurs ayant de bonnes connaissances dans l'observation astronomique et qui d\u00e9sirent aborder l'astrophotographie.","og_url":"https:\/\/ciel-astro-ccd.com\/wp\/a_propos\/","og_site_name":"Le Ciel Astro - CCD","article_modified_time":"2024-06-07T01:59:27+00:00","og_image":[{"url":"https:\/\/ciel-astro-ccd.com\/wp-content\/uploads\/2022\/06\/avatar-richard.jpg","type":"","width":"","height":""}],"twitter_card":"summary_large_image","twitter_misc":{"Estimation du temps de lecture":"3 minutes"},"schema":{"@context":"https:\/\/schema.org","@graph":[{"@type":["WebPage","AboutPage"],"@id":"https:\/\/ciel-astro-ccd.com\/wp\/a_propos\/","url":"https:\/\/ciel-astro-ccd.com\/wp\/a_propos\/","name":"\u00c0 PROPOS - Le Ciel Astro - CCD","isPartOf":{"@id":"https:\/\/ciel-astro-ccd.com\/wp\/#website"},"primaryImageOfPage":{"@id":"https:\/\/ciel-astro-ccd.com\/wp\/a_propos\/#primaryimage"},"image":{"@id":"https:\/\/ciel-astro-ccd.com\/wp\/a_propos\/#primaryimage"},"thumbnailUrl":"https:\/\/ciel-astro-ccd.com\/wp-content\/uploads\/2022\/06\/avatar-richard.jpg","datePublished":"2020-12-21T10:45:49+00:00","dateModified":"2024-06-07T01:59:27+00:00","description":"Cette pr\u00e9sentation s'adresse aux amateurs ayant de bonnes connaissances dans l'observation astronomique et qui d\u00e9sirent aborder l'astrophotographie.","breadcrumb":{"@id":"https:\/\/ciel-astro-ccd.com\/wp\/a_propos\/#breadcrumb"},"inLanguage":"fr-CA","potentialAction":[{"@type":"ReadAction","target":["https:\/\/ciel-astro-ccd.com\/wp\/a_propos\/"]}]},{"@type":"ImageObject","inLanguage":"fr-CA","@id":"https:\/\/ciel-astro-ccd.com\/wp\/a_propos\/#primaryimage","url":"https:\/\/ciel-astro-ccd.com\/wp-content\/uploads\/2022\/06\/avatar-richard.jpg","contentUrl":"https:\/\/ciel-astro-ccd.com\/wp-content\/uploads\/2022\/06\/avatar-richard.jpg","width":1024,"height":1024},{"@type":"BreadcrumbList","@id":"https:\/\/ciel-astro-ccd.com\/wp\/a_propos\/#breadcrumb","itemListElement":[{"@type":"ListItem","position":1,"name":"Accueil","item":"https:\/\/ciel-astro-ccd.com\/wp\/"},{"@type":"ListItem","position":2,"name":"\u00c0 PROPOS"}]},{"@type":"WebSite","@id":"https:\/\/ciel-astro-ccd.com\/wp\/#website","url":"https:\/\/ciel-astro-ccd.com\/wp\/","name":"Le Ciel Astro - CCD","description":"Un site d\u00e9di\u00e9 \u00e0 l&#039;astrophotographie","publisher":{"@id":"https:\/\/ciel-astro-ccd.com\/wp\/#\/schema\/person\/89b76f923fdc608b738fc9bf94ab2113"},"potentialAction":[{"@type":"SearchAction","target":{"@type":"EntryPoint","urlTemplate":"https:\/\/ciel-astro-ccd.com\/wp\/?s={search_term_string}"},"query-input":{"@type":"PropertyValueSpecification","valueRequired":true,"valueName":"search_term_string"}}],"inLanguage":"fr-CA"},{"@type":["Person","Organization"],"@id":"https:\/\/ciel-astro-ccd.com\/wp\/#\/schema\/person\/89b76f923fdc608b738fc9bf94ab2113","name":"microlog","image":{"@type":"ImageObject","inLanguage":"fr-CA","@id":"https:\/\/ciel-astro-ccd.com\/wp-content\/uploads\/2021\/04\/cropped-cropped-logo.jpg","url":"https:\/\/ciel-astro-ccd.com\/wp-content\/uploads\/2021\/04\/cropped-cropped-logo.jpg","contentUrl":"https:\/\/ciel-astro-ccd.com\/wp-content\/uploads\/2021\/04\/cropped-cropped-logo.jpg","width":210,"height":210,"caption":"microlog"},"logo":{"@id":"https:\/\/ciel-astro-ccd.com\/wp-content\/uploads\/2021\/04\/cropped-cropped-logo.jpg"},"sameAs":["https:\/\/ciel-astro-ccd.com"]}]}},"_links":{"self":[{"href":"https:\/\/ciel-astro-ccd.com\/wp\/wp-json\/wp\/v2\/pages\/16","targetHints":{"allow":["GET"]}}],"collection":[{"href":"https:\/\/ciel-astro-ccd.com\/wp\/wp-json\/wp\/v2\/pages"}],"about":[{"href":"https:\/\/ciel-astro-ccd.com\/wp\/wp-json\/wp\/v2\/types\/page"}],"author":[{"embeddable":true,"href":"https:\/\/ciel-astro-ccd.com\/wp\/wp-json\/wp\/v2\/users\/1"}],"replies":[{"embeddable":true,"href":"https:\/\/ciel-astro-ccd.com\/wp\/wp-json\/wp\/v2\/comments?post=16"}],"version-history":[{"count":61,"href":"https:\/\/ciel-astro-ccd.com\/wp\/wp-json\/wp\/v2\/pages\/16\/revisions"}],"predecessor-version":[{"id":6593,"href":"https:\/\/ciel-astro-ccd.com\/wp\/wp-json\/wp\/v2\/pages\/16\/revisions\/6593"}],"wp:attachment":[{"href":"https:\/\/ciel-astro-ccd.com\/wp\/wp-json\/wp\/v2\/media?parent=16"}],"curies":[{"name":"wp","href":"https:\/\/api.w.org\/{rel}","templated":true}]}}