{"id":1359,"date":"2021-01-04T20:05:11","date_gmt":"2021-01-05T01:05:11","guid":{"rendered":"https:\/\/ciel-astro-ccd.com\/wp\/?page_id=1359"},"modified":"2021-11-03T16:04:14","modified_gmt":"2021-11-03T20:04:14","slug":"brillance_surface","status":"publish","type":"page","link":"https:\/\/ciel-astro-ccd.com\/wp\/brillance_surface\/","title":{"rendered":"BRILLANCE DE SURFACE"},"content":{"rendered":"<p>La magnitude visuelle, ou magnitude apparente est un bon indicateur de la visibilit\u00e9 d&rsquo;un objet lorsqu&rsquo;il est ponctuel ou quasi ponctuel, comme une \u00e9toile ou une tr\u00e8s petite galaxie lointaine de moins d&rsquo;une minute d&rsquo;arc.<\/p>\n<p>Pour les objets \u00e9tendus, tels que les galaxies et les n\u00e9buleuses, il faut tenir compte de la brillance de surface. Par exemple, si une galaxie a une magnitude visuelle de 12, cela signifie que l&rsquo;on re\u00e7oit la m\u00eame quantit\u00e9 de lumi\u00e8re de cette galaxie que celle qu&rsquo;\u00e9mettrait une \u00e9toile de magnitude 12. Une \u00e9toile est g\u00e9n\u00e9ralement vue comme une source ponctuelle dans la plupart des observations, tandis qu&rsquo;une galaxie peut s&rsquo;\u00e9tendre sur plusieurs minutes d&rsquo;arc, voir plus d&rsquo;une centaine. Ainsi, une galaxie de grande dimension (vu de la terre) peut \u00eatre plus difficile \u00e0 percevoir sur le fond de ciel nocturne qu&rsquo;une \u00e9toile de m\u00eame magnitude, surtout les bras de celle-ci qui ont une luminosit\u00e9 faible. Cette difficult\u00e9 est encore plus importante dans un ciel de pollution lumineuse.<\/p>\n<p>On mesure la brillance de surface d&rsquo;un objet \u00e9tendu en magnitude par minute d&rsquo;arc au carr\u00e9 (mag\/arcmin<sup><span class=\"style13\">2<\/span><\/sup>). Elle est plus pr\u00e9cise que la magnitude visuelle pour ce type d&rsquo;objet. Quelques plan\u00e9tariums pr\u00e9sentent cette valeur (en mag\/arcmin<sup><span class=\"style13\">2<\/span><\/sup>), dont\u00a0<a href=\"https:\/\/ciel-astro-ccd.com\/wp\/logiciels\/\" target=\"_blank\" rel=\"noopener\">Stellarium<\/a>. On peut aussi consulter le lien\u00a0<a href=\"http:\/\/www.astrosurf.com\/bsalque\/cpselect1.txt\" target=\"_blank\" rel=\"noopener\">suivant<\/a> pour une deuxi\u00e8me r\u00e9f\u00e9rence. Par exemple, la galaxie du Triangle M33 a une magnitude visuelle de 5,72 et sa brillance de surface est de 14,1 (selon les donn\u00e9es de Stellarium). La diff\u00e9rence est vraiment \u00e9norme pour cette galaxie de grande dimension vue de la terre (68,7 x 41,6 minutes d&rsquo;arc, plus de 2,5 fois plus grandes que la Lune vue de la terre). C&rsquo;est la brillance de surface qui devra \u00eatre retenue pour les objets \u00e9tendus et \u00e0 spectre lumineux continu (galaxies, amas d&rsquo;\u00e9toiles et n\u00e9buleuses \u00e0 r\u00e9flexion) en s&rsquo;assurant qu&rsquo;elle est \u00e9gale ou moindre que la magnitude limite estim\u00e9e en astrophoto selon <a href=\"https:\/\/ciel-astro-ccd.com\/wp\/temps_exposion-pollution\/\" target=\"_blank\" rel=\"noopener\">la zone de pollution lumineuse du site d&rsquo;observation<\/a>.<\/p>\n<p>On peut aussi calculer la brillance de surface d&rsquo;un objet du ciel profond (en mag\/arcmin<sup>2<\/sup>) en utilisant la formule suivante :<\/p>\n<p><strong>S = m + 2,5 * Log A<\/strong><\/p>\n<p>S = Brillance de surface en mag\/arcmin<sup>2<\/sup><br \/>\nm = Magniture visuelle ou magnitude apparente<br \/>\nA = La surface de l&rsquo;objet du ciel profond en minutes d&rsquo;arc<sup>2<\/sup><\/p>\n<p>Par exemple, voici le calcul pour la galaxie du Triangle M33 mentionn\u00e9e ci-dessus. Les donn\u00e9es de bases varient un peu d&rsquo;un plan\u00e9tarium \u00e0 l&rsquo;autre. Donc, voici les donn\u00e9es de bases provenant du logiciel\u00a0<a href=\"https:\/\/ciel-astro-ccd.com\/wp\/logiciels\/\" target=\"_blank\" rel=\"noopener\">SkySafari<\/a>\u00a0(qui ne fournit pas l&rsquo;information sur la brillance de surface de l&rsquo;objet du ciel profond) :<\/p>\n<p>m = 5,79<br \/>\nA = la dimension de M33 est 62,1 par 36,7 minutes d&rsquo;arc. Donc la surface de l&rsquo;objet est 2279,07 minutes d&rsquo;arc<sup>2<\/sup><br \/>\nS = 5,79 + 2,5 * Log 2279,07<br \/>\nPour conna\u00eetre le Log de 2279,07, utilisez une calculatrice scientifique. Le r\u00e9sultat est 3,3578.<br \/>\nS = 5,79 + 2,5 * 3,3578<br \/>\nS = 14,2 mag\/arcmin<sup>2<\/sup><\/p>\n<p>La brillance de surface indiqu\u00e9e dans le logiciel Stellarium est semblable (14,1 mag\/arcmin<sup>2<\/sup>) \u00e0 celle calcul\u00e9e \u00e0 partir des donn\u00e9es du logiciel SkySafari ci-dessus (14,2 mag\/arcmin<sup>2<\/sup>). L&rsquo;autre r\u00e9f\u00e9rence ci-dessus (la deuxi\u00e8me r\u00e9f\u00e9rence) indique une brillance de surface de 14,2 mag\/arcmin<sup>2<\/sup>. Donc, la brillance de surface est sensiblement la m\u00eame pour les trois m\u00e9thodes d&rsquo;\u00e9valuation ci-dessus. Il n&rsquo;y a donc plus aucune difficult\u00e9 pour conna\u00eetre la brillance de surface en mag\/arcmin<sup>2\u00a0<\/sup>d&rsquo;un objet du ciel profond. Vous n&rsquo;avez qu&rsquo;\u00e0 utiliser l&rsquo;une des trois r\u00e9f\u00e9rences ci-dessus.<\/p>\n<p>Richard Beauregard<br \/>\nLe Ciel Astro &#8211; CCD<\/p>\n<p>R\u00e9vis\u00e9 le 2021\/11\/03<\/p>\n<p>R\u00e9f\u00e9rences :<\/p>\n<p><a href=\"https:\/\/fr.wikipedia.org\/wiki\/Brillance_de_surface\" target=\"_blank\" rel=\"noopener\">https:\/\/fr.wikipedia.org\/wiki\/Brillance_de_surface<\/a><\/p>\n<p><a href=\"http:\/\/www.astrosurf.com\/bsalque\/cpselect1.txt\" target=\"_blank\" rel=\"noopener\">http:\/\/www.astrosurf.com\/bsalque\/cpselect1.txt<\/a>\u00a0: Pr\u00e9sente la brillance de surface de plusieurs objets du ciel profond.<\/p>\n","protected":false},"excerpt":{"rendered":"<p>La magnitude visuelle, ou magnitude apparente est un bon indicateur de la visibilit\u00e9 d&rsquo;un objet lorsqu&rsquo;il est ponctuel ou quasi ponctuel, comme une \u00e9toile ou une tr\u00e8s petite galaxie lointaine de moins d&rsquo;une minute d&rsquo;arc. Pour les objets \u00e9tendus, tels que les galaxies et les n\u00e9buleuses, il faut tenir compte de la brillance de surface&#8230;.<\/p>\n<p class=\"more-link-wrap\"><a href=\"https:\/\/ciel-astro-ccd.com\/wp\/brillance_surface\/\" class=\"more-link\">Read More<span class=\"screen-reader-text\"> &ldquo;BRILLANCE DE SURFACE&rdquo;<\/span> &raquo;<\/a><\/p>\n","protected":false},"author":1,"featured_media":0,"parent":0,"menu_order":0,"comment_status":"closed","ping_status":"closed","template":"","meta":{"footnotes":""},"class_list":["post-1359","page","type-page","status-publish","hentry"],"yoast_head":"<!-- This site is optimized with the Yoast SEO plugin v27.3 - https:\/\/yoast.com\/product\/yoast-seo-wordpress\/ -->\n<title>BRILLANCE DE SURFACE - Le Ciel Astro - CCD<\/title>\n<meta name=\"description\" content=\"On mesure la brillance de surface d&#039;un objet \u00e9tendu en magnitude par minute d&#039;arc au carr\u00e9 (mag\/arcmin2). Elle est plus pr\u00e9cise que la magnitude visuelle pour ce type d&#039;objet.\" \/>\n<meta name=\"robots\" content=\"index, follow, max-snippet:-1, max-image-preview:large, max-video-preview:-1\" \/>\n<link rel=\"canonical\" href=\"https:\/\/ciel-astro-ccd.com\/wp\/brillance_surface\/\" \/>\n<meta property=\"og:locale\" content=\"fr_CA\" \/>\n<meta property=\"og:type\" content=\"article\" \/>\n<meta property=\"og:title\" content=\"BRILLANCE DE SURFACE - Le Ciel Astro - CCD\" \/>\n<meta property=\"og:description\" content=\"On mesure la brillance de surface d&#039;un objet \u00e9tendu en magnitude par minute d&#039;arc au carr\u00e9 (mag\/arcmin2). Elle est plus pr\u00e9cise que la magnitude visuelle pour ce type d&#039;objet.\" \/>\n<meta property=\"og:url\" content=\"https:\/\/ciel-astro-ccd.com\/wp\/brillance_surface\/\" \/>\n<meta property=\"og:site_name\" content=\"Le Ciel Astro - CCD\" \/>\n<meta property=\"article:modified_time\" content=\"2021-11-03T20:04:14+00:00\" \/>\n<meta name=\"twitter:card\" content=\"summary_large_image\" \/>\n<meta name=\"twitter:label1\" content=\"Estimation du temps de lecture\" \/>\n\t<meta name=\"twitter:data1\" content=\"3 minutes\" \/>\n<script type=\"application\/ld+json\" class=\"yoast-schema-graph\">{\"@context\":\"https:\\\/\\\/schema.org\",\"@graph\":[{\"@type\":\"WebPage\",\"@id\":\"https:\\\/\\\/ciel-astro-ccd.com\\\/wp\\\/brillance_surface\\\/\",\"url\":\"https:\\\/\\\/ciel-astro-ccd.com\\\/wp\\\/brillance_surface\\\/\",\"name\":\"BRILLANCE DE SURFACE - Le Ciel Astro - CCD\",\"isPartOf\":{\"@id\":\"https:\\\/\\\/ciel-astro-ccd.com\\\/wp\\\/#website\"},\"datePublished\":\"2021-01-05T01:05:11+00:00\",\"dateModified\":\"2021-11-03T20:04:14+00:00\",\"description\":\"On mesure la brillance de surface d'un objet \u00e9tendu en magnitude par minute d'arc au carr\u00e9 (mag\\\/arcmin2). Elle est plus pr\u00e9cise que la magnitude visuelle pour ce type d'objet.\",\"breadcrumb\":{\"@id\":\"https:\\\/\\\/ciel-astro-ccd.com\\\/wp\\\/brillance_surface\\\/#breadcrumb\"},\"inLanguage\":\"fr-CA\",\"potentialAction\":[{\"@type\":\"ReadAction\",\"target\":[\"https:\\\/\\\/ciel-astro-ccd.com\\\/wp\\\/brillance_surface\\\/\"]}]},{\"@type\":\"BreadcrumbList\",\"@id\":\"https:\\\/\\\/ciel-astro-ccd.com\\\/wp\\\/brillance_surface\\\/#breadcrumb\",\"itemListElement\":[{\"@type\":\"ListItem\",\"position\":1,\"name\":\"Accueil\",\"item\":\"https:\\\/\\\/ciel-astro-ccd.com\\\/wp\\\/\"},{\"@type\":\"ListItem\",\"position\":2,\"name\":\"BRILLANCE DE SURFACE\"}]},{\"@type\":\"WebSite\",\"@id\":\"https:\\\/\\\/ciel-astro-ccd.com\\\/wp\\\/#website\",\"url\":\"https:\\\/\\\/ciel-astro-ccd.com\\\/wp\\\/\",\"name\":\"Le Ciel Astro - CCD\",\"description\":\"Un site d\u00e9di\u00e9 \u00e0 l&#039;astrophotographie\",\"publisher\":{\"@id\":\"https:\\\/\\\/ciel-astro-ccd.com\\\/wp\\\/#\\\/schema\\\/person\\\/89b76f923fdc608b738fc9bf94ab2113\"},\"potentialAction\":[{\"@type\":\"SearchAction\",\"target\":{\"@type\":\"EntryPoint\",\"urlTemplate\":\"https:\\\/\\\/ciel-astro-ccd.com\\\/wp\\\/?s={search_term_string}\"},\"query-input\":{\"@type\":\"PropertyValueSpecification\",\"valueRequired\":true,\"valueName\":\"search_term_string\"}}],\"inLanguage\":\"fr-CA\"},{\"@type\":[\"Person\",\"Organization\"],\"@id\":\"https:\\\/\\\/ciel-astro-ccd.com\\\/wp\\\/#\\\/schema\\\/person\\\/89b76f923fdc608b738fc9bf94ab2113\",\"name\":\"microlog\",\"image\":{\"@type\":\"ImageObject\",\"inLanguage\":\"fr-CA\",\"@id\":\"https:\\\/\\\/ciel-astro-ccd.com\\\/wp-content\\\/uploads\\\/2021\\\/04\\\/cropped-cropped-logo.jpg\",\"url\":\"https:\\\/\\\/ciel-astro-ccd.com\\\/wp-content\\\/uploads\\\/2021\\\/04\\\/cropped-cropped-logo.jpg\",\"contentUrl\":\"https:\\\/\\\/ciel-astro-ccd.com\\\/wp-content\\\/uploads\\\/2021\\\/04\\\/cropped-cropped-logo.jpg\",\"width\":210,\"height\":210,\"caption\":\"microlog\"},\"logo\":{\"@id\":\"https:\\\/\\\/ciel-astro-ccd.com\\\/wp-content\\\/uploads\\\/2021\\\/04\\\/cropped-cropped-logo.jpg\"},\"sameAs\":[\"https:\\\/\\\/ciel-astro-ccd.com\"]}]}<\/script>\n<!-- \/ Yoast SEO plugin. -->","yoast_head_json":{"title":"BRILLANCE DE SURFACE - Le Ciel Astro - CCD","description":"On mesure la brillance de surface d'un objet \u00e9tendu en magnitude par minute d'arc au carr\u00e9 (mag\/arcmin2). Elle est plus pr\u00e9cise que la magnitude visuelle pour ce type d'objet.","robots":{"index":"index","follow":"follow","max-snippet":"max-snippet:-1","max-image-preview":"max-image-preview:large","max-video-preview":"max-video-preview:-1"},"canonical":"https:\/\/ciel-astro-ccd.com\/wp\/brillance_surface\/","og_locale":"fr_CA","og_type":"article","og_title":"BRILLANCE DE SURFACE - Le Ciel Astro - CCD","og_description":"On mesure la brillance de surface d'un objet \u00e9tendu en magnitude par minute d'arc au carr\u00e9 (mag\/arcmin2). Elle est plus pr\u00e9cise que la magnitude visuelle pour ce type d'objet.","og_url":"https:\/\/ciel-astro-ccd.com\/wp\/brillance_surface\/","og_site_name":"Le Ciel Astro - CCD","article_modified_time":"2021-11-03T20:04:14+00:00","twitter_card":"summary_large_image","twitter_misc":{"Estimation du temps de lecture":"3 minutes"},"schema":{"@context":"https:\/\/schema.org","@graph":[{"@type":"WebPage","@id":"https:\/\/ciel-astro-ccd.com\/wp\/brillance_surface\/","url":"https:\/\/ciel-astro-ccd.com\/wp\/brillance_surface\/","name":"BRILLANCE DE SURFACE - Le Ciel Astro - CCD","isPartOf":{"@id":"https:\/\/ciel-astro-ccd.com\/wp\/#website"},"datePublished":"2021-01-05T01:05:11+00:00","dateModified":"2021-11-03T20:04:14+00:00","description":"On mesure la brillance de surface d'un objet \u00e9tendu en magnitude par minute d'arc au carr\u00e9 (mag\/arcmin2). Elle est plus pr\u00e9cise que la magnitude visuelle pour ce type d'objet.","breadcrumb":{"@id":"https:\/\/ciel-astro-ccd.com\/wp\/brillance_surface\/#breadcrumb"},"inLanguage":"fr-CA","potentialAction":[{"@type":"ReadAction","target":["https:\/\/ciel-astro-ccd.com\/wp\/brillance_surface\/"]}]},{"@type":"BreadcrumbList","@id":"https:\/\/ciel-astro-ccd.com\/wp\/brillance_surface\/#breadcrumb","itemListElement":[{"@type":"ListItem","position":1,"name":"Accueil","item":"https:\/\/ciel-astro-ccd.com\/wp\/"},{"@type":"ListItem","position":2,"name":"BRILLANCE DE SURFACE"}]},{"@type":"WebSite","@id":"https:\/\/ciel-astro-ccd.com\/wp\/#website","url":"https:\/\/ciel-astro-ccd.com\/wp\/","name":"Le Ciel Astro - CCD","description":"Un site d\u00e9di\u00e9 \u00e0 l&#039;astrophotographie","publisher":{"@id":"https:\/\/ciel-astro-ccd.com\/wp\/#\/schema\/person\/89b76f923fdc608b738fc9bf94ab2113"},"potentialAction":[{"@type":"SearchAction","target":{"@type":"EntryPoint","urlTemplate":"https:\/\/ciel-astro-ccd.com\/wp\/?s={search_term_string}"},"query-input":{"@type":"PropertyValueSpecification","valueRequired":true,"valueName":"search_term_string"}}],"inLanguage":"fr-CA"},{"@type":["Person","Organization"],"@id":"https:\/\/ciel-astro-ccd.com\/wp\/#\/schema\/person\/89b76f923fdc608b738fc9bf94ab2113","name":"microlog","image":{"@type":"ImageObject","inLanguage":"fr-CA","@id":"https:\/\/ciel-astro-ccd.com\/wp-content\/uploads\/2021\/04\/cropped-cropped-logo.jpg","url":"https:\/\/ciel-astro-ccd.com\/wp-content\/uploads\/2021\/04\/cropped-cropped-logo.jpg","contentUrl":"https:\/\/ciel-astro-ccd.com\/wp-content\/uploads\/2021\/04\/cropped-cropped-logo.jpg","width":210,"height":210,"caption":"microlog"},"logo":{"@id":"https:\/\/ciel-astro-ccd.com\/wp-content\/uploads\/2021\/04\/cropped-cropped-logo.jpg"},"sameAs":["https:\/\/ciel-astro-ccd.com"]}]}},"_links":{"self":[{"href":"https:\/\/ciel-astro-ccd.com\/wp\/wp-json\/wp\/v2\/pages\/1359","targetHints":{"allow":["GET"]}}],"collection":[{"href":"https:\/\/ciel-astro-ccd.com\/wp\/wp-json\/wp\/v2\/pages"}],"about":[{"href":"https:\/\/ciel-astro-ccd.com\/wp\/wp-json\/wp\/v2\/types\/page"}],"author":[{"embeddable":true,"href":"https:\/\/ciel-astro-ccd.com\/wp\/wp-json\/wp\/v2\/users\/1"}],"replies":[{"embeddable":true,"href":"https:\/\/ciel-astro-ccd.com\/wp\/wp-json\/wp\/v2\/comments?post=1359"}],"version-history":[{"count":12,"href":"https:\/\/ciel-astro-ccd.com\/wp\/wp-json\/wp\/v2\/pages\/1359\/revisions"}],"predecessor-version":[{"id":5726,"href":"https:\/\/ciel-astro-ccd.com\/wp\/wp-json\/wp\/v2\/pages\/1359\/revisions\/5726"}],"wp:attachment":[{"href":"https:\/\/ciel-astro-ccd.com\/wp\/wp-json\/wp\/v2\/media?parent=1359"}],"curies":[{"name":"wp","href":"https:\/\/api.w.org\/{rel}","templated":true}]}}