{"id":1243,"date":"2021-01-04T01:07:00","date_gmt":"2021-01-04T06:07:00","guid":{"rendered":"https:\/\/ciel-astro-ccd.com\/wp\/?page_id=1243"},"modified":"2022-03-14T00:12:45","modified_gmt":"2022-03-14T04:12:45","slug":"bibliographie","status":"publish","type":"page","link":"https:\/\/ciel-astro-ccd.com\/wp\/bibliographie\/","title":{"rendered":"BIBLIOGRAPHIE"},"content":{"rendered":"<h4><strong><span class=\"style13\">Livres<\/span><\/strong><\/h4>\n<p><strong>Photoshop Astronomy,\u00a0<\/strong>Second Edition, R. Scott Ireland, Willmann-Bell Inc., 2005-2009, 320 pages<\/p>\n<p><strong><a href=\"http:\/\/www.newastro.com\/\" target=\"_blank\" rel=\"noopener\">The New CCD Astronomy<\/a><\/strong>, Ron Wodaski, New Astronomy Press, 2002, 476 pages<\/p>\n<p><strong>Astrophotographie<\/strong>, Thierry Legault, \u00c9ditions Eyrolles, 2006, 155 pages<\/p>\n<h4><strong><span class=\"style13\">Site Web<\/span><\/strong><\/h4>\n<p><strong><a href=\"http:\/\/www.astrosurf.com\/d_bergeron\/astronomie\/Bibliotheque\/bibliotheque.htm#ASTROPHOTOGRAPHIE%20ET%20IMAGERIE%20CCD\" target=\"_blank\" rel=\"noopener\">Astrophotographie et imagerie CCD<\/a><\/strong>, Denis Bergeron<\/p>\n<h4><strong><span class=\"style13\">Logiciels<\/span><\/strong><\/h4>\n<p><em><strong>Pour la photographie des objets du ciel profond :<\/strong><\/em><\/p>\n<p><strong><span class=\"style15\"><a href=\"https:\/\/diffractionlimited.com\/maxim-dl\/\" target=\"_blank\" rel=\"noopener\"><span class=\"style16\">Maxim DL<\/span><\/a><\/span><\/strong><span class=\"style11\"><span class=\"style12\"><br \/>\nLogiciel utilis\u00e9 pour l&rsquo;acquisition et de pr\u00e9traitement d&rsquo;images du ciel profond.<\/span><\/span><\/p>\n<p><span class=\"style11\"><span class=\"style12\"><a href=\"http:\/\/openphdguiding.org\/\" target=\"_blank\" rel=\"noopener\"><strong>PHD Guiding 2<\/strong><\/a><br \/>\nLogiciel utilis\u00e9 pour l&rsquo;autoguidage de la monture.<\/span><\/span><\/p>\n<p><span class=\"style11\"><span class=\"style12\"><a href=\"http:\/\/www.spacetelescope.org\/projects\/fits_liberator\/\" target=\"_blank\" rel=\"noopener\"><strong>Fit Liberator<\/strong><\/a><br \/>\nPour ouvrir dans Photoshop les fichiers au format FIT.<\/span><\/span><\/p>\n<p><span class=\"style15\"><a href=\"http:\/\/www.adobe.com\/products\/photoshop\/photoshop\/\" target=\"_blank\" rel=\"noopener\"><span class=\"style16\"><strong>Photoshop<\/strong><\/span><\/a><\/span><span class=\"style11\"><span class=\"style12\"><br \/>\nLogiciel utilis\u00e9 pour le traitement d&rsquo;images astronomiques.<\/span><\/span><\/p>\n<p><a href=\"http:\/\/pixinsight.com\/\" target=\"_blank\" rel=\"noopener\"><strong>PixInsight<\/strong><\/a><br \/>\nLogiciel utilis\u00e9 pour le traitement d&rsquo;images astronomiques.<\/p>\n<p><a href=\"http:\/\/www.rc-astro.com\/resources\/GradientXTerminator\/\" target=\"_blank\" rel=\"noopener\"><strong>GradientXTerminator<\/strong><\/a><br \/>\nLogiciel servant \u00e0 enlever le gradient dans l&rsquo;image.<\/p>\n<p><span class=\"style15\"><a href=\"https:\/\/www.prodigitalsoftware.com\/AstronomyToolsActions.html\" target=\"_blank\" rel=\"noopener\"><span class=\"style16\"><strong>Astronomy Tools<\/strong><\/span><\/a><\/span><span class=\"style11\"><span class=\"style12\"><br \/>\nAjout de scripts dans Photoshop pour le traitement des photos astronomiques.<\/span><\/span><\/p>\n<p><span class=\"style11\"><span class=\"style12\"><strong><a href=\"http:\/\/www.focusmagic.com\/\" target=\"_blank\" rel=\"noopener\">Focus Magic<\/a><\/strong><br \/>\nLogiciel utilis\u00e9 pour corriger les \u00e9toiles allong\u00e9es.<\/span><\/span><\/p>\n<p><span class=\"style11\"><span class=\"style12\"><em><strong>Pour la photographie du syst\u00e8me solaire (plan\u00e8tes, Lune et Soleil) :<\/strong><\/em><\/span><\/span><\/p>\n<p><span class=\"style11\"><span class=\"style12\"><a href=\"http:\/\/www.firecapture.de\/\" target=\"_blank\" rel=\"noopener\"><strong>FireCapture<\/strong><\/a><br \/>\nLogiciel d&rsquo;imagerie du syst\u00e8me solaire.<\/span><\/span><\/p>\n<p><span class=\"style11\"><span class=\"style12\"><a href=\"https:\/\/sites.google.com\/site\/astropipp\/\" target=\"_blank\" rel=\"noopener\"><strong>PIPP<\/strong><\/a><br \/>\nLogiciel utilis\u00e9 pour diminuer le d\u00e9placement de la plan\u00e8te dans la vid\u00e9o.<\/span><\/span><\/p>\n<p><span class=\"style11\"><span class=\"style12\"><a href=\"http:\/\/www.autostakkert.com\/\" target=\"_blank\" rel=\"noopener\"><strong>AutoStakkert<\/strong><\/a><br \/>\nLogiciel de traitement d&rsquo;images du syst\u00e8me solaire.<\/span><\/span><\/p>\n<p><span class=\"style11\"><span class=\"style12\">Les logiciels\u00a0<strong>Photoshop<\/strong>\u00a0et\u00a0<strong>PixInsight<\/strong>\u00a0sont aussi utilis\u00e9s pour le traitement des images du syst\u00e8me solaire.<\/span><\/span><\/p>\n<p>Richard Beauregard<br \/>\nLe Ciel Astro &#8211; CCD<\/p>\n<p>R\u00e9vis\u00e9 le 2022\/03\/14<\/p>\n","protected":false},"excerpt":{"rendered":"<p>Livres Photoshop Astronomy,\u00a0Second Edition, R. Scott Ireland, Willmann-Bell Inc., 2005-2009, 320 pages The New CCD Astronomy, Ron Wodaski, New Astronomy Press, 2002, 476 pages Astrophotographie, Thierry Legault, \u00c9ditions Eyrolles, 2006, 155 pages Site Web Astrophotographie et imagerie CCD, Denis Bergeron Logiciels Pour la photographie des objets du ciel profond : Maxim DL Logiciel utilis\u00e9 pour&#8230;<\/p>\n<p class=\"more-link-wrap\"><a href=\"https:\/\/ciel-astro-ccd.com\/wp\/bibliographie\/\" class=\"more-link\">Read More<span class=\"screen-reader-text\"> &ldquo;BIBLIOGRAPHIE&rdquo;<\/span> &raquo;<\/a><\/p>\n","protected":false},"author":1,"featured_media":0,"parent":0,"menu_order":0,"comment_status":"closed","ping_status":"closed","template":"","meta":{"footnotes":""},"class_list":["post-1243","page","type-page","status-publish","hentry"],"yoast_head":"<!-- This site is optimized with the Yoast SEO plugin v27.3 - https:\/\/yoast.com\/product\/yoast-seo-wordpress\/ -->\n<title>BIBLIOGRAPHIE - Le Ciel Astro - CCD<\/title>\n<meta name=\"description\" content=\"Bibliographie du site Web Le Ciel Astro - CCD\" \/>\n<meta name=\"robots\" content=\"index, follow, max-snippet:-1, max-image-preview:large, max-video-preview:-1\" \/>\n<link rel=\"canonical\" href=\"https:\/\/ciel-astro-ccd.com\/wp\/bibliographie\/\" \/>\n<meta property=\"og:locale\" content=\"fr_CA\" \/>\n<meta property=\"og:type\" content=\"article\" \/>\n<meta property=\"og:title\" content=\"BIBLIOGRAPHIE - Le Ciel Astro - CCD\" \/>\n<meta property=\"og:description\" content=\"Bibliographie du site Web Le Ciel Astro - CCD\" \/>\n<meta property=\"og:url\" content=\"https:\/\/ciel-astro-ccd.com\/wp\/bibliographie\/\" \/>\n<meta property=\"og:site_name\" content=\"Le Ciel Astro - CCD\" \/>\n<meta property=\"article:modified_time\" content=\"2022-03-14T04:12:45+00:00\" \/>\n<meta name=\"twitter:card\" content=\"summary_large_image\" \/>\n<meta name=\"twitter:label1\" content=\"Estimation du temps de lecture\" \/>\n\t<meta name=\"twitter:data1\" content=\"1 minute\" \/>\n<script type=\"application\/ld+json\" class=\"yoast-schema-graph\">{\"@context\":\"https:\\\/\\\/schema.org\",\"@graph\":[{\"@type\":\"WebPage\",\"@id\":\"https:\\\/\\\/ciel-astro-ccd.com\\\/wp\\\/bibliographie\\\/\",\"url\":\"https:\\\/\\\/ciel-astro-ccd.com\\\/wp\\\/bibliographie\\\/\",\"name\":\"BIBLIOGRAPHIE - Le Ciel Astro - CCD\",\"isPartOf\":{\"@id\":\"https:\\\/\\\/ciel-astro-ccd.com\\\/wp\\\/#website\"},\"datePublished\":\"2021-01-04T06:07:00+00:00\",\"dateModified\":\"2022-03-14T04:12:45+00:00\",\"description\":\"Bibliographie du site Web Le Ciel Astro - CCD\",\"breadcrumb\":{\"@id\":\"https:\\\/\\\/ciel-astro-ccd.com\\\/wp\\\/bibliographie\\\/#breadcrumb\"},\"inLanguage\":\"fr-CA\",\"potentialAction\":[{\"@type\":\"ReadAction\",\"target\":[\"https:\\\/\\\/ciel-astro-ccd.com\\\/wp\\\/bibliographie\\\/\"]}]},{\"@type\":\"BreadcrumbList\",\"@id\":\"https:\\\/\\\/ciel-astro-ccd.com\\\/wp\\\/bibliographie\\\/#breadcrumb\",\"itemListElement\":[{\"@type\":\"ListItem\",\"position\":1,\"name\":\"Accueil\",\"item\":\"https:\\\/\\\/ciel-astro-ccd.com\\\/wp\\\/\"},{\"@type\":\"ListItem\",\"position\":2,\"name\":\"BIBLIOGRAPHIE\"}]},{\"@type\":\"WebSite\",\"@id\":\"https:\\\/\\\/ciel-astro-ccd.com\\\/wp\\\/#website\",\"url\":\"https:\\\/\\\/ciel-astro-ccd.com\\\/wp\\\/\",\"name\":\"Le Ciel Astro - CCD\",\"description\":\"Un site d\u00e9di\u00e9 \u00e0 l&#039;astrophotographie\",\"publisher\":{\"@id\":\"https:\\\/\\\/ciel-astro-ccd.com\\\/wp\\\/#\\\/schema\\\/person\\\/89b76f923fdc608b738fc9bf94ab2113\"},\"potentialAction\":[{\"@type\":\"SearchAction\",\"target\":{\"@type\":\"EntryPoint\",\"urlTemplate\":\"https:\\\/\\\/ciel-astro-ccd.com\\\/wp\\\/?s={search_term_string}\"},\"query-input\":{\"@type\":\"PropertyValueSpecification\",\"valueRequired\":true,\"valueName\":\"search_term_string\"}}],\"inLanguage\":\"fr-CA\"},{\"@type\":[\"Person\",\"Organization\"],\"@id\":\"https:\\\/\\\/ciel-astro-ccd.com\\\/wp\\\/#\\\/schema\\\/person\\\/89b76f923fdc608b738fc9bf94ab2113\",\"name\":\"microlog\",\"image\":{\"@type\":\"ImageObject\",\"inLanguage\":\"fr-CA\",\"@id\":\"https:\\\/\\\/ciel-astro-ccd.com\\\/wp-content\\\/uploads\\\/2021\\\/04\\\/cropped-cropped-logo.jpg\",\"url\":\"https:\\\/\\\/ciel-astro-ccd.com\\\/wp-content\\\/uploads\\\/2021\\\/04\\\/cropped-cropped-logo.jpg\",\"contentUrl\":\"https:\\\/\\\/ciel-astro-ccd.com\\\/wp-content\\\/uploads\\\/2021\\\/04\\\/cropped-cropped-logo.jpg\",\"width\":210,\"height\":210,\"caption\":\"microlog\"},\"logo\":{\"@id\":\"https:\\\/\\\/ciel-astro-ccd.com\\\/wp-content\\\/uploads\\\/2021\\\/04\\\/cropped-cropped-logo.jpg\"},\"sameAs\":[\"https:\\\/\\\/ciel-astro-ccd.com\"]}]}<\/script>\n<!-- \/ Yoast SEO plugin. -->","yoast_head_json":{"title":"BIBLIOGRAPHIE - Le Ciel Astro - CCD","description":"Bibliographie du site Web Le Ciel Astro - CCD","robots":{"index":"index","follow":"follow","max-snippet":"max-snippet:-1","max-image-preview":"max-image-preview:large","max-video-preview":"max-video-preview:-1"},"canonical":"https:\/\/ciel-astro-ccd.com\/wp\/bibliographie\/","og_locale":"fr_CA","og_type":"article","og_title":"BIBLIOGRAPHIE - Le Ciel Astro - CCD","og_description":"Bibliographie du site Web Le Ciel Astro - CCD","og_url":"https:\/\/ciel-astro-ccd.com\/wp\/bibliographie\/","og_site_name":"Le Ciel Astro - CCD","article_modified_time":"2022-03-14T04:12:45+00:00","twitter_card":"summary_large_image","twitter_misc":{"Estimation du temps de lecture":"1 minute"},"schema":{"@context":"https:\/\/schema.org","@graph":[{"@type":"WebPage","@id":"https:\/\/ciel-astro-ccd.com\/wp\/bibliographie\/","url":"https:\/\/ciel-astro-ccd.com\/wp\/bibliographie\/","name":"BIBLIOGRAPHIE - Le Ciel Astro - CCD","isPartOf":{"@id":"https:\/\/ciel-astro-ccd.com\/wp\/#website"},"datePublished":"2021-01-04T06:07:00+00:00","dateModified":"2022-03-14T04:12:45+00:00","description":"Bibliographie du site Web Le Ciel Astro - CCD","breadcrumb":{"@id":"https:\/\/ciel-astro-ccd.com\/wp\/bibliographie\/#breadcrumb"},"inLanguage":"fr-CA","potentialAction":[{"@type":"ReadAction","target":["https:\/\/ciel-astro-ccd.com\/wp\/bibliographie\/"]}]},{"@type":"BreadcrumbList","@id":"https:\/\/ciel-astro-ccd.com\/wp\/bibliographie\/#breadcrumb","itemListElement":[{"@type":"ListItem","position":1,"name":"Accueil","item":"https:\/\/ciel-astro-ccd.com\/wp\/"},{"@type":"ListItem","position":2,"name":"BIBLIOGRAPHIE"}]},{"@type":"WebSite","@id":"https:\/\/ciel-astro-ccd.com\/wp\/#website","url":"https:\/\/ciel-astro-ccd.com\/wp\/","name":"Le Ciel Astro - CCD","description":"Un site d\u00e9di\u00e9 \u00e0 l&#039;astrophotographie","publisher":{"@id":"https:\/\/ciel-astro-ccd.com\/wp\/#\/schema\/person\/89b76f923fdc608b738fc9bf94ab2113"},"potentialAction":[{"@type":"SearchAction","target":{"@type":"EntryPoint","urlTemplate":"https:\/\/ciel-astro-ccd.com\/wp\/?s={search_term_string}"},"query-input":{"@type":"PropertyValueSpecification","valueRequired":true,"valueName":"search_term_string"}}],"inLanguage":"fr-CA"},{"@type":["Person","Organization"],"@id":"https:\/\/ciel-astro-ccd.com\/wp\/#\/schema\/person\/89b76f923fdc608b738fc9bf94ab2113","name":"microlog","image":{"@type":"ImageObject","inLanguage":"fr-CA","@id":"https:\/\/ciel-astro-ccd.com\/wp-content\/uploads\/2021\/04\/cropped-cropped-logo.jpg","url":"https:\/\/ciel-astro-ccd.com\/wp-content\/uploads\/2021\/04\/cropped-cropped-logo.jpg","contentUrl":"https:\/\/ciel-astro-ccd.com\/wp-content\/uploads\/2021\/04\/cropped-cropped-logo.jpg","width":210,"height":210,"caption":"microlog"},"logo":{"@id":"https:\/\/ciel-astro-ccd.com\/wp-content\/uploads\/2021\/04\/cropped-cropped-logo.jpg"},"sameAs":["https:\/\/ciel-astro-ccd.com"]}]}},"_links":{"self":[{"href":"https:\/\/ciel-astro-ccd.com\/wp\/wp-json\/wp\/v2\/pages\/1243","targetHints":{"allow":["GET"]}}],"collection":[{"href":"https:\/\/ciel-astro-ccd.com\/wp\/wp-json\/wp\/v2\/pages"}],"about":[{"href":"https:\/\/ciel-astro-ccd.com\/wp\/wp-json\/wp\/v2\/types\/page"}],"author":[{"embeddable":true,"href":"https:\/\/ciel-astro-ccd.com\/wp\/wp-json\/wp\/v2\/users\/1"}],"replies":[{"embeddable":true,"href":"https:\/\/ciel-astro-ccd.com\/wp\/wp-json\/wp\/v2\/comments?post=1243"}],"version-history":[{"count":12,"href":"https:\/\/ciel-astro-ccd.com\/wp\/wp-json\/wp\/v2\/pages\/1243\/revisions"}],"predecessor-version":[{"id":5930,"href":"https:\/\/ciel-astro-ccd.com\/wp\/wp-json\/wp\/v2\/pages\/1243\/revisions\/5930"}],"wp:attachment":[{"href":"https:\/\/ciel-astro-ccd.com\/wp\/wp-json\/wp\/v2\/media?parent=1243"}],"curies":[{"name":"wp","href":"https:\/\/api.w.org\/{rel}","templated":true}]}}