{"id":1183,"date":"2021-01-03T23:05:24","date_gmt":"2021-01-04T04:05:24","guid":{"rendered":"https:\/\/ciel-astro-ccd.com\/wp\/?page_id=1183"},"modified":"2021-05-03T16:47:13","modified_gmt":"2021-05-03T20:47:13","slug":"technique-lrvb-traitement_photoshop_pixinsight","status":"publish","type":"page","link":"https:\/\/ciel-astro-ccd.com\/wp\/technique-lrvb-traitement_photoshop_pixinsight\/","title":{"rendered":"TECHNIQUE LRVB &#8211; TRAITEMENT AVEC PHOTOSHOP ET PIXINSIGHT"},"content":{"rendered":"\n<h4 class=\"wp-block-heading\"><img decoding=\"async\" class=\"aligncenter\" src=\"https:\/\/ciel-astro-ccd.com\/ga_traitement_v4.jpg\" alt=\"L\u2019attribut alt de cette image est vide, son nom de fichier est ga_traitement_v4.jpg.\" style=\"width: 750px;\"><\/h4>\n\n\n\n<h4 class=\"style15 wp-block-heading\"><strong>Note 1 &#8211; Ouvrir avec Fit Liberator<\/strong><\/h4>\n\n\n\n<p class=\"style14\">Si vos images sont au format&nbsp;<strong>FIT <\/strong>(monochrome), Photoshop ne supporte pas ce format.&nbsp; Le logiciel&nbsp;<a href=\"https:\/\/ciel-astro-ccd.com\/wp\/logiciels\/\" target=\"_blank\" rel=\"noopener\"><strong>FIT Liberator<\/strong><\/a>&nbsp;peut \u00eatre utilis\u00e9 pour ouvrir ce type de ficher avec Photoshop.&nbsp;Je vous recommande de l&rsquo;utiliser car il permet d&rsquo;ouvrir les images en conservant toutes les valeurs de l&rsquo;histogramme de l&rsquo;image autant dans les nuances les plus clairs que les plus sombres, permettant ainsi de s&rsquo;assurer que le fond du ciel ne sera pas \u00ab\u00a0bouch\u00e9\u00a0\u00bb et que les \u00e9toiles les plus clairs ne seront pas surexpos\u00e9es.&nbsp; Personnellement j&rsquo;ouvre toujours l&rsquo;image en appliquant l&rsquo;\u00e9talonnage&nbsp;<strong>Strech Fonction<\/strong>&nbsp;\u00e0&nbsp;<strong>ArcSinH(x)<\/strong>,avec un&nbsp;<strong>Auto scaling<\/strong> et en m&rsquo;assurant que le curseur des valeurs les plus clairs de l&rsquo;histogramme est sup\u00e9rieur \u00e0 celles-ci (vers la droite) et que celui des valeurs les plus sombres est inf\u00e9rieur \u00e0 ces valeurs (vers la gauche) tel que pr\u00e9sent\u00e9 dans l&rsquo;image suivante :<\/p>\n\n\n\n<figure class=\"wp-block-image\"><img decoding=\"async\" src=\"https:\/\/ciel-astro-ccd.com\/fitliberator.jpg\" alt=\"\"\/><\/figure>\n\n\n\n<h4 class=\"wp-block-heading\"><strong>Note 2- Ajustement points Noir et Blanc<\/strong><\/h4>\n\n\n\n<p>S&rsquo;il y a du gradient dans l&rsquo;image, effectuer le traitement # 1. Ensuite, appliquer le traitement # 2 dans le lien suivant :<\/p>\n\n\n\n<p><strong><a href=\"https:\/\/ciel-astro-ccd.com\/wp\/traitement_images\/\" target=\"_blank\" rel=\"noopener\">Traitement des images du ciel profond<\/a><\/strong><\/p>\n\n\n\n<h4 class=\"wp-block-heading\"><strong>Note 3- Assemblage de l&rsquo;image RVB<\/strong><\/h4>\n\n\n\n<ol class=\"wp-block-list\"><li>Avec Photoshop, ouvrir les fichiers\u00a0<i>votre image Rouge.tif<\/i>,\u00a0<i>Vert.tif et Bleu.tif<\/i><\/li><li>Nous devons choisir une image comme base de travail.\u00a0\u00a0Utilisons l\u2019image Rouge en consid\u00e9rant que l\u2019image Verte ou Bleue pourrait aussi \u00eatre utilis\u00e9e. Cliquer sur l\u2019image\u00a0<i>Rouge.tif<\/i>\u00a0et la convertir en RVB en s\u00e9lectionnant\u00a0<b>Image | Mode | Couleurs RVB<\/b>.<\/li><li>Cliquer sur l\u2019image\u00a0<i>Vert.tif<\/i> pour la rendre active.\u00a0\u00a0<b>S\u00e9lection | Tout s\u00e9lectionner<\/b>\u00a0et ensuite\u00a0<b>\u00c9dition | Copie<\/b><\/li><li>Cliquer sur l\u2019image\u00a0<i>Rouge.tif<\/i>\u00a0pour la rendre active<\/li><li>Ouvrir la fen\u00eatre\u00a0<b>Couches\u00a0<\/b>et cliquer sur la\u00a0<b>Couche Vert\u00a0<\/b>pour la rendre active seulement\u00a0:<\/li><li><img decoding=\"async\" src=\"https:\/\/ciel-astro-ccd.com\/ga-trait_cou.jpg\"><\/li><li>Coller l\u2019image\u00a0<i>Vert.tif<\/i>\u00a0dans la couche verte en s\u00e9lectionnant\u00a0<b>\u00c9dition | Coller<\/b><\/li><li>R\u00e9p\u00e9ter les proc\u00e9dures 3 \u00e0 6 pour l\u2019image\u00a0<i>Bleu.tif<\/i>.\u00a0<\/li><li>Rendre toutes les couches actives en activant l&rsquo;\u0153il pour chacune d&rsquo;elles.\u00a0\u00a0\u00c0 partir de ce moment nous avons une image composite RVB<\/li><li>Sauvegarder\u00a0<i>Rouge.tif\u00a0<\/i>au format .tif et lui donner le nom\u00a0<i>Votre nom RVB.tif<\/i><\/li><li>Fermer les images\u00a0\u00a0Vert<i>.tif\u00a0<\/i>et\u00a0<em>Bleu<\/em><i>.tif<\/i><\/li><\/ol>\n\n\n\n<h4 class=\"wp-block-heading\"><strong>Note 4- Travail effectu\u00e9 avec les courbes<\/strong><\/h4>\n\n\n\n<p>Appliquer le traitement # 3 dans le lien suivant :<\/p>\n\n\n\n<p><strong><a rel=\"noreferrer noopener\" href=\"https:\/\/ciel-astro-ccd.com\/wp\/traitement_images\/\" target=\"_blank\">Traitement des images du ciel profond<\/a><\/strong><\/p>\n\n\n<h4><strong>Note 5- Balance des couleurs en utilisant les courbes<\/strong><\/h4>\n\n\n<p>Cliquer sur ce <a rel=\"noreferrer noopener\" href=\"https:\/\/ciel-astro-ccd.com\/wp\/balance_couleurs_courbes\/\" target=\"_blank\">lien<\/a>.<\/p>\n\n\n<h4><strong>Note 6- Assemblage Luminance et RVB<\/strong><\/h4>\n\n\n<p>Cliquer sur ce <a rel=\"noreferrer noopener\" href=\"https:\/\/ciel-astro-ccd.com\/wp\/luminance_synthetique\/\" target=\"_blank\">lien<\/a> et aller \u00e0 la section <strong>Assemblage de l\u2019image de Luminance avec l\u2019image couleur RVB<\/strong>.<\/p>\n\n\n<h4><strong>Note 7- Autres traitements<\/strong><\/h4>\n<p>Consulter les sections <a href=\"https:\/\/ciel-astro-ccd.com\/wp\/traitement_images\/\" target=\"_blank\" rel=\"noopener\">Traitement des images du ciel profond<\/a> et <a href=\"https:\/\/ciel-astro-ccd.com\/wp\/traitements_avances\/\" target=\"_blank\" rel=\"noopener\">Traitements avanc\u00e9s<\/a> (consulter les sous-menus) pour voir d&rsquo;autres traitements pour am\u00e9liorer l&rsquo;image. Il peut s&rsquo;agir d&rsquo;enlever des imperfections \u00e0 l&rsquo;image, faire dispara\u00eetre des couleurs disgracieuses sur le fond du ciel, enlever du bruit au fonds du ciel etc.<\/p>\n<h4><strong>Note 8- Augmenter le nettet\u00e9 de l&rsquo;image<\/strong><\/h4>\n\n\n<p>Appliquer le traitement # 13 dans le lien suivant :<\/p>\n\n\n\n<p><strong><a rel=\"noreferrer noopener\" href=\"https:\/\/ciel-astro-ccd.com\/wp\/traitement_images\/\" target=\"_blank\">Traitement des images du ciel profond<\/a><\/strong><\/p>\n\n\n<p>\u00a0<\/p>\n<p>Richard Beauregard<\/p>\n<p>Le Ciel Astro &#8211; CCD<\/p>\n<p>R\u00e9vis\u00e9 le 2021\/05\/03<\/p>","protected":false},"excerpt":{"rendered":"<p>Note 1 &#8211; Ouvrir avec Fit Liberator Si vos images sont au format&nbsp;FIT (monochrome), Photoshop ne supporte pas ce format.&nbsp; Le logiciel&nbsp;FIT Liberator&nbsp;peut \u00eatre utilis\u00e9 pour ouvrir ce type de ficher avec Photoshop.&nbsp;Je vous recommande de l&rsquo;utiliser car il permet d&rsquo;ouvrir les images en conservant toutes les valeurs de l&rsquo;histogramme de l&rsquo;image autant dans les&#8230;<\/p>\n<p class=\"more-link-wrap\"><a href=\"https:\/\/ciel-astro-ccd.com\/wp\/technique-lrvb-traitement_photoshop_pixinsight\/\" class=\"more-link\">Read More<span class=\"screen-reader-text\"> &ldquo;TECHNIQUE LRVB &#8211; TRAITEMENT AVEC PHOTOSHOP ET PIXINSIGHT&rdquo;<\/span> &raquo;<\/a><\/p>\n","protected":false},"author":1,"featured_media":0,"parent":0,"menu_order":0,"comment_status":"closed","ping_status":"closed","template":"","meta":{"footnotes":""},"class_list":["post-1183","page","type-page","status-publish","hentry"],"yoast_head":"<!-- This site is optimized with the Yoast SEO plugin v27.3 - https:\/\/yoast.com\/product\/yoast-seo-wordpress\/ -->\n<title>TECHNIQUE LRVB - TRAITEMENT AVEC PHOTOSHOP ET PIXINSIGHT - Le Ciel Astro - CCD<\/title>\n<meta name=\"description\" content=\"Technique LRVB - Traitement avec Photoshop et Pixinsight.\" \/>\n<meta name=\"robots\" content=\"index, follow, max-snippet:-1, max-image-preview:large, max-video-preview:-1\" \/>\n<link rel=\"canonical\" href=\"https:\/\/ciel-astro-ccd.com\/wp\/technique-lrvb-traitement_photoshop_pixinsight\/\" \/>\n<meta property=\"og:locale\" content=\"fr_CA\" \/>\n<meta property=\"og:type\" content=\"article\" \/>\n<meta property=\"og:title\" content=\"TECHNIQUE LRVB - TRAITEMENT AVEC PHOTOSHOP ET PIXINSIGHT - Le Ciel Astro - CCD\" \/>\n<meta property=\"og:description\" content=\"Technique LRVB - Traitement avec Photoshop et Pixinsight.\" \/>\n<meta property=\"og:url\" content=\"https:\/\/ciel-astro-ccd.com\/wp\/technique-lrvb-traitement_photoshop_pixinsight\/\" \/>\n<meta property=\"og:site_name\" content=\"Le Ciel Astro - CCD\" \/>\n<meta property=\"article:modified_time\" content=\"2021-05-03T20:47:13+00:00\" \/>\n<meta property=\"og:image\" content=\"https:\/\/ciel-astro-ccd.com\/ga_traitement_v4.jpg\" \/>\n<meta name=\"twitter:card\" content=\"summary_large_image\" \/>\n<meta name=\"twitter:label1\" content=\"Estimation du temps de lecture\" \/>\n\t<meta name=\"twitter:data1\" content=\"3 minutes\" \/>\n<script type=\"application\/ld+json\" class=\"yoast-schema-graph\">{\"@context\":\"https:\\\/\\\/schema.org\",\"@graph\":[{\"@type\":\"WebPage\",\"@id\":\"https:\\\/\\\/ciel-astro-ccd.com\\\/wp\\\/technique-lrvb-traitement_photoshop_pixinsight\\\/\",\"url\":\"https:\\\/\\\/ciel-astro-ccd.com\\\/wp\\\/technique-lrvb-traitement_photoshop_pixinsight\\\/\",\"name\":\"TECHNIQUE LRVB - TRAITEMENT AVEC PHOTOSHOP ET PIXINSIGHT - Le Ciel Astro - CCD\",\"isPartOf\":{\"@id\":\"https:\\\/\\\/ciel-astro-ccd.com\\\/wp\\\/#website\"},\"primaryImageOfPage\":{\"@id\":\"https:\\\/\\\/ciel-astro-ccd.com\\\/wp\\\/technique-lrvb-traitement_photoshop_pixinsight\\\/#primaryimage\"},\"image\":{\"@id\":\"https:\\\/\\\/ciel-astro-ccd.com\\\/wp\\\/technique-lrvb-traitement_photoshop_pixinsight\\\/#primaryimage\"},\"thumbnailUrl\":\"https:\\\/\\\/ciel-astro-ccd.com\\\/ga_traitement_v4.jpg\",\"datePublished\":\"2021-01-04T04:05:24+00:00\",\"dateModified\":\"2021-05-03T20:47:13+00:00\",\"description\":\"Technique LRVB - Traitement avec Photoshop et Pixinsight.\",\"breadcrumb\":{\"@id\":\"https:\\\/\\\/ciel-astro-ccd.com\\\/wp\\\/technique-lrvb-traitement_photoshop_pixinsight\\\/#breadcrumb\"},\"inLanguage\":\"fr-CA\",\"potentialAction\":[{\"@type\":\"ReadAction\",\"target\":[\"https:\\\/\\\/ciel-astro-ccd.com\\\/wp\\\/technique-lrvb-traitement_photoshop_pixinsight\\\/\"]}]},{\"@type\":\"ImageObject\",\"inLanguage\":\"fr-CA\",\"@id\":\"https:\\\/\\\/ciel-astro-ccd.com\\\/wp\\\/technique-lrvb-traitement_photoshop_pixinsight\\\/#primaryimage\",\"url\":\"https:\\\/\\\/ciel-astro-ccd.com\\\/ga_traitement_v4.jpg\",\"contentUrl\":\"https:\\\/\\\/ciel-astro-ccd.com\\\/ga_traitement_v4.jpg\"},{\"@type\":\"BreadcrumbList\",\"@id\":\"https:\\\/\\\/ciel-astro-ccd.com\\\/wp\\\/technique-lrvb-traitement_photoshop_pixinsight\\\/#breadcrumb\",\"itemListElement\":[{\"@type\":\"ListItem\",\"position\":1,\"name\":\"Accueil\",\"item\":\"https:\\\/\\\/ciel-astro-ccd.com\\\/wp\\\/\"},{\"@type\":\"ListItem\",\"position\":2,\"name\":\"TECHNIQUE LRVB &#8211; TRAITEMENT AVEC PHOTOSHOP ET PIXINSIGHT\"}]},{\"@type\":\"WebSite\",\"@id\":\"https:\\\/\\\/ciel-astro-ccd.com\\\/wp\\\/#website\",\"url\":\"https:\\\/\\\/ciel-astro-ccd.com\\\/wp\\\/\",\"name\":\"Le Ciel Astro - CCD\",\"description\":\"Un site d\u00e9di\u00e9 \u00e0 l&#039;astrophotographie\",\"publisher\":{\"@id\":\"https:\\\/\\\/ciel-astro-ccd.com\\\/wp\\\/#\\\/schema\\\/person\\\/89b76f923fdc608b738fc9bf94ab2113\"},\"potentialAction\":[{\"@type\":\"SearchAction\",\"target\":{\"@type\":\"EntryPoint\",\"urlTemplate\":\"https:\\\/\\\/ciel-astro-ccd.com\\\/wp\\\/?s={search_term_string}\"},\"query-input\":{\"@type\":\"PropertyValueSpecification\",\"valueRequired\":true,\"valueName\":\"search_term_string\"}}],\"inLanguage\":\"fr-CA\"},{\"@type\":[\"Person\",\"Organization\"],\"@id\":\"https:\\\/\\\/ciel-astro-ccd.com\\\/wp\\\/#\\\/schema\\\/person\\\/89b76f923fdc608b738fc9bf94ab2113\",\"name\":\"microlog\",\"image\":{\"@type\":\"ImageObject\",\"inLanguage\":\"fr-CA\",\"@id\":\"https:\\\/\\\/ciel-astro-ccd.com\\\/wp-content\\\/uploads\\\/2021\\\/04\\\/cropped-cropped-logo.jpg\",\"url\":\"https:\\\/\\\/ciel-astro-ccd.com\\\/wp-content\\\/uploads\\\/2021\\\/04\\\/cropped-cropped-logo.jpg\",\"contentUrl\":\"https:\\\/\\\/ciel-astro-ccd.com\\\/wp-content\\\/uploads\\\/2021\\\/04\\\/cropped-cropped-logo.jpg\",\"width\":210,\"height\":210,\"caption\":\"microlog\"},\"logo\":{\"@id\":\"https:\\\/\\\/ciel-astro-ccd.com\\\/wp-content\\\/uploads\\\/2021\\\/04\\\/cropped-cropped-logo.jpg\"},\"sameAs\":[\"https:\\\/\\\/ciel-astro-ccd.com\"]}]}<\/script>\n<!-- \/ Yoast SEO plugin. -->","yoast_head_json":{"title":"TECHNIQUE LRVB - TRAITEMENT AVEC PHOTOSHOP ET PIXINSIGHT - Le Ciel Astro - CCD","description":"Technique LRVB - Traitement avec Photoshop et Pixinsight.","robots":{"index":"index","follow":"follow","max-snippet":"max-snippet:-1","max-image-preview":"max-image-preview:large","max-video-preview":"max-video-preview:-1"},"canonical":"https:\/\/ciel-astro-ccd.com\/wp\/technique-lrvb-traitement_photoshop_pixinsight\/","og_locale":"fr_CA","og_type":"article","og_title":"TECHNIQUE LRVB - TRAITEMENT AVEC PHOTOSHOP ET PIXINSIGHT - Le Ciel Astro - CCD","og_description":"Technique LRVB - Traitement avec Photoshop et Pixinsight.","og_url":"https:\/\/ciel-astro-ccd.com\/wp\/technique-lrvb-traitement_photoshop_pixinsight\/","og_site_name":"Le Ciel Astro - CCD","article_modified_time":"2021-05-03T20:47:13+00:00","og_image":[{"url":"https:\/\/ciel-astro-ccd.com\/ga_traitement_v4.jpg","type":"","width":"","height":""}],"twitter_card":"summary_large_image","twitter_misc":{"Estimation du temps de lecture":"3 minutes"},"schema":{"@context":"https:\/\/schema.org","@graph":[{"@type":"WebPage","@id":"https:\/\/ciel-astro-ccd.com\/wp\/technique-lrvb-traitement_photoshop_pixinsight\/","url":"https:\/\/ciel-astro-ccd.com\/wp\/technique-lrvb-traitement_photoshop_pixinsight\/","name":"TECHNIQUE LRVB - TRAITEMENT AVEC PHOTOSHOP ET PIXINSIGHT - Le Ciel Astro - CCD","isPartOf":{"@id":"https:\/\/ciel-astro-ccd.com\/wp\/#website"},"primaryImageOfPage":{"@id":"https:\/\/ciel-astro-ccd.com\/wp\/technique-lrvb-traitement_photoshop_pixinsight\/#primaryimage"},"image":{"@id":"https:\/\/ciel-astro-ccd.com\/wp\/technique-lrvb-traitement_photoshop_pixinsight\/#primaryimage"},"thumbnailUrl":"https:\/\/ciel-astro-ccd.com\/ga_traitement_v4.jpg","datePublished":"2021-01-04T04:05:24+00:00","dateModified":"2021-05-03T20:47:13+00:00","description":"Technique LRVB - Traitement avec Photoshop et Pixinsight.","breadcrumb":{"@id":"https:\/\/ciel-astro-ccd.com\/wp\/technique-lrvb-traitement_photoshop_pixinsight\/#breadcrumb"},"inLanguage":"fr-CA","potentialAction":[{"@type":"ReadAction","target":["https:\/\/ciel-astro-ccd.com\/wp\/technique-lrvb-traitement_photoshop_pixinsight\/"]}]},{"@type":"ImageObject","inLanguage":"fr-CA","@id":"https:\/\/ciel-astro-ccd.com\/wp\/technique-lrvb-traitement_photoshop_pixinsight\/#primaryimage","url":"https:\/\/ciel-astro-ccd.com\/ga_traitement_v4.jpg","contentUrl":"https:\/\/ciel-astro-ccd.com\/ga_traitement_v4.jpg"},{"@type":"BreadcrumbList","@id":"https:\/\/ciel-astro-ccd.com\/wp\/technique-lrvb-traitement_photoshop_pixinsight\/#breadcrumb","itemListElement":[{"@type":"ListItem","position":1,"name":"Accueil","item":"https:\/\/ciel-astro-ccd.com\/wp\/"},{"@type":"ListItem","position":2,"name":"TECHNIQUE LRVB &#8211; TRAITEMENT AVEC PHOTOSHOP ET PIXINSIGHT"}]},{"@type":"WebSite","@id":"https:\/\/ciel-astro-ccd.com\/wp\/#website","url":"https:\/\/ciel-astro-ccd.com\/wp\/","name":"Le Ciel Astro - CCD","description":"Un site d\u00e9di\u00e9 \u00e0 l&#039;astrophotographie","publisher":{"@id":"https:\/\/ciel-astro-ccd.com\/wp\/#\/schema\/person\/89b76f923fdc608b738fc9bf94ab2113"},"potentialAction":[{"@type":"SearchAction","target":{"@type":"EntryPoint","urlTemplate":"https:\/\/ciel-astro-ccd.com\/wp\/?s={search_term_string}"},"query-input":{"@type":"PropertyValueSpecification","valueRequired":true,"valueName":"search_term_string"}}],"inLanguage":"fr-CA"},{"@type":["Person","Organization"],"@id":"https:\/\/ciel-astro-ccd.com\/wp\/#\/schema\/person\/89b76f923fdc608b738fc9bf94ab2113","name":"microlog","image":{"@type":"ImageObject","inLanguage":"fr-CA","@id":"https:\/\/ciel-astro-ccd.com\/wp-content\/uploads\/2021\/04\/cropped-cropped-logo.jpg","url":"https:\/\/ciel-astro-ccd.com\/wp-content\/uploads\/2021\/04\/cropped-cropped-logo.jpg","contentUrl":"https:\/\/ciel-astro-ccd.com\/wp-content\/uploads\/2021\/04\/cropped-cropped-logo.jpg","width":210,"height":210,"caption":"microlog"},"logo":{"@id":"https:\/\/ciel-astro-ccd.com\/wp-content\/uploads\/2021\/04\/cropped-cropped-logo.jpg"},"sameAs":["https:\/\/ciel-astro-ccd.com"]}]}},"_links":{"self":[{"href":"https:\/\/ciel-astro-ccd.com\/wp\/wp-json\/wp\/v2\/pages\/1183","targetHints":{"allow":["GET"]}}],"collection":[{"href":"https:\/\/ciel-astro-ccd.com\/wp\/wp-json\/wp\/v2\/pages"}],"about":[{"href":"https:\/\/ciel-astro-ccd.com\/wp\/wp-json\/wp\/v2\/types\/page"}],"author":[{"embeddable":true,"href":"https:\/\/ciel-astro-ccd.com\/wp\/wp-json\/wp\/v2\/users\/1"}],"replies":[{"embeddable":true,"href":"https:\/\/ciel-astro-ccd.com\/wp\/wp-json\/wp\/v2\/comments?post=1183"}],"version-history":[{"count":45,"href":"https:\/\/ciel-astro-ccd.com\/wp\/wp-json\/wp\/v2\/pages\/1183\/revisions"}],"predecessor-version":[{"id":5095,"href":"https:\/\/ciel-astro-ccd.com\/wp\/wp-json\/wp\/v2\/pages\/1183\/revisions\/5095"}],"wp:attachment":[{"href":"https:\/\/ciel-astro-ccd.com\/wp\/wp-json\/wp\/v2\/media?parent=1183"}],"curies":[{"name":"wp","href":"https:\/\/api.w.org\/{rel}","templated":true}]}}