{"id":1008,"date":"2021-01-03T15:39:45","date_gmt":"2021-01-03T20:39:45","guid":{"rendered":"https:\/\/ciel-astro-ccd.com\/wp\/?page_id=1008"},"modified":"2021-11-03T16:08:38","modified_gmt":"2021-11-03T20:08:38","slug":"formats_images","status":"publish","type":"page","link":"https:\/\/ciel-astro-ccd.com\/wp\/formats_images\/","title":{"rendered":"LES DIFF\u00c9RENTS FORMATS D&rsquo;IMAGES"},"content":{"rendered":"<p>Il n&rsquo;est pas facile de s&rsquo;y retrouver dans les diff\u00e9rents formats d&rsquo;images (FIT, FTS, RAW, TIF, TIFF, BMP, JPEG &#8230;). Comme il est fr\u00e9quent de passer d&rsquo;un format d&rsquo;image \u00e0 un autre en astrophotographie, il est important de savoir ce qui se passe lorsqu&rsquo;on change de format en cours de traitement d&rsquo;images pour \u00e9viter de perdre une partie de l&rsquo;information qui a demand\u00e9 beaucoup d&rsquo;efforts \u00e0 acqu\u00e9rir lors de la session d&rsquo;imagerie astronomique.<\/p>\n<p><strong>La conception d&rsquo;une image num\u00e9rique<\/strong><\/p>\n<p>En imagerie num\u00e9rique, l&rsquo;information est cod\u00e9e \u00e0 l&rsquo;aide de 0 et de 1.\u00a0C&rsquo;est donc un codage binaire. Ces informations \u00e9l\u00e9mentaires de deux possibilit\u00e9s s&rsquo;appellent le bit. Appliqu\u00e9 \u00e0 une image num\u00e9rique, chaque pixel de la cam\u00e9ra peut d\u00e9tailler une des valeurs suivantes :<\/p>\n<ul>\n<li>Un bit : Il n&rsquo;y a que deux possibilit\u00e9s : Noir ou blanc.<\/li>\n<li>2 bits : 4 nuances ou teintes diff\u00e9rentes possibles (2 x 2).<\/li>\n<li>4 bits : 16 nuances possibles (2 x 2 x 2 x 2) ou 2 \u00e0 la puissance 4.<\/li>\n<li>\u00a08 bits : 256 nuances possibles (2 \u00e0 la puissance 8).<\/li>\n<li>10 bits : 1024 nuances possibles (2 \u00e0 la puissance 10).<\/li>\n<li>12 bits : 4096 nuances (2 \u00e0 la puissance 12).<\/li>\n<li>14 bits : 16384 nuances (2 \u00e0 la puissance 14).<\/li>\n<li>16 bits : 65536 nuances (2 \u00e0 la puissance 16).<\/li>\n<li>24 bits : 16,8 millions de nuances (2 \u00e0 la puissance 24).<\/li>\n<li>32 bits : 4295 millions de nuances (2 \u00e0 la puissance 32).<\/li>\n<li>Et ainsi de suite.<\/li>\n<\/ul>\n<p>Cette explication de base nous servira \u00e0 comprendre tous les diff\u00e9rents formats d&rsquo;images. On saisira aussi que plus un pixel contient de bits, plus l&rsquo;image sera volumineuse et occupera un plus grand espace sur le disque dur de l&rsquo;ordinateur. Aussi plus l&rsquo;image est volumineuse, plus le traitement de cette image demandera de la puissance au processeur de l&rsquo;ordinateur.<\/p>\n<p><strong style=\"font-size: inherit;\">Le format d&rsquo;image de base<\/strong><span lang=\"en-ca\" style=\"font-size: inherit;\"><strong> BMP<\/strong><\/span><\/p>\n<p>Le format d&rsquo;images BMP (avec extension .bmp) est consid\u00e9r\u00e9 de base pour produire une photo.\u00a0 L&rsquo;image est en 8 bits (256 nuances diff\u00e9rentes possibles).\u00a0 On l&rsquo;utilise surtout pour produire des images en couleurs avec une cam\u00e9ra couleur num\u00e9rique.\u00a0On ajoute sur chaque pixel un filtre de couleur Rouge, Vert ou Bleu pour produire l&rsquo;image couleur<span lang=\"en-ca\">\u00a0(4\u00a0<\/span>pixels sont utilis\u00e9s, 1 rouge, 2 verts et 1 bleu). L&rsquo;image r\u00e9sultante a 3 couches de couleurs R V et B.\u00a0 Chaque couche a 8 bits. L&rsquo;image couleur vaut donc 24 bits (3 images de 8 bits chacune = 24 bits totaux).\u00a0On peut donc produite 16,8 millions de teintes de couleur<span lang=\"en-ca\">s<\/span>\u00a0diff\u00e9rente<span lang=\"en-ca\">s<\/span>\u00a0avec ce format.\u00a0 Il est \u00e0 noter que ce format d&rsquo;image n&rsquo;est plus beaucoup utilis\u00e9 de nos jours<span lang=\"en-ca\">\u00a0<\/span>dans<span lang=\"en-ca\">\u00a0les APN<\/span>.\u00a0 Aussi, il y a des personnes qui d\u00e9signent ce format 8 bits et d&rsquo;autres 24 bits.\u00a0Il faut comprendre que lorsqu&rsquo;on d\u00e9signe ce format en 8 bits, on veut dire qu&rsquo;il peut produire 256 nuances diff\u00e9rentes.\u00a0Lorsqu&rsquo;on le d\u00e9signe 24 bits, on indique qu&rsquo;une image couleur au format BMP peut produire 16,8 millions de teintes de couleurs diff\u00e9rentes.\u00a0 Qu&rsquo;on le d\u00e9signe 8 bits ou 24 bits, ce format ne change donc pas, il reste le m\u00eame.\u00a0Cette observation est aussi valable pour tous les formats d&rsquo;images. Il est important de comprendre cette nuance dans la d\u00e9signation des formats d&rsquo;images.\u00a0Moi-m\u00eame, j&rsquo;ai \u00e9t\u00e9 confus dans la d\u00e9signation 8 bits et 24 bits.\u00a0Je croyais qu&rsquo;il existait des formats d&rsquo;images BMP en 8 bits et d&rsquo;autres en 24 bits jusqu&rsquo;\u00e0 je comprenne qu&rsquo;on d\u00e9crivait le m\u00eame format (8 bits = 256 nuances diff\u00e9rentes par couche de couleur et 24 bits = 16,8 millions de teintes totales de couleurs diff\u00e9rentes\u00a0pour les 3 couches).<\/p>\n<p><strong>Le format d&rsquo;image en astronomie FITS<\/strong><\/p>\n<p>Le format d&rsquo;images FITS ou Flexible Image Transport System est le format d&rsquo;image le plus utilis\u00e9 en astronomie. Il est con\u00e7u sp\u00e9cifiquement pour des donn\u00e9es scientifiques. Il peut porter les extensions de fichier FIT ou FTS entre autres.\u00a0Une caract\u00e9ristique importante de ce format est qu&rsquo;il dispose d&rsquo;un en-t\u00eate de donn\u00e9es textes, au format ASCII, pour inscrire les donn\u00e9es sur la prise de vue. Il est disponible en 16 bits et 32 bits, mais le plus utilis\u00e9 en imagerie CCD est le 16 bits.\u00a0L&rsquo;image produite est monochrome.\u00a0On peut par contre produire une image couleur en prenant des images individuelles avec un filtre Rouge, Vert et Bleu.\u00a0Pour plus de d\u00e9tails, voir la\u00a0<a href=\"https:\/\/ciel-astro-ccd.com\/wp\/technique_lrvb\/\" target=\"_blank\" rel=\"noopener\">technique LRVB<\/a> de ce site. Aussi, avec une cam\u00e9ra CCD couleur, on peut utiliser ce format en mode RAW (voir ci-dessous) pour produire une image couleur.<\/p>\n<p>Bien que ce format d&rsquo;images est en 16 bits, il est pr\u00e9vu pour contenir des valeurs n\u00e9gatives qui sont utilis\u00e9es dans le<span lang=\"en-ca\">s<\/span>\u00a0domaine<span lang=\"en-ca\">s<\/span>\u00a0scientifique<span lang=\"en-ca\">s<\/span> d&rsquo;imagerie tels que le rayon X, l&rsquo;infrarouge et la photom\u00e9trie. Il peut donc contenir des donn\u00e9es d&rsquo;imagerie de -32767 \u00e0 +32767. C&rsquo;est le format le plus r\u00e9pandu. On le nomme format sign\u00e9. Il est a not\u00e9 que certains fabricants, comme Starlight,\u00a0 utilisent le format 16 bits positif (0 \u00e0 6553<span lang=\"en-ca\">5 = 65536<\/span>), appel\u00e9 format non sign\u00e9, mais il est moins utilis\u00e9. La plupart des logiciels de pr\u00e9traitement peuvent lire ces 2 types de formats. Par contre, certains programmes d&rsquo;imagerie ne r\u00e9ussissent pas \u00e0 lire correctement le format sign\u00e9. La raison principale est qu&rsquo;ils ne d\u00e9calent pas les valeurs n\u00e9gatives pour aller de 0 \u00e0 65535.\u00a0\u00a0<span lang=\"en-ca\">Par\u00a0<\/span>exemple, le logiciel\u00a0<a href=\"https:\/\/ciel-astro-ccd.com\/wp\/logiciels\/\" target=\"_blank\" rel=\"noopener\">Fit Liberator<\/a>\u00a0fait tr\u00e8s bien ce travail de d\u00e9calage et conserve donc dans son int\u00e9grit\u00e9 les donn\u00e9es 16 bits du format sign\u00e9.\u00a0De plus, il rend parfaitement compatibles les deux formats.<\/p>\n<p>L&rsquo;image produite dans ce format n&rsquo;est pas compress\u00e9e.\u00a0 Il est \u00e0 noter qu&rsquo;on peut sauvegarder l&rsquo;image en un format FITS compress\u00e9.\u00a0 En imagerie astronomique, ne jamais utilis\u00e9 cette fonction pour archiver vos images, car elles seront d\u00e9grad\u00e9e<span lang=\"en-ca\">s.<\/span><\/p>\n<p>Lorsqu&rsquo;on regarde les images \u00e0 l&rsquo;\u00e9cran, elles sont tr\u00e8s sombres.\u00a0Ce sont des images brutes sans traitement logiciel pour les faire apparaitre visuellement belles.\u00a0Aucun ajout cosm\u00e9tique n&rsquo;est ajout\u00e9.\u00a0Par le fait m\u00eame, elles sont d&rsquo;une grande puret\u00e9.\u00a0Si on regarde l&rsquo;histogramme de ces images, on constatera que toute l&rsquo;information sur l&rsquo;image est l\u00e0.\u00a0Le pr\u00e9traitement et le traitement de ces images permettront d&rsquo;en ressortir visuellement tous les d\u00e9tails et toutes les nuances.<\/p>\n<p><strong>Le mode RAW<\/strong><\/p>\n<p>On utilise le mode RAW pour les appareils photo num\u00e9riques (APN) et les CCD couleur qui prennent les images\u00a0<span lang=\"en-ca\">en\u00a0<\/span>couleur en une seule exposition. Si on regarde une image directement dans ce mode, elle est monochrome. Mais l&rsquo;image conserve les couleurs. Ce sont des images brutes qui proviennent directement du capteur CCD ou CMOS. Elles ne sont pas \u00ab bricol\u00e9es \u00bb par le logiciel interne de l&rsquo;appareil pour les rendre plus pr\u00e9sentables visuellement. De plus, elles sont d&rsquo;une grande utilit\u00e9 en imagerie astronomique, car on peut r\u00e9aliser le pr\u00e9traitement de ces images en monochrome qui est le format id\u00e9al pour effectuer cette t\u00e2che. Apr\u00e8s ce pr\u00e9traitement, on peut convertir l&rsquo;image en couleur.<span lang=\"en-ca\">\u00a0<\/span>Ce mode n&rsquo;est pas compress\u00e9, de sorte qu&rsquo;il garde intacte toute l&rsquo;information sur l&rsquo;image.<\/p>\n<p>Pour les appareils CCD couleurs, le format d&rsquo;image pour ce mode RAW est FITS 16 bits (par couleur) la plupart du temps. Il a donc toutes les particularit\u00e9s de ce format (incluant l&rsquo;en-t\u00eate de donn\u00e9es textes).\u00a0 Pour les APN, c&rsquo;est plut\u00f4t la jungle car il n&rsquo;y a pas de standards. Ils sont de 10 \u00e0 14 bits par couleur (RVB).\u00a0Comme le mode RAW n&rsquo;est pas directement exploitable en couleur, il faut utiliser un logiciel pour en extraire les\u00a0trois plans de couleur fondamentaux\u00a0(rouge, vert et bleu) et encore l\u00e0 il n&rsquo;y a pas de standards.\u00a0Donc, pour en extraire les couleurs, il faut utiliser la bonne matrice Bayer et ce n&rsquo;est pas facile de s&rsquo;y retrouver, car les fabricants ne donnent pas toujours l&rsquo;information sur leur propre matrice.\u00a0C&rsquo;est encore la jungle sur les extensions de fichiers.\u00a0 Chez Canon, ces fichiers ont l&rsquo;extension CRW, chez Nikon, l&rsquo;extension est NEF, Olympus .ORF et chez Fuji .RAF.<\/p>\n<p>Le mode RAW se retrouve dans les mod\u00e8les hauts et de milieu de gamme de ces fabricants. Donc, si vous utilisez ce mode pour produire vos images astronomiques en couleur (en une seule op\u00e9ration), assurez-vous d&rsquo;avoir le logiciel qui permettra d&rsquo;extraire les 3 plans de couleurs en utilisant la bonne matrice Bayer.<\/p>\n<p><strong>Le format d&rsquo;image TIFF pour le traitement des images avec Photoshop<\/strong><\/p>\n<p>Le logiciel Photoshop ne peut pas lire directement les images au format FITS. Pour cette raison, on doit convertir ces images au format TIFF (avec extension .tif ou tiff).\u00a0Ce format est de 16 ou 32 bits et m\u00eame 64 bits. Pour la conversion, on utilise le format TIFF 16 bits, car l&rsquo;image d&rsquo;origine est du m\u00eame format (FITS 16 bits).\u00a0Pour ne pas perdre une partie de l&rsquo;information contenue dans les deux fichiers FITS sign\u00e9 et non sign\u00e9, on doit utiliser un logiciel qui amplifiera le signal sans perte de donn\u00e9es avant la conversion au format TIFF.\u00a0En effet, il faut se souvenir que les images au format FITS sont des images brutes sans traitements logiciels pour augmenter le signal faible de ces images sombres (voir explication ci-dessus).\u00a0Les logiciels con\u00e7us sp\u00e9cifiquement pour faire ce travail de conversion sans perte de donn\u00e9es seront abord\u00e9s dans les sections portant sur le pr\u00e9traitement et le traitement des images astronomiques.<\/p>\n<p>Comme pour le format FITS, ne jamais archiver vos images en TIFF compress\u00e9 car elles seront d\u00e9grad\u00e9es.<\/p>\n<p><strong>Le format d&rsquo;image JPEG pour le Web<\/strong><\/p>\n<p>Le format d&rsquo;image JPEG (avec extension .jpg) est un format d\u00e9velopp\u00e9 pour la compression d&rsquo;images.\u00a0Il est surtout utilis\u00e9 pour publier les images sur le Web.\u00a0On convertit donc ses images du format TIFF au format JPEG pour fins de pr\u00e9sentation de celles-ci sur le Web (en conservant toujours l&rsquo;image au format TIFF dans ses archives). Il est \u00e0 noter que cette compression d\u00e9grade l&rsquo;image.\u00a0Plus le taux de compression est \u00e9lev\u00e9, plus il y a d\u00e9gradation de l&rsquo;image. De plus, \u00e0 chaque sauvegarde, la d\u00e9gradation s&rsquo;amplifie (une nouvelle compression s&rsquo;effectue \u00e0 chaque sauvegarde).\u00a0Il ne faut donc jamais utiliser ce format pour archiver ses images astronomiques. La conversion standard s&rsquo;effectue en 24 bits, c.-\u00e0-d. 8 bits par couleur RVB (16,8 millions de teintes de couleurs diff\u00e9rentes).<\/p>\n<p><strong>Le format PNG<\/strong><\/p>\n<p>Le format PNG (avec extension .png) permet d&rsquo;enregistrer l&rsquo;information jusqu&rsquo;\u00e0 16 bits pour une image monochrome ou jusqu&rsquo;\u00e0 48 bits pour une image couleur.\u00a0 La compression, sans perte, propos\u00e9e est de 5% \u00e0 25%.\u00a0 Ce format peut \u00eatre int\u00e9ressant si on n&rsquo;a pas acc\u00e8s au format FITS ou RAW lors de la prise de vue.<\/p>\n<p><strong>Les formats d&rsquo;images propri\u00e9taires<\/strong><\/p>\n<p>Voici la pr\u00e9sentation de deux formats d&rsquo;images propri\u00e9taires souvent utilis\u00e9s en imagerie astronomique :<\/p>\n<p><em>Le format PSD de Photoshop<\/em><\/p>\n<p>C&rsquo;est un excellent format de travail pour Photoshop. Il supporte les images monochromes en 8, 16, 24 et 32 bits, la couleur RVB, CMJ<span lang=\"en-ca\">V<\/span>\u00a0(Cyan, Magenta, Jaune<span lang=\"en-ca\">\u00a0et Vert<\/span>\u00a0ou CMY<span lang=\"en-ca\">G<\/span>\u00a0en anglais) et la couleur LAB\u00a0<span lang=\"en-ca\">(<\/span>bas\u00e9e sur les couleurs per\u00e7ues par l&rsquo;\u0153il humain) pour la retouche d&rsquo;image photographique. Il peut contenir des informations de plusieurs couches (pour l&rsquo;imagerie couleur entre autres), la gestion des calques et masques, de trac\u00e9s vectoriels, etc.\u00a0Plusieurs astrographes recommandent d&rsquo;utiliser ce format propri\u00e9taire pour traiter les images astronomiques avec Photoshop.\u00a0Vous avez donc le choix d&rsquo;utiliser le format PSD ou TIFF pour le traitement de vos images astronomiques avec Photoshop. Personnellement, j&rsquo;utilise le format TIFF, car lui aussi supporte les gestions des calques (layers) et masques de Photoshop.<\/p>\n<p><em>Le format PIC d&rsquo;Iris<\/em><\/p>\n<p>Si vous utilisez le logiciel Iris pour pr\u00e9traiter vos images RAW couleur du ciel profond provenant de votre APN, il faut utiliser le format propri\u00e9taire PIC de ce dernier.\u00a0C&rsquo;est le seul format d&rsquo;Iris qui peut contenir les donn\u00e9es couleur sur 48 bits (16 bits par couche RVB). Le format PIC offre aussi de meilleures performances en termes de vitesse de traitement.<\/p>\n<p><strong>Les autres formats d&rsquo;images<\/strong><\/p>\n<p>Il existe d&rsquo;autres formats d&rsquo;images, mais ils sont de moindres importances pour l&rsquo;imagerie du ciel profond.<\/p>\n<p><strong>Les formats d&rsquo;images recommand\u00e9s pour l&rsquo;imagerie du ciel profond<\/strong><\/p>\n<ol>\n<li>Pour l&rsquo;acquisition de<span lang=\"en-ca\">s<\/span>\u00a0images et le pr\u00e9traitement : le format FITS 16 bits monochrome (LRVB) ou FITS en mode RAW pour les cam\u00e9ras CCD couleurs et pour les APN le mode RAW propos\u00e9 par le fabriquant<\/li>\n<li>Le format TIFF 16 bits (ou le format propri\u00e9taire PSD 16 bits de Photoshop) pour le traitement des images<\/li>\n<li>Le format JPEG 24 bits (8 bits par couleur RVB) pour la publication des images sur le Web<\/li>\n<\/ol>\n<p>Richard Beauregard<br \/>\nLe Ciel Astro-CCD<\/p>\n<p>R\u00e9vis\u00e9 le 2021\/11\/03<\/p>\n","protected":false},"excerpt":{"rendered":"<p>Il n&rsquo;est pas facile de s&rsquo;y retrouver dans les diff\u00e9rents formats d&rsquo;images (FIT, FTS, RAW, TIF, TIFF, BMP, JPEG &#8230;). Comme il est fr\u00e9quent de passer d&rsquo;un format d&rsquo;image \u00e0 un autre en astrophotographie, il est important de savoir ce qui se passe lorsqu&rsquo;on change de format en cours de traitement d&rsquo;images pour \u00e9viter de&#8230;<\/p>\n<p class=\"more-link-wrap\"><a href=\"https:\/\/ciel-astro-ccd.com\/wp\/formats_images\/\" class=\"more-link\">Read More<span class=\"screen-reader-text\"> &ldquo;LES DIFF\u00c9RENTS FORMATS D&rsquo;IMAGES&rdquo;<\/span> &raquo;<\/a><\/p>\n","protected":false},"author":1,"featured_media":0,"parent":0,"menu_order":0,"comment_status":"closed","ping_status":"closed","template":"","meta":{"footnotes":""},"class_list":["post-1008","page","type-page","status-publish","hentry"],"yoast_head":"<!-- This site is optimized with the Yoast SEO plugin v27.3 - https:\/\/yoast.com\/product\/yoast-seo-wordpress\/ -->\n<title>LES DIFF\u00c9RENTS FORMATS D&#039;IMAGES - Le Ciel Astro - CCD<\/title>\n<meta name=\"description\" content=\"Comme il est fr\u00e9quent de passer d\u2019un format d\u2019image \u00e0 un autre en astrophotographie, il est important de savoir ce qui se passe lorsqu\u2019on change de format d&#039;image.\" \/>\n<meta name=\"robots\" content=\"index, follow, max-snippet:-1, max-image-preview:large, max-video-preview:-1\" \/>\n<link rel=\"canonical\" href=\"https:\/\/ciel-astro-ccd.com\/wp\/formats_images\/\" \/>\n<meta property=\"og:locale\" content=\"fr_CA\" \/>\n<meta property=\"og:type\" content=\"article\" \/>\n<meta property=\"og:title\" content=\"LES DIFF\u00c9RENTS FORMATS D&#039;IMAGES - Le Ciel Astro - CCD\" \/>\n<meta property=\"og:description\" content=\"Comme il est fr\u00e9quent de passer d\u2019un format d\u2019image \u00e0 un autre en astrophotographie, il est important de savoir ce qui se passe lorsqu\u2019on change de format d&#039;image.\" \/>\n<meta property=\"og:url\" content=\"https:\/\/ciel-astro-ccd.com\/wp\/formats_images\/\" \/>\n<meta property=\"og:site_name\" content=\"Le Ciel Astro - CCD\" \/>\n<meta property=\"article:modified_time\" content=\"2021-11-03T20:08:38+00:00\" \/>\n<meta name=\"twitter:card\" content=\"summary_large_image\" \/>\n<meta name=\"twitter:label1\" content=\"Estimation du temps de lecture\" \/>\n\t<meta name=\"twitter:data1\" content=\"9 minutes\" \/>\n<script type=\"application\/ld+json\" class=\"yoast-schema-graph\">{\"@context\":\"https:\\\/\\\/schema.org\",\"@graph\":[{\"@type\":\"WebPage\",\"@id\":\"https:\\\/\\\/ciel-astro-ccd.com\\\/wp\\\/formats_images\\\/\",\"url\":\"https:\\\/\\\/ciel-astro-ccd.com\\\/wp\\\/formats_images\\\/\",\"name\":\"LES DIFF\u00c9RENTS FORMATS D'IMAGES - Le Ciel Astro - CCD\",\"isPartOf\":{\"@id\":\"https:\\\/\\\/ciel-astro-ccd.com\\\/wp\\\/#website\"},\"datePublished\":\"2021-01-03T20:39:45+00:00\",\"dateModified\":\"2021-11-03T20:08:38+00:00\",\"description\":\"Comme il est fr\u00e9quent de passer d\u2019un format d\u2019image \u00e0 un autre en astrophotographie, il est important de savoir ce qui se passe lorsqu\u2019on change de format d'image.\",\"breadcrumb\":{\"@id\":\"https:\\\/\\\/ciel-astro-ccd.com\\\/wp\\\/formats_images\\\/#breadcrumb\"},\"inLanguage\":\"fr-CA\",\"potentialAction\":[{\"@type\":\"ReadAction\",\"target\":[\"https:\\\/\\\/ciel-astro-ccd.com\\\/wp\\\/formats_images\\\/\"]}]},{\"@type\":\"BreadcrumbList\",\"@id\":\"https:\\\/\\\/ciel-astro-ccd.com\\\/wp\\\/formats_images\\\/#breadcrumb\",\"itemListElement\":[{\"@type\":\"ListItem\",\"position\":1,\"name\":\"Accueil\",\"item\":\"https:\\\/\\\/ciel-astro-ccd.com\\\/wp\\\/\"},{\"@type\":\"ListItem\",\"position\":2,\"name\":\"LES DIFF\u00c9RENTS FORMATS D&rsquo;IMAGES\"}]},{\"@type\":\"WebSite\",\"@id\":\"https:\\\/\\\/ciel-astro-ccd.com\\\/wp\\\/#website\",\"url\":\"https:\\\/\\\/ciel-astro-ccd.com\\\/wp\\\/\",\"name\":\"Le Ciel Astro - CCD\",\"description\":\"Un site d\u00e9di\u00e9 \u00e0 l&#039;astrophotographie\",\"publisher\":{\"@id\":\"https:\\\/\\\/ciel-astro-ccd.com\\\/wp\\\/#\\\/schema\\\/person\\\/89b76f923fdc608b738fc9bf94ab2113\"},\"potentialAction\":[{\"@type\":\"SearchAction\",\"target\":{\"@type\":\"EntryPoint\",\"urlTemplate\":\"https:\\\/\\\/ciel-astro-ccd.com\\\/wp\\\/?s={search_term_string}\"},\"query-input\":{\"@type\":\"PropertyValueSpecification\",\"valueRequired\":true,\"valueName\":\"search_term_string\"}}],\"inLanguage\":\"fr-CA\"},{\"@type\":[\"Person\",\"Organization\"],\"@id\":\"https:\\\/\\\/ciel-astro-ccd.com\\\/wp\\\/#\\\/schema\\\/person\\\/89b76f923fdc608b738fc9bf94ab2113\",\"name\":\"microlog\",\"image\":{\"@type\":\"ImageObject\",\"inLanguage\":\"fr-CA\",\"@id\":\"https:\\\/\\\/ciel-astro-ccd.com\\\/wp-content\\\/uploads\\\/2021\\\/04\\\/cropped-cropped-logo.jpg\",\"url\":\"https:\\\/\\\/ciel-astro-ccd.com\\\/wp-content\\\/uploads\\\/2021\\\/04\\\/cropped-cropped-logo.jpg\",\"contentUrl\":\"https:\\\/\\\/ciel-astro-ccd.com\\\/wp-content\\\/uploads\\\/2021\\\/04\\\/cropped-cropped-logo.jpg\",\"width\":210,\"height\":210,\"caption\":\"microlog\"},\"logo\":{\"@id\":\"https:\\\/\\\/ciel-astro-ccd.com\\\/wp-content\\\/uploads\\\/2021\\\/04\\\/cropped-cropped-logo.jpg\"},\"sameAs\":[\"https:\\\/\\\/ciel-astro-ccd.com\"]}]}<\/script>\n<!-- \/ Yoast SEO plugin. -->","yoast_head_json":{"title":"LES DIFF\u00c9RENTS FORMATS D'IMAGES - Le Ciel Astro - CCD","description":"Comme il est fr\u00e9quent de passer d\u2019un format d\u2019image \u00e0 un autre en astrophotographie, il est important de savoir ce qui se passe lorsqu\u2019on change de format d'image.","robots":{"index":"index","follow":"follow","max-snippet":"max-snippet:-1","max-image-preview":"max-image-preview:large","max-video-preview":"max-video-preview:-1"},"canonical":"https:\/\/ciel-astro-ccd.com\/wp\/formats_images\/","og_locale":"fr_CA","og_type":"article","og_title":"LES DIFF\u00c9RENTS FORMATS D'IMAGES - Le Ciel Astro - CCD","og_description":"Comme il est fr\u00e9quent de passer d\u2019un format d\u2019image \u00e0 un autre en astrophotographie, il est important de savoir ce qui se passe lorsqu\u2019on change de format d'image.","og_url":"https:\/\/ciel-astro-ccd.com\/wp\/formats_images\/","og_site_name":"Le Ciel Astro - CCD","article_modified_time":"2021-11-03T20:08:38+00:00","twitter_card":"summary_large_image","twitter_misc":{"Estimation du temps de lecture":"9 minutes"},"schema":{"@context":"https:\/\/schema.org","@graph":[{"@type":"WebPage","@id":"https:\/\/ciel-astro-ccd.com\/wp\/formats_images\/","url":"https:\/\/ciel-astro-ccd.com\/wp\/formats_images\/","name":"LES DIFF\u00c9RENTS FORMATS D'IMAGES - Le Ciel Astro - CCD","isPartOf":{"@id":"https:\/\/ciel-astro-ccd.com\/wp\/#website"},"datePublished":"2021-01-03T20:39:45+00:00","dateModified":"2021-11-03T20:08:38+00:00","description":"Comme il est fr\u00e9quent de passer d\u2019un format d\u2019image \u00e0 un autre en astrophotographie, il est important de savoir ce qui se passe lorsqu\u2019on change de format d'image.","breadcrumb":{"@id":"https:\/\/ciel-astro-ccd.com\/wp\/formats_images\/#breadcrumb"},"inLanguage":"fr-CA","potentialAction":[{"@type":"ReadAction","target":["https:\/\/ciel-astro-ccd.com\/wp\/formats_images\/"]}]},{"@type":"BreadcrumbList","@id":"https:\/\/ciel-astro-ccd.com\/wp\/formats_images\/#breadcrumb","itemListElement":[{"@type":"ListItem","position":1,"name":"Accueil","item":"https:\/\/ciel-astro-ccd.com\/wp\/"},{"@type":"ListItem","position":2,"name":"LES DIFF\u00c9RENTS FORMATS D&rsquo;IMAGES"}]},{"@type":"WebSite","@id":"https:\/\/ciel-astro-ccd.com\/wp\/#website","url":"https:\/\/ciel-astro-ccd.com\/wp\/","name":"Le Ciel Astro - CCD","description":"Un site d\u00e9di\u00e9 \u00e0 l&#039;astrophotographie","publisher":{"@id":"https:\/\/ciel-astro-ccd.com\/wp\/#\/schema\/person\/89b76f923fdc608b738fc9bf94ab2113"},"potentialAction":[{"@type":"SearchAction","target":{"@type":"EntryPoint","urlTemplate":"https:\/\/ciel-astro-ccd.com\/wp\/?s={search_term_string}"},"query-input":{"@type":"PropertyValueSpecification","valueRequired":true,"valueName":"search_term_string"}}],"inLanguage":"fr-CA"},{"@type":["Person","Organization"],"@id":"https:\/\/ciel-astro-ccd.com\/wp\/#\/schema\/person\/89b76f923fdc608b738fc9bf94ab2113","name":"microlog","image":{"@type":"ImageObject","inLanguage":"fr-CA","@id":"https:\/\/ciel-astro-ccd.com\/wp-content\/uploads\/2021\/04\/cropped-cropped-logo.jpg","url":"https:\/\/ciel-astro-ccd.com\/wp-content\/uploads\/2021\/04\/cropped-cropped-logo.jpg","contentUrl":"https:\/\/ciel-astro-ccd.com\/wp-content\/uploads\/2021\/04\/cropped-cropped-logo.jpg","width":210,"height":210,"caption":"microlog"},"logo":{"@id":"https:\/\/ciel-astro-ccd.com\/wp-content\/uploads\/2021\/04\/cropped-cropped-logo.jpg"},"sameAs":["https:\/\/ciel-astro-ccd.com"]}]}},"_links":{"self":[{"href":"https:\/\/ciel-astro-ccd.com\/wp\/wp-json\/wp\/v2\/pages\/1008","targetHints":{"allow":["GET"]}}],"collection":[{"href":"https:\/\/ciel-astro-ccd.com\/wp\/wp-json\/wp\/v2\/pages"}],"about":[{"href":"https:\/\/ciel-astro-ccd.com\/wp\/wp-json\/wp\/v2\/types\/page"}],"author":[{"embeddable":true,"href":"https:\/\/ciel-astro-ccd.com\/wp\/wp-json\/wp\/v2\/users\/1"}],"replies":[{"embeddable":true,"href":"https:\/\/ciel-astro-ccd.com\/wp\/wp-json\/wp\/v2\/comments?post=1008"}],"version-history":[{"count":15,"href":"https:\/\/ciel-astro-ccd.com\/wp\/wp-json\/wp\/v2\/pages\/1008\/revisions"}],"predecessor-version":[{"id":5728,"href":"https:\/\/ciel-astro-ccd.com\/wp\/wp-json\/wp\/v2\/pages\/1008\/revisions\/5728"}],"wp:attachment":[{"href":"https:\/\/ciel-astro-ccd.com\/wp\/wp-json\/wp\/v2\/media?parent=1008"}],"curies":[{"name":"wp","href":"https:\/\/api.w.org\/{rel}","templated":true}]}}